{"id":8652,"date":"2016-05-12T13:00:04","date_gmt":"2016-05-12T11:00:04","guid":{"rendered":"http:\/\/www.worldofart.org\/aktualno\/?page_id=8652"},"modified":"2016-11-19T22:00:48","modified_gmt":"2016-11-19T20:00:48","slug":"katja-kranjc-knjiznica-mgmsum","status":"publish","type":"page","link":"https:\/\/www.worldofart.org\/arhiv.worldofart.org\/aktualno\/petnajsto-leto-2014-2016\/modul-o-prakticnih-delih-kustosa\/katja-kranjc-knjiznica-mgmsum","title":{"rendered":"Katja Kranjc: Knji\u017enica MG+MSUM"},"content":{"rendered":"<p>SVET UMETNOSTI<br \/>\n\u0160ola za kustose in kritike sodobne umetnosti<br \/>\nLeto 15<br \/>\n2. letnik (oktober 2015\u2013junij 2016)<\/p>\n<p><a href=\"https:\/\/www.worldofart.org\/arhiv.worldofart.org\/aktualno\/petnajsto-leto-2014-2016\/modul-o-prakticnih-delih-kustosa\"><em>Modul o prakti\u010dnih delih kustosa<\/em><\/a><\/p>\n<p><strong>Petek, 15. april 2016, ob 13.00<\/strong><br \/>\nMuzej sodobne umetnosti Metelkova, Maistrova 3, Ljubljana<\/p>\n<hr \/>\n<p>Na modulu <em><strong>Knji\u017enica MG+MSUM<\/strong><\/em> se bomo seznanili z delom v <a href=\"http:\/\/www.mg-lj.si\/si\/knjiznica-in-arhivi\/749\/knjiznica-mgmsum\/\" target=\"_blank\">Knji\u017enici MG+MSUM<\/a>, ki je najve\u010dja specialna muzejska knji\u017enica za podro\u010dje moderne in sodobne umetnosti v Sloveniji. Nahaja se v pritli\u010dju\u00a0Muzeja sodobne umetnosti Metelkova.<\/p>\n<p>Vodja specialne knji\u017enice<strong> Katja Kranjc<\/strong>, nam je podrobno predstavila delo bibliotekarke specialne knji\u017enice s podro\u010dja kulture, na\u010dine pridobivanja knji\u017eni\u010dnega gradiva, mednarodne medmuzejske izmenjave katalogov, postavitev gradiva oziroma signaturni sistem v knji\u017enici, mo\u017enost prostega in dislociranega dostopa do gradiva, formalno in vsebinsko obdelavo knji\u017eni\u010dnega gradiva in predvsem katalogizacijo v vzajemni bazi cobib. Zaradi zna\u010daja specialne knji\u017enice je bil izpostavljen poseben poudarek na podrobni vsebinski obdelavi knji\u017eni\u010dnega gradiva, za kar je bil v knji\u017enici MG+MSUM narejen kontrolirani geslovnik klju\u010dnih besed za podro\u010dje moderne in sodobne umetnosti, ki se ga pri katalogizaciji gradiva integrira v cobib vzajemno bazo. Ta del dejavnosti je strokovno zelo pomemben, saj zagotavlja kvalitetno obdelano knji\u017eni\u010dno gradivo in dober servis za uporabnike.<\/p>\n<p>Katja Kranjc nam je predstavila celoten lok dela v muzejski knji\u017enici, tudi delo z obiskovalci, pomo\u010d pri iskanju referen\u010dne literature in sodelovanje s kustosi pri pripravljanju razstav. Predstavila nam je tudi pomen, sestavo in obliko razstavnih katalogov oziroma informacij, ki morajo spremljati razstavo.<\/p>\n<p>Katja Kranjc v oknih knji\u017enice MG+MSUM pripravlja tudi ob\u010dasne razstave z naslovom <a href=\"http:\/\/www.mg-lj.si\/si\/knjiznica-in-arhivi\/1094\/okno-v-knjiznico\/\" target=\"_blank\"><em>Okno v knji\u017enico<\/em><\/a>, kjer obiskovalcem muzeja predstavlja aktualne vsebine knji\u017enice, ki vabijo k poglobljenemu \u0161tudiju knji\u017eni\u010dne zbirke. Arhiv vseh razstav je dostopen tudi na spletni strani knji\u017enice.<\/p>\n<p>Na spletni strani knji\u017enice Katja Krajc pripravlja tudi mese\u010dne <a href=\"http:\/\/www.mg-lj.si\/si\/knjiznica-in-arhivi\/846\/knjiznica-novosti\/\" target=\"_blank\">knji\u017eni\u010dne novosti<\/a>, prav tako pa je na spletni strani na voljo tudi <a href=\"http:\/\/www.mg-lj.si\/si\/knjiznica-in-arhivi\/957\/seznam-periodike\/\" target=\"_blank\">aktualen seznam<\/a> vseh strokovnih revij, ki jih knji\u017enica prejema.<\/p>\n<p><strong>\u00a0<\/strong><\/p>\n<p><a href=\"http:\/\/www.mg-lj.si\/si\/knjiznica-in-arhivi\/749\/knjiznica-mgmsum\/\" target=\"_blank\"><strong>O Knji\u017enici<\/strong> <strong>MG+MSUM<\/strong><\/a><\/p>\n<p>Knji\u017enica Moderne galerije je bila ustanovljena leta 1947, njen knji\u017eni\u010dni fond trenutno obsega 69 000 knjig, razstavnih katalogov, strokovnih revij in \u010dasopisov. Knji\u017eni\u010dno zbirko monografij, razstavnih katalogov, knjig s podro\u010dja slikarstva, kiparstva, grafike, arhitekture, fotografije, oblikovanja, novih medijev, muzeologije in teorije umetnosti 20. in 21. stoletja dopolnjuje izbor 113-tih naslovov referen\u010dnih strokovnih revij in \u010dasopisov. Knji\u017eni\u010dna zbirka je nastajala predvsem z bogato medmuzejsko knji\u017eni\u010dno izmenjavo katalogov in revij, zato hrani knji\u017enica izjemno in redko zbirko razstavnih katalogov od leta 1900 dalje.<\/p>\n<p>Knji\u017enica ima listkovni in ra\u010dunalni\u0161ki katalog. Od leta 2010 sodeluje v slovenskem vzajemnem knji\u017eni\u010dnem katalogu COBISS, kamor sproti vna\u0161a podatke o novih pridobitvah, postopno pa tudi starej\u0161e knji\u017eno gradivo.<\/p>\n<p>Leta 2006 so se za\u010dele priprave na obnovo Moderne galerije na Tom\u0161i\u010devi ulici (danes Windischerjeva ulica) in na obnovo muzejskega kompleksa na Metelkovi (danes Muzej sodobne umetnosti MSUM). Knji\u017enica MG se je za ves \u010das obnove preselila v za\u010dasne prostore v Toba\u010dno tovarno, kjer je, zaradi prostorske stiske, pet let delovala v omejenih pogojih.<\/p>\n<p>Leta 2011, v mesecu novembru, je bila knji\u017enica preseljena v nove prostore v Muzej sodobne umetnosti na Maistrovi 3 in nekaj mesecev pozneje, meseca maja 2012, se je ponovno odprla za obiskovalce kot knji\u017enica MG+MSUM.<\/p>\n<hr \/>\n<p><strong>Katja Kranjc<\/strong> se je v Moderni galeriji zaposlila leta 1985, takoj po \u0161tudiju umetnostne zgodovine na Filozofski fakulteti.\u00a0 Sprva je v MG delala na Oddelku za dokumentacijo, leta 1987 pa je prevzela vodenje knji\u017enice MG. Po opravljenem strokovnem bibliotekarskem izpitu leta 1992, se je izpopolnjevala na podro\u010dju muzejskega knji\u017eni\u010darstva, med drugim tudi leta 1994\/1995 na University of Illinois v Urbana-Champain v ZDA kot \u0161tipendistka Getty-Mortensen fundacije. Postala je aktivna \u010dlanica dveh vidnih mednarodnih muzejsko knji\u017eni\u010darskih organizacij IFLA (Art Libraries Section) in ARLIS (Art Libraries Society of North America).<\/p>\n<hr \/>\n<p><a href=\"https:\/\/www.worldofart.org\/arhiv.worldofart.org\/aktualno\/wp-content\/uploads\/2016\/05\/modul-knjiznica-msum1.jpg\" rel=\"lightbox[8652]\"><img loading=\"lazy\" decoding=\"async\" class=\"alignnone size-thumbnail wp-image-8653\" src=\"https:\/\/www.worldofart.org\/arhiv.worldofart.org\/aktualno\/wp-content\/uploads\/2016\/05\/modul-knjiznica-msum1-150x150.jpg\" alt=\"Katja Kranjc: Knji\u017enica MG+MSUM\" width=\"150\" height=\"150\" \/><\/a> <a href=\"https:\/\/www.worldofart.org\/arhiv.worldofart.org\/aktualno\/wp-content\/uploads\/2016\/05\/modul-knjiznica-msum2.jpg\" rel=\"lightbox[8652]\"><img loading=\"lazy\" decoding=\"async\" class=\"alignnone size-thumbnail wp-image-8654\" src=\"https:\/\/www.worldofart.org\/arhiv.worldofart.org\/aktualno\/wp-content\/uploads\/2016\/05\/modul-knjiznica-msum2-150x150.jpg\" alt=\"Katja Kranjc: Knji\u017enica MG+MSUM\" width=\"150\" height=\"150\" \/><\/a> <a href=\"https:\/\/www.worldofart.org\/arhiv.worldofart.org\/aktualno\/wp-content\/uploads\/2016\/05\/modul-knjiznica-msum3.jpg\" rel=\"lightbox[8652]\"><img loading=\"lazy\" decoding=\"async\" class=\"alignnone size-thumbnail wp-image-8655\" src=\"https:\/\/www.worldofart.org\/arhiv.worldofart.org\/aktualno\/wp-content\/uploads\/2016\/05\/modul-knjiznica-msum3-150x150.jpg\" alt=\"Katja Kranjc: Knji\u017enica MG+MSUM\" width=\"150\" height=\"150\" \/><\/a> <a href=\"https:\/\/www.worldofart.org\/arhiv.worldofart.org\/aktualno\/wp-content\/uploads\/2016\/05\/modul-knjiznica-msum4.jpg\" rel=\"lightbox[8652]\"><img loading=\"lazy\" decoding=\"async\" class=\"alignnone size-thumbnail wp-image-8656\" src=\"https:\/\/www.worldofart.org\/arhiv.worldofart.org\/aktualno\/wp-content\/uploads\/2016\/05\/modul-knjiznica-msum4-150x150.jpg\" alt=\"Katja Kranjc: Knji\u017enica MG+MSUM\" width=\"150\" height=\"150\" \/><\/a> <a href=\"https:\/\/www.worldofart.org\/arhiv.worldofart.org\/aktualno\/wp-content\/uploads\/2016\/05\/modul-knjiznica-msum5.jpg\" rel=\"lightbox[8652]\"><img loading=\"lazy\" decoding=\"async\" class=\"alignnone size-thumbnail wp-image-8657\" src=\"https:\/\/www.worldofart.org\/arhiv.worldofart.org\/aktualno\/wp-content\/uploads\/2016\/05\/modul-knjiznica-msum5-150x150.jpg\" alt=\"Katja Kranjc: Knji\u017enica MG+MSUM\" width=\"150\" height=\"150\" \/><\/a> <a href=\"https:\/\/www.worldofart.org\/arhiv.worldofart.org\/aktualno\/wp-content\/uploads\/2016\/05\/modul-knjiznica-msum6.jpg\" rel=\"lightbox[8652]\"><img loading=\"lazy\" decoding=\"async\" class=\"alignnone size-thumbnail wp-image-8658\" src=\"https:\/\/www.worldofart.org\/arhiv.worldofart.org\/aktualno\/wp-content\/uploads\/2016\/05\/modul-knjiznica-msum6-150x150.jpg\" alt=\"Katja Kranjc: Knji\u017enica MG+MSUM\" width=\"150\" height=\"150\" \/><\/a> <a href=\"https:\/\/www.worldofart.org\/arhiv.worldofart.org\/aktualno\/wp-content\/uploads\/2016\/05\/modul-knjiznica-msum7.jpg\" rel=\"lightbox[8652]\"><img loading=\"lazy\" decoding=\"async\" class=\"alignnone size-thumbnail wp-image-8659\" src=\"https:\/\/www.worldofart.org\/arhiv.worldofart.org\/aktualno\/wp-content\/uploads\/2016\/05\/modul-knjiznica-msum7-150x150.jpg\" alt=\"Katja Kranjc: Knji\u017enica MG+MSUM\" width=\"150\" height=\"150\" \/><\/a> <a href=\"https:\/\/www.worldofart.org\/arhiv.worldofart.org\/aktualno\/wp-content\/uploads\/2016\/05\/modul-knjiznica-msum8.jpg\" rel=\"lightbox[8652]\"><img loading=\"lazy\" decoding=\"async\" class=\"alignnone size-thumbnail wp-image-8660\" src=\"https:\/\/www.worldofart.org\/arhiv.worldofart.org\/aktualno\/wp-content\/uploads\/2016\/05\/modul-knjiznica-msum8-150x150.jpg\" alt=\"Katja Kranjc: Knji\u017enica MG+MSUM\" width=\"150\" height=\"150\" \/><\/a><\/p>\n","protected":false},"excerpt":{"rendered":"<p>SVET UMETNOSTI \u0160ola za kustose in kritike sodobne umetnosti Leto 15 2. letnik (oktober 2015\u2013junij 2016) Modul o prakti\u010dnih delih kustosa Petek, 15. april 2016, ob 13.00 Muzej sodobne umetnosti Metelkova, Maistrova 3, Ljubljana Na modulu Knji\u017enica MG+MSUM se bomo seznanili z delom v Knji\u017enici MG+MSUM, ki je najve\u010dja specialna muzejska knji\u017enica za podro\u010dje moderne [&hellip;]<\/p>\n","protected":false},"author":1,"featured_media":0,"parent":5997,"menu_order":0,"comment_status":"closed","ping_status":"closed","template":"","meta":{"footnotes":""},"categories":[],"tags":[],"_links":{"self":[{"href":"https:\/\/www.worldofart.org\/arhiv.worldofart.org\/aktualno\/wp-json\/wp\/v2\/pages\/8652"}],"collection":[{"href":"https:\/\/www.worldofart.org\/arhiv.worldofart.org\/aktualno\/wp-json\/wp\/v2\/pages"}],"about":[{"href":"https:\/\/www.worldofart.org\/arhiv.worldofart.org\/aktualno\/wp-json\/wp\/v2\/types\/page"}],"author":[{"embeddable":true,"href":"https:\/\/www.worldofart.org\/arhiv.worldofart.org\/aktualno\/wp-json\/wp\/v2\/users\/1"}],"replies":[{"embeddable":true,"href":"https:\/\/www.worldofart.org\/arhiv.worldofart.org\/aktualno\/wp-json\/wp\/v2\/comments?post=8652"}],"version-history":[{"count":5,"href":"https:\/\/www.worldofart.org\/arhiv.worldofart.org\/aktualno\/wp-json\/wp\/v2\/pages\/8652\/revisions"}],"predecessor-version":[{"id":8669,"href":"https:\/\/www.worldofart.org\/arhiv.worldofart.org\/aktualno\/wp-json\/wp\/v2\/pages\/8652\/revisions\/8669"}],"up":[{"embeddable":true,"href":"https:\/\/www.worldofart.org\/arhiv.worldofart.org\/aktualno\/wp-json\/wp\/v2\/pages\/5997"}],"wp:attachment":[{"href":"https:\/\/www.worldofart.org\/arhiv.worldofart.org\/aktualno\/wp-json\/wp\/v2\/media?parent=8652"}],"wp:term":[{"taxonomy":"category","embeddable":true,"href":"https:\/\/www.worldofart.org\/arhiv.worldofart.org\/aktualno\/wp-json\/wp\/v2\/categories?post=8652"},{"taxonomy":"post_tag","embeddable":true,"href":"https:\/\/www.worldofart.org\/arhiv.worldofart.org\/aktualno\/wp-json\/wp\/v2\/tags?post=8652"}],"curies":[{"name":"wp","href":"https:\/\/api.w.org\/{rel}","templated":true}]}}