{"id":8699,"date":"2016-05-18T15:20:57","date_gmt":"2016-05-18T13:20:57","guid":{"rendered":"http:\/\/www.worldofart.org\/aktualno\/?page_id=8699"},"modified":"2016-11-19T22:00:48","modified_gmt":"2016-11-19T20:00:48","slug":"zivljenjepisi-umetnic-in-umetnikov","status":"publish","type":"page","link":"https:\/\/www.worldofart.org\/arhiv.worldofart.org\/aktualno\/petnajsto-leto-2014-2016\/osebno\/zivljenjepisi-umetnic-in-umetnikov","title":{"rendered":"\u017divljenjepisi umetnic in umetnikov"},"content":{"rendered":"<p><a href=\"https:\/\/www.worldofart.org\/arhiv.worldofart.org\/aktualno\/petnajsto-leto-2014-2016\/osebno\"><strong><em>Osebno<\/em><\/strong><\/a><br \/>\nKon\u010dna razstava 15. leta \u0160ole za kustose in kritike sodobne umetnosti, <em>Svet umetnosti<\/em><br \/>\n26. maj\u201315. julij 2016<br \/>\nGalerija \u0160kuc, Stari trg 21, Ljubljana<\/p>\n<hr \/>\n<p><img loading=\"lazy\" decoding=\"async\" class=\"alignleft size-full wp-image-8710\" style=\"padding-right: 10px;\" src=\"https:\/\/www.worldofart.org\/arhiv.worldofart.org\/aktualno\/wp-content\/uploads\/2016\/05\/boris-beja.jpg\" alt=\"Boris Beja\" width=\"100\" height=\"100\" \/><strong>BORIS BEJA<\/strong> (1986, Trbovlje) je diplomant grafi\u010dne tehnike (Naravoslovnotehni\u0161ka fakulteta) in kiparstva (ALUO). Leta 2012 je prejel <em>\u0161tudentsko Pre\u0161ernovo nagrado za kiparstvo<\/em> (ALUO) in <em>nagrado za prispevek k trajnostnemu razvoju dru\u017ebe<\/em> (Javni sklad RS). Leta 2015 in 2016 je bil nominiran za <em>nagrado skupine OHO.<\/em><\/p>\n<div style=\"margin: 10px; color: #fff;\">.<\/div>\n<p>Samostojne razstave:<br \/>\n<em>Dormitorij<\/em>, Galerija Ravne, Ravne na Koro\u0161kem, 2015<br \/>\nBetween the lines (Med vrsticami), Galerija Simulaker, Novo mesto, 2014<br \/>\n<em>ID grad.: BB\/SB 14 \u2013 n. 3\/3,<\/em> Galerija Bo\u017eidar Jakac, Kostanjevica na Krki, 2014<br \/>\n<em>Menuet zanj<\/em>, Peterokotni stolp \u2013 Ljubljanski grad, Ljubljana, 2014<br \/>\n<em>\u010clovek \u010dloveku \u017eival<\/em>, Galerija Kr\u0161ko, Kr\u0161ko, 2013Z<br \/>\n<em>Sijaj ART P-5124 JUS NI 5.110,<\/em> Galerija Alkatraz, Ljubljana, 2013<br \/>\n<em>Dela<\/em>, s Suzano Brborovi\u0107, Galerija Equrna, Ljubljana, 2013<br \/>\n<em>Delo v umetnosti<\/em>, s Suzano Brborovi\u0107, Galerija Mestne hi\u0161e Brno, \u010ce\u0161ka, 2013<br \/>\n<em>Ti\u0161ina odsotnega, <\/em>Nova galerija, Delavski Dom Trbovlje, Trbovlje, 2012<br \/>\n<em>Delovni naslov; brez naslova<\/em>, Nova galerija, Delavski dom Trbovlje, Trbovlje, 2011<\/p>\n<p>Skupinske razstave:<em><br \/>\nUs and Them<\/em> (Mi in oni), Studio Place Arts, Barre, Vermont, ZDA, 2016<br \/>\n<em>Pogledi na slovensko kiparstvo 1975-2015,<\/em> Mestna galerija Piran, Piran, 2016<br \/>\n<em>Pozor, delo!,<\/em> Le Comptoir, Liege, Belgija, 2016<br \/>\n<em>ALUO LXX. Preteklost, sedanjost, prihodnost<\/em>, Galerija Jakopi\u010d, Ljubljana, 2016<br \/>\n<em>MEM Experimental Arts International Festival <\/em>(Mednarodni festival eksperimentalnih umetnosti), MEM Exhibition Hall, Bilbao, \u0160panija, 2015<br \/>\n<em>Obmo\u010dje somraka,<\/em> Galerija \u0160kuc, Ljubljana, 2015<br \/>\n<em>Alptraum \/ Cauchemar \/ Nightmare,<\/em> Galerija Visual Voice Art, Monteral, Kanada, 2015<br \/>\n<em>Nagrada skupine OHO 2015<\/em>, Center in Galerija P74, Ljubljana, 2015<br \/>\n<em>Spomin nasilja in sanje o prihodnosti<\/em>, Kibla Portal, Maribor, 2015<br \/>\n<em>Slovenska grafika,<\/em> Galerija Check Point Paint Art, Trst, Italija, 2015<br \/>\n<em>Raztezanje kiparskih struktur<\/em>, Mestna galerija Ljubljana, Ljubljana, 2014<br \/>\n<em>Alternativni svetovi<\/em>, Galerija Photon, Ljubljana, 2013<br \/>\n<em>Pozor, delo!,<\/em> Muzej premogovni\u0161tva Slovenije, Velenje, 2013<br \/>\n<em>Preview Berlin<\/em>, umetnostni sejem, Berlin Opera Workshops, Berlin, Nem\u010dija, 2013<br \/>\n<em>Start Point SLO<\/em>, izbor najbolj\u0161ih diplomskih del ALUO, Galerija Miklova hi\u0161a, Ribnica, 2013<br \/>\n<em>Produkcija 2010 \u2013 2012, skupinska razstava grafik,<\/em> MGLC, Ljubljana, 2013<br \/>\n<em>Hotel Obir Reception<\/em>, Galerija Vorspann, \u017delezna Kapla, Avstrija, 2013<br \/>\n<em>Materialnost,<\/em> Kibla Portal, Maribor, 2013<br \/>\n<em>Premiera 2012<\/em>, Galerija sodobne umetnosti, Celje, 2012<br \/>\n<em>Le Printemps de Septembre a Toulouse<\/em>, skupinska razstava izbranih umetni\u0161kih \u0161ol Evrope, Institut superieur des arts de Toulouse, Toulouse, Francija, 2012<\/p>\n<hr \/>\n<p><img loading=\"lazy\" decoding=\"async\" class=\"alignleft size-full wp-image-8713\" style=\"padding-right: 10px;\" src=\"https:\/\/www.worldofart.org\/arhiv.worldofart.org\/aktualno\/wp-content\/uploads\/2016\/05\/nina-celhar.jpg\" alt=\"Nina \u010celhar\" width=\"100\" height=\"100\" \/><strong>NINA \u010cELHAR<\/strong> (1990, Postojna) je diplomantka slikarstva (ALUO) in trenutno nadaljuje magistrski \u0161tudij slikarstva (ALUO). Eno leto se je \u0161olala tudi na Visoki \u0161oli za grafiko in knji\u017eno oblikovanje v Leipzigu (Nem\u010dija). Leta 2012 je prejela <em>nagrado akademije za izjemne \u0161tudijske dose\u017eke<\/em> (ALUO), leta 2015 pa posebno nagrado <em>povabilo zbirateljev<\/em> (nagrada ESSL).<\/p>\n<div style=\"margin: 10px; color: #fff;\">.<\/div>\n<p>Samostojne razstave:<br \/>\n<em>Bivanjska vzdu\u0161ja,<\/em> Galerija Tir, Solkan, Nova Gorica, 2016<br \/>\n<em>Be\u017ene atmosfere,<\/em> UGM Studio, Maribor, 2015<br \/>\n<em>Pripadajo\u010di prostori,<\/em> Stolp \u0160krlovec, Kranj, 2015<br \/>\n<em>Dodatni prostori, <\/em>Galerija ZDSLU, Ljubljana, 2015<br \/>\n<em>Stanja ob\u010dutljivosti<\/em>, Be\u017eigrajska galerija 1, Ljubljana, 2014<\/p>\n<p><span style=\"line-height: 1.5;\">Skupinske razstave:<em><br \/>\nALUO LXX. Preteklost, sedanjost, prihodnost,<\/em> Galerija Jakopi\u010d, Ljubljana, 2016<br \/>\n<em>Diversity of Voices, Essl Art Award 2015<\/em> (Raznolikost glasov), Muzej Essl, Klosterneuburg bei Wien, Avstrija, 2015<br \/>\n<em>3. trienale mladih umetnikov \u2013 Premiere 2015. \u010cas, razpolo\u017eenje, identiteta,<\/em> Galerija sodobne umetnosti, Celje, 2015<br \/>\n<em>ESSL ART AWARD CEE razstava nominirancev<\/em>, MSUM+, Ljubljana, 2015<br \/>\n<em>Atopi\u010dno telo,<\/em> Galerija Equrna, Ljubljana, 2014<br \/>\n<em>Preview Berlin 2013,<\/em> umetnostni sejem, Opernwerkstaetten Berlin, Berlin, Nem\u010dija, 2013<br \/>\n<em>(<\/em><em>Pre)\u017eiveti s kreativnimi praksami, <\/em>Galerija Miklova hi\u0161a, Ribnica, 2013<br \/>\n<em>Transform: Pandora\u2019s Box<\/em> (Transformacija: Pandorina skrinjica)<em>,<\/em> Telogleion Foundation of Arts, Thessaloniki, Gr\u010dija, 2012<br \/>\n<em>Vstop: Slikarska razstava ALUO, <\/em>Galerija Alkatraz, Ljubljana, 2012<\/span><\/p>\n<hr \/>\n<p><img loading=\"lazy\" decoding=\"async\" class=\"alignleft size-full wp-image-8712\" style=\"padding-right: 10px;\" src=\"https:\/\/www.worldofart.org\/arhiv.worldofart.org\/aktualno\/wp-content\/uploads\/2016\/05\/neza-knez.jpg\" alt=\"Ne\u017ea Knez\" width=\"100\" height=\"100\" \/><strong>NE\u017dA KNEZ<\/strong> (1990, Ljubljana) je diplomantka kiparstva (ALUO) in trenutno nadaljuje magistrski \u0161tudij kiparstva (ALUO). Je prejemnica ve\u010d nagrad: <em>nagrade akademije za izjemne \u0161tudijske dose\u017eke<\/em> (ALUO, 2012), <em>nagrade za izjemne \u0161tudijske dose\u017eke<\/em> (ALUO, 2014), nagrade za inovativni pristop k umetni\u0161ki grafiki <em>zlata pre\u0161a<\/em> (2015), <em>\u0161tudentske Pre\u0161ernove nagrade<\/em> (2015). Leta 2016 je bila nominirana za <em>nagrado skupine OHO<\/em>.<\/p>\n<div style=\"margin: 1px; color: #fff;\">.<\/div>\n<p>Skupinske razstave:<em><br \/>\nALUO LXX. Preteklost, sedanjost, prihodnost,<\/em> Galerija Jakopi\u010d, Ljubljana, 2016<br \/>\n<em>Mednarodna grafi\u010dna pomlad,<\/em> Akademija likovnih umjetnosti, Sarajevo, Bosna, 2015<br \/>\n<em>Mednarodna grafi\u010dna pomlad,<\/em> Center grafi\u010dnih umetnosti, Maribor, 2015<br \/>\n<em>Razstava kiparjev,<\/em> galerija UL, Ljubljana, 2015<br \/>\n<em>PassKey<\/em>, Montepulciano, Italija, 2014<br \/>\n<em>Transform<\/em>, National University of Arts, Bukare\u0161ta, Romunija, 2014<br \/>\n<em>Svetlobna Gverila, <\/em>Ljubljana, 2013<\/p>\n<hr \/>\n<p><img loading=\"lazy\" decoding=\"async\" class=\"alignleft size-full wp-image-8711\" style=\"padding-right: 10px;\" src=\"https:\/\/www.worldofart.org\/arhiv.worldofart.org\/aktualno\/wp-content\/uploads\/2016\/05\/marusa-meglic.jpg\" alt=\"Maru\u0161a Megli\u010d\" width=\"100\" height=\"100\" \/><strong>MARU\u0160A MEGLI\u010c<\/strong> (1989, Ljubljana) je diplomantka slikarstva (ALUO) in trenutno nadaljuje magistrski \u0161tudij slikarstva (ALUO). Leta 2015 je prejela <em>nagrado ESSL<\/em>.<\/p>\n<div style=\"margin: 30px; color: #fff;\">.<\/div>\n<p>Samostojne razstave:<em><br \/>\nUmetnik potrebuje le malo<\/em>, KIOSK Kino \u0160i\u0161ka, Ljubljana, 2015<br \/>\n<em>Nekaj ro\u017enatega<\/em>, MGML, Be\u017eigrajska galerija 1, Ljubljana, 2013<\/p>\n<p><span style=\"line-height: 1.5;\">Skupinske razstave:<em><br \/>\nDiversity of Voices, Essl Art Award 2015<\/em> (Raznolikost glasov), Muzej Essl, Klosterneuburg bei Wien, Avstrija, 2015<br \/>\n<em>Common Space<\/em> (Skupni prostor), Galerija Kortil, Reka, Hrva\u0161ka, 2015<br \/>\n<em>ESSL ART AWARD CEE razstava nominirancev<\/em>, MSUM+, Ljubljana, 2015<br \/>\n<em>Transform<\/em>, Galerija Constantin Brancusi, Bukare\u0161ta, Romunija, 2014<br \/>\n<em>Podporovan\u00fd format<\/em>, Galerija Medium, Bratislava, Slova\u0161ka, 2013<br \/>\n<em>Kaj se je zgodilo?<\/em>, spremljevalna razstava mednarodnega grafi\u010dnega bienala, MGLC, Ljubljana, 2013<br \/>\n<em>Vstop,<\/em> Galerija Alkatraz, Ljubljana, 2012<\/span><\/p>\n<hr \/>\n<p><img loading=\"lazy\" decoding=\"async\" class=\"alignleft size-full wp-image-8715\" style=\"padding-right: 10px;\" src=\"https:\/\/www.worldofart.org\/arhiv.worldofart.org\/aktualno\/wp-content\/uploads\/2016\/05\/tejka-pezdirc.jpg\" alt=\"Tejka Pezdirc\" width=\"100\" height=\"100\" \/><strong>TEJKA PEZDIRC<\/strong> (1985, Novo mesto) je diplomantka kiparstva (ALUO). Leta 2009 je prejela <em>nagrado akademije za posebne dose\u017eke <\/em>(ALUO).<\/p>\n<div style=\"margin: 30px; color: #fff;\">.<\/div>\n<p>Samostojne razstave:<br \/>\n<em>Remains, Roji\u0161\u010de #32, <\/em>Galerija Garderoba, Bazen, Humanisti\u010dno in umetni\u0161ko dru\u0161tvo \u201cO\u201d, Vrhnika, 2015<br \/>\n<em>Artefatto10, <\/em>Reset, Trst, Italija, 2015<br \/>\n<em>Rebra<\/em>, No\u010dna izlo\u017eba Pe\u0161ak, Metelkova mesto, 2015<br \/>\n<em>Prena\u0161alke, <\/em>Galerija Sre\u010di\u0161\u010de, Hostel Celica, Ljubljana, 2014<br \/>\n<em>Pocket Utopia,<\/em> Porto Cesareo, Italija, 2014<br \/>\n<em>Pocket Utopia<\/em>, M\u00fcnchen, Nem\u010dija, 2014<br \/>\n<em>on-line razstava<\/em>, Galerija Blank, Ju\u017ena Koreja, 2014<br \/>\n<em>AbSence,<\/em> Galerija Channel Zero, Ljubljana, 2013<br \/>\n<em>Video Match (ArtNetLab)<\/em>, Kiberpipa, Ljubljana, 2008<br \/>\n<em>Prostorska intervencija,<\/em> \u0160panija, 2007<\/p>\n<p>Skupinske razstave:<br \/>\n<em>3. trienale mladih umetnikov \u2013 Premiere 2015. \u010cas, razpolo\u017eenje, identiteta,<\/em>Galerija sodobne umetnosti, Celje, 2015<br \/>\n<em>4.4.,<\/em> Galerija \u0160kuc, Ljubljana, 2013<br \/>\n<em>Start Point SLO,<\/em> Galerija Miklova hi\u0161a, Ribnica, 2012<br \/>\n<em>Umetnost sanjarjenja,<\/em> Galerija Miklova hi\u0161a, Ribnica, 2012<br \/>\nGalerija Mc, Bre\u017eice, 2010<br \/>\n<em>Razstava kiparjev ALUO,<\/em> SOF, Portoro\u017e, 2008<br \/>\nGalerija Atrij, Tr\u017ei\u010d, 2005<\/p>\n<hr \/>\n<p><img loading=\"lazy\" decoding=\"async\" class=\"alignleft size-full wp-image-8716\" style=\"padding-right: 10px;\" src=\"https:\/\/www.worldofart.org\/arhiv.worldofart.org\/aktualno\/wp-content\/uploads\/2016\/05\/ziva-bozicnik-rebec.jpg\" alt=\"\u017diva Bo\u017ei\u010dnik Rebec\" width=\"100\" height=\"100\" \/><strong>\u017dIVA BO\u017dI\u010cNIK REBEC<\/strong> (1991, Ljubljana) je diplomantka unikatnega oblikovanja \u2013 steklo in keramika (ALUO) in trenutno nadaljuje magistrski \u0161tudij kiparstva (ALUO).<\/p>\n<div style=\"margin: 30px; color: #fff;\">.<\/div>\n<p>Skupinske razstave:<br \/>\n<em>Povr\u0161ina\/\/Odpor,<\/em> grad Cmurek, Trate, 2015<br \/>\n<em>Fashion Art Toronto<\/em>, Toronto, Kanada, 2014<br \/>\n<em>Razstava absolventk ALUO, <\/em>Galerija Sre\u010di\u0161\u010de, Hostel Celica, Ljubljana, 2013<br \/>\n<em>Keep Yourself Busy<\/em> (Vedno bodi v pogonu), Samostan Sti\u010dna, 2012<br \/>\n<em>European Glass Context 2012<\/em>, Bornholm, Danska, 2012<br \/>\n<em>Odsevi,<\/em> Hi\u0161a Mestne ob\u010dine Ljubljana, 2012<\/p>\n<hr \/>\n<p><img loading=\"lazy\" decoding=\"async\" class=\"alignleft size-full wp-image-8714\" style=\"padding-right: 10px;\" src=\"https:\/\/www.worldofart.org\/arhiv.worldofart.org\/aktualno\/wp-content\/uploads\/2016\/05\/pila-in-dejan.jpg\" alt=\"Dejan \u0160tefan\u010di\u010d, Pila Rusjan\" width=\"100\" height=\"100\" \/><strong>PILA RUSJAN<\/strong> (1984, \u0160empeter pri Gorici) je diplomantka digitalnih umetnosti in praks (V\u0160U, UNG) in trenutno nadaljuje magistrski \u0161tudij medijskih umetnosti in praks (V\u0160U). Leta 2011 je bila nominirana za <em>nagrado skupine OHO<\/em> in <em>nagrado ESSL<\/em>, leta 2012 je prejela nagrado primorskih gledali\u0161\u010d <em>Tantadruj<\/em> ter leta 2013 nagrado AGRFT <em>zlatolaska<\/em>. Tudi leta 2015 je bila nominirana za <em>nagrado ESSL<\/em>.<\/p>\n<div style=\"margin: 1px; color: #fff;\">.<\/div>\n<p>Samostojne razstave:<br \/>\n<em>Enakote\u017eje<\/em>, z Dejanom \u0160tefan\u010di\u010dem, Centralna postaja: Vitrine, Maribor, 2014<br \/>\n<em>Deklica z bisernim uhanom,<\/em> VideoZid \u2013 urbana galerija na prostem, Ljubljana, 2013<br \/>\n<em>Zgodbe za lahko no\u010d,<\/em> z Nung-Hsin Hu, MGLC, Ljubljana, 2012<br \/>\n<em>Mapiranje spomina 1999-2011,<\/em> Galerija TukadMUNGA, Ljubljana, 2011<br \/>\n<em>Poustvarjanje spominov \u2013 #1: S\u00e3o Paulo, <\/em>Galerija Castanho Claro, Maribor, 2011<br \/>\n<em>Po-vra\u010danje,<\/em> Galerija sodobnih umetnosti Ganes Pratt, Ljubljana, 2010<br \/>\n<em>We are all Big Brother and Big Brother is just one of us <\/em>(Vsi smo veliki brat in veliki brat je en izmed nas), Festival sodobnih umetnosti AKTO 4, Bitola, Makedonija, 2009<br \/>\n<em>Preprosto biti, <\/em>Festival sodobnih umetnosti Mesto \u017eensk, Ljubljana, 2008<br \/>\n<em>Looping Edge,<\/em> Galerija in frizeraj Pop Planet, Ljubljana, 2008<br \/>\n<em>Fotografska razstava<\/em>, Gimnazija Poljane, Ljubljana, 2000<\/p>\n<p>Skupinske razstave:<em><br \/>\nCimri, ne \u010dimri,<\/em> Galerija A+A, Benetke, Italija, 2014<\/p>\n<hr \/>\n<p><img loading=\"lazy\" decoding=\"async\" class=\"alignleft size-full wp-image-8714\" style=\"padding-right: 10px;\" src=\"https:\/\/www.worldofart.org\/arhiv.worldofart.org\/aktualno\/wp-content\/uploads\/2016\/05\/pila-in-dejan.jpg\" alt=\"Dejan \u0160tefan\u010di\u010d, Pila Rusjan\" width=\"100\" height=\"100\" \/><strong>DEJAN \u0160TEFAN\u010cI\u010c<\/strong> (1972, Berlin) \u017ee ve\u010d kot deset let deluje na podro\u010djih filma in televizije kot scenski delavec, tehnik razsvetljave in asistent kamere. Od leta 2012 s Pilo Rusjan sodeluje na podro\u010dju vizualnih umetnosti kot snemalec, mojster lu\u010di, tehni\u010dni asistent ter ob\u010dasno tudi kot soavtor umetni\u0161kih del.<\/p>\n<div style=\"margin: 10px; color: #fff;\">.<\/div>\n<p>Samostojne razstave:<em><br \/>\nRitual, <\/em>VideoZid \u2013 urbana galerija na prostem, Ljubljana, 2015<br \/>\n<em>Enakote\u017eje<\/em>, s Pilo Rusjan, Centralna postaja: Vitrine, Maribor, 2014<\/p>\n","protected":false},"excerpt":{"rendered":"<p>Osebno Kon\u010dna razstava 15. leta \u0160ole za kustose in kritike sodobne umetnosti, Svet umetnosti 26. maj\u201315. julij 2016 Galerija \u0160kuc, Stari trg 21, Ljubljana BORIS BEJA (1986, Trbovlje) je diplomant grafi\u010dne tehnike (Naravoslovnotehni\u0161ka fakulteta) in kiparstva (ALUO). Leta 2012 je prejel \u0161tudentsko Pre\u0161ernovo nagrado za kiparstvo (ALUO) in nagrado za prispevek k trajnostnemu razvoju dru\u017ebe [&hellip;]<\/p>\n","protected":false},"author":1,"featured_media":0,"parent":8627,"menu_order":0,"comment_status":"closed","ping_status":"closed","template":"","meta":{"footnotes":""},"categories":[],"tags":[],"_links":{"self":[{"href":"https:\/\/www.worldofart.org\/arhiv.worldofart.org\/aktualno\/wp-json\/wp\/v2\/pages\/8699"}],"collection":[{"href":"https:\/\/www.worldofart.org\/arhiv.worldofart.org\/aktualno\/wp-json\/wp\/v2\/pages"}],"about":[{"href":"https:\/\/www.worldofart.org\/arhiv.worldofart.org\/aktualno\/wp-json\/wp\/v2\/types\/page"}],"author":[{"embeddable":true,"href":"https:\/\/www.worldofart.org\/arhiv.worldofart.org\/aktualno\/wp-json\/wp\/v2\/users\/1"}],"replies":[{"embeddable":true,"href":"https:\/\/www.worldofart.org\/arhiv.worldofart.org\/aktualno\/wp-json\/wp\/v2\/comments?post=8699"}],"version-history":[{"count":18,"href":"https:\/\/www.worldofart.org\/arhiv.worldofart.org\/aktualno\/wp-json\/wp\/v2\/pages\/8699\/revisions"}],"predecessor-version":[{"id":8788,"href":"https:\/\/www.worldofart.org\/arhiv.worldofart.org\/aktualno\/wp-json\/wp\/v2\/pages\/8699\/revisions\/8788"}],"up":[{"embeddable":true,"href":"https:\/\/www.worldofart.org\/arhiv.worldofart.org\/aktualno\/wp-json\/wp\/v2\/pages\/8627"}],"wp:attachment":[{"href":"https:\/\/www.worldofart.org\/arhiv.worldofart.org\/aktualno\/wp-json\/wp\/v2\/media?parent=8699"}],"wp:term":[{"taxonomy":"category","embeddable":true,"href":"https:\/\/www.worldofart.org\/arhiv.worldofart.org\/aktualno\/wp-json\/wp\/v2\/categories?post=8699"},{"taxonomy":"post_tag","embeddable":true,"href":"https:\/\/www.worldofart.org\/arhiv.worldofart.org\/aktualno\/wp-json\/wp\/v2\/tags?post=8699"}],"curies":[{"name":"wp","href":"https:\/\/api.w.org\/{rel}","templated":true}]}}