{"id":87,"date":"2007-06-05T15:32:48","date_gmt":"2007-06-05T13:32:48","guid":{"rendered":"http:\/\/www.worldofart.org\/aktualno\/labsus\/"},"modified":"2018-06-18T22:15:46","modified_gmt":"2018-06-18T20:15:46","slug":"labsus","status":"publish","type":"page","link":"https:\/\/www.worldofart.org\/arhiv.worldofart.org\/aktualno\/laboratorij-2006-07\/labsus","title":{"rendered":"LabSUs &#8211; Odprta platforma kuratorjev, umetnikov, piscev, teoretikov"},"content":{"rendered":"<p><strong>23. &#8211; 29. 6. 2007<\/strong><br \/>\nOdprto od 10. jutranje ure dalje. Vstop prost!<br \/>\n<strong>Galerija \u0160kuc, Stari trg 21, Ljubljana, Slovenija<\/strong><\/p>\n<p>Vsak dan bodo vrata \u0160kuca odprta za predstavitev umetni\u0161kih del, idej in konceptov, produkcijo projektov, ljudi za akcijo, pogovor, anga\u017eirano obrambo lastnih stali\u0161\u010d in kompleksno presojo predstavljenega, prijeten klepet in zaupljivo pomenkovanje, kritiko in empatijo!<br \/>\nVabljeni ob rekonstruirani \u00bb\u0160kucov \u0161ank\u00ab!<\/p>\n<p>Vsak dan med poldnevom in sedmo ve\u010derno uro so v \u0160kuc posebej vabljene <strong>UMETNICE<\/strong> in <strong>UMETNIKI<\/strong>! Pri\u010dakali vas bomo z odprtimi rokami, pripravljeni na dialog o in ob va\u0161ih umetni\u0161kih delih, idejah in konceptih, njihovo predstavitev in produkcijo!<\/p>\n<p><strong>Poleg tega LabSUs ponuja \u0161e:<\/strong><\/p>\n<p><strong>sobota, 23. 6. 2007<\/strong><br \/>\nob 10.00 O umetnosti ob kavi \u2013 klepet ob zajtrku<br \/>\nob 20.00 Laboratorij SU ob \u00bb\u0160kucovem \u0161anku\u00ab \u2013 predstavitev LabSUsa in zabava<\/p>\n<p><strong>nedelja, 24. 6. 2007<\/strong><br \/>\nob 12.00 Internet za umetnike \u2013 svetovalna ura<br \/>\nob 20.00 Programska politika Galerije \u0160kuc &#8211; debata<\/p>\n<p><strong>ponedeljek, 25. 6. 2007<\/strong><br \/>\nob 12.00 Umetnost v mestu \u2013 vodstvo po grafitih in street artu<br \/>\nob 20.00 \u0160olani kurator \u2013 debata o programih Sveta umetnosti SCCA<\/p>\n<p><strong>torek, 26. 6. 2007<\/strong><br \/>\nod 12.00 Video stena \u2013 prezentacija slovenske video produkcije<br \/>\nob 20.00 Video v galeriji \u2013 debata<\/p>\n<p><strong>sreda, 27. 6. 2007<\/strong><br \/>\nob 12.00 Svet umetnosti in otroci \u2013 debata in otro\u0161ki vrtec<br \/>\nob 20.00 Znotraj\/zunaj: \u0161ola, sistem, \u0161tudentje, mentorji \u2013 debata<\/p>\n<p><strong>\u010detrtek, 28. 6. 2007<\/strong><br \/>\nob 12.00 Umetnost v galeriji \u2013 vodstvo na izbrano razstavo<\/p>\n<p><strong>petek, 29. 6. 2007<\/strong><br \/>\nod 12.00 Dan u\u017eitka in umetnosti \u2013 klepet, branje poezije, debata, gurmanski u\u017eitki in zabava <\/p>\n<hr \/>\n<p><strong>LabSUs<\/strong> je poetska skovanka za odprto platformo z dvema osnovnima koordinatama:<\/p>\n<ul>\n<li> laboratorij kot realni in metafori\u010dni prostor v polju umetnosti z razrahljanimi \u010dasovnimi in prostorskimi determinantami<\/li>\n<li>lapsus kot obrat, ki se mu dovoli obstoj zaradi verjetja v inspiracijo napake, zdrsa, ekstremne situacije, ki naj razbije rutino delovanja in omogo\u010di preobrat vzpostavljenega sistema ter se tako izogne nadzoru in sodobnim ideolo\u0161kim paradigmam.<\/li>\n<\/ul>\n<p>Jedro <strong>LabSUsa<\/strong> tvori sedem laborantov Laboratorija SU, ki s svojo sedemdnevno prisotnostjo v Galeriji \u0160KUC vzpostavljajo prostor za diskusijo, premislek in dialog z umetniki, kuratorji in kritiki, teoretiki, zainteresirano javnostjo, ekonomisti in politiki.<\/p>\n<p><strong>LabSUs<\/strong> bo iniciiral pogovore, premi\u0161ljeval strategije in prakse kuratorja, sodeloval pri produkciji in predstavljanju umetni\u0161kih del ter bodisi interpretiral, kriti\u0161ko in teoretsko kontekstualiziral ali z govorjeno besedo artikuliral umetni\u0161ko produkcijo in njene pogoje nastanka, prezentacije in distribucije.<\/p>\n<p>Predstavil bo dokumentarni material desetletne zgodovine Sveta umetnosti. <strong>LabSUs<\/strong> je poskus, da se skozi osebno prisotnost ljudi vzpostavijo situacije, ki omogo\u010dajo sodelovanje in vklju\u010devanje tako posameznikov kot skupin v razgovor, premislek in dialog.<\/p>\n<p><strong>LabSUs<\/strong> vzpostavlja <strong>&#8216;\u0160kucov \u0161ank&#8217;<\/strong> kot impulz za motivacijo.<\/p>\n<p><strong>LabSUs<\/strong> ni skupina, poudarjena je posameznikova anga\u017eiranost in odgovornost pri izra\u017eanju in udejanjanju stali\u0161\u010d ter razvoju okolij za izmenjavo izku\u0161enj in vedenj.<\/p>\n<p><strong>Izhaja iz<\/strong>: <\/p>\n<ul>\n<li>organiziranih in spontanih sre\u010devanj laborantov<\/li>\n<li>preizpra\u0161evanja statusa, pozicije in prakse kuratorja <\/li>\n<li>nezadovoljstva z obstoje\u010dim na\u010dinom produkcijske podstati in galerijsko-muzejskega formalnega okvirja za predstavljanje in distribucijo umetni\u0161ke produkcije<\/li>\n<li>osvetljevanja sodelovanja med umetnikom in kuratorjem<\/li>\n<li>nezadovoljstva z usmerjeno, k dolo\u010denemu cilju streme\u010do \u201cinstrumentalizirano\u201d razstavno dejavnostjo, ki ne ponuja \u010dasa za raziskovanje, premislek, razpravo, konstruktivno lenarjenje in nered<\/li>\n<li>poudarjanja vsebine pred organizacijo<\/li>\n<li>razumevanje simbolnega in fizi\u010dnega prostora galerije ne le zgolj kot servisa za predstavitev produkcije, ampak predvsem kot prostora za dialog, diskusije, vznikanje idej, akcijo in reakcijo.<\/li>\n<\/ul>\n<p><strong>Javen je<\/strong>, ker verjame v ljudi, ker ne verjame v samozadostnost in ker raz\u0161irja diskusijo na posameznike in vso (ne)zainteresirano javnost.<\/p>\n<p><strong>Namenjen je<\/strong> vsem tistim, ki spra\u0161ujejo: Kurator, teoretik, umetnik, pisec &#8211; kdo si? \/ kaj si? \/ kje si? \/ \u010demu si? \/ kaj po\u010dne\u0161 ? \/ \u2026 ?<\/p>\n<p><strong>Njegovi cilji so:<\/strong><\/p>\n<ul>\n<li>izpostavljanje dialo\u0161ke narave dela kuratorja, pisca, teoretika, umetnika<\/li>\n<li>izpostavljanje akterjev kot elementov povezovanja med umetnikom\/umetnostjo-dru\u017ebo-gledalcem\/obiskovalcem-institucijo\/galerijo-mediji-izobra\u017eevalnim sistemom<\/li>\n<li>problematizacija kuratorjeve prakse in v tem kontekstu \u0161ole za kustose Sveta umetnosti<\/li>\n<li>o\u017eivitev Galerije \u0160kuc kot prostora debat in sre\u010devanj in hkrati problematizacija programske politike galerij<\/li>\n<li>preizkus delovanja, ki se odreka nekonstruktivnemu stremljenju za nujnostjo produkcije in razdiranju \u010dasovno predpisanih okvirjev<\/li>\n<li>druga\u010dni na\u010dini \u0161irjenja vedenja o umetnosti, posredovanja znanja in raziskovanje strategij radikalnega izobra\u017eevanja<\/li>\n<\/ul>\n<p><strong>Obljublja<\/strong>, da bo naredil vse, kar bo v njegovi mo\u010di, da bo prihajalo do \u010dim ve\u010d konstruktivnih situacij in napak.<\/p>\n<p><strong>Ponuja<\/strong> delo kustosa, teoretika, umetnika in pisca, mo\u017enost za predstavitev umetni\u0161kih del, idej in konceptov, produkcijo projektov, ljudi za akcijo, pogovor, ostro obrambo lastnih stali\u0161\u010d in kompleksno presojo predstavljenega, prijeten klepet in zaupljivo pomenkovanje, kritiko in empatijo.<\/p>\n<hr \/>\n<p><strong>Laboratorij SU<\/strong> smo <a href=\"https:\/\/www.worldofart.org\/arhiv.worldofart.org\/aktualno\/laboratorij-2006-07\/udelezenci-2006-07\/\">Ivana Bago, Petja Grafenauer Krnc, Petra Kap\u0161, Monika Ivan\u010di\u010d Fajfar, Vasja Nagy, Mojca Puncer in Jaka \u017deleznikar<\/a><\/p>\n<p>Laboratorij Sveta umetnosti raziskuje sestavo in mo\u017ene na\u010dine (so)delovanja v svetu umetnosti in izven njega. Na eni strani je formalna sestava posameznikov, ki v okviru Sveta umetnosti SCCA-Ljubljana premi\u0161ljujejo, analizirajo, kontekstualizirajo in vrednotijo sedaj \u017ee desetletno zgodovino delovanja Sveta umetnosti, ki je kot edina slovenska izobra\u017eevalna institucija na podro\u010dju sodobne vizualne umetnosti oblikovala mlado generacijo slovenskih kuratorjev in piscev. Na drugi strani je Laboratorij SU z namenom vzpodbujanja teoretskih in kriti\u0161kih analiz in premislekov aktualnih vpra\u0161anj odprt v javni prostor. Laboratorij SU deluje v Projektni sobi SCCA, virtualno se diskusije odvijajo na medmre\u017eju, neformalno pa na dolgotrajnih zasebno-javnih delovno-dru\u017eabnih sre\u010danjih. Laboratorij SU je zasnovan eksperimentalno, v izogib monotoniji vkalupljenega sistemskega delovanja in v vzpodbudo konstruktivnim premislekom in analizam v prvi vrsti kuratorske prakse v preteklosti, sedanjosti ter prihodnosti. So\u010dasno pogled usmerja v umetnike, teoretike, pisce kot bistvene akterje v polju umetnosti in jih vabi k razpravi.<\/p>\n<hr \/>\n<p><strong>Va\u0161e \u017eelje, komentarje, nasvete in vpra\u0161anja sprejemamo na naslovu:<\/strong><br \/>\n<a href=\"mailto:labsus.su@yahoo.co.uk\">labsus.su@yahoo.co.uk<\/a><\/p>\n<p>Laboratorijski projekt <a href=\"https:\/\/www.worldofart.org\/arhiv.worldofart.org\/aktualno\/laboratorij\/\">Laboratorija<\/a> Sveta umetnosti 2006\/2007<br \/>\nSvet umetnosti, \u0161ola za sodobno umetnost<\/p>\n<p><strong>Za pomo\u010d in podporo se LabSUs zahvaljuje<\/strong> Barbari Bor\u010di\u010d, Vesni Bukovec, Du\u0161anu Dov\u010du, Brigiti Dreven\u0161ek, Gorazdu Krncu, Tev\u017eu Logarju, Sa\u0161i Nabergoj, Sabini Salamon<\/p>\n<p><strong><a href=\"https:\/\/www.worldofart.org\/arhiv.worldofart.org\/aktualno\/podpora\/\">Sponzorji<\/a> LabSUsa:<\/strong><\/p>\n<ul>\n<li><a href=\"http:\/\/www.ljubljana.si\/si\/mol\/mestna_uprava\/okrd\/default.html\">Mestna ob\u010dina Ljubljana, Oddelek za kulturo in raziskovalno dejavnost<\/a><\/li>\n<li><a href=\"http:\/\/www.mk.gov.si\/\">Ministrstvo za kulturo Republike Slovenije<\/a><\/li>\n<li><a href=\"http:\/\/www.okolje-c.si\/\">Okolje Consulting, d.o.o.<\/a><\/li>\n<li><a href=\"http:\/\/www.radiostudent.si\/\">Radio \u0160tudent<\/a><\/li>\n<li><a href=\"http:\/\/www.zujl.si\/\">Zavod za usposabljanje Janeza Levca<\/a><\/li>\n<li><a href=\"http:\/\/www.alibi.si\/\">Alibi Hostels<\/a><\/li>\n<li><a href=\"http:\/\/www.sony.si\/\">Sony SouthEast Europe<\/a><\/li>\n<li><a href=\"http:\/\/www.kiberpipa.org\/\">Kiberpipa<\/a><\/li>\n<li><a href=\"http:\/\/www.slovenskavojska.si\/\">Slovenska vojska<\/a><\/li>\n<li><a href=\"http:\/\/www.vinakoper.si\/\">Vina Koper<a\/><\/li>\n<li><a href=\"http:\/\/www.www.drogakolinska.si\/\">Droga Kolinska<\/a><\/li>\n<\/ul>\n<hr \/>\n<p><strong>Press<\/strong><\/p>\n<ul>\n<li><a href=\"https:\/\/www.worldofart.org\/arhiv.worldofart.org\/aktualno\/wp-content\/2007\/labsus-blog\/najava-labsus.doc\">Mediji &#8211; najava<\/a><\/li>\n<li><a href=\"https:\/\/www.worldofart.org\/arhiv.worldofart.org\/aktualno\/wp-content\/2007\/labsus-blog\/o labSUsu.doc\">O LabSUsu<\/a><\/li>\n<\/ul>\n<p>Fotografije:<\/p>\n<ul>\n<li><a href=\"https:\/\/www.worldofart.org\/arhiv.worldofart.org\/aktualno\/wp-content\/2007\/labsus-blog\/labsus-velika.jpg\" rel=\"lightbox[87]\">LabSUs velika<\/a> (2,38 MB)<\/li>\n<li><a href=\"https:\/\/www.worldofart.org\/arhiv.worldofart.org\/aktualno\/wp-content\/2007\/labsus-blog\/labsus-mala.jpg\" rel=\"lightbox[87]\">LabSUs mala<\/a> (99 kB)<\/li>\n<\/ul>\n","protected":false},"excerpt":{"rendered":"<p>23. &#8211; 29. 6. 2007 Odprto od 10. jutranje ure dalje. Vstop prost! Galerija \u0160kuc, Stari trg 21, Ljubljana, Slovenija Vsak dan bodo vrata \u0160kuca odprta za predstavitev umetni\u0161kih del, idej in konceptov, produkcijo projektov, ljudi za akcijo, pogovor, anga\u017eirano obrambo lastnih stali\u0161\u010d in kompleksno presojo predstavljenega, prijeten klepet in zaupljivo pomenkovanje, kritiko in empatijo! [&hellip;]<\/p>\n","protected":false},"author":1,"featured_media":0,"parent":121,"menu_order":0,"comment_status":"closed","ping_status":"open","template":"","meta":{"footnotes":""},"categories":[],"tags":[],"_links":{"self":[{"href":"https:\/\/www.worldofart.org\/arhiv.worldofart.org\/aktualno\/wp-json\/wp\/v2\/pages\/87"}],"collection":[{"href":"https:\/\/www.worldofart.org\/arhiv.worldofart.org\/aktualno\/wp-json\/wp\/v2\/pages"}],"about":[{"href":"https:\/\/www.worldofart.org\/arhiv.worldofart.org\/aktualno\/wp-json\/wp\/v2\/types\/page"}],"author":[{"embeddable":true,"href":"https:\/\/www.worldofart.org\/arhiv.worldofart.org\/aktualno\/wp-json\/wp\/v2\/users\/1"}],"replies":[{"embeddable":true,"href":"https:\/\/www.worldofart.org\/arhiv.worldofart.org\/aktualno\/wp-json\/wp\/v2\/comments?post=87"}],"version-history":[{"count":1,"href":"https:\/\/www.worldofart.org\/arhiv.worldofart.org\/aktualno\/wp-json\/wp\/v2\/pages\/87\/revisions"}],"predecessor-version":[{"id":9471,"href":"https:\/\/www.worldofart.org\/arhiv.worldofart.org\/aktualno\/wp-json\/wp\/v2\/pages\/87\/revisions\/9471"}],"up":[{"embeddable":true,"href":"https:\/\/www.worldofart.org\/arhiv.worldofart.org\/aktualno\/wp-json\/wp\/v2\/pages\/121"}],"wp:attachment":[{"href":"https:\/\/www.worldofart.org\/arhiv.worldofart.org\/aktualno\/wp-json\/wp\/v2\/media?parent=87"}],"wp:term":[{"taxonomy":"category","embeddable":true,"href":"https:\/\/www.worldofart.org\/arhiv.worldofart.org\/aktualno\/wp-json\/wp\/v2\/categories?post=87"},{"taxonomy":"post_tag","embeddable":true,"href":"https:\/\/www.worldofart.org\/arhiv.worldofart.org\/aktualno\/wp-json\/wp\/v2\/tags?post=87"}],"curies":[{"name":"wp","href":"https:\/\/api.w.org\/{rel}","templated":true}]}}