{"id":870,"date":"2011-09-04T23:20:37","date_gmt":"2011-09-04T21:20:37","guid":{"rendered":"http:\/\/www.worldofart.org\/aktualno\/?page_id=870"},"modified":"2018-06-18T18:39:51","modified_gmt":"2018-06-18T16:39:51","slug":"studijske-ekskurzije","status":"publish","type":"page","link":"https:\/\/www.worldofart.org\/arhiv.worldofart.org\/aktualno\/stirinajsti-letnik-20112013\/studijske-ekskurzije","title":{"rendered":"\u0160tudijske ekskurzije"},"content":{"rendered":"<p>SVET UMETNOSTI<br \/>\n\u0160ola za kustose in kritike sodobne umetnosti<br \/>\nLeto 14<br \/>\n1. letnik (november 2011\u2013junij 2012)<\/p>\n<hr \/>\n<p>Na \u0161tudijskih ekskurzijah po Sloveniji, v Krakov in Z\u00fcrich se bodo udele\u017eenci te\u010daja seznanili s prizori\u0161\u010di, njihovimi protagonisti, umetni\u0161ko produkcijo ter funkcioniranjem umetnostnega sistema, ki ponujajo mo\u017enosti za nadaljnje raziskovanje in sodelovanje.<\/p>\n<div class=\"komentar2\" style=\"margin-bottom: 50px;\">\n<p class=\"komentarslike\"><a href=\"https:\/\/www.worldofart.org\/arhiv.worldofart.org\/aktualno\/archives\/2176\"><img decoding=\"async\" style=\"border: 0; margin: 0; padding: 0 0 7px 0;\" src=\"https:\/\/www.worldofart.org\/arhiv.worldofart.org\/aktualno\/wp-content\/2011-13\/ekskurzija-zurich\/zurich-kolaz.jpg\" alt=\"Ljubljana v Z\u00fcrichu: 18.\u201321. april 2012\" \/><br \/>\n<strong>Poro\u010dilo z ekskurzije Ljubljana v Z\u00fcrichu: 18.\u201321. april 2012<\/strong><\/a><\/p>\n<\/div>\n<div style=\"clear: both;\"><\/div>\n<div class=\"komentar2\" style=\"margin-bottom: 50px;\">\n<p class=\"komentarslike\"><a href=\"https:\/\/www.worldofart.org\/arhiv.worldofart.org\/aktualno\/fotodnevnik-studijske-ekskurzije-zurich-v-ljubljani\"><img decoding=\"async\" style=\"border: 0; margin: 0; padding: 0 0 7px 0;\" src=\"https:\/\/www.worldofart.org\/arhiv.worldofart.org\/aktualno\/wp-content\/2011-13\/printaj\/fotodnevnik450\/fotodnevnik-kolaz.jpg\" alt=\"Fotodnevnik Z\u00fcrich v Ljubljani: 14.\u201316. marec 2012\" \/><br \/>\n<strong>Fotodnevnik Zagreb in Z\u00fcrich v Ljubljani: 14.\u201316. marec 2012<\/strong><\/a><\/p>\n<\/div>\n<div class=\"komentar2\">\n<p class=\"komentarslike\"><img decoding=\"async\" style=\"border: 0; margin: 0; padding: 0 0 7px 0;\" src=\"https:\/\/www.worldofart.org\/arhiv.worldofart.org\/aktualno\/wp-content\/2011-13\/ekskurzija-gradec\/ekskurzija-graz.jpg\" alt=\"\u0160tudijska ekskurzija v Gradec\" \/><br \/>\n<strong>Gradec, 22. december 2011<\/strong><\/p>\n<\/div>\n<ul>\n<li><a href=\"https:\/\/www.worldofart.org\/arhiv.worldofart.org\/aktualno\/stirinajsti-letnik-20112013\/studijske-ekskurzije\/studijska-ekskurzija-v-gradec-program\">Program<\/a><\/li>\n<li><a href=\"https:\/\/www.worldofart.org\/arhiv.worldofart.org\/aktualno\/archives\/1301\">Poro\u010dilo<\/a><\/li>\n<\/ul>\n<div style=\"height: 50px;\"><\/div>\n<div class=\"komentar2\">\n<p class=\"komentarslike\"><img decoding=\"async\" style=\"border: 0; margin: 0; padding: 0 0 7px 0;\" src=\"https:\/\/www.worldofart.org\/arhiv.worldofart.org\/aktualno\/wp-content\/2011-13\/ekskurzija-krakov\/ekskurzija-krakow.jpg\" alt=\"\u0160tudijska ekskurzija v Krakov\" \/><br \/>\n<strong>Krakov, 7.\u201311. november 2011<\/strong><\/p>\n<\/div>\n<ul>\n<li><a href=\"https:\/\/www.worldofart.org\/arhiv.worldofart.org\/aktualno\/stirinajsti-letnik-20112013\/studijske-ekskurzije\/studijska-ekskurzija-v-krakov-program\">Program<\/a><\/li>\n<li><a href=\"https:\/\/www.worldofart.org\/arhiv.worldofart.org\/aktualno\/archives\/1193\">Poro\u010dilo<\/a><\/li>\n<\/ul>\n","protected":false},"excerpt":{"rendered":"<p>SVET UMETNOSTI \u0160ola za kustose in kritike sodobne umetnosti Leto 14 1. letnik (november 2011\u2013junij 2012) Na \u0161tudijskih ekskurzijah po Sloveniji, v Krakov in Z\u00fcrich se bodo udele\u017eenci te\u010daja seznanili s prizori\u0161\u010di, njihovimi protagonisti, umetni\u0161ko produkcijo ter funkcioniranjem umetnostnega sistema, ki ponujajo mo\u017enosti za nadaljnje raziskovanje in sodelovanje. Poro\u010dilo z ekskurzije Ljubljana v Z\u00fcrichu: 18.\u201321. [&hellip;]<\/p>\n","protected":false},"author":1,"featured_media":0,"parent":866,"menu_order":0,"comment_status":"closed","ping_status":"closed","template":"","meta":{"footnotes":""},"categories":[],"tags":[],"_links":{"self":[{"href":"https:\/\/www.worldofart.org\/arhiv.worldofart.org\/aktualno\/wp-json\/wp\/v2\/pages\/870"}],"collection":[{"href":"https:\/\/www.worldofart.org\/arhiv.worldofart.org\/aktualno\/wp-json\/wp\/v2\/pages"}],"about":[{"href":"https:\/\/www.worldofart.org\/arhiv.worldofart.org\/aktualno\/wp-json\/wp\/v2\/types\/page"}],"author":[{"embeddable":true,"href":"https:\/\/www.worldofart.org\/arhiv.worldofart.org\/aktualno\/wp-json\/wp\/v2\/users\/1"}],"replies":[{"embeddable":true,"href":"https:\/\/www.worldofart.org\/arhiv.worldofart.org\/aktualno\/wp-json\/wp\/v2\/comments?post=870"}],"version-history":[{"count":3,"href":"https:\/\/www.worldofart.org\/arhiv.worldofart.org\/aktualno\/wp-json\/wp\/v2\/pages\/870\/revisions"}],"predecessor-version":[{"id":9605,"href":"https:\/\/www.worldofart.org\/arhiv.worldofart.org\/aktualno\/wp-json\/wp\/v2\/pages\/870\/revisions\/9605"}],"up":[{"embeddable":true,"href":"https:\/\/www.worldofart.org\/arhiv.worldofart.org\/aktualno\/wp-json\/wp\/v2\/pages\/866"}],"wp:attachment":[{"href":"https:\/\/www.worldofart.org\/arhiv.worldofart.org\/aktualno\/wp-json\/wp\/v2\/media?parent=870"}],"wp:term":[{"taxonomy":"category","embeddable":true,"href":"https:\/\/www.worldofart.org\/arhiv.worldofart.org\/aktualno\/wp-json\/wp\/v2\/categories?post=870"},{"taxonomy":"post_tag","embeddable":true,"href":"https:\/\/www.worldofart.org\/arhiv.worldofart.org\/aktualno\/wp-json\/wp\/v2\/tags?post=870"}],"curies":[{"name":"wp","href":"https:\/\/api.w.org\/{rel}","templated":true}]}}