{"id":890,"date":"2011-09-04T23:35:34","date_gmt":"2011-09-04T21:35:34","guid":{"rendered":"http:\/\/www.worldofart.org\/aktualno\/?page_id=890"},"modified":"2018-06-18T18:38:48","modified_gmt":"2018-06-18T16:38:48","slug":"seminar","status":"publish","type":"page","link":"https:\/\/www.worldofart.org\/arhiv.worldofart.org\/aktualno\/stirinajsti-letnik-20112013\/seminar","title":{"rendered":"Seminar"},"content":{"rendered":"<p>SVET UMETNOSTI<br \/>\n\u0160ola za kustose in kritike sodobne umetnosti<br \/>\nLeto 14<br \/>\n1. letnik (november 2011\u2013junij 2012)<\/p>\n<hr \/>\n<p><strong>Uvod v teorijo<\/strong><\/p>\n<p><a href=\"https:\/\/www.worldofart.org\/arhiv.worldofart.org\/aktualno\/stirinajsti-letnik-20112013\/seminar\/andrej-pezelj-emancipacija-v-polju-umetniskih-diskurzov\"><strong>Andrej Pezelj: Emancipacija v polju umetni\u0161kih diskurzov<\/strong><\/a><br \/>\nV sklopu deseturnega seminarja <em>Emancipacija v polju umetni\u0161kih diskurzov<\/em> bomo, skozi analizo tekstov Rancierja, Bourdieuja in Foucaulta, posku\u0161ali postaviti temelje za emancipacijo v strogo hierarhiziranem umetni\u0161kem diskurzu, kjer \u0161e danes pogosto prevladuje metafora.<\/p>\n","protected":false},"excerpt":{"rendered":"<p>SVET UMETNOSTI \u0160ola za kustose in kritike sodobne umetnosti Leto 14 1. letnik (november 2011\u2013junij 2012) Uvod v teorijo Andrej Pezelj: Emancipacija v polju umetni\u0161kih diskurzov V sklopu deseturnega seminarja Emancipacija v polju umetni\u0161kih diskurzov bomo, skozi analizo tekstov Rancierja, Bourdieuja in Foucaulta, posku\u0161ali postaviti temelje za emancipacijo v strogo hierarhiziranem umetni\u0161kem diskurzu, kjer \u0161e [&hellip;]<\/p>\n","protected":false},"author":1,"featured_media":0,"parent":866,"menu_order":0,"comment_status":"closed","ping_status":"closed","template":"","meta":{"footnotes":""},"categories":[],"tags":[],"_links":{"self":[{"href":"https:\/\/www.worldofart.org\/arhiv.worldofart.org\/aktualno\/wp-json\/wp\/v2\/pages\/890"}],"collection":[{"href":"https:\/\/www.worldofart.org\/arhiv.worldofart.org\/aktualno\/wp-json\/wp\/v2\/pages"}],"about":[{"href":"https:\/\/www.worldofart.org\/arhiv.worldofart.org\/aktualno\/wp-json\/wp\/v2\/types\/page"}],"author":[{"embeddable":true,"href":"https:\/\/www.worldofart.org\/arhiv.worldofart.org\/aktualno\/wp-json\/wp\/v2\/users\/1"}],"replies":[{"embeddable":true,"href":"https:\/\/www.worldofart.org\/arhiv.worldofart.org\/aktualno\/wp-json\/wp\/v2\/comments?post=890"}],"version-history":[{"count":3,"href":"https:\/\/www.worldofart.org\/arhiv.worldofart.org\/aktualno\/wp-json\/wp\/v2\/pages\/890\/revisions"}],"predecessor-version":[{"id":9592,"href":"https:\/\/www.worldofart.org\/arhiv.worldofart.org\/aktualno\/wp-json\/wp\/v2\/pages\/890\/revisions\/9592"}],"up":[{"embeddable":true,"href":"https:\/\/www.worldofart.org\/arhiv.worldofart.org\/aktualno\/wp-json\/wp\/v2\/pages\/866"}],"wp:attachment":[{"href":"https:\/\/www.worldofart.org\/arhiv.worldofart.org\/aktualno\/wp-json\/wp\/v2\/media?parent=890"}],"wp:term":[{"taxonomy":"category","embeddable":true,"href":"https:\/\/www.worldofart.org\/arhiv.worldofart.org\/aktualno\/wp-json\/wp\/v2\/categories?post=890"},{"taxonomy":"post_tag","embeddable":true,"href":"https:\/\/www.worldofart.org\/arhiv.worldofart.org\/aktualno\/wp-json\/wp\/v2\/tags?post=890"}],"curies":[{"name":"wp","href":"https:\/\/api.w.org\/{rel}","templated":true}]}}