{"id":896,"date":"2011-09-04T23:38:21","date_gmt":"2011-09-04T21:38:21","guid":{"rendered":"http:\/\/www.worldofart.org\/aktualno\/?page_id=896"},"modified":"2018-06-18T18:38:15","modified_gmt":"2018-06-18T16:38:15","slug":"delavnice","status":"publish","type":"page","link":"https:\/\/www.worldofart.org\/arhiv.worldofart.org\/aktualno\/stirinajsti-letnik-20112013\/delavnice","title":{"rendered":"Delavnice"},"content":{"rendered":"<p>SVET UMETNOSTI<br \/>\n\u0160ola za kustose in kritike sodobne umetnosti<br \/>\nLeto 14<br \/>\n1. letnik (november 2011\u2013junij 2012)<\/p>\n<hr \/>\n<p><strong>Delavnica podrobnega branja<\/strong><\/p>\n<ul>\n<li><strong><a href=\"https:\/\/www.worldofart.org\/arhiv.worldofart.org\/aktualno\/stirinajsti-letnik-20112013\/delavnice\/petja-grafenauer-kaj-se-skriva-v-besedilu\">Petja Grafenauer: Kaj se skriva v besedilu?<\/a><\/strong><br \/>\nCilj 9 urne delavnice kriti\u010dnega branja umetnostnih besedil je izbolj\u0161ati razumevanje teorije in kritike moderne in sodobne umetnosti, ki jo bodo udele\u017eenci lahko kasneje uporabili v svoji kriti\u0161ki, umetnostni in kuratorski praksi.<\/li>\n<\/ul>\n<div style=\"height: 10px;\"><\/div>\n<p><strong>Delavnice iz pisanja o sodobni umetnosti<\/strong><\/p>\n<ul>\n<li><strong><a href=\"https:\/\/www.worldofart.org\/arhiv.worldofart.org\/aktualno\/stirinajsti-letnik-20112013\/delavnice\/misko-suvakovic-teorija-in-praksa-umetnostne-kritike\">Mi\u0161ko \u0160uvakovi\u0107: Teorija in praksa umetnostne kritike<\/a><\/strong><br \/>\nNamen delavnice je seznanitev z zgodovino in teorijo umetnostne kritike in prakti\u010dno preizku\u0161anje v analizi kriti\u0161kega teksta<\/li>\n<\/ul>\n<\/ul>\n<div style=\"height: 10px;\"><\/div>\n<ul>\n<li><a href=\"https:\/\/www.worldofart.org\/arhiv.worldofart.org\/aktualno\/stirinajsti-letnik-20112013\/delavnice\/branislav-dimitrijevic\"><strong>Branislav Dimitrijevi\u0107: Interpretiranje in situiranje sodobne umetnosti: Opazovanje, participacija, motivacija, raziskovanje in empatija<\/strong><\/a><\/li>\n<\/ul>\n","protected":false},"excerpt":{"rendered":"<p>SVET UMETNOSTI \u0160ola za kustose in kritike sodobne umetnosti Leto 14 1. letnik (november 2011\u2013junij 2012) Delavnica podrobnega branja Petja Grafenauer: Kaj se skriva v besedilu? Cilj 9 urne delavnice kriti\u010dnega branja umetnostnih besedil je izbolj\u0161ati razumevanje teorije in kritike moderne in sodobne umetnosti, ki jo bodo udele\u017eenci lahko kasneje uporabili v svoji kriti\u0161ki, umetnostni [&hellip;]<\/p>\n","protected":false},"author":1,"featured_media":0,"parent":866,"menu_order":0,"comment_status":"closed","ping_status":"closed","template":"","meta":{"footnotes":""},"categories":[],"tags":[],"_links":{"self":[{"href":"https:\/\/www.worldofart.org\/arhiv.worldofart.org\/aktualno\/wp-json\/wp\/v2\/pages\/896"}],"collection":[{"href":"https:\/\/www.worldofart.org\/arhiv.worldofart.org\/aktualno\/wp-json\/wp\/v2\/pages"}],"about":[{"href":"https:\/\/www.worldofart.org\/arhiv.worldofart.org\/aktualno\/wp-json\/wp\/v2\/types\/page"}],"author":[{"embeddable":true,"href":"https:\/\/www.worldofart.org\/arhiv.worldofart.org\/aktualno\/wp-json\/wp\/v2\/users\/1"}],"replies":[{"embeddable":true,"href":"https:\/\/www.worldofart.org\/arhiv.worldofart.org\/aktualno\/wp-json\/wp\/v2\/comments?post=896"}],"version-history":[{"count":4,"href":"https:\/\/www.worldofart.org\/arhiv.worldofart.org\/aktualno\/wp-json\/wp\/v2\/pages\/896\/revisions"}],"predecessor-version":[{"id":9580,"href":"https:\/\/www.worldofart.org\/arhiv.worldofart.org\/aktualno\/wp-json\/wp\/v2\/pages\/896\/revisions\/9580"}],"up":[{"embeddable":true,"href":"https:\/\/www.worldofart.org\/arhiv.worldofart.org\/aktualno\/wp-json\/wp\/v2\/pages\/866"}],"wp:attachment":[{"href":"https:\/\/www.worldofart.org\/arhiv.worldofart.org\/aktualno\/wp-json\/wp\/v2\/media?parent=896"}],"wp:term":[{"taxonomy":"category","embeddable":true,"href":"https:\/\/www.worldofart.org\/arhiv.worldofart.org\/aktualno\/wp-json\/wp\/v2\/categories?post=896"},{"taxonomy":"post_tag","embeddable":true,"href":"https:\/\/www.worldofart.org\/arhiv.worldofart.org\/aktualno\/wp-json\/wp\/v2\/tags?post=896"}],"curies":[{"name":"wp","href":"https:\/\/api.w.org\/{rel}","templated":true}]}}