{"id":903,"date":"2011-09-04T23:44:02","date_gmt":"2011-09-04T21:44:02","guid":{"rendered":"http:\/\/www.worldofart.org\/aktualno\/?page_id=903"},"modified":"2018-06-18T18:38:23","modified_gmt":"2018-06-18T16:38:23","slug":"serija-predavanj","status":"publish","type":"page","link":"https:\/\/www.worldofart.org\/arhiv.worldofart.org\/aktualno\/stirinajsti-letnik-20112013\/serija-predavanj","title":{"rendered":"Serija predavanj"},"content":{"rendered":"<p>SVET UMETNOSTI<br \/>\n\u0160ola za kustose in kritike sodobne umetnosti<br \/>\nLeto 14<br \/>\n1. letnik (november 2011\u2013junij 2012)<\/p>\n<hr \/>\n<p><strong>Sa\u0161a Nabergoj in Rebeka Vidrih: Umetnost XX. stoletja. Poglavja.<\/strong><br \/>\nPregled umetni\u0161kih praks, gibanj in dru\u017ebeno politi\u010dnega konteksta ter klju\u010dnih premikov v razumevanju, tematiziranju, analizi in historizaciji likovne umetnosti v 20. stoletju.<\/p>\n<p><strong>Barbara Bor\u010di\u010d: Video kot orodje in izrazno sredstvo umetnikov. Izbrani primeri.<\/strong><br \/>\nO rabi videa kot izraznemu sredstvu. Tematski pregled video produkcije v slovenskem prostoru.<\/p>\n","protected":false},"excerpt":{"rendered":"<p>SVET UMETNOSTI \u0160ola za kustose in kritike sodobne umetnosti Leto 14 1. letnik (november 2011\u2013junij 2012) Sa\u0161a Nabergoj in Rebeka Vidrih: Umetnost XX. stoletja. Poglavja. Pregled umetni\u0161kih praks, gibanj in dru\u017ebeno politi\u010dnega konteksta ter klju\u010dnih premikov v razumevanju, tematiziranju, analizi in historizaciji likovne umetnosti v 20. stoletju. Barbara Bor\u010di\u010d: Video kot orodje in izrazno sredstvo [&hellip;]<\/p>\n","protected":false},"author":1,"featured_media":0,"parent":866,"menu_order":0,"comment_status":"closed","ping_status":"closed","template":"","meta":{"footnotes":""},"categories":[],"tags":[],"_links":{"self":[{"href":"https:\/\/www.worldofart.org\/arhiv.worldofart.org\/aktualno\/wp-json\/wp\/v2\/pages\/903"}],"collection":[{"href":"https:\/\/www.worldofart.org\/arhiv.worldofart.org\/aktualno\/wp-json\/wp\/v2\/pages"}],"about":[{"href":"https:\/\/www.worldofart.org\/arhiv.worldofart.org\/aktualno\/wp-json\/wp\/v2\/types\/page"}],"author":[{"embeddable":true,"href":"https:\/\/www.worldofart.org\/arhiv.worldofart.org\/aktualno\/wp-json\/wp\/v2\/users\/1"}],"replies":[{"embeddable":true,"href":"https:\/\/www.worldofart.org\/arhiv.worldofart.org\/aktualno\/wp-json\/wp\/v2\/comments?post=903"}],"version-history":[{"count":3,"href":"https:\/\/www.worldofart.org\/arhiv.worldofart.org\/aktualno\/wp-json\/wp\/v2\/pages\/903\/revisions"}],"predecessor-version":[{"id":9595,"href":"https:\/\/www.worldofart.org\/arhiv.worldofart.org\/aktualno\/wp-json\/wp\/v2\/pages\/903\/revisions\/9595"}],"up":[{"embeddable":true,"href":"https:\/\/www.worldofart.org\/arhiv.worldofart.org\/aktualno\/wp-json\/wp\/v2\/pages\/866"}],"wp:attachment":[{"href":"https:\/\/www.worldofart.org\/arhiv.worldofart.org\/aktualno\/wp-json\/wp\/v2\/media?parent=903"}],"wp:term":[{"taxonomy":"category","embeddable":true,"href":"https:\/\/www.worldofart.org\/arhiv.worldofart.org\/aktualno\/wp-json\/wp\/v2\/categories?post=903"},{"taxonomy":"post_tag","embeddable":true,"href":"https:\/\/www.worldofart.org\/arhiv.worldofart.org\/aktualno\/wp-json\/wp\/v2\/tags?post=903"}],"curies":[{"name":"wp","href":"https:\/\/api.w.org\/{rel}","templated":true}]}}