{"id":911,"date":"2011-09-04T23:47:43","date_gmt":"2011-09-04T21:47:43","guid":{"rendered":"http:\/\/www.worldofart.org\/aktualno\/?page_id=911"},"modified":"2018-06-18T18:37:19","modified_gmt":"2018-06-18T16:37:19","slug":"obiski-razstav","status":"publish","type":"page","link":"https:\/\/www.worldofart.org\/arhiv.worldofart.org\/aktualno\/stirinajsti-letnik-20112013\/obiski-razstav","title":{"rendered":"Obiski razstav"},"content":{"rendered":"<p>SVET UMETNOSTI<br \/>\n\u0160ola za kustose in kritike sodobne umetnosti<br \/>\nLeto 14<\/p>\n<hr \/>\n<p>Usmerjeno in poglobljeno obiskovanje razstav. Za vsako se bo v naprej pripravilo referen\u010dno gradivo; po razstavi bo vodil kustos, sodelovali bodo sodelujo\u010di umetniki.<\/p>\n<p class=\"leto\"><strong>2012<\/strong><\/p>\n<table width=\"100%\" border=\"0\" cellspacing=\"0\" cellpadding=\"0\">\n<tbody>\n<tr>\n<td class=\"mesec\" valign=\"top\" width=\"20%\">\u010detrtek,<br \/>\n19. 1. 2012<\/td>\n<td class=\"tdprogramsredina\" valign=\"top\" width=\"20%\">13.00-15.30<\/td>\n<td class=\"tdprogram\" valign=\"top\" width=\"60%\">Bojana Pi\u0161kur in Igor \u0160panjol: Ogled razstav <a href=\"http:\/\/www.mg-lj.si\/node\/798\" target=\"_blank\"><em>Muzej artefaktov. V sklopu internacionale*<\/em><\/a> in <a href=\"http:\/\/www.mg-lj.si\/node\/805\" target=\"_blank\"><em>Sedanjost in prisotnost<\/em><\/a>, Muzej sodobne umetnosti, MSUM<\/td>\n<\/tr>\n<tr>\n<td class=\"mesec\" rowspan=\"3\" valign=\"top\" width=\"20%\">sreda,<br \/>\n14. 3. 2012<\/td>\n<td class=\"tdprogramsredina\" valign=\"top\" width=\"20%\">14.30\u201316.30<\/td>\n<td class=\"tdprogram\" valign=\"top\" width=\"60%\">Igor \u0160panjol: ogled stalne zbirke <a href=\"http:\/\/www.mg-lj.si\/node\/805\" target=\"_blank\"><em>Sedanjost in prisotnost<\/em><\/a>, Muzej sodobne umetnosti (MSUM)<\/td>\n<\/tr>\n<tr>\n<td class=\"tdprogramsredina\" valign=\"top\" width=\"20%\">16. 45\u201318.00<\/td>\n<td class=\"tdprogram\" valign=\"top\" width=\"60%\">Sebastian Krawczyk: predstavitev Metelkove, <a href=\"http:\/\/www.galerijalkatraz.org\/\" target=\"_blank\">Galerije Alkatraz<\/a>, Danijela Zajc: ogled razstave <a href=\"http:\/\/bringintakeout.wordpress.com\/\" target=\"_blank\"><em>Bring In Take Out Living Archive: LA EXHIBITION<\/em><\/a><\/td>\n<\/tr>\n<tr>\n<td class=\"tdprogramsredina\" valign=\"top\" width=\"20%\">20.00<\/td>\n<td class=\"tdprogram\" valign=\"top\" width=\"60%\">Primo\u017e Nemec: predstavitev delovanja galerije <a href=\"http:\/\/www.ganes-pratt.si\/Ganes_Pratt_Mala_galerija.html\" target=\"_blank\">Granes Pratt, Mala galerija<\/a> in Petja Grafenauer: vodstvo po razstavi <a href=\"http:\/\/www.belisladoled.org\/\" target=\"_blank\">Beli sladoled: <em>Prva resna razstava<\/em><\/a><\/td>\n<\/tr>\n<tr>\n<td class=\"mesec\" rowspan=\"3\" valign=\"top\" width=\"20%\">\u010detrtek,<br \/>\n15. 3. 2012<\/td>\n<td class=\"tdprogramsredina\" valign=\"top\" width=\"20%\">10.00\u201312.00<\/td>\n<td class=\"tdprogram\" valign=\"top\" width=\"60%\">Jurij Krpan: predstavitev delovanja <a href=\"http:\/\/www.kapelica.org\/\" target=\"_blank\">Galerije Kapelica<\/a>, Petra Mili\u010d: ogled razstave <a href=\"http:\/\/www.kapelica.org\/#event=836\" target=\"_blank\">Emanuel Andel &amp; Christian G\u00fctzer \/ 5VOLTCORE: <em>Saving Myself<\/em><\/a> v Galeriji Metropolis<\/td>\n<\/tr>\n<tr>\n<td class=\"tdprogramsredina\" valign=\"top\" width=\"20%\">12.30\u201314.30<\/td>\n<td class=\"tdprogram\" valign=\"top\" width=\"60%\">Marko Jenko: ogled stalne zbirke <a href=\"http:\/\/www.mg-lj.si\/node\/790\" target=\"_blank\"><em>20. stoletje \/ Kontinuitete in prelomi<\/em><\/a> in Martina Vovk: ogled razstave Metka Kra\u0161ovec: <a href=\"http:\/\/www.mg-lj.si\/node\/819\" target=\"_blank\"><em>Pregledna razstava<\/em><\/a><\/td>\n<\/tr>\n<tr>\n<td class=\"tdprogramsredina\" valign=\"top\" width=\"20%\">17.00<\/td>\n<td class=\"tdprogram\" valign=\"top\" width=\"60%\">Nevenka \u0160ivavec: predstavitev <a href=\"http:\/\/www.mglc-lj.si\/\" target=\"_blank\">Mednarodnega grafi\u010dnega likovnega centra (MGLC)<\/a> in ogled razstave: <em>AboT \u2013 Turneja knjig umetnika, umetni\u0161ki nate\u010daj in potujo\u010di muzej<\/em><\/td>\n<\/tr>\n<tr>\n<td class=\"mesec\" rowspan=\"5\" valign=\"top\" width=\"20%\">petek,<br \/>\n16. 3. 2012<\/td>\n<td class=\"tdprogramsredina\" valign=\"top\" width=\"20%\">10.00\u201312.00<\/td>\n<td class=\"tdprogram\" valign=\"top\" width=\"60%\">Alenka Gregori\u010d: predstavitev delovanja <a href=\"http:\/\/www.mgml.si\/mestna-galerija-ljubljana\/\" target=\"_blank\">Mestne galerije<\/a> in Mateja Podlesnik: ogled razstave Sandi \u010cervek: <a href=\"http:\/\/www.mgml.si\/mestna-galerija-ljubljana\/aktualna-razstava\/sandi-cervek-slike-in-risbe-1985-2011\/\" target=\"_blank\"><em>Slike in risbe 1985\u20132011<\/em><\/a><\/td>\n<\/tr>\n<tr>\n<td class=\"tdprogramsredina\" valign=\"top\" width=\"20%\">12.15\u201314.00<\/td>\n<td class=\"tdprogram\" valign=\"top\" width=\"60%\">Vladimir Vidmar: predstavitev delovanja <a href=\"http:\/\/www.galerija.skuc-drustvo.si\/\" target=\"_blank\">Galerije \u0160KUC<\/a> in ogled razstave <em>Onkraj zasedenih podob<\/em><\/td>\n<\/tr>\n<tr>\n<td class=\"tdprogramsredina\" valign=\"top\" width=\"20%\">16.00-17.30<\/td>\n<td class=\"tdprogram\" valign=\"top\" width=\"60%\">Janez Jan\u0161a: predstavitev delovanja <a href=\"http:\/\/www.aksioma.org\/\" target=\"_blank\">Aksiome<\/a> in ogled razstave Igor \u0160tromajer: <a href=\"http:\/\/www.aksioma.org\/make_love_not_art\/index.html\" target=\"_blank\"><em>Make Love, Not Art<\/em><\/a><\/td>\n<\/tr>\n<tr>\n<td class=\"tdprogramsredina\" valign=\"top\" width=\"20%\">18.30-20.00<\/td>\n<td class=\"tdprogram\" valign=\"top\" width=\"60%\">Miha Colner: predstavitev delovanja <a href=\"http:\/\/www.photon.si\/si\/\" target=\"_blank\">Galerije Photon<\/a> in ogled razstave Matija Brumen: <a href=\"http:\/\/www.photon.si\/si\/razstave.asp?SiteID=124&amp;GID=575\" target=\"_blank\"><em>Vsakdanji prostori \u2013 nenavadni pogledi<\/em><\/a><\/td>\n<\/tr>\n<tr>\n<td class=\"tdprogramsredina\" valign=\"top\" width=\"20%\">20.00<\/td>\n<td class=\"tdprogram\" valign=\"top\" width=\"60%\">Tadej Poga\u010dar: predstavitev <a href=\"http:\/\/www.zavod-parasite.si\/slo\/\" target=\"_blank\">Centra in galerije P74<\/a> in Yasmin Martin Vodopivec: ogled razstave Mihael Giba: <a href=\"http:\/\/www.zavod-parasite.si\/slo\/archives\/898\" target=\"_blank\"><em>Trust me I trust you<\/em><\/a><\/td>\n<\/tr>\n<tr>\n<td class=\"mesec\" valign=\"top\" width=\"20%\">\u010detrtek,<br \/>\n5. 4. 2012<\/td>\n<td class=\"tdprogramsredina\" valign=\"top\" width=\"20%\">20.00<\/td>\n<td class=\"tdprogram\" valign=\"top\" width=\"60%\">Sre\u010danje z umetnikom in ogled razstave Toma\u017ea Furlana: <a href=\"http:\/\/www.galerijalkatraz.org\/?p=5091\" target=\"_blank\"><em>Wear XIII<\/em><\/a>, Galerija Alkatraz<\/td>\n<\/tr>\n<tr>\n<td class=\"mesec\" valign=\"top\" width=\"20%\">\u010detrtek,<br \/>\n12. 4. 2012<\/td>\n<td class=\"tdprogramsredina\" valign=\"top\" width=\"20%\">14.30<\/td>\n<td class=\"tdprogram\" valign=\"top\" width=\"60%\">Ogled razstave z Ido Hir\u0161enfelder: <a href=\"http:\/\/wiki.ljudmila.org\/Za_%C5%BEivce_v_realnem_%C4%8Dasu\" target=\"_blank\"><em>Za \u017eiv(al)ce v realnem \u010dasu<\/em><\/a>, Galerija \u0160kuc<\/td>\n<\/tr>\n<tr>\n<td class=\"mesec\" valign=\"top\" width=\"20%\">torek,<br \/>\n8. 5. 2012<\/td>\n<td class=\"tdprogramsredina\" valign=\"top\" width=\"20%\">19.00<\/td>\n<td class=\"tdprogram\" valign=\"top\" width=\"60%\">Ogled razstave <a href=\"http:\/\/www.galerijalkatraz.org\/?p=5224\" target=\"_blank\">Alenke Sottler: <em>Dober dan<\/em><\/a>, galerija Alkatraz.<br \/>\nPo razstavi bo vodila avtorica.<\/td>\n<\/tr>\n<tr>\n<td class=\"mesec\" valign=\"top\" width=\"20%\">\u010detrtek,<br \/>\n24. 5. 2012<\/td>\n<td class=\"tdprogramsredina\" valign=\"top\" width=\"20%\">14.00-15.30<\/td>\n<td class=\"tdprogram\" valign=\"top\" width=\"60%\">Ogled razstave <a href=\"http:\/\/www.mglc-lj.si\/slo\/index-razstave.htm\"><em>Odtisi in vtisi<\/em><\/a>, MGLC. Po razstavi bo vodila Breda \u0160krjanec.<\/td>\n<\/tr>\n<tr>\n<td class=\"mesec\" valign=\"top\" width=\"20%\">\u010detrtek,<br \/>\n28. 9. 2012<\/td>\n<td class=\"tdprogramsredina\" valign=\"top\" width=\"20%\">16.00-19.30<\/td>\n<td class=\"tdprogram\" valign=\"top\" width=\"60%\">Ogled razstave Tanja Ostoji\u0107: <em>Telo, politika, agens \u2026<\/em>, Galerija \u0160kuc. Po razstavi bo vodil Tev\u017e Logar.<\/td>\n<\/tr>\n<tr>\n<td class=\"mesec\" valign=\"top\" width=\"20%\">\u010detrtek,<br \/>\n4. 10. 2012<\/td>\n<td class=\"tdprogramsredina\" valign=\"top\" width=\"20%\">14.00<\/td>\n<td class=\"tdprogram\" valign=\"top\" width=\"60%\">Vodstvo Nevenke \u0160ivavec po razstavi <a href=\"http:\/\/www.mglc-lj.si\/arhiv_razstav\/arhiv_razstav\" target=\"_blank\"><em>Sistemi in ornamenti<\/em><\/a>, MGLC, Ljubljana<\/td>\n<\/tr>\n<tr>\n<td class=\"mesec\" valign=\"top\" width=\"20%\">\u010detrtek,<br \/>\n18. 10. 2012<\/td>\n<td class=\"tdprogramsredina\" valign=\"top\" width=\"20%\">14.00-15.30<\/td>\n<td class=\"tdprogram\" valign=\"top\" width=\"60%\">Vodstvo Igorja \u0160panjola po razstavi <a href=\"http:\/\/www.mg-lj.si\/node\/872\" target=\"_blank\">Marko Poga\u010dnik. <em>Umetnost \u017eivljenja \u2013 \u017eivljenje umetnosti<\/em><\/a><\/td>\n<\/tr>\n<tr>\n<td class=\"mesec\" valign=\"top\" width=\"20%\">\u010detrtek,<br \/>\n15. 11. 2012<\/td>\n<td class=\"tdprogramsredina\" valign=\"top\" width=\"20%\">14.00-15.30<\/td>\n<td class=\"tdprogram\" valign=\"top\" width=\"60%\">Sarival Sosi\u010d: vodstvo po razstavi Milana Eri\u010da: <a href=\"http:\/\/www.mgml.si\/mestna-galerija-ljubljana\/arhiv-razstav\/milan-eric-br-nepregledna-razstava\/\" target=\"_blank\"><em>Nepregledna razstava<\/em><\/a>, MGML<\/td>\n<\/tr>\n<\/tbody>\n<\/table>\n<p class=\"leto\"><strong>2013<\/strong><\/p>\n<table width=\"100%\" border=\"0\" cellspacing=\"0\" cellpadding=\"0\">\n<tbody>\n<tr>\n<td class=\"mesec\" rowspan=\"4\" valign=\"top\" width=\"20%\">petek,<br \/>\n5. 4. 2013<\/td>\n<td class=\"tdprogramsredina\" valign=\"top\" width=\"20%\">10.00\u201311.30<\/td>\n<td class=\"tdprogram\" valign=\"top\" width=\"60%\">Marko Jenko: <em>Marko \u0160u\u0161tar\u0161i\u010d (1927\u20131976): Retrospektiva<\/em> in <em>20. stoletje. Kontinuitete in prelomi<\/em>, Moderna galerija, vodstvo po razstavah.<\/td>\n<\/tr>\n<tr>\n<td class=\"tdprogramsredina\" valign=\"top\" width=\"20%\">11.45\u201313.15<\/td>\n<td class=\"tdprogram\" valign=\"top\" width=\"60%\">Bo\u017eidar Zrinski: predstavitev Mednarodnega grafi\u010dnega likovnega centra in Collin Farows: <em>Razrezano, vrinjeno, izrezano. Umetnost Williama S. Burroughsa<\/em>, MGLC, vodstvo po razstavi.<\/td>\n<\/tr>\n<tr>\n<td class=\"tdprogramsredina\" valign=\"top\" width=\"20%\">14.30\u201316.00<\/td>\n<td class=\"tdprogram\" valign=\"top\" width=\"60%\">Alenka Gregori\u010d: predstavitev Mestne galerije, Ljubljana in vodeni ogled: Mateja Podlesnik: <em>Razstava. 50 let Mestne galerije v Ljubljani<\/em>, pregledna zgodovinska razstava.<\/td>\n<\/tr>\n<tr>\n<td class=\"tdprogramsredina\" valign=\"top\" width=\"20%\">16.15\u201318.00<\/td>\n<td class=\"tdprogram\" valign=\"top\" width=\"60%\">Bojana Pi\u0161kur: predstavitev Muzeja sodobne umetnosti Metelkova in vodstvo po razstavi: <em>Sedanjost in prisotnost.<\/em><\/td>\n<\/tr>\n<tr>\n<td class=\"mesec\" rowspan=\"3\" valign=\"top\" width=\"20%\">sobota,<br \/>\n6. 4. 2013<\/td>\n<td class=\"tdprogramsredina\" valign=\"top\" width=\"20%\">11.00\u201311.45<\/td>\n<td class=\"tdprogram\" valign=\"top\" width=\"60%\">Janez Jan\u0161a: predstavitev delovanja Aksiome in vodstvo po razstavi: <em>Ivan Roth: Flight More<\/em>.<\/td>\n<\/tr>\n<tr>\n<td class=\"tdprogramsredina\" valign=\"top\" width=\"20%\">12.15\u201313.00<\/td>\n<td class=\"tdprogram\" valign=\"top\" width=\"60%\">Galerija Kapelica, ogled razstave: Koen Vanmechelen: <em>Mechelse Syrian \u2013 17th generation \u2013 Cosmopolitan Chicken Project.<\/em><\/td>\n<\/tr>\n<tr>\n<td class=\"tdprogramsredina\" valign=\"top\" width=\"20%\">15.30\u201316.00<\/td>\n<td class=\"tdprogram\" valign=\"top\" width=\"60%\">Galerija V\u017eigalica, ogled razstave: Lela B. Njatin: <em>Nisem hotel videti, a uvidel sem.<\/em><\/td>\n<\/tr>\n<\/tbody>\n<\/table>\n","protected":false},"excerpt":{"rendered":"<p>SVET UMETNOSTI \u0160ola za kustose in kritike sodobne umetnosti Leto 14 Usmerjeno in poglobljeno obiskovanje razstav. Za vsako se bo v naprej pripravilo referen\u010dno gradivo; po razstavi bo vodil kustos, sodelovali bodo sodelujo\u010di umetniki. 2012 \u010detrtek, 19. 1. 2012 13.00-15.30 Bojana Pi\u0161kur in Igor \u0160panjol: Ogled razstav Muzej artefaktov. V sklopu internacionale* in Sedanjost in [&hellip;]<\/p>\n","protected":false},"author":1,"featured_media":0,"parent":866,"menu_order":0,"comment_status":"closed","ping_status":"closed","template":"","meta":{"footnotes":""},"categories":[],"tags":[],"_links":{"self":[{"href":"https:\/\/www.worldofart.org\/arhiv.worldofart.org\/aktualno\/wp-json\/wp\/v2\/pages\/911"}],"collection":[{"href":"https:\/\/www.worldofart.org\/arhiv.worldofart.org\/aktualno\/wp-json\/wp\/v2\/pages"}],"about":[{"href":"https:\/\/www.worldofart.org\/arhiv.worldofart.org\/aktualno\/wp-json\/wp\/v2\/types\/page"}],"author":[{"embeddable":true,"href":"https:\/\/www.worldofart.org\/arhiv.worldofart.org\/aktualno\/wp-json\/wp\/v2\/users\/1"}],"replies":[{"embeddable":true,"href":"https:\/\/www.worldofart.org\/arhiv.worldofart.org\/aktualno\/wp-json\/wp\/v2\/comments?post=911"}],"version-history":[{"count":31,"href":"https:\/\/www.worldofart.org\/arhiv.worldofart.org\/aktualno\/wp-json\/wp\/v2\/pages\/911\/revisions"}],"predecessor-version":[{"id":5847,"href":"https:\/\/www.worldofart.org\/arhiv.worldofart.org\/aktualno\/wp-json\/wp\/v2\/pages\/911\/revisions\/5847"}],"up":[{"embeddable":true,"href":"https:\/\/www.worldofart.org\/arhiv.worldofart.org\/aktualno\/wp-json\/wp\/v2\/pages\/866"}],"wp:attachment":[{"href":"https:\/\/www.worldofart.org\/arhiv.worldofart.org\/aktualno\/wp-json\/wp\/v2\/media?parent=911"}],"wp:term":[{"taxonomy":"category","embeddable":true,"href":"https:\/\/www.worldofart.org\/arhiv.worldofart.org\/aktualno\/wp-json\/wp\/v2\/categories?post=911"},{"taxonomy":"post_tag","embeddable":true,"href":"https:\/\/www.worldofart.org\/arhiv.worldofart.org\/aktualno\/wp-json\/wp\/v2\/tags?post=911"}],"curies":[{"name":"wp","href":"https:\/\/api.w.org\/{rel}","templated":true}]}}