{"id":9158,"date":"2016-11-10T19:51:33","date_gmt":"2016-11-10T17:51:33","guid":{"rendered":"http:\/\/www.worldofart.org\/aktualno\/?page_id=9158"},"modified":"2018-08-16T16:41:30","modified_gmt":"2018-08-16T14:41:30","slug":"praksa","status":"publish","type":"page","link":"https:\/\/www.worldofart.org\/arhiv.worldofart.org\/aktualno\/sestnajsto-leto-2017-2018\/praksa","title":{"rendered":"Delo v praksi"},"content":{"rendered":"<p>Svet umetnosti | \u0160ola za kuratorske prakse in kriti\u0161ko pisanje | Leto 16<\/p>\n<hr \/>\n<p>V praksi so se udele\u017eenke in udele\u017eenec lahko preizkusili pri snovanju in izvedbi dveh razstav: razstave <a href=\"http:\/\/www.scca-ljubljana.si\/news_17_09.htm\"><strong><em>Neki pi\u0161e<\/em><\/strong><\/a> (2. 3.\u20132. 4. 2017, Vodnikova doma\u010dija) in razstave <a href=\"https:\/\/www.worldofart.org\/arhiv.worldofart.org\/aktualno\/sestnajsto-leto-2017-2018\/re-razstava\"><strong><em>re-<\/em><\/strong><\/a> ob dvajseti obletnici \u0161ole Svet umetnosti (9.\u201326. 5. 2017, Galerija \u0160kuc). Poseben prakti\u010dni vpogled v kuratorsko delo so pridobili v okviru sre\u010danj <em>Kuratorska raziskava<\/em> z <strong>Vladimirjem Vidmarjem<\/strong>, kjer so pripravili virtualni razstavni projekt.<\/p>\n<p>Pridobivanju izku\u0161enj v praksi je namenjen predvsem 2. letnik \u0161ole, ko bodo udele\u017eenci in udele\u017eenke pod mentorskim vodstvom <strong>Alenke Gregori\u010d<\/strong> in<strong> Mirana Moharja<\/strong> pripravili in izvedli svojo kon\u010dno razstavo v Galeriji \u0160kuc ter njene spremljevalne dogodke.<\/p>\n<hr \/>\n<p>1. LETNIK<\/p>\n<ul>\n<li><a href=\"https:\/\/www.worldofart.org\/arhiv.worldofart.org\/aktualno\/sestnajsto-leto-2017-2018\/praksa\/vladimir-vidmar-kuratorska-raziskava\">Vladimir Vidmar: Kuratorska raziskava<\/a><\/li>\n<li><a href=\"https:\/\/www.worldofart.org\/arhiv.worldofart.org\/aktualno\/sestnajsto-leto-2017-2018\/praksa\/pomoc-pri-pripravi-razstav-sodobne-umetnosti\">Pomo\u010d pri pripravi razstav sodobne umetnosti<\/a><\/li>\n<li><a href=\"https:\/\/www.worldofart.org\/arhiv.worldofart.org\/aktualno\/sestnajsto-leto-2017-2018\/praksa\/miha-kelemina-lara-plavcak-obiski-ateljejev-in-drugih-prostorov-ustvarjanja\">Obiski ateljejev in drugih prostorov ustvarjanja<\/a><\/li>\n<li><a href=\"https:\/\/www.worldofart.org\/arhiv.worldofart.org\/aktualno\/sestnajsto-leto-2017-2018\/praksa\/miha-kelemina-lara-plavcak-kuratorsko-mapiranje\">Kuratorsko mapiranje<\/a><\/li>\n<li><a href=\"https:\/\/www.worldofart.org\/arhiv.worldofart.org\/aktualno\/sestnajsto-leto-2017-2018\/praksa\/virtualne-razstave\">Virtualne razstave<\/a><\/li>\n<\/ul>\n<p>2. LETNIK<\/p>\n<ul>\n<li><a href=\"https:\/\/www.worldofart.org\/arhiv.worldofart.org\/aktualno\/sestnajsto-leto-2017-2018\/praksa\/alenka-gregoric-miran-mohar-kuratorski-kolegij\">Alenka Gregori\u010d, Miran Mohar: Kuratorski kolegij<\/a><\/li>\n<li><a href=\"https:\/\/www.worldofart.org\/arhiv.worldofart.org\/aktualno\/sestnajsto-leto-2017-2018\/praksa\/moduli-o-prakticnem-delu-kuratorja-in-snovanju-razstave\">Moduli o prakti\u010dnem delu kuratorja in snovanju razstave<\/a><\/li>\n<li><a href=\"https:\/\/www.worldofart.org\/arhiv.worldofart.org\/aktualno\/sestnajsto-leto-2017-2018\/praksa\/koncna-razstava\">Kon\u010dna razstava<\/a><\/li>\n<\/ul>\n","protected":false},"excerpt":{"rendered":"<p>Svet umetnosti | \u0160ola za kuratorske prakse in kriti\u0161ko pisanje | Leto 16 V praksi so se udele\u017eenke in udele\u017eenec lahko preizkusili pri snovanju in izvedbi dveh razstav: razstave Neki pi\u0161e (2. 3.\u20132. 4. 2017, Vodnikova doma\u010dija) in razstave re- ob dvajseti obletnici \u0161ole Svet umetnosti (9.\u201326. 5. 2017, Galerija \u0160kuc). Poseben prakti\u010dni vpogled v [&hellip;]<\/p>\n","protected":false},"author":1,"featured_media":9635,"parent":9611,"menu_order":0,"comment_status":"closed","ping_status":"closed","template":"","meta":{"footnotes":""},"categories":[],"tags":[],"_links":{"self":[{"href":"https:\/\/www.worldofart.org\/arhiv.worldofart.org\/aktualno\/wp-json\/wp\/v2\/pages\/9158"}],"collection":[{"href":"https:\/\/www.worldofart.org\/arhiv.worldofart.org\/aktualno\/wp-json\/wp\/v2\/pages"}],"about":[{"href":"https:\/\/www.worldofart.org\/arhiv.worldofart.org\/aktualno\/wp-json\/wp\/v2\/types\/page"}],"author":[{"embeddable":true,"href":"https:\/\/www.worldofart.org\/arhiv.worldofart.org\/aktualno\/wp-json\/wp\/v2\/users\/1"}],"replies":[{"embeddable":true,"href":"https:\/\/www.worldofart.org\/arhiv.worldofart.org\/aktualno\/wp-json\/wp\/v2\/comments?post=9158"}],"version-history":[{"count":15,"href":"https:\/\/www.worldofart.org\/arhiv.worldofart.org\/aktualno\/wp-json\/wp\/v2\/pages\/9158\/revisions"}],"predecessor-version":[{"id":11947,"href":"https:\/\/www.worldofart.org\/arhiv.worldofart.org\/aktualno\/wp-json\/wp\/v2\/pages\/9158\/revisions\/11947"}],"up":[{"embeddable":true,"href":"https:\/\/www.worldofart.org\/arhiv.worldofart.org\/aktualno\/wp-json\/wp\/v2\/pages\/9611"}],"wp:featuredmedia":[{"embeddable":true,"href":"https:\/\/www.worldofart.org\/arhiv.worldofart.org\/aktualno\/wp-json\/wp\/v2\/media\/9635"}],"wp:attachment":[{"href":"https:\/\/www.worldofart.org\/arhiv.worldofart.org\/aktualno\/wp-json\/wp\/v2\/media?parent=9158"}],"wp:term":[{"taxonomy":"category","embeddable":true,"href":"https:\/\/www.worldofart.org\/arhiv.worldofart.org\/aktualno\/wp-json\/wp\/v2\/categories?post=9158"},{"taxonomy":"post_tag","embeddable":true,"href":"https:\/\/www.worldofart.org\/arhiv.worldofart.org\/aktualno\/wp-json\/wp\/v2\/tags?post=9158"}],"curies":[{"name":"wp","href":"https:\/\/api.w.org\/{rel}","templated":true}]}}