{"id":9160,"date":"2016-11-10T19:51:47","date_gmt":"2016-11-10T17:51:47","guid":{"rendered":"http:\/\/www.worldofart.org\/aktualno\/?page_id=9160"},"modified":"2018-08-16T16:41:07","modified_gmt":"2018-08-16T14:41:07","slug":"seminarji-in-moduli","status":"publish","type":"page","link":"https:\/\/www.worldofart.org\/arhiv.worldofart.org\/aktualno\/sestnajsto-leto-2017-2018\/seminarji-in-moduli","title":{"rendered":"Seminarji in moduli"},"content":{"rendered":"<p>Svet umetnosti | \u0160ola za kuratorske prakse in kriti\u0161ko pisanje | Leto 16<\/p>\n<hr \/>\n<p>Seminarji in delavnica v prvem letniku pri Andreju Pezlju, Petji Grafenauer, Kaji Kraner, Izidorju Bar\u0161iju in Barbari Bor\u010di\u0107 so bili posve\u010deni kriti\u0161kemu pisanju, analizi razstav in spoznavanju s teorijo. V sklopu modulov so se udele\u017eenke in udele\u017eenec na obisku pri Jani Ferjan in Teji Merhar v MSUM spoznali z zbiranjem dokumentacije, Ines Ke\u017eman z Zavoda Motovila ter Du\u0161an Dov\u010d pa sta jim predstavila razpise financiranja kulturnih projektov iz lokalnih, nacionalnih in evropskih virov. Drugi letnik (september 2017\u2013junij 2018) je bil posve\u010den kuratorskim in kriti\u0161kim \u0161tudijam, moduli pa so bili osredinjeni okrog prakti\u010dnega dela pri snovanju razstave sodobne umetnosti.<\/p>\n<p>SEMINARJI:<\/p>\n<ul>\n<li><a href=\"https:\/\/www.worldofart.org\/arhiv.worldofart.org\/aktualno\/sestnajsto-leto-2017-2018\/seminarji-in-moduli\/andrej-pezelj-umetnost-in-fikcije-subverzivnosti\">Andrej Pezelj: Umetnost in fikcije subverzivnosti<\/a><\/li>\n<li><a href=\"https:\/\/www.worldofart.org\/arhiv.worldofart.org\/aktualno\/sestnajsto-leto-2017-2018\/seminarji-in-moduli\/petja-grafenauer-delavnica-podrobnega-branja\">Petja Grafenauer: Delavnica podrobnega branja<\/a><\/li>\n<li><a href=\"https:\/\/www.worldofart.org\/arhiv.worldofart.org\/aktualno\/sestnajsto-leto-2017-2018\/seminarji-in-moduli\/miha-kelemina-seminar-kritika\">Miha Kelemina: Seminar Kritika<\/a><\/li>\n<li><a href=\"https:\/\/www.worldofart.org\/arhiv.worldofart.org\/aktualno\/sestnajsto-leto-2017-2018\/seminarji-in-moduli\/barbara-borcic-seminar-analiza-umetniskega-dela\">Barbara Bor\u010di\u0107: Seminar Analiza umetni\u0161kega dela<\/a><\/li>\n<li><a href=\"https:\/\/www.worldofart.org\/arhiv.worldofart.org\/aktualno\/sestnajsto-leto-2017-2018\/seminarji-in-moduli\/sum\">Raziskovalni kolektiv \u0160UM: Kaja Kraner, Izidor Bar\u0161i: Alternativno organiziranje in strategije pre\u017eivetja v sodobni umetnosti<\/a><\/li>\n<\/ul>\n<hr \/>\n<p>MODULI, 1. LETNIK:<\/p>\n<ul>\n<li><a href=\"https:\/\/www.worldofart.org\/arhiv.worldofart.org\/aktualno\/sestnajsto-leto-2017-2018\/seminarji-in-moduli\/jana-ferjan-in-teja-merhar-dokumentacija\">Jana Ferjan in Teja Merhar: Dokumentacija<\/a><\/li>\n<li><a href=\"https:\/\/www.worldofart.org\/arhiv.worldofart.org\/aktualno\/sestnajsto-leto-2017-2018\/seminarji-in-moduli\/dusan-dovc-zemljevid-razpisov-in-pozivov\">Du\u0161an Dov\u010d: Zemljevid razpisov in pozivov<\/a><\/li>\n<li><a href=\"https:\/\/www.worldofart.org\/arhiv.worldofart.org\/aktualno\/sestnajsto-leto-2017-2018\/seminarji-in-moduli\/ines-kezman-svet-umetnosti-v-svetu-programov-eu\">Ines Ke\u017eman, Zavod Motovila: Svet umetnosti v svetu programov EU (od evropske kulturne politike financiranja do razpisnih dokumentacij)<\/a><\/li>\n<\/ul>\n<p>MODULI, 2. LETNIK:<\/p>\n<ul>\n<li><a href=\"https:\/\/www.worldofart.org\/arhiv.worldofart.org\/aktualno\/sestnajsto-leto-2017-2018\/seminarji-in-moduli\/dusan-dovc-producent-v-sodobni-likovni-umetnosti\">Du\u0161an Dov\u010d: Producent v sodobni vizualni umetnosti<\/a><\/li>\n<li><a href=\"https:\/\/www.worldofart.org\/arhiv.worldofart.org\/aktualno\/sestnajsto-leto-2017-2018\/seminarji-in-moduli\/polona-lovsin-upravljanje-sponzorskih-sredstev\">Polona Lov\u0161in: Prilo\u017enost za sodelovanje z gospodarstvom<\/a><\/li>\n<li><a href=\"https:\/\/www.worldofart.org\/arhiv.worldofart.org\/aktualno\/uros-bonsek\">Uro\u0161 Bon\u0161ek: Odnosi z javnostmi za razstavo sodobne umetnosti<\/a><\/li>\n<li><a href=\"https:\/\/www.worldofart.org\/arhiv.worldofart.org\/aktualno\/sestnajsto-leto-2017-2018\/seminarji-in-moduli\/dusan-dovc-priprava-financnega-nacrta-za-razstavo-sodobne-umetnosti\">Du\u0161an Dov\u010d: Priprava finan\u010dnega na\u010drta za razstavo sodobne umetnosti<\/a><\/li>\n<li><a href=\"https:\/\/www.worldofart.org\/arhiv.worldofart.org\/aktualno\/sestnajsto-leto-2017-2018\/seminarji-in-moduli\/luka-hribar-multimedija-na-razstavnem-projektu\">Luka Hribar: Multimedija na razstavnem projektu<\/a><\/li>\n<li><a href=\"https:\/\/www.worldofart.org\/arhiv.worldofart.org\/aktualno\/sestnajsto-leto-2017-2018\/seminarji-in-moduli\/miha-kelemina-priprava-tehnicnega-nacrta-za-razstavo-sodobne-umetnosti\">Miha Kelemina: Priprava tehni\u010dnega na\u010drta za razstavo sodobne umetnosti<\/a><\/li>\n<li><a href=\"https:\/\/www.worldofart.org\/arhiv.worldofart.org\/aktualno\/lara-plavcak-optimizacija-besedila\" rel=\"noopener\">Lara Plav\u010dak: Optimizacija besedila<\/a><\/li>\n<li><a href=\"https:\/\/www.worldofart.org\/arhiv.worldofart.org\/aktualno\/vesna-bukovec-oblikovanje-razstave\">Vesna Bukovec: Oblikovanje razstave<\/a><\/li>\n<li><a href=\"https:\/\/www.worldofart.org\/arhiv.worldofart.org\/aktualno\/sestnajsto-leto-2017-2018\/seminarji-in-moduli\/barbara-borcic-katalog-pogled-urednika\">Barbara Bor\u010di\u0107: Katalog. Pogled urednika<\/a><\/li>\n<\/ul>\n","protected":false},"excerpt":{"rendered":"<p>Svet umetnosti | \u0160ola za kuratorske prakse in kriti\u0161ko pisanje | Leto 16 Seminarji in delavnica v prvem letniku pri Andreju Pezlju, Petji Grafenauer, Kaji Kraner, Izidorju Bar\u0161iju in Barbari Bor\u010di\u0107 so bili posve\u010deni kriti\u0161kemu pisanju, analizi razstav in spoznavanju s teorijo. V sklopu modulov so se udele\u017eenke in udele\u017eenec na obisku pri Jani Ferjan [&hellip;]<\/p>\n","protected":false},"author":1,"featured_media":9798,"parent":9611,"menu_order":0,"comment_status":"closed","ping_status":"closed","template":"","meta":{"footnotes":""},"categories":[],"tags":[],"_links":{"self":[{"href":"https:\/\/www.worldofart.org\/arhiv.worldofart.org\/aktualno\/wp-json\/wp\/v2\/pages\/9160"}],"collection":[{"href":"https:\/\/www.worldofart.org\/arhiv.worldofart.org\/aktualno\/wp-json\/wp\/v2\/pages"}],"about":[{"href":"https:\/\/www.worldofart.org\/arhiv.worldofart.org\/aktualno\/wp-json\/wp\/v2\/types\/page"}],"author":[{"embeddable":true,"href":"https:\/\/www.worldofart.org\/arhiv.worldofart.org\/aktualno\/wp-json\/wp\/v2\/users\/1"}],"replies":[{"embeddable":true,"href":"https:\/\/www.worldofart.org\/arhiv.worldofart.org\/aktualno\/wp-json\/wp\/v2\/comments?post=9160"}],"version-history":[{"count":28,"href":"https:\/\/www.worldofart.org\/arhiv.worldofart.org\/aktualno\/wp-json\/wp\/v2\/pages\/9160\/revisions"}],"predecessor-version":[{"id":13167,"href":"https:\/\/www.worldofart.org\/arhiv.worldofart.org\/aktualno\/wp-json\/wp\/v2\/pages\/9160\/revisions\/13167"}],"up":[{"embeddable":true,"href":"https:\/\/www.worldofart.org\/arhiv.worldofart.org\/aktualno\/wp-json\/wp\/v2\/pages\/9611"}],"wp:featuredmedia":[{"embeddable":true,"href":"https:\/\/www.worldofart.org\/arhiv.worldofart.org\/aktualno\/wp-json\/wp\/v2\/media\/9798"}],"wp:attachment":[{"href":"https:\/\/www.worldofart.org\/arhiv.worldofart.org\/aktualno\/wp-json\/wp\/v2\/media?parent=9160"}],"wp:term":[{"taxonomy":"category","embeddable":true,"href":"https:\/\/www.worldofart.org\/arhiv.worldofart.org\/aktualno\/wp-json\/wp\/v2\/categories?post=9160"},{"taxonomy":"post_tag","embeddable":true,"href":"https:\/\/www.worldofart.org\/arhiv.worldofart.org\/aktualno\/wp-json\/wp\/v2\/tags?post=9160"}],"curies":[{"name":"wp","href":"https:\/\/api.w.org\/{rel}","templated":true}]}}