{"id":9162,"date":"2016-11-10T19:52:06","date_gmt":"2016-11-10T17:52:06","guid":{"rendered":"http:\/\/www.worldofart.org\/aktualno\/?page_id=9162"},"modified":"2018-08-16T16:39:12","modified_gmt":"2018-08-16T14:39:12","slug":"predavanja","status":"publish","type":"page","link":"https:\/\/www.worldofart.org\/arhiv.worldofart.org\/aktualno\/sestnajsto-leto-2017-2018\/predavanja","title":{"rendered":"Predavanja"},"content":{"rendered":"<p>Svet umetnosti | \u0160ola za kuratorske prakse in kriti\u0161ko pisanje | Leto 16<\/p>\n<hr \/>\n<p>Predavateljice v prvem letniku 16. leta \u0161ole so pokrivale teme umetnostnozgodovinskih, teoretskih in metodolo\u0161kih znanj, predavanja pa so bila osredinjena predvsem na spoznavanje z umetnostnim sistemom, kulturnimi politikami, zgodovino razstavljanja in zgodovino kuratorskih praks.<\/p>\n<p>&nbsp;<\/p>\n<ul>\n<li><a href=\"https:\/\/www.worldofart.org\/arhiv.worldofart.org\/aktualno\/leto-16-2017-2018\/predavanja\/alenka-pirman-umetnostni-sistem-vpogled\">Alenka Pirman: Umetnostni sistem. Vpogled<\/a><\/li>\n<li><a href=\"https:\/\/www.worldofart.org\/arhiv.worldofart.org\/aktualno\/leto-16-2017-2018\/predavanja\/rebeka-vidrih-vzpostavitev-umetnostnozgodovinskega-narativa\">Rebeka Vidrih: Vzpostavitev modernisti\u010dnega umetnostnozgodovinskega narativa in zgodovinske avantgarde<\/a><\/li>\n<li><a href=\"https:\/\/www.worldofart.org\/arhiv.worldofart.org\/aktualno\/sestnajsto-leto-2017-2018\/predavanja\/vesna-copic-kulturna-politika-in-status-umetnika\">Vesna \u010copi\u010d: Kulturna politika in status umetnika<\/a><\/li>\n<li><a href=\"https:\/\/www.worldofart.org\/arhiv.worldofart.org\/aktualno\/leto-16-2017-2018\/predavanja\/asta-vrecko-umetnostni-sistem-na-slovenskem\">Asta Vre\u010dko: Umetnostni sistem na Slovenskem \u2013 sprehod skozi 20. stoletje<\/a><\/li>\n<li><a href=\"https:\/\/www.worldofart.org\/arhiv.worldofart.org\/aktualno\/leto-16-2017-2018\/predavanja\/sasa-nabergoj-kuratorske-prakse-kratek-zgodovinski-pregled\">Sa\u0161a Nabergoj: Kuratorske prakse. Kratek zgodovinski pregled<\/a><\/li>\n<li><a href=\"https:\/\/www.worldofart.org\/arhiv.worldofart.org\/aktualno\/leto-16-2017-2018\/predavanja\/simona-zvanut-muzej-sodobne-umetnosti\">Simona \u017dvanut: Muzej sodobne umetnosti: Institucija in arhitektura<\/a><\/li>\n<li><a href=\"https:\/\/www.worldofart.org\/arhiv.worldofart.org\/aktualno\/leto-16-2017-2018\/predavanja\/barbara-borcic-umetnostni-diskurzi\">Barbara Bor\u010di\u0107: Umetnostni diskurzi<\/a><\/li>\n<\/ul>\n","protected":false},"excerpt":{"rendered":"<p>Svet umetnosti | \u0160ola za kuratorske prakse in kriti\u0161ko pisanje | Leto 16 Predavateljice v prvem letniku 16. leta \u0161ole so pokrivale teme umetnostnozgodovinskih, teoretskih in metodolo\u0161kih znanj, predavanja pa so bila osredinjena predvsem na spoznavanje z umetnostnim sistemom, kulturnimi politikami, zgodovino razstavljanja in zgodovino kuratorskih praks. &nbsp; Alenka Pirman: Umetnostni sistem. Vpogled Rebeka Vidrih: [&hellip;]<\/p>\n","protected":false},"author":1,"featured_media":9799,"parent":9611,"menu_order":0,"comment_status":"closed","ping_status":"closed","template":"","meta":{"footnotes":""},"categories":[],"tags":[],"_links":{"self":[{"href":"https:\/\/www.worldofart.org\/arhiv.worldofart.org\/aktualno\/wp-json\/wp\/v2\/pages\/9162"}],"collection":[{"href":"https:\/\/www.worldofart.org\/arhiv.worldofart.org\/aktualno\/wp-json\/wp\/v2\/pages"}],"about":[{"href":"https:\/\/www.worldofart.org\/arhiv.worldofart.org\/aktualno\/wp-json\/wp\/v2\/types\/page"}],"author":[{"embeddable":true,"href":"https:\/\/www.worldofart.org\/arhiv.worldofart.org\/aktualno\/wp-json\/wp\/v2\/users\/1"}],"replies":[{"embeddable":true,"href":"https:\/\/www.worldofart.org\/arhiv.worldofart.org\/aktualno\/wp-json\/wp\/v2\/comments?post=9162"}],"version-history":[{"count":14,"href":"https:\/\/www.worldofart.org\/arhiv.worldofart.org\/aktualno\/wp-json\/wp\/v2\/pages\/9162\/revisions"}],"predecessor-version":[{"id":11943,"href":"https:\/\/www.worldofart.org\/arhiv.worldofart.org\/aktualno\/wp-json\/wp\/v2\/pages\/9162\/revisions\/11943"}],"up":[{"embeddable":true,"href":"https:\/\/www.worldofart.org\/arhiv.worldofart.org\/aktualno\/wp-json\/wp\/v2\/pages\/9611"}],"wp:featuredmedia":[{"embeddable":true,"href":"https:\/\/www.worldofart.org\/arhiv.worldofart.org\/aktualno\/wp-json\/wp\/v2\/media\/9799"}],"wp:attachment":[{"href":"https:\/\/www.worldofart.org\/arhiv.worldofart.org\/aktualno\/wp-json\/wp\/v2\/media?parent=9162"}],"wp:term":[{"taxonomy":"category","embeddable":true,"href":"https:\/\/www.worldofart.org\/arhiv.worldofart.org\/aktualno\/wp-json\/wp\/v2\/categories?post=9162"},{"taxonomy":"post_tag","embeddable":true,"href":"https:\/\/www.worldofart.org\/arhiv.worldofart.org\/aktualno\/wp-json\/wp\/v2\/tags?post=9162"}],"curies":[{"name":"wp","href":"https:\/\/api.w.org\/{rel}","templated":true}]}}