{"id":929,"date":"2011-09-05T00:02:42","date_gmt":"2011-09-04T22:02:42","guid":{"rendered":"http:\/\/www.worldofart.org\/aktualno\/?page_id=929"},"modified":"2018-06-18T18:36:57","modified_gmt":"2018-06-18T16:36:57","slug":"petja-grafenauer-kaj-se-skriva-v-besedilu","status":"publish","type":"page","link":"https:\/\/www.worldofart.org\/arhiv.worldofart.org\/aktualno\/stirinajsti-letnik-20112013\/delavnice\/petja-grafenauer-kaj-se-skriva-v-besedilu","title":{"rendered":"Petja Grafenauer: Kaj se skriva v besedilu?"},"content":{"rendered":"<p>SVET UMETNOSTI<br \/>\n\u0160ola za kustose in kritike sodobne umetnosti<br \/>\nLeto 14<br \/>\n1. letnik (november 2011\u2013junij 2012)<\/p>\n<p>Delavnica podrobnega branja<\/p>\n<hr \/>\n<p>Cilj 9 urne delavnice kriti\u010dnega branja umetnostnih besedil je izbolj\u0161ati razumevanje teorije in kritike moderne in sodobne umetnosti, ki jo bodo udele\u017eenci lahko kasneje uporabili v svoji kriti\u0161ki, umetnostni in kuratorski praksi.<\/p>\n<p>Z metodo natan\u010dnega branja se bodo udele\u017eenci ob strokovni pomo\u010di kuratorice in likovne teoreti\u010darke Petje Grafenauer spopadli z izbranimi klju\u010dnimi besedili likovne in vizualne umetnosti 20. stoletja.<\/p>\n<p><strong>Izbor besedil:<\/strong><\/p>\n<ul>\n<li>Toma\u017e Brejc, Temni modernizem, Cankarjeva zalo\u017eba, Ljubljana 1991.<\/li>\n<li>Jure Miku\u017e, Slovensko moderno slikarstvo in zahodna umetnost, Moderna galerija, Ljubljana, (1982) 1995.<\/li>\n<li>Igor Zabel, Sodobna umetnost, Teritoriji, identitete, mre\u017ee: slovenska umetnost 1995 \u2013 2005, Moderna galerija, Ljubljana 2005<\/li>\n<li>Arthur C. Danto, Podeljevanje umetni\u0161kega statusa realnim predmetom: svet umetnosti, Analiza: \u010dasopis za kriti\u010dno misel, letnik 4, \u0161t. 3\/4, 2000<\/li>\n<li>Boris Groys, Teorija sodobne umetnosti, zbirka Koda, \u0160OU, Ljubljana 2002.<\/li>\n<li>Julian Stallabrass, Sodobna umetnost: zelo kratek uvod, Krtina, Ljubljana 2007.<\/li>\n<\/ul>\n","protected":false},"excerpt":{"rendered":"<p>SVET UMETNOSTI \u0160ola za kustose in kritike sodobne umetnosti Leto 14 1. letnik (november 2011\u2013junij 2012) Delavnica podrobnega branja Cilj 9 urne delavnice kriti\u010dnega branja umetnostnih besedil je izbolj\u0161ati razumevanje teorije in kritike moderne in sodobne umetnosti, ki jo bodo udele\u017eenci lahko kasneje uporabili v svoji kriti\u0161ki, umetnostni in kuratorski praksi. Z metodo natan\u010dnega branja [&hellip;]<\/p>\n","protected":false},"author":1,"featured_media":0,"parent":896,"menu_order":0,"comment_status":"closed","ping_status":"closed","template":"","meta":{"footnotes":""},"categories":[],"tags":[],"_links":{"self":[{"href":"https:\/\/www.worldofart.org\/arhiv.worldofart.org\/aktualno\/wp-json\/wp\/v2\/pages\/929"}],"collection":[{"href":"https:\/\/www.worldofart.org\/arhiv.worldofart.org\/aktualno\/wp-json\/wp\/v2\/pages"}],"about":[{"href":"https:\/\/www.worldofart.org\/arhiv.worldofart.org\/aktualno\/wp-json\/wp\/v2\/types\/page"}],"author":[{"embeddable":true,"href":"https:\/\/www.worldofart.org\/arhiv.worldofart.org\/aktualno\/wp-json\/wp\/v2\/users\/1"}],"replies":[{"embeddable":true,"href":"https:\/\/www.worldofart.org\/arhiv.worldofart.org\/aktualno\/wp-json\/wp\/v2\/comments?post=929"}],"version-history":[{"count":2,"href":"https:\/\/www.worldofart.org\/arhiv.worldofart.org\/aktualno\/wp-json\/wp\/v2\/pages\/929\/revisions"}],"predecessor-version":[{"id":9583,"href":"https:\/\/www.worldofart.org\/arhiv.worldofart.org\/aktualno\/wp-json\/wp\/v2\/pages\/929\/revisions\/9583"}],"up":[{"embeddable":true,"href":"https:\/\/www.worldofart.org\/arhiv.worldofart.org\/aktualno\/wp-json\/wp\/v2\/pages\/896"}],"wp:attachment":[{"href":"https:\/\/www.worldofart.org\/arhiv.worldofart.org\/aktualno\/wp-json\/wp\/v2\/media?parent=929"}],"wp:term":[{"taxonomy":"category","embeddable":true,"href":"https:\/\/www.worldofart.org\/arhiv.worldofart.org\/aktualno\/wp-json\/wp\/v2\/categories?post=929"},{"taxonomy":"post_tag","embeddable":true,"href":"https:\/\/www.worldofart.org\/arhiv.worldofart.org\/aktualno\/wp-json\/wp\/v2\/tags?post=929"}],"curies":[{"name":"wp","href":"https:\/\/api.w.org\/{rel}","templated":true}]}}