{"id":938,"date":"2011-09-05T21:46:15","date_gmt":"2011-09-05T19:46:15","guid":{"rendered":"http:\/\/www.worldofart.org\/aktualno\/?page_id=938"},"modified":"2018-06-18T18:36:45","modified_gmt":"2018-06-18T16:36:45","slug":"predavatelji-20112013","status":"publish","type":"page","link":"https:\/\/www.worldofart.org\/arhiv.worldofart.org\/aktualno\/stirinajsti-letnik-20112013\/predavatelji-20112013","title":{"rendered":"Predavatelji 2011\/2013"},"content":{"rendered":"<p><a id=\"gau\" name=\"gau\"><\/a><br \/>\n<img loading=\"lazy\" decoding=\"async\" style=\"margin-right: 10px; margin-bottom: 5px; margin-top: 3px; margin-left: 0px;\" src=\"https:\/\/www.worldofart.org\/arhiv.worldofart.org\/aktualno\/wp-content\/2011-13\/sonke-gau.jpg\" alt=\"S\u00f8nke Gau\" width=\"100\" height=\"100\" align=\"left\" \/><strong>S\u00f8nke Gau<\/strong><br \/>\n\u017divi v Z\u00fcrichu (\u0160vica), dru\u017eboslovni znanstvenik, kurator, kritik in predavatelj<br \/>\nLeta 2004 je s Katharino Schlieben ustanovil kuratorsko ekipo, ki je med 2004 in 2009 vodila Shedhalle v Z\u00fcrichu. Med 2000 in 2004 je bil koordinator razstav na In\u0161titutu za sodobno umetnost na Akademiji likovnih umetnosti (Dunaj), kurator v dunajski K\u00fcnstlerhaus in vodja projektov tretjega berlinskega bienala sodobne umetnosti. Med najnovej\u0161imi publikacijami sta Spektakel, na\u010delo u\u017eitka ali karnevalsko \u2013 bralec o mo\u017enostih, izku\u0161njah v razliki in strategijah karnevalskega v kulturno-politi\u010dni praksi in Imamo delo! Samoorganizacija in negotovi delovni pogoji (Spectacle, Pleasure Principle or the Carnivalesque \u2013 A Reader on Possibilities, Experiences in Difference and Strategies of the Carnivalesque in Cultural-Political Practice in Work to do! Self-Organisation in precarious Working Conditions) (ur. skupaj s Katharino Schlieben, 2008 in 2009). Od leta 2010 je bil raziskovalec in vodja projektov na &#8221;In\u0161titutih za kritiko&#8221; In\u0161tituta za teorijo (ith), med 2011\u20132012 je &#8221;znanstvenik na rezidenci&#8221; na In\u0161titutu MA za transdisciplinarnost \u2013 oboje na Univerzi za umetnosti (Z\u00fcrich).<\/p>\n<hr \/>\n<p><a id=\"kaps\" name=\"kaps\"><\/a><br \/>\n<img loading=\"lazy\" decoding=\"async\" style=\"margin-right: 10px; margin-bottom: 5px; margin-top: 3px; margin-left: 0px;\" src=\"https:\/\/www.worldofart.org\/arhiv.worldofart.org\/aktualno\/wp-content\/2011-13\/petra-kaps.jpg\" alt=\"Petra Kap\u0161\" width=\"100\" height=\"100\" align=\"left\" \/><strong>Petra Kap\u0161<\/strong><br \/>\nPetra Kap\u0161 (Maribor, 1975) je samostojna avtorica, delujo\u010da kot piska, raziskovalka, umetnica, ter, odvisno od vsakokratnih potreb, do sedaj kot organizatorka, kuratorka, producentka, urednica &#8230;<br \/>\nNjeni \u0161tudiji sloven\u0161\u010dine, teologije, filozofije, estetike, posameznih pojavitev umetnosti so povezani s premi\u0161ljevanji in raziskavami raznolikih vidikov medijev, besed, podobe in zvoka. Trenutno pripravlja materijo za doktorat o odlo\u010dujo\u010dih premenah med orakularnimi, oralnimi in retori\u010dnimi koncepti ter praksami Starih Grkov, z mo\u017enimi implikacijami slednjega v umetni\u0161kih praksah zahodnega konteksta.<br \/>\nOd leta 2003 iz\u010drpno pi\u0161e o raznolikih fenomenih v umetnosti, umetni\u0161kih delih in delovanjih; kot piska se izjavlja v Likovnih besedah, Maski, Borcu, Delu (od 2007 do 18. januarja 2011 s tedaj poslednjo objavo kriti\u0161ke refleksije), Ve\u010deru, Pogledih, Znamenju, Reartikulaciji, zlo\u017eenkah, katalogih, knjigah. Leta 2010 je v samozalo\u017ebi izdala prvo knjigo \u2013OR\u2013 premene umetnosti, Poeti\u010dni nastavki korespondence z orakljem, Knjiga \u0161t. 1 in v letu 2011 pri\u010dela z OR refleksijami (preko osebne e-mail liste &#8216;dostavljene&#8217; refleksije umetnosti). Z Iztokom Marohom je vodila &#8221;artists run space&#8221; Odprti atelje (2007\u20132010), soustanovila in aktivno sodelovala je v TU dru\u0161tvu za promocijo in razvoj kulture (2004\u20132007) ter sestavu so0gledi (2007\u2013 ). Leta 2007\u20138 je z Ivano Bago, Petjo Grafenauer, Tev\u017eem Logarjem, Moniko Ivan\u010di\u010d Fajfar, Mojco Puncer in Jako \u017deleznikarjem, pod supervizijo Sa\u0161e Nabergoj, uresni\u010devala Laboratorij Svet umetnosti, LabSUs \u2013 odprto platformo za kuratorje, umetnike, pisce in teoretike ter razstavo Labsus osebno\/osobno (za zadnje v sodelovanju z Markom Ko\u0161nikom ter delom Vaja za konec sveta) (SCCA-Ljubljana, v galeriji \u0160kuc in Mestni galeriji Labin). Leta 2008 je zasnovala in izvedla diskurzivni projekt &#8221;O&#8221; \u2013 refleksija umetnosti (z gosti in v sodelovanju s Kiblo, Maribor). Prvi korak dolgoro\u010dnega raziskovalnega dela OR je leta 2010 uresni\u010dila s projektom \u2013OR\u2013 premene umetnosti, Poeti\u010dni nastavki korespondence z orakljem (razstava, knjiga, predavanja, performansi, debata; v sodelovanju z: Alenka Pirman, Katarina Zdjelar, Borut Savski, Tao G. Vrhovec Sambolec, Evelyn M\u00fc\u00fcrsepp, Erkki Luuk, John Grzinich, Simon Macuh, Marko Ko\u0161nik; Likovni salon Celje, Zavod Celeia). Njen prvi v javnosti predstavljen projekt, kjer besedo in tekst ne uporabi kot besedo o umetnosti, ampak kot umetnost besede, je umetni\u0161ki prostor Prehod (Kazemate, Ljubljanski grad, skupaj z Iztokom Marohom, 2009), kateremu sledijo Curatorial dinner in After curatorial dinner (skupaj z: Riho Kall, John Grzinich, Evelyn M\u00fc\u00fcrsepp, Toomas Thetloff, Patrick McGinley, Erkk Luuk, Anna Hints, Tomar, Portugalska) in knjige \u2013OR\u2013 OKUS, \u2013OR\u2013 DOTIK (Dama z enorogom). Performativna\u00a0 branja je pri\u010dela s \u0160ele ali \u017ee, 50 (49) vpra\u0161anj za projekt Vstop prost, 2010 (\u0160pitalska kapela Celje), nadaljuje jih s Prislu\u0161kovanji Evridiki v Javnih branjih (z: Aleksandra Gruden, Zoran Srdi\u010d Jane\u017ei\u010d, Simon Macuh, Andreja D\u017eaku\u0161i\u010d, Miha Horvat) ter performativnimi predavanji (Cirkulacija 2, Mostovna, festival Pixxel point 2010). Kot &#8221;piska v \u017eivo&#8221; je pri\u010dela s 44 (20) vpra\u0161anji za ARZENAL DEPO 2K9 (Galerija Kapelica, Viba studio, 2009) ter nedavno nadaljevala s 47 (8)&gt;(7) tekstualnih fragmentov za Radio Art Space; osebni ra\u010dunalnik, pisalni stroj, nalivno pero (&#8230; posve\u010deno Friedrichu A. Kittlerju ter njegovim esejem Gramofon Film Pisalni stroj).<\/p>\n<hr \/>\n<p><a id=\"richter\" name=\"richter\"><\/a><br \/>\n<img loading=\"lazy\" decoding=\"async\" style=\"margin-right: 10px; margin-bottom: 5px; margin-top: 3px; margin-left: 0px;\" src=\"https:\/\/www.worldofart.org\/arhiv.worldofart.org\/aktualno\/wp-content\/2011-13\/dorothee-richter.jpg\" alt=\"Dorothee Richter\" width=\"100\" height=\"100\" align=\"left\" \/><strong>Dorothee Richter<\/strong><br \/>\nUmetnostna zgodovinarka, piska, kuratorica. Organizirala je ve\u010d mednarodnih simpozijev o kuriranju: z Barnabyjem Drabblom <em>Curating Degree Zero<\/em>, GAK, Bremen, 1998; <em>Dialogues and Debates<\/em> \u2013 feministi\u010dna pozicija v sodobni vizualni umetnosti, 1999; <em>The Quintessiental Hold of Images<\/em>, 2001 (s Sigridom Adorfom in Kathrino Heinz), <em>The Visuality of Theory vs. The Theory of the Visual<\/em> (z Nino M\u00f6ntmann), <em>Re-Vision of the Display: Exhibition scenarios, Their Readings and Their Publics<\/em>, 28.\u201330. 6., Migros muzej (z Jennifer John in Sigrid Schade), <em>Community_ perhaps<\/em> (z J\u00f6rgom Huberjem in Elke Bippus), <em>Institution as Medium<\/em>. <em>Curating as Institutional Critique?<\/em> koncept z Reinom Wolfsom, Fridericianum Kassel.<br \/>\nBila je direktorica Lichthaus v Bremnu, med 1999\u20132003 je bila umetni\u0161ka direktorica K\u00fcnstlerhaus Bremen. Z Barnabyjem Drabblom je ustanovila <a href=\"www.curatingdegreezero.org\" target=\"_blank\"><em>Curating Degree Zero Archive<\/em><\/a>, arhiv, potujo\u010da razstava in internetni vir o kriti\u010dnem kuriranju, ki je bila od 2005 predstavljena in preinterpretirana z umetniki, kuratorji, oblikovalci v: Baslu, Genfu, Linzu, Bremnu, Bristolu, L\u00fcneburgu, Birminghamu, Londonu, Berlinu, Edinburgu, Milanu, Seoulu, Parizu, Bergnu in Corku. Predavala je na Univerzi v Bremnu, Univerzi v L\u00fcneburg, \u00c8cole des Beaux Arts v \u017denevi, na Merz Akademiji v Stuttgartu. Bila je sodelavka kot raziskovalka pri <em>Exhibition Displays<\/em> na <a href=\"http:\/\/www.zhdk.ch\/\" target=\"_blank\">Univerzi za umetnost<\/a> v Z\u00fcrichu. Je direktorica <a href=\"www.curating.org\" target=\"_blank\">Podiplomskega programa kuratorstva<\/a> (Univerze za umetnost Z\u00fcrich). Iniciatorka internetne revije o kuriranju (<a href=\"http:\/\/www.on-curating.org\" target=\"_blank\">www.on-curating.org<\/a>), ki je na spletu od junija 2008. Do danes je iz\u0161lo \u017ee 11 \u0161tevilk.<br \/>\nPublikacije: <em>Curating Degree Zero<\/em> \u2013 o mednarodnem simpoziju o kuriranju (ur.: D. Richter and E.Schmidt, N\u00fcrnberg, 1999); <em>Dialogues and Debattes<\/em> \u2013 o feministi\u010dni poziciji v sodobni vizualni umetnosti (ur.: D.Richter, Die H\u00f6ge, N\u00fcrnberg, 2000); <em>Programming for a K\u00fcnstlerhaus<\/em> (ur.: D. Richter, K\u00fcnstlerhaus Bremen, 2002); <em>The Visuality of Theory vs. The Theory of the Visual<\/em> (ur. Nina M\u00f6ntmann, Dorothee Richter, Frankfurt, 2004); <em>Curating Critique<\/em> (ur: B. Drabble, D. Richter, ICE, Edinburgh, Frankfurt, 2008); <em>Re-Visions of the Display: Exhibition Scenarios, Their Readings and Their Publics<\/em> (Z\u00fcrich, 2009); <em>Mit Sein<\/em> (ur. Elke Bippus, J\u00f6rg Huber, Dorothee Richter, 2010); 11 izdaj revije <em>On-Curating.org.<\/em><\/p>\n<hr \/>\n<p><a id=\"schlieben\" name=\"schlieben\"><\/a><br \/>\n<img loading=\"lazy\" decoding=\"async\" style=\"margin-right: 10px; margin-bottom: 5px; margin-top: 3px; margin-left: 0px;\" src=\"https:\/\/www.worldofart.org\/arhiv.worldofart.org\/aktualno\/wp-content\/2011-13\/katharina-schlieben.jpg\" alt=\"Katharina Schlieben\" width=\"100\" height=\"100\" align=\"left\" \/><strong>Katharina Schlieben<\/strong><br \/>\nDru\u017eboslovna znanstvenica, kuratorka in predavateljica<br \/>\nLeta 2004 je s S\u00f8nke Gau-om ustanovila kuratorsko ekipo, ki je med 2004 in 2009 vodila Shedhalle v Z\u00fcrichu. Med 2002 in 2004 je bila kuratorka v Kunstverein M\u00fcnchen, pred tem pa je bila gostujo\u010da kuratorka v dunajski K\u00fcnstlerhaus in South London Gallery (London). Med najnovej\u0161imi publikacijami sta Spektakel, na\u010delo u\u017eitka ali karnevalsko \u2013 bralec o mo\u017enostih, izku\u0161njah v razliki in strategijah karnevalskega v kulturno-politi\u010dni praksi in Imamo delo! Samoorganizacija in negotovi delovni pogoji (Spectacle, Pleasure Principle or the Carnivalesque \u2013 A Reader on Possibilities, Experiences in Difference and Strategies of the Carnivalesque in Cultural-Political Practice in Work to do! Self-Organisation in precarious Working Conditions) (ur. skupaj s S\u00f8nke Gau-om, 2008 in 2009). Predava na razli\u010dnih akademijah in \u0161olah za umetnost v \u0160vici. Od leta 2010 je kuratorka in predavateljica na Akademiji za umetnost v Dresdenu.<\/p>\n<hr \/>\n<p><a id=\"szczerski\" name=\"szczerski\"><\/a><br \/>\n<img loading=\"lazy\" decoding=\"async\" style=\"margin-right: 10px; margin-bottom: 5px; margin-top: 3px; margin-left: 0px;\" src=\"https:\/\/www.worldofart.org\/arhiv.worldofart.org\/aktualno\/wp-content\/2011-13\/andrzej-szczerski.jpg\" alt=\"Andrzej Szczerski\" width=\"100\" height=\"100\" align=\"left\" \/><strong>Andrzej Szczerski<\/strong><br \/>\nProfesor na In\u0161titutu za umetnostno zgodovino (Jagiellonian Univerza v Krakovu) in vodja podiplomskega \u0161tudija za kuratorstvo. Bil je gostujo\u010di predavatelj na Goethe Univerzi v Frankfurtu (2003) in St. Andrews Univerzi (2004). Je avtor ve\u010d knjig, med drugim: <em>Patterns of Identity. The Reception of British Art in Central Europe c. 1900<\/em> (Krakov, 2002) in <em>Modernizations. Art and Architecture in the new states of Central Eastern Europe 1918\u20131939<\/em> (\u0141\u00f3d\u017a, 2010). Bil je sourednik <em>The Mousetrap Book. On dealing with art institutions in contemporary curatorial practice<\/em> (Gda\u0144sk \u2013 Frankfurt, 2007). Leta 2010 je kuriral razstavo <em>Modernizations 1918\u20131939. The Future Perfect<\/em> v Muzeju Sztuki (Muzej umetnosti) v \u0141\u00f3d\u017au in bil leta 2011 so-kustos razstave v Palais des Beaux-Arts BOZAR v Bruslju <em>The Power of Fantasy. Modern and Contemporary Art from Poland<\/em>. Trenutno je predsednik poljske sekcije AICE.<\/p>\n","protected":false},"excerpt":{"rendered":"<p>S\u00f8nke Gau \u017divi v Z\u00fcrichu (\u0160vica), dru\u017eboslovni znanstvenik, kurator, kritik in predavatelj Leta 2004 je s Katharino Schlieben ustanovil kuratorsko ekipo, ki je med 2004 in 2009 vodila Shedhalle v Z\u00fcrichu. Med 2000 in 2004 je bil koordinator razstav na In\u0161titutu za sodobno umetnost na Akademiji likovnih umetnosti (Dunaj), kurator v dunajski K\u00fcnstlerhaus in vodja [&hellip;]<\/p>\n","protected":false},"author":1,"featured_media":0,"parent":866,"menu_order":0,"comment_status":"closed","ping_status":"closed","template":"","meta":{"footnotes":""},"categories":[],"tags":[],"_links":{"self":[{"href":"https:\/\/www.worldofart.org\/arhiv.worldofart.org\/aktualno\/wp-json\/wp\/v2\/pages\/938"}],"collection":[{"href":"https:\/\/www.worldofart.org\/arhiv.worldofart.org\/aktualno\/wp-json\/wp\/v2\/pages"}],"about":[{"href":"https:\/\/www.worldofart.org\/arhiv.worldofart.org\/aktualno\/wp-json\/wp\/v2\/types\/page"}],"author":[{"embeddable":true,"href":"https:\/\/www.worldofart.org\/arhiv.worldofart.org\/aktualno\/wp-json\/wp\/v2\/users\/1"}],"replies":[{"embeddable":true,"href":"https:\/\/www.worldofart.org\/arhiv.worldofart.org\/aktualno\/wp-json\/wp\/v2\/comments?post=938"}],"version-history":[{"count":1,"href":"https:\/\/www.worldofart.org\/arhiv.worldofart.org\/aktualno\/wp-json\/wp\/v2\/pages\/938\/revisions"}],"predecessor-version":[{"id":4336,"href":"https:\/\/www.worldofart.org\/arhiv.worldofart.org\/aktualno\/wp-json\/wp\/v2\/pages\/938\/revisions\/4336"}],"up":[{"embeddable":true,"href":"https:\/\/www.worldofart.org\/arhiv.worldofart.org\/aktualno\/wp-json\/wp\/v2\/pages\/866"}],"wp:attachment":[{"href":"https:\/\/www.worldofart.org\/arhiv.worldofart.org\/aktualno\/wp-json\/wp\/v2\/media?parent=938"}],"wp:term":[{"taxonomy":"category","embeddable":true,"href":"https:\/\/www.worldofart.org\/arhiv.worldofart.org\/aktualno\/wp-json\/wp\/v2\/categories?post=938"},{"taxonomy":"post_tag","embeddable":true,"href":"https:\/\/www.worldofart.org\/arhiv.worldofart.org\/aktualno\/wp-json\/wp\/v2\/tags?post=938"}],"curies":[{"name":"wp","href":"https:\/\/api.w.org\/{rel}","templated":true}]}}