{"id":953,"date":"2011-09-05T22:28:50","date_gmt":"2011-09-05T20:28:50","guid":{"rendered":"http:\/\/www.worldofart.org\/aktualno\/?page_id=953"},"modified":"2018-06-18T18:35:12","modified_gmt":"2018-06-18T16:35:12","slug":"urnik-20112013","status":"publish","type":"page","link":"https:\/\/www.worldofart.org\/arhiv.worldofart.org\/aktualno\/stirinajsti-letnik-20112013\/urnik-20112013","title":{"rendered":"Urnik 2011\/2013"},"content":{"rendered":"<p class=\"leto-vi\"><strong>2. LETNIK<\/strong><\/p>\n<p class=\"leto\"><strong>2013<\/strong><\/p>\n<p class=\"mesec13\"><strong>maj in junij<\/strong><\/p>\n<table border=\"0\" cellspacing=\"0\" cellpadding=\"0\">\n<tbody>\n<tr>\n<td class=\"mesec\" valign=\"top\" width=\"20%\">ponedeljek,<br \/>\n6. 5., 2013<\/td>\n<td class=\"tdprogramsredina\" valign=\"top\" width=\"15%\">18.00<br \/>\nMSUM<\/td>\n<td class=\"tdprogram\" valign=\"top\"><a href=\"https:\/\/www.worldofart.org\/arhiv.worldofart.org\/aktualno\/archives\/4705\">Nata\u0161a Petre\u0161in-Bachelez: Situirana umetni\u0161ka raziskava in samorefleksivni reziden\u010dni programi<\/a> (predavanje)<\/td>\n<\/tr>\n<tr>\n<td class=\"mesec\" valign=\"top\">sreda,<br \/>\n5. 6., 2013<\/td>\n<td class=\"tdprogramsredina\" valign=\"top\">20.00<\/td>\n<td class=\"tdprogram\" valign=\"top\"><a href=\"https:\/\/www.worldofart.org\/arhiv.worldofart.org\/aktualno\/archives\/4859\">Predstavitev razstavnega kataloga in pogovor z umetniki<\/a><\/td>\n<\/tr>\n<tr>\n<td class=\"mesec\" valign=\"top\">ponedeljek,<br \/>\n17. 6. 2013<\/td>\n<td class=\"tdprogramsredina\" valign=\"top\">18.00<\/td>\n<td class=\"tdprogram\" valign=\"top\">Podelitev diplom in <a href=\"http:\/\/www.scca-ljubljana.si\/news_13_37.htm\" target=\"_blank\">javno vodstvo po AKC Metelkova mesto<\/a><\/td>\n<\/tr>\n<\/tbody>\n<\/table>\n<p><a href=\"https:\/\/www.worldofart.org\/arhiv.worldofart.org\/aktualno\/stirinajsti-letnik-20112013\/urnik-20112013\/urnik-20112013-2-semester\">Celotni urnik 2. letnika<\/a><br \/>\n<a href=\"https:\/\/www.worldofart.org\/arhiv.worldofart.org\/aktualno\/stirinajsti-letnik-20112013\/urnik-20112013\/urnik-20112013-1-semester\">Urnik 1. letnika<\/a><\/p>\n","protected":false},"excerpt":{"rendered":"<p>2. LETNIK 2013 maj in junij ponedeljek, 6. 5., 2013 18.00 MSUM Nata\u0161a Petre\u0161in-Bachelez: Situirana umetni\u0161ka raziskava in samorefleksivni reziden\u010dni programi (predavanje) sreda, 5. 6., 2013 20.00 Predstavitev razstavnega kataloga in pogovor z umetniki ponedeljek, 17. 6. 2013 18.00 Podelitev diplom in javno vodstvo po AKC Metelkova mesto Celotni urnik 2. letnika Urnik 1. letnika<\/p>\n","protected":false},"author":1,"featured_media":0,"parent":866,"menu_order":0,"comment_status":"closed","ping_status":"closed","template":"","meta":{"footnotes":""},"categories":[],"tags":[],"_links":{"self":[{"href":"https:\/\/www.worldofart.org\/arhiv.worldofart.org\/aktualno\/wp-json\/wp\/v2\/pages\/953"}],"collection":[{"href":"https:\/\/www.worldofart.org\/arhiv.worldofart.org\/aktualno\/wp-json\/wp\/v2\/pages"}],"about":[{"href":"https:\/\/www.worldofart.org\/arhiv.worldofart.org\/aktualno\/wp-json\/wp\/v2\/types\/page"}],"author":[{"embeddable":true,"href":"https:\/\/www.worldofart.org\/arhiv.worldofart.org\/aktualno\/wp-json\/wp\/v2\/users\/1"}],"replies":[{"embeddable":true,"href":"https:\/\/www.worldofart.org\/arhiv.worldofart.org\/aktualno\/wp-json\/wp\/v2\/comments?post=953"}],"version-history":[{"count":64,"href":"https:\/\/www.worldofart.org\/arhiv.worldofart.org\/aktualno\/wp-json\/wp\/v2\/pages\/953\/revisions"}],"predecessor-version":[{"id":9601,"href":"https:\/\/www.worldofart.org\/arhiv.worldofart.org\/aktualno\/wp-json\/wp\/v2\/pages\/953\/revisions\/9601"}],"up":[{"embeddable":true,"href":"https:\/\/www.worldofart.org\/arhiv.worldofart.org\/aktualno\/wp-json\/wp\/v2\/pages\/866"}],"wp:attachment":[{"href":"https:\/\/www.worldofart.org\/arhiv.worldofart.org\/aktualno\/wp-json\/wp\/v2\/media?parent=953"}],"wp:term":[{"taxonomy":"category","embeddable":true,"href":"https:\/\/www.worldofart.org\/arhiv.worldofart.org\/aktualno\/wp-json\/wp\/v2\/categories?post=953"},{"taxonomy":"post_tag","embeddable":true,"href":"https:\/\/www.worldofart.org\/arhiv.worldofart.org\/aktualno\/wp-json\/wp\/v2\/tags?post=953"}],"curies":[{"name":"wp","href":"https:\/\/api.w.org\/{rel}","templated":true}]}}