{"id":9611,"date":"2016-11-20T13:51:15","date_gmt":"2016-11-20T11:51:15","guid":{"rendered":"http:\/\/www.worldofart.org\/aktualno\/?page_id=9611"},"modified":"2018-07-06T16:54:04","modified_gmt":"2018-07-06T14:54:04","slug":"sestnajsto-leto-2017-2018","status":"publish","type":"page","link":"https:\/\/www.worldofart.org\/arhiv.worldofart.org\/aktualno\/sestnajsto-leto-2017-2018","title":{"rendered":"\u0160estnajsto leto 2017\/2018"},"content":{"rendered":"<h4>PROGRAM<\/h4>\n<hr \/>\n<p><strong>\u0160ola za kuratorske prakse in kriti\u0161ko pisanje <em>Svet umetnosti <\/em><\/strong>je edini program v Sloveniji, ki je namenjen prakti\u010dnemu in teoreti\u010dnemu izobra\u017eevanju na podro\u010dju kuratorskih praks.<\/p>\n<p>\u0160ola je sestavljena iz dveh letnikov (januar 2017\u2013junij 2017; september 2017\u2013junij 2018), deli se pa na tri sklope: <em>Predavanja<\/em>, <em>Seminarji in moduli<\/em> ter <em>Delo v praksi<\/em>. Redna sre\u010danja potekajo ob \u010detrtkih med 16. in 19.30 uro v Projektni sobi na Metelkovi 6.<\/p>\n<p>Ve\u010d o samem programu in vpisu preberite v <a href=\"https:\/\/www.worldofart.org\/arhiv.worldofart.org\/aktualno\/sola\">predstavitvi programa<\/a>.<\/p>\n<hr \/>\n<h4><strong><a href=\"https:\/\/www.worldofart.org\/arhiv.worldofart.org\/aktualno\/sestnajsto-leto-2017-2018\/predavanja\">Predavanja<\/a><\/strong><\/h4>\n<p><\/p>\n<ul>\n<li><a href=\"https:\/\/www.worldofart.org\/arhiv.worldofart.org\/aktualno\/leto-16-2017-2018\/predavanja\/alenka-pirman-umetnostni-sistem-vpogled\">Alenka Pirman: Umetnostni sistem. Vpogled<\/a><\/li>\n<li><a href=\"https:\/\/www.worldofart.org\/arhiv.worldofart.org\/aktualno\/leto-16-2017-2018\/predavanja\/rebeka-vidrih-vzpostavitev-umetnostnozgodovinskega-narativa\">Rebeka Vidrih: Vzpostavitev modernisti\u010dnega umetnostnozgodovinskega narativa in zgodovinske avantgarde<\/a><\/li>\n<li><a href=\"https:\/\/www.worldofart.org\/arhiv.worldofart.org\/aktualno\/sestnajsto-leto-2017-2018\/predavanja\/vesna-copic-kulturna-politika-in-status-umetnika\">Vesna \u010copi\u010d: Kulturna politika in status umetnika<\/a><\/li>\n<li><a href=\"https:\/\/www.worldofart.org\/arhiv.worldofart.org\/aktualno\/leto-16-2017-2018\/predavanja\/asta-vrecko-umetnostni-sistem-na-slovenskem\">Asta Vre\u010dko: Umetnostni sistem na Slovenskem \u2013 sprehod skozi 20. stoletje<\/a><\/li>\n<li><a href=\"https:\/\/www.worldofart.org\/arhiv.worldofart.org\/aktualno\/leto-16-2017-2018\/predavanja\/sasa-nabergoj-kuratorske-prakse-kratek-zgodovinski-pregled\">Sa\u0161a Nabergoj: Kuratorske prakse. Kratek zgodovinski pregled<\/a><\/li>\n<li><a href=\"https:\/\/www.worldofart.org\/arhiv.worldofart.org\/aktualno\/leto-16-2017-2018\/predavanja\/simona-zvanut-muzej-sodobne-umetnosti\">Simona \u017dvanut: Muzej sodobne umetnosti: Institucija in arhitektura<\/a><\/li>\n<li><a href=\"https:\/\/www.worldofart.org\/arhiv.worldofart.org\/aktualno\/leto-16-2017-2018\/predavanja\/barbara-borcic-umetnostni-diskurzi\">Barbara Bor\u010di\u0107: Umetnostni diskurzi<\/a><\/li>\n<\/ul>\n<hr \/>\n<h4><\/h4>\n<h4><strong><a href=\"https:\/\/www.worldofart.org\/arhiv.worldofart.org\/aktualno\/sestnajsto-leto-2017-2018\/seminarji-in-moduli\">Seminarji in moduli<\/a><\/strong><\/h4>\n<p>SEMINARJI, 1. in 2. LETNIK:<\/p>\n<ul>\n<li><a href=\"https:\/\/www.worldofart.org\/arhiv.worldofart.org\/aktualno\/sestnajsto-leto-2017-2018\/seminarji-in-moduli\/andrej-pezelj-umetnost-in-fikcije-subverzivnosti\">Andrej Pezelj: Umetnost in fikcije subverzivnosti<\/a><\/li>\n<li><a href=\"https:\/\/www.worldofart.org\/arhiv.worldofart.org\/aktualno\/sestnajsto-leto-2017-2018\/seminarji-in-moduli\/petja-grafenauer-delavnica-podrobnega-branja\">Petja Grafenauer: Delavnica podrobnega branja<\/a><\/li>\n<li><a href=\"https:\/\/www.worldofart.org\/arhiv.worldofart.org\/aktualno\/sestnajsto-leto-2017-2018\/seminarji-in-moduli\/barbara-borcic-seminar-analiza-umetniskega-dela\">Barbara Bor\u010di\u0107: Seminar Analiza umetni\u0161kega dela<\/a><\/li>\n<li><a href=\"https:\/\/www.worldofart.org\/arhiv.worldofart.org\/aktualno\/sestnajsto-leto-2017-2018\/seminarji-in-moduli\/sum\">Raziskovalni kolektiv \u0160UM: Kaja Kraner, Izidor Bar\u0161i: Alternativno organiziranje in strategije pre\u017eivetja v sodobni umetnosti<\/a><\/li>\n<li><span class=\"m_-10754315431780691785yl5\"><a href=\"https:\/\/www.worldofart.org\/arhiv.worldofart.org\/aktualno\/sestnajsto-leto-2017-2018\/seminarji-in-moduli\/miha-kelemina-seminar-kritika\">Miha Kelemina: Seminar Kritika<\/a><\/span><\/li>\n<li>Barbara Bori\u0107: Seminar Razprave in polemike<\/li>\n<\/ul>\n<p>&#8212;<\/p>\n<p>MODULI, 1. LETNIK:<\/p>\n<ul>\n<li><a href=\"https:\/\/www.worldofart.org\/arhiv.worldofart.org\/aktualno\/sestnajsto-leto-2017-2018\/seminarji-in-moduli\/jana-ferjan-in-teja-merhar-dokumentacija\">Jana Ferjan in Teja Merhar: Dokumentacija<\/a><\/li>\n<li><a href=\"https:\/\/www.worldofart.org\/arhiv.worldofart.org\/aktualno\/sestnajsto-leto-2017-2018\/seminarji-in-moduli\/dusan-dovc-zemljevid-razpisov-in-pozivov\">Du\u0161an Dov\u010d: Zemljevid razpisov in pozivov<\/a><\/li>\n<li><a href=\"https:\/\/www.worldofart.org\/arhiv.worldofart.org\/aktualno\/sestnajsto-leto-2017-2018\/seminarji-in-moduli\/ines-kezman-svet-umetnosti-v-svetu-programov-eu\">Ines Ke\u017eman, Zavod Motovila: Svet umetnosti v svetu programov EU (od evropske kulturne politike financiranja do razpisnih dokumentacij)<\/a><\/li>\n<\/ul>\n<p>MODULI, 2. LETNIK:<\/p>\n<ul>\n<li><a href=\"https:\/\/www.worldofart.org\/arhiv.worldofart.org\/aktualno\/sestnajsto-leto-2017-2018\/seminarji-in-moduli\/dusan-dovc-producent-v-sodobni-likovni-umetnosti\">Du\u0161an Dov\u010d: Producent v sodobni vizualni umetnosti<\/a><\/li>\n<li><a href=\"https:\/\/www.worldofart.org\/arhiv.worldofart.org\/aktualno\/sestnajsto-leto-2017-2018\/seminarji-in-moduli\/polona-lovsin-upravljanje-sponzorskih-sredstev\">Polona Lov\u0161in: Prilo\u017enost za sodelovanje z gospodarstvom<\/a><\/li>\n<li><a href=\"https:\/\/www.worldofart.org\/arhiv.worldofart.org\/aktualno\/uros-bonsek\">Uro\u0161 Bon\u0161ek: Odnosi z javnostmi za razstavo sodobne umetnosti<\/a><\/li>\n<li><a href=\"https:\/\/www.worldofart.org\/arhiv.worldofart.org\/aktualno\/sestnajsto-leto-2017-2018\/seminarji-in-moduli\/dusan-dovc-priprava-financnega-nacrta-za-razstavo-sodobne-umetnosti\">Du\u0161an Dov\u010d: Priprava finan\u010dnega na\u010drta za razstavo sodobne umetnosti<\/a><\/li>\n<li><a href=\"https:\/\/www.worldofart.org\/arhiv.worldofart.org\/aktualno\/sestnajsto-leto-2017-2018\/seminarji-in-moduli\/luka-hribar-multimedija-na-razstavnem-projektu\">Luka Hribar: Multimedija na razstavnem projektu<\/a><\/li>\n<li><a href=\"https:\/\/www.worldofart.org\/arhiv.worldofart.org\/aktualno\/sestnajsto-leto-2017-2018\/seminarji-in-moduli\/miha-kelemina-priprava-tehnicnega-nacrta-za-razstavo-sodobne-umetnosti\">Miha Kelemina: Priprava tehni\u010dnega na\u010drta za razstavo sodobne umetnosti<\/a><\/li>\n<li><a href=\"https:\/\/www.worldofart.org\/arhiv.worldofart.org\/aktualno\/lara-plavcak-optimizacija-besedila\" rel=\"noopener\">Lara Plav\u010dak: Optimizacija besedila<\/a><\/li>\n<li><a href=\"https:\/\/www.worldofart.org\/arhiv.worldofart.org\/aktualno\/vesna-bukovec-oblikovanje-razstave\">Vesna Bukovec: Oblikovanje razstave<\/a><\/li>\n<li><a href=\"https:\/\/www.worldofart.org\/arhiv.worldofart.org\/aktualno\/sestnajsto-leto-2017-2018\/seminarji-in-moduli\/barbara-borcic-katalog-pogled-urednika\">Barbara Bor\u010di\u0107: Katalog. Pogled urednika<\/a><\/li>\n<\/ul>\n<hr \/>\n<h4><\/h4>\n<h4><strong><a href=\"https:\/\/www.worldofart.org\/arhiv.worldofart.org\/aktualno\/sestnajsto-leto-2017-2018\/praksa\">Delo v praksi<\/a><\/strong><\/h4>\n<p>1. LETNIK<\/p>\n<ul>\n<li><a href=\"https:\/\/www.worldofart.org\/arhiv.worldofart.org\/aktualno\/sestnajsto-leto-2017-2018\/praksa\/vladimir-vidmar-kuratorska-raziskava\">Vladimir Vidmar: Kuratorska raziskava<\/a><\/li>\n<li><a href=\"https:\/\/www.worldofart.org\/arhiv.worldofart.org\/aktualno\/sestnajsto-leto-2017-2018\/praksa\/pomoc-pri-pripravi-razstav-sodobne-umetnosti\">Pomo\u010d pri pripravi razstav sodobne umetnosti<\/a><\/li>\n<li><a href=\"https:\/\/www.worldofart.org\/arhiv.worldofart.org\/aktualno\/sestnajsto-leto-2017-2018\/praksa\/miha-kelemina-lara-plavcak-obiski-ateljejev-in-drugih-prostorov-ustvarjanja\">Obiski ateljejev in drugih prostorov ustvarjanja<\/a><\/li>\n<li><a href=\"https:\/\/www.worldofart.org\/arhiv.worldofart.org\/aktualno\/sestnajsto-leto-2017-2018\/praksa\/miha-kelemina-lara-plavcak-kuratorsko-mapiranje\">Kuratorsko mapiranje<\/a><\/li>\n<li><a href=\"https:\/\/www.worldofart.org\/arhiv.worldofart.org\/aktualno\/sestnajsto-leto-2017-2018\/praksa\/virtualne-razstave\">Virtualne razstave<\/a><\/li>\n<\/ul>\n<p>2. LETNIK<\/p>\n<ul>\n<li><a href=\"https:\/\/www.worldofart.org\/arhiv.worldofart.org\/aktualno\/sestnajsto-leto-2017-2018\/praksa\/alenka-gregoric-miran-mohar-kuratorski-kolegij\">Alenka Gregori\u010d, Miran Mohar: Kuratorski kolegij<\/a><\/li>\n<li><a href=\"https:\/\/www.worldofart.org\/arhiv.worldofart.org\/aktualno\/sestnajsto-leto-2017-2018\/praksa\/moduli-o-prakticnem-delu-kuratorja-in-snovanju-razstave\">Moduli o prakti\u010dnem delu kuratorja in snovanju razstave<\/a><\/li>\n<li><a href=\"https:\/\/www.worldofart.org\/arhiv.worldofart.org\/aktualno\/sestnajsto-leto-2017-2018\/praksa\/koncna-razstava\">Kon\u010dna razstava<\/a><\/li>\n<\/ul>\n","protected":false},"excerpt":{"rendered":"<p>PROGRAM \u0160ola za kuratorske prakse in kriti\u0161ko pisanje Svet umetnosti je edini program v Sloveniji, ki je namenjen prakti\u010dnemu in teoreti\u010dnemu izobra\u017eevanju na podro\u010dju kuratorskih praks. \u0160ola je sestavljena iz dveh letnikov (januar 2017\u2013junij 2017; september 2017\u2013junij 2018), deli se pa na tri sklope: Predavanja, Seminarji in moduli ter Delo v praksi. Redna sre\u010danja potekajo [&hellip;]<\/p>\n","protected":false},"author":1,"featured_media":0,"parent":0,"menu_order":0,"comment_status":"closed","ping_status":"closed","template":"","meta":{"footnotes":""},"categories":[],"tags":[],"_links":{"self":[{"href":"https:\/\/www.worldofart.org\/arhiv.worldofart.org\/aktualno\/wp-json\/wp\/v2\/pages\/9611"}],"collection":[{"href":"https:\/\/www.worldofart.org\/arhiv.worldofart.org\/aktualno\/wp-json\/wp\/v2\/pages"}],"about":[{"href":"https:\/\/www.worldofart.org\/arhiv.worldofart.org\/aktualno\/wp-json\/wp\/v2\/types\/page"}],"author":[{"embeddable":true,"href":"https:\/\/www.worldofart.org\/arhiv.worldofart.org\/aktualno\/wp-json\/wp\/v2\/users\/1"}],"replies":[{"embeddable":true,"href":"https:\/\/www.worldofart.org\/arhiv.worldofart.org\/aktualno\/wp-json\/wp\/v2\/comments?post=9611"}],"version-history":[{"count":61,"href":"https:\/\/www.worldofart.org\/arhiv.worldofart.org\/aktualno\/wp-json\/wp\/v2\/pages\/9611\/revisions"}],"predecessor-version":[{"id":13274,"href":"https:\/\/www.worldofart.org\/arhiv.worldofart.org\/aktualno\/wp-json\/wp\/v2\/pages\/9611\/revisions\/13274"}],"wp:attachment":[{"href":"https:\/\/www.worldofart.org\/arhiv.worldofart.org\/aktualno\/wp-json\/wp\/v2\/media?parent=9611"}],"wp:term":[{"taxonomy":"category","embeddable":true,"href":"https:\/\/www.worldofart.org\/arhiv.worldofart.org\/aktualno\/wp-json\/wp\/v2\/categories?post=9611"},{"taxonomy":"post_tag","embeddable":true,"href":"https:\/\/www.worldofart.org\/arhiv.worldofart.org\/aktualno\/wp-json\/wp\/v2\/tags?post=9611"}],"curies":[{"name":"wp","href":"https:\/\/api.w.org\/{rel}","templated":true}]}}