{"id":9617,"date":"2016-11-20T13:55:42","date_gmt":"2016-11-20T11:55:42","guid":{"rendered":"http:\/\/www.worldofart.org\/aktualno\/?page_id=9617"},"modified":"2017-10-11T14:23:13","modified_gmt":"2017-10-11T12:23:13","slug":"alenka-pirman-umetnostni-sistem-vpogled","status":"publish","type":"page","link":"https:\/\/www.worldofart.org\/arhiv.worldofart.org\/aktualno\/sestnajsto-leto-2017-2018\/predavanja\/alenka-pirman-umetnostni-sistem-vpogled","title":{"rendered":"Alenka Pirman: Umetnostni sistem. Vpogled"},"content":{"rendered":"<p>Svet umetnosti | \u0160ola za kuratorske prakse in kriti\u0161ko pisanje | Leto 16<\/p>\n<hr \/>\n<p>Naj vas ne zmede poeti\u010dni naslov izobra\u017eevalnega programa. Svet umetnosti ni nekaj posebnega. Tudi v njem vladajo institucije, obstajajo specializirani poklici, potekajo kapitalske transakcije &#8230; V \u0161tirih urah bomo skozi diskusijo poizku\u0161ali odgovoriti na naslednja vpra\u0161anja: Iz \u010desa je sestavljen umetnostni sistem? Kak\u0161no mesto imajo v njem razstave? Kdo jih financira? Kako se v takem sistemu znajde kustos kot poslovni subjekt?<\/p>\n<p>&nbsp;<\/p>\n<p><a href=\"https:\/\/www.worldofart.org\/arhiv.worldofart.org\/aktualno\/wp-content\/uploads\/2016\/11\/pirman-predavanje.gif\" rel=\"lightbox[9617]\"><img loading=\"lazy\" decoding=\"async\" class=\"size-full wp-image-9749 alignnone\" src=\"https:\/\/www.worldofart.org\/arhiv.worldofart.org\/aktualno\/wp-content\/uploads\/2016\/11\/pirman-predavanje.gif\" alt=\"Alenka Pirman: Umetnostni sistem. Vpogled\" width=\"630\" height=\"252\" \/><\/a><\/p>\n<hr \/>\n<div id='gallery-1' class='gallery galleryid-9617 gallery-columns-4 gallery-size-thumbnail'><figure class='gallery-item'>\n\t\t\t<div class='gallery-icon landscape'>\n\t\t\t\t<a href='https:\/\/www.worldofart.org\/arhiv.worldofart.org\/aktualno\/wp-content\/uploads\/2016\/11\/01.jpg' rel=\"lightbox[9617]\"><img loading=\"lazy\" decoding=\"async\" width=\"140\" height=\"140\" src=\"https:\/\/www.worldofart.org\/arhiv.worldofart.org\/aktualno\/wp-content\/uploads\/2016\/11\/01-150x150.jpg\" class=\"attachment-thumbnail size-thumbnail\" alt=\"\" \/><\/a>\n\t\t\t<\/div><\/figure><figure class='gallery-item'>\n\t\t\t<div class='gallery-icon landscape'>\n\t\t\t\t<a href='https:\/\/www.worldofart.org\/arhiv.worldofart.org\/aktualno\/wp-content\/uploads\/2016\/11\/02.jpg' rel=\"lightbox[9617]\"><img loading=\"lazy\" decoding=\"async\" width=\"140\" height=\"140\" src=\"https:\/\/www.worldofart.org\/arhiv.worldofart.org\/aktualno\/wp-content\/uploads\/2016\/11\/02-150x150.jpg\" class=\"attachment-thumbnail size-thumbnail\" alt=\"\" \/><\/a>\n\t\t\t<\/div><\/figure><figure class='gallery-item'>\n\t\t\t<div class='gallery-icon landscape'>\n\t\t\t\t<a href='https:\/\/www.worldofart.org\/arhiv.worldofart.org\/aktualno\/wp-content\/uploads\/2016\/11\/03.jpg' rel=\"lightbox[9617]\"><img loading=\"lazy\" decoding=\"async\" width=\"140\" height=\"140\" src=\"https:\/\/www.worldofart.org\/arhiv.worldofart.org\/aktualno\/wp-content\/uploads\/2016\/11\/03-150x150.jpg\" class=\"attachment-thumbnail size-thumbnail\" alt=\"\" \/><\/a>\n\t\t\t<\/div><\/figure><figure class='gallery-item'>\n\t\t\t<div class='gallery-icon landscape'>\n\t\t\t\t<a href='https:\/\/www.worldofart.org\/arhiv.worldofart.org\/aktualno\/wp-content\/uploads\/2016\/11\/04.jpg' rel=\"lightbox[9617]\"><img loading=\"lazy\" decoding=\"async\" width=\"140\" height=\"140\" src=\"https:\/\/www.worldofart.org\/arhiv.worldofart.org\/aktualno\/wp-content\/uploads\/2016\/11\/04-150x150.jpg\" class=\"attachment-thumbnail size-thumbnail\" alt=\"\" \/><\/a>\n\t\t\t<\/div><\/figure>\n\t\t<\/div>\n\n<hr \/>\n<p><img loading=\"lazy\" decoding=\"async\" style=\"margin: 3px 10px 5px 0px;\" src=\"https:\/\/www.worldofart.org\/arhiv.worldofart.org\/aktualno\/wp-content\/2010-11\/alenka-priman.jpg\" alt=\"Alenka Pirman\" width=\"100\" height=\"100\" align=\"left\" \/><strong>Alenka Pirman (1964) <\/strong><br \/>\nUmetnica, samozaposlena v kulturi. Diplomirala iz slikarstva na Akademiji za likovno umetnost v Ljubljani (1989). Med letoma 1996 in 1998 je \u0161tudirala antropologijo vsakdanjega \u017eivljenja na Institutum studiorum humanitatis (ISH) v Ljubljani. Od 2013 dela na doktoratu iz heritologije na Filozofski fakulteti Univerze v Ljubljani. Ukvarja se s preu\u010devanjem dru\u017ebene vloge umetnika pri posredovanju kulturne dedi\u0161\u010dine. V 90-ih se je njeno delo navezovalo predvsem na izmi\u0161ljene institucije: <em>SK8 Muzej<\/em> (1991\u201393), <em>RIGUSRS <\/em>\u2013<em> Raziskovalni in\u0161titut za geoumetni\u0161ko statistiko RS<\/em> (1997, z Vukom \u0106osi\u0107em in Ireno Woelle) in <em>In\u0161titut za doma\u010de raziskave<\/em> (1994\u201398). Sodelovala je z umetni\u0161kimi kolektivi, kot so Luther Blissett\/<a href=\"http:\/\/01.org\" data-saferedirecturl=\"https:\/\/www.google.com\/url?hl=sl&amp;q=http:\/\/01.org&amp;source=gmail&amp;ust=1480594852044000&amp;usg=AFQjCNFq35GdgVY4qQwWW852jajosQWoGg\">01.org<\/a> (1998) in Bughouse (2002\u201303). Izvedla je nekaj metodolo\u0161kih razstavnih projektov, mdr. je delala z zbirko nem\u0161kih izposojenk (<em>Arcticae horulae<\/em>, 1991\u201398), z deponirano zbirko Policijskega muzeja (<em>Primer. Umetnost in kriminaliteta<\/em>, 2005, z Biserko Debeljak) in se v nadaljevanju posvetila razvoju efemernih umetni\u0161kih del (<em>Deveta Koromandija<\/em>, od 2007). Od leta 2004 deluje v okviru <a href=\"http:\/\/www.ddr.si\/\" target=\"_blank\">Dru\u0161tva za doma\u010de raziskave<\/a> (DDR), kjer se ukvarja s fenomenom ljubiteljskega zbiranja (razstave v Kabinetu 2005\u201310) in preu\u010devanjem transformacije statusa predmeta skozi tr\u017ene, umetni\u0161ke in muzealske procese (mednarodni projekt <em>Trda dejstva<\/em>, 2012\u201313). Leta 2014 je v MGLC pripravila prvo ve\u010djo pregledno razstavo svojega umetni\u0161kega delovanja. <a href=\"http:\/\/www2.arnes.si\/~apirma1\/\" target=\"_blank\">Povezava do spletne strani.<\/a><\/p>\n","protected":false},"excerpt":{"rendered":"<p>Svet umetnosti | \u0160ola za kuratorske prakse in kriti\u0161ko pisanje | Leto 16 Naj vas ne zmede poeti\u010dni naslov izobra\u017eevalnega programa. Svet umetnosti ni nekaj posebnega. Tudi v njem vladajo institucije, obstajajo specializirani poklici, potekajo kapitalske transakcije &#8230; V \u0161tirih urah bomo skozi diskusijo poizku\u0161ali odgovoriti na naslednja vpra\u0161anja: Iz \u010desa je sestavljen umetnostni sistem? [&hellip;]<\/p>\n","protected":false},"author":1,"featured_media":10329,"parent":9162,"menu_order":0,"comment_status":"closed","ping_status":"closed","template":"","meta":{"footnotes":""},"categories":[],"tags":[],"_links":{"self":[{"href":"https:\/\/www.worldofart.org\/arhiv.worldofart.org\/aktualno\/wp-json\/wp\/v2\/pages\/9617"}],"collection":[{"href":"https:\/\/www.worldofart.org\/arhiv.worldofart.org\/aktualno\/wp-json\/wp\/v2\/pages"}],"about":[{"href":"https:\/\/www.worldofart.org\/arhiv.worldofart.org\/aktualno\/wp-json\/wp\/v2\/types\/page"}],"author":[{"embeddable":true,"href":"https:\/\/www.worldofart.org\/arhiv.worldofart.org\/aktualno\/wp-json\/wp\/v2\/users\/1"}],"replies":[{"embeddable":true,"href":"https:\/\/www.worldofart.org\/arhiv.worldofart.org\/aktualno\/wp-json\/wp\/v2\/comments?post=9617"}],"version-history":[{"count":15,"href":"https:\/\/www.worldofart.org\/arhiv.worldofart.org\/aktualno\/wp-json\/wp\/v2\/pages\/9617\/revisions"}],"predecessor-version":[{"id":10362,"href":"https:\/\/www.worldofart.org\/arhiv.worldofart.org\/aktualno\/wp-json\/wp\/v2\/pages\/9617\/revisions\/10362"}],"up":[{"embeddable":true,"href":"https:\/\/www.worldofart.org\/arhiv.worldofart.org\/aktualno\/wp-json\/wp\/v2\/pages\/9162"}],"wp:featuredmedia":[{"embeddable":true,"href":"https:\/\/www.worldofart.org\/arhiv.worldofart.org\/aktualno\/wp-json\/wp\/v2\/media\/10329"}],"wp:attachment":[{"href":"https:\/\/www.worldofart.org\/arhiv.worldofart.org\/aktualno\/wp-json\/wp\/v2\/media?parent=9617"}],"wp:term":[{"taxonomy":"category","embeddable":true,"href":"https:\/\/www.worldofart.org\/arhiv.worldofart.org\/aktualno\/wp-json\/wp\/v2\/categories?post=9617"},{"taxonomy":"post_tag","embeddable":true,"href":"https:\/\/www.worldofart.org\/arhiv.worldofart.org\/aktualno\/wp-json\/wp\/v2\/tags?post=9617"}],"curies":[{"name":"wp","href":"https:\/\/api.w.org\/{rel}","templated":true}]}}