{"id":9622,"date":"2016-11-20T13:56:49","date_gmt":"2016-11-20T11:56:49","guid":{"rendered":"http:\/\/www.worldofart.org\/aktualno\/?page_id=9622"},"modified":"2017-10-11T14:22:53","modified_gmt":"2017-10-11T12:22:53","slug":"asta-vrecko-umetnostni-sistem-na-slovenskem","status":"publish","type":"page","link":"https:\/\/www.worldofart.org\/arhiv.worldofart.org\/aktualno\/sestnajsto-leto-2017-2018\/predavanja\/asta-vrecko-umetnostni-sistem-na-slovenskem","title":{"rendered":"Asta Vre\u010dko: Umetnostni sistem na Slovenskem \u2013 sprehod skozi 20. stoletje"},"content":{"rendered":"<p>Svet umetnosti | \u0160ola za kuratorske prakse in kriti\u0161ko pisanje | Leto 16<\/p>\n<hr \/>\n<p>V 20. stoletje je slovenska umetnost vstopila institucionalno precej podhranjena. T. i. <em>Prva slovenska umetni\u0161ka razstava<\/em> je bila leta 1900, prvo namensko grajeno razstavi\u0161\u010de Jakopi\u010dev paviljon pa je odprl svoja vrata leta 1909. V obdobju med obema vojnama so za umetnostni razvoj skrbela raznolika dru\u0161tva, razstave so bile na ogled v najrazli\u010dnej\u0161ih bolj ali manj primernih lokacijah. \u00a0Kljub nekaterim uspehom se Kraljevina Jugoslavija ni izkazala kot najbolj\u0161e izhodi\u0161\u010de za vzpostavitev delujo\u010dega umetnostnega sistema, presli\u0161ani so ostali tudi pozivi za akademijo, tako da so bile klju\u010dne ustanove ustanovljene \u0161ele po drugi svetovni vojni. Umetnostno podro\u010dje tega \u010dasa so zaznamovali okvir socialisti\u010dne jugoslovanske dr\u017eave, raznolika razstavna dejavnost in vzpostavljanje v mednarodnem kontekstu.<\/p>\n<hr \/>\n<p><img loading=\"lazy\" decoding=\"async\" style=\"margin: 3px 10px 5px 0px;\" src=\"https:\/\/www.worldofart.org\/arhiv.worldofart.org\/aktualno\/wp-content\/uploads\/2007\/01\/Asta_Vrecko.jpg\" alt=\"Asta Vre\u010dko\" width=\"100\" height=\"100\" align=\"left\" \/><strong>Asta Vre\u010dko<\/strong> je zaposlena kot raziskovalka na Oddelku za umetnostno zgodovino na Filozofski fakulteti Univerze v Ljubljani in zunanja sodelavka na Akademiji za likovno umetnost in oblikovanje. Njeno podro\u010dje raziskovanja sta slovenska in jugoslovanska umetnost 20. stoletja. Ob\u010dasno sodeluje pri pripravi razstav.<\/p>\n<p>&nbsp;<\/p>\n","protected":false},"excerpt":{"rendered":"<p>Svet umetnosti | \u0160ola za kuratorske prakse in kriti\u0161ko pisanje | Leto 16 V 20. stoletje je slovenska umetnost vstopila institucionalno precej podhranjena. T. i. Prva slovenska umetni\u0161ka razstava je bila leta 1900, prvo namensko grajeno razstavi\u0161\u010de Jakopi\u010dev paviljon pa je odprl svoja vrata leta 1909. V obdobju med obema vojnama so za umetnostni razvoj [&hellip;]<\/p>\n","protected":false},"author":1,"featured_media":0,"parent":9162,"menu_order":0,"comment_status":"closed","ping_status":"closed","template":"","meta":{"footnotes":""},"categories":[],"tags":[],"_links":{"self":[{"href":"https:\/\/www.worldofart.org\/arhiv.worldofart.org\/aktualno\/wp-json\/wp\/v2\/pages\/9622"}],"collection":[{"href":"https:\/\/www.worldofart.org\/arhiv.worldofart.org\/aktualno\/wp-json\/wp\/v2\/pages"}],"about":[{"href":"https:\/\/www.worldofart.org\/arhiv.worldofart.org\/aktualno\/wp-json\/wp\/v2\/types\/page"}],"author":[{"embeddable":true,"href":"https:\/\/www.worldofart.org\/arhiv.worldofart.org\/aktualno\/wp-json\/wp\/v2\/users\/1"}],"replies":[{"embeddable":true,"href":"https:\/\/www.worldofart.org\/arhiv.worldofart.org\/aktualno\/wp-json\/wp\/v2\/comments?post=9622"}],"version-history":[{"count":8,"href":"https:\/\/www.worldofart.org\/arhiv.worldofart.org\/aktualno\/wp-json\/wp\/v2\/pages\/9622\/revisions"}],"predecessor-version":[{"id":10366,"href":"https:\/\/www.worldofart.org\/arhiv.worldofart.org\/aktualno\/wp-json\/wp\/v2\/pages\/9622\/revisions\/10366"}],"up":[{"embeddable":true,"href":"https:\/\/www.worldofart.org\/arhiv.worldofart.org\/aktualno\/wp-json\/wp\/v2\/pages\/9162"}],"wp:attachment":[{"href":"https:\/\/www.worldofart.org\/arhiv.worldofart.org\/aktualno\/wp-json\/wp\/v2\/media?parent=9622"}],"wp:term":[{"taxonomy":"category","embeddable":true,"href":"https:\/\/www.worldofart.org\/arhiv.worldofart.org\/aktualno\/wp-json\/wp\/v2\/categories?post=9622"},{"taxonomy":"post_tag","embeddable":true,"href":"https:\/\/www.worldofart.org\/arhiv.worldofart.org\/aktualno\/wp-json\/wp\/v2\/tags?post=9622"}],"curies":[{"name":"wp","href":"https:\/\/api.w.org\/{rel}","templated":true}]}}