{"id":9624,"date":"2016-11-20T13:57:47","date_gmt":"2016-11-20T11:57:47","guid":{"rendered":"http:\/\/www.worldofart.org\/aktualno\/?page_id=9624"},"modified":"2017-10-11T14:22:45","modified_gmt":"2017-10-11T12:22:45","slug":"sasa-nabergoj-kuratorske-prakse-kratek-zgodovinski-pregled","status":"publish","type":"page","link":"https:\/\/www.worldofart.org\/arhiv.worldofart.org\/aktualno\/sestnajsto-leto-2017-2018\/predavanja\/sasa-nabergoj-kuratorske-prakse-kratek-zgodovinski-pregled","title":{"rendered":"Sa\u0161a Nabergoj: Kuratorske prakse. Kratek zgodovinski pregled"},"content":{"rendered":"<p>Svet umetnosti | \u0160ola za kuratorske prakse in kriti\u0161ko pisanje | Leto 16<\/p>\n<hr \/>\n<p>V srednjem veku je bil kurator varuh du\u0161 in teles, v 17. stoletju pa \u017ee skrbnik muzeja, galerije ali zbirke. Za Haralda Szemanna, pionirja na podro\u010dju sodobnih kuratorskih praks, pa je kurator <em>ausstelungmacher <\/em>ali \u00bbtisti, ki dela razstave\u00ab in je obenem administrator, amater, avtor predstavitev, knji\u017eni\u010dar, mened\u017eer in ra\u010dunovodja, animator, konservator, finan\u010dnik in diplomat.<\/p>\n<p>V nizu predavanj se bomo najprej posvetili zgodovinskemu razvoju poklica, vse od prvih omemb do konca 19. stoletja. Osrednji del bo namenjen razvoju kuratorskih praks in pozicij v XX. stoletju; v prvi polovici s Katarino Dreier in \u00a0prvim modernim muzejem ter z Alfredom Barrom in MOMO v New Yorku, v sredini stoletja z analizo pozicij kuratorskih maverikov, pogosto v kontekstu prvih muzejev sodobne umetnosti, ki so jih ustanavljali in vodili (Harald Szemann, Pontus Hulten, Werner Hoffmann, idr.) in v 90ih z nastankom globalne sodobne umetnosti in z za\u010detki \u0161tevilnih kuratorskih \u0161ol. Sklenili bomo z razmislekom o kuratorskih pozicijah, nalogah, metodologiji, teoriji in praksi v 21. stoletju.<\/p>\n<hr \/>\n<p><img loading=\"lazy\" decoding=\"async\" style=\"margin: 3px 10px 5px 0px;\" src=\"https:\/\/www.worldofart.org\/arhiv.worldofart.org\/aktualno\/wp-content\/2007-08\/ekipa-board\/sasa_nabergoj.jpg\" alt=\"Sa\u0161a Nabergoj\" width=\"100\" height=\"100\" align=\"left\" \/><strong>Sa\u0161a Nabergoj (1971)<\/strong><br \/>\nKon\u010dala \u0161tudij umetnostne zgodovine na Univerzi v Ljubljani. Direktorica Lo\u0161kega Muzeja \u0160kofja Loka ter dolgoletna sodelavka SCCA\u2013Ljubljana, kjer je med leti 1998 in 2015 vodila <em>Svet umetnosti<\/em>, \u0161olo za kustose in kritike sodobne umetnosti in od leta 2004 razstavno-raziskovalni program Studio 6. Je \u010dlanica mednarodnega zdru\u017eenja umetnostnih kritikov AICA in mednarodnega zdru\u017eenja kustosov sodobne umetnosti IKT. Deluje kot kuratorka, piska, urednica in predavateljica na podro\u010dju sodobne umetnosti, s poudarkom na kuratorskih in kriti\u0161kih praksah. Je avtorica \u0161tevilnih umetnostnih besedil, kurirala je \u0161tevilne razstave, pripravila predavanja in uredila ve\u010d strokovnih publikacij. V okviru Vaj iz moderne umetnosti prof. dr. Rebeki Vidrih za 2. stopnjo 2012\/2013 in 2013\/2014, Univerza v Ljubljani, Filozofska fakulteta, Oddelek za umetnostno zgodovino je pripravila in izvedla program Kuratorske in kriti\u0161ke \u0161tudije. V \u0161olskih letih 2014\/2015 in 2015\/2016 je bila gostujo\u010da predavateljica na Visoki \u0161oli za umetnost (Univerza v Novi Gorici). (<em>Foto: Voranc Vogel, arhiv Dela)<\/em><\/p>\n","protected":false},"excerpt":{"rendered":"<p>Svet umetnosti | \u0160ola za kuratorske prakse in kriti\u0161ko pisanje | Leto 16 V srednjem veku je bil kurator varuh du\u0161 in teles, v 17. stoletju pa \u017ee skrbnik muzeja, galerije ali zbirke. Za Haralda Szemanna, pionirja na podro\u010dju sodobnih kuratorskih praks, pa je kurator ausstelungmacher ali \u00bbtisti, ki dela razstave\u00ab in je obenem administrator, [&hellip;]<\/p>\n","protected":false},"author":1,"featured_media":0,"parent":9162,"menu_order":0,"comment_status":"closed","ping_status":"closed","template":"","meta":{"footnotes":""},"categories":[],"tags":[],"_links":{"self":[{"href":"https:\/\/www.worldofart.org\/arhiv.worldofart.org\/aktualno\/wp-json\/wp\/v2\/pages\/9624"}],"collection":[{"href":"https:\/\/www.worldofart.org\/arhiv.worldofart.org\/aktualno\/wp-json\/wp\/v2\/pages"}],"about":[{"href":"https:\/\/www.worldofart.org\/arhiv.worldofart.org\/aktualno\/wp-json\/wp\/v2\/types\/page"}],"author":[{"embeddable":true,"href":"https:\/\/www.worldofart.org\/arhiv.worldofart.org\/aktualno\/wp-json\/wp\/v2\/users\/1"}],"replies":[{"embeddable":true,"href":"https:\/\/www.worldofart.org\/arhiv.worldofart.org\/aktualno\/wp-json\/wp\/v2\/comments?post=9624"}],"version-history":[{"count":7,"href":"https:\/\/www.worldofart.org\/arhiv.worldofart.org\/aktualno\/wp-json\/wp\/v2\/pages\/9624\/revisions"}],"predecessor-version":[{"id":12116,"href":"https:\/\/www.worldofart.org\/arhiv.worldofart.org\/aktualno\/wp-json\/wp\/v2\/pages\/9624\/revisions\/12116"}],"up":[{"embeddable":true,"href":"https:\/\/www.worldofart.org\/arhiv.worldofart.org\/aktualno\/wp-json\/wp\/v2\/pages\/9162"}],"wp:attachment":[{"href":"https:\/\/www.worldofart.org\/arhiv.worldofart.org\/aktualno\/wp-json\/wp\/v2\/media?parent=9624"}],"wp:term":[{"taxonomy":"category","embeddable":true,"href":"https:\/\/www.worldofart.org\/arhiv.worldofart.org\/aktualno\/wp-json\/wp\/v2\/categories?post=9624"},{"taxonomy":"post_tag","embeddable":true,"href":"https:\/\/www.worldofart.org\/arhiv.worldofart.org\/aktualno\/wp-json\/wp\/v2\/tags?post=9624"}],"curies":[{"name":"wp","href":"https:\/\/api.w.org\/{rel}","templated":true}]}}