{"id":9627,"date":"2016-11-20T13:58:21","date_gmt":"2016-11-20T11:58:21","guid":{"rendered":"http:\/\/www.worldofart.org\/aktualno\/?page_id=9627"},"modified":"2017-10-11T14:22:37","modified_gmt":"2017-10-11T12:22:37","slug":"simona-zvanut-muzej-sodobne-umetnosti","status":"publish","type":"page","link":"https:\/\/www.worldofart.org\/arhiv.worldofart.org\/aktualno\/sestnajsto-leto-2017-2018\/predavanja\/simona-zvanut-muzej-sodobne-umetnosti","title":{"rendered":"Simona \u017dvanut: Muzej sodobne umetnosti: Institucija in arhitektura"},"content":{"rendered":"<p>Svet umetnosti | \u0160ola za kuratorske prakse in kriti\u0161ko pisanje | Leto 16<\/p>\n<hr \/>\n<p>Vse od zadnje \u010detrtine 20. stoletja smo pri\u010da porastu \u0161tevila umetnostnih muzejev in spremembam v na\u010dinih njihovega delovanja; muzejev je ve\u010d kot kdaj koli, opravljati morajo vedno ve\u010d razli\u010dnih funkcij, razstavljati \u0161ir\u0161i razpon umetnosti, na izbiro pa imajo raznolike pristope za njihovo arhitekturno oblikovanje. Arhitektura umetnostnih muzejev dopu\u0161\u010da vedno ve\u010d eksperimentalnosti tako pri koncipiranju razstav kot oblikovanju muzejskega prostora. Arhitekti in arhitektke izumljajo inovativne re\u0161itve, da bi zadostili tem novim zahtevam ter istovetenju muzejske arhitekture in v njej razstavljene umetnosti kot estetske celote \u2013 hkrati pa vidijo v programih muzejev sodobne umetnosti tudi prilo\u017enost, da razvijejo nove prostorske, konceptualne in arhitekturno-tehnolo\u0161ke re\u0161itve in tako ne le zadostijo zahtevam, temve\u010d tudi redefinirajo same zahteve muzejskega programa. V predavanju bomo skozi predstavitev nekaterih novonastajajo\u010dih pojmov za ozna\u010devanje muzejev sodobne umetnosti (npr. \u201dnovi muzej,\u201d \u201dsinhroni muzej\u201d, \u201dmuzej kot arhitekturna skulptura\u201d, \u201dspektakularni muzej\u201d) razmi\u0161ljali o mo\u017enostih povezovanja med sodobno muzejsko arhitekturo in umetnostjo.<\/p>\n<hr \/>\n<p><img loading=\"lazy\" decoding=\"async\" style=\"margin: 3px 10px 5px 0px;\" src=\"https:\/\/www.worldofart.org\/arhiv.worldofart.org\/aktualno\/wp-content\/2011-13\/simona-zvanut.jpg\" alt=\"Simona \u017dvanut\" width=\"100\" height=\"100\" align=\"left\" \/><strong>Simona \u017dvanut (1985)<\/strong><br \/>\nUmetnostna zgodovinarka s statusom samozaposlene v kulturi. \u0160tudentka doktorskega \u0161tudija na Oddelku za filozofijo Filozofske fakultete Univerze v Ljubljani od 2015\/16. Diplomirala na dvopredmetnem \u0161tudiju primerjalne knji\u017eevnosti in literarne teorije in umetnostne zgodovine na Filozofski fakulteti Univerze v Ljubljani (2011). Med leti 2011 in 2015 je bila na SCCA\u2013Ljubljana koordinatorka, med avgustom 2015 in junijem 2016 pa vodja \u0161ole <em>Svet umetnosti<\/em> in razstavno-raziskovalnega programa <em>Studio 6<\/em>.<\/p>\n","protected":false},"excerpt":{"rendered":"<p>Svet umetnosti | \u0160ola za kuratorske prakse in kriti\u0161ko pisanje | Leto 16 Vse od zadnje \u010detrtine 20. stoletja smo pri\u010da porastu \u0161tevila umetnostnih muzejev in spremembam v na\u010dinih njihovega delovanja; muzejev je ve\u010d kot kdaj koli, opravljati morajo vedno ve\u010d razli\u010dnih funkcij, razstavljati \u0161ir\u0161i razpon umetnosti, na izbiro pa imajo raznolike pristope za njihovo [&hellip;]<\/p>\n","protected":false},"author":1,"featured_media":0,"parent":9162,"menu_order":0,"comment_status":"closed","ping_status":"closed","template":"","meta":{"footnotes":""},"categories":[],"tags":[],"_links":{"self":[{"href":"https:\/\/www.worldofart.org\/arhiv.worldofart.org\/aktualno\/wp-json\/wp\/v2\/pages\/9627"}],"collection":[{"href":"https:\/\/www.worldofart.org\/arhiv.worldofart.org\/aktualno\/wp-json\/wp\/v2\/pages"}],"about":[{"href":"https:\/\/www.worldofart.org\/arhiv.worldofart.org\/aktualno\/wp-json\/wp\/v2\/types\/page"}],"author":[{"embeddable":true,"href":"https:\/\/www.worldofart.org\/arhiv.worldofart.org\/aktualno\/wp-json\/wp\/v2\/users\/1"}],"replies":[{"embeddable":true,"href":"https:\/\/www.worldofart.org\/arhiv.worldofart.org\/aktualno\/wp-json\/wp\/v2\/comments?post=9627"}],"version-history":[{"count":17,"href":"https:\/\/www.worldofart.org\/arhiv.worldofart.org\/aktualno\/wp-json\/wp\/v2\/pages\/9627\/revisions"}],"predecessor-version":[{"id":11150,"href":"https:\/\/www.worldofart.org\/arhiv.worldofart.org\/aktualno\/wp-json\/wp\/v2\/pages\/9627\/revisions\/11150"}],"up":[{"embeddable":true,"href":"https:\/\/www.worldofart.org\/arhiv.worldofart.org\/aktualno\/wp-json\/wp\/v2\/pages\/9162"}],"wp:attachment":[{"href":"https:\/\/www.worldofart.org\/arhiv.worldofart.org\/aktualno\/wp-json\/wp\/v2\/media?parent=9627"}],"wp:term":[{"taxonomy":"category","embeddable":true,"href":"https:\/\/www.worldofart.org\/arhiv.worldofart.org\/aktualno\/wp-json\/wp\/v2\/categories?post=9627"},{"taxonomy":"post_tag","embeddable":true,"href":"https:\/\/www.worldofart.org\/arhiv.worldofart.org\/aktualno\/wp-json\/wp\/v2\/tags?post=9627"}],"curies":[{"name":"wp","href":"https:\/\/api.w.org\/{rel}","templated":true}]}}