{"id":9629,"date":"2016-11-20T13:58:49","date_gmt":"2016-11-20T11:58:49","guid":{"rendered":"http:\/\/www.worldofart.org\/aktualno\/?page_id=9629"},"modified":"2017-10-11T14:22:26","modified_gmt":"2017-10-11T12:22:26","slug":"barbara-borcic-umetnostni-diskurzi","status":"publish","type":"page","link":"https:\/\/www.worldofart.org\/arhiv.worldofart.org\/aktualno\/sestnajsto-leto-2017-2018\/predavanja\/barbara-borcic-umetnostni-diskurzi","title":{"rendered":"Barbara Bor\u010di\u0107: Umetnostni diskurzi"},"content":{"rendered":"<p>Svet umetnosti | \u0160ola za kuratorske prakse in kriti\u0161ko pisanje | Leto 16<\/p>\n<hr \/>\n<p>Na predavanju se bomo seznanili z razli\u010dnimi \u017eanri pisanja: teorijo in zgodovino umetnostne kritike, zgodovinjenjem sodobne umetnosti, intervjujem, kolumno, besedilom za katalog, analizo in interpretacijo umetni\u0161kega dela, najavo za medije, televizijskim prispevkom, idr.<\/p>\n<hr \/>\n<p><img loading=\"lazy\" decoding=\"async\" class=\"alignleft\" src=\"https:\/\/www.worldofart.org\/arhiv.worldofart.org\/aktualno\/wp-content\/2008-09\/simpozij-kuratorskih-praks\/barbara-borcic.jpg\" alt=\"Barbara Bor\u010di\u0107\" width=\"100\" height=\"100\" align=\"left\" \/><strong>Barbara Bor\u010di\u0107 (1954)<\/strong><br \/>\nUmetnostna zgodovinarka in anglistka; \u0161tudirala medijske \u0161tudije in antropologijo na ISH \u2013 Institutum Studiorum Humanitatis \u2013 Fakulteta za podiplomski humanisti\u010dni \u0161tudij v Ljubljani. Programska svetovalka Zavoda za sodobno umetnost SCCA\u2212Ljubljana. Na podro\u010dju sodobne umetnosti deluje kot kuratorka, publicistka, urednica in avtorica knjig s statusom samostojne ustvarjalke na podro\u010dju kulture. Prejemnica priznanja Izidorja Cankarja (2005). \u010clanica mednarodnega zdru\u017eenja umetnostnih kritikov AICA (International Association of Art Critics, Pariz) in mednarodnega zdru\u017eenja kustosov sodobne umetnosti IKT (International Association of Curators of Contemporary Art, Amsterdam). Vodja projektov v okviru Zavoda SCCA\u2212Ljubljana: <em>Videodokument: Video umetnost v slovenskem prostoru 1969\u20131998<\/em>, <em>Videospotting<\/em>, <em>Internet Portfolio<\/em>, <em>PlatformaSCCA<\/em>, <em>Manifesta na doma\u010dem pragu<\/em>, <em>Kaj storiti z Balkansko umetnostjo<\/em>, <em>Kaj storiti z avdiovizualnimi arhivi<\/em> in sourednica knji\u017ene zbirke \u017depna in publikacij <em>PlatformaSCCA<\/em>. Vodi program <em>Brez \u017eebljev in podstavkov<\/em> in video arhiv <em>Postaja DIVA<\/em>.<\/p>\n","protected":false},"excerpt":{"rendered":"<p>Svet umetnosti | \u0160ola za kuratorske prakse in kriti\u0161ko pisanje | Leto 16 Na predavanju se bomo seznanili z razli\u010dnimi \u017eanri pisanja: teorijo in zgodovino umetnostne kritike, zgodovinjenjem sodobne umetnosti, intervjujem, kolumno, besedilom za katalog, analizo in interpretacijo umetni\u0161kega dela, najavo za medije, televizijskim prispevkom, idr. Barbara Bor\u010di\u0107 (1954) Umetnostna zgodovinarka in anglistka; \u0161tudirala medijske [&hellip;]<\/p>\n","protected":false},"author":1,"featured_media":0,"parent":9162,"menu_order":0,"comment_status":"closed","ping_status":"closed","template":"","meta":{"footnotes":""},"categories":[],"tags":[],"_links":{"self":[{"href":"https:\/\/www.worldofart.org\/arhiv.worldofart.org\/aktualno\/wp-json\/wp\/v2\/pages\/9629"}],"collection":[{"href":"https:\/\/www.worldofart.org\/arhiv.worldofart.org\/aktualno\/wp-json\/wp\/v2\/pages"}],"about":[{"href":"https:\/\/www.worldofart.org\/arhiv.worldofart.org\/aktualno\/wp-json\/wp\/v2\/types\/page"}],"author":[{"embeddable":true,"href":"https:\/\/www.worldofart.org\/arhiv.worldofart.org\/aktualno\/wp-json\/wp\/v2\/users\/1"}],"replies":[{"embeddable":true,"href":"https:\/\/www.worldofart.org\/arhiv.worldofart.org\/aktualno\/wp-json\/wp\/v2\/comments?post=9629"}],"version-history":[{"count":7,"href":"https:\/\/www.worldofart.org\/arhiv.worldofart.org\/aktualno\/wp-json\/wp\/v2\/pages\/9629\/revisions"}],"predecessor-version":[{"id":10365,"href":"https:\/\/www.worldofart.org\/arhiv.worldofart.org\/aktualno\/wp-json\/wp\/v2\/pages\/9629\/revisions\/10365"}],"up":[{"embeddable":true,"href":"https:\/\/www.worldofart.org\/arhiv.worldofart.org\/aktualno\/wp-json\/wp\/v2\/pages\/9162"}],"wp:attachment":[{"href":"https:\/\/www.worldofart.org\/arhiv.worldofart.org\/aktualno\/wp-json\/wp\/v2\/media?parent=9629"}],"wp:term":[{"taxonomy":"category","embeddable":true,"href":"https:\/\/www.worldofart.org\/arhiv.worldofart.org\/aktualno\/wp-json\/wp\/v2\/categories?post=9629"},{"taxonomy":"post_tag","embeddable":true,"href":"https:\/\/www.worldofart.org\/arhiv.worldofart.org\/aktualno\/wp-json\/wp\/v2\/tags?post=9629"}],"curies":[{"name":"wp","href":"https:\/\/api.w.org\/{rel}","templated":true}]}}