{"id":9640,"date":"2016-11-20T14:41:51","date_gmt":"2016-11-20T12:41:51","guid":{"rendered":"http:\/\/www.worldofart.org\/aktualno\/?page_id=9640"},"modified":"2017-10-11T14:22:17","modified_gmt":"2017-10-11T12:22:17","slug":"andrej-pezelj-umetnost-in-fikcije-subverzivnosti","status":"publish","type":"page","link":"https:\/\/www.worldofart.org\/arhiv.worldofart.org\/aktualno\/sestnajsto-leto-2017-2018\/seminarji-in-moduli\/andrej-pezelj-umetnost-in-fikcije-subverzivnosti","title":{"rendered":"Andrej Pezelj: Umetnost in fikcije subverzivnosti"},"content":{"rendered":"<p>Svet umetnosti | \u0160ola za kuratorske prakse in kriti\u0161ko pisanje | Leto 16<\/p>\n<hr \/>\n<p>Namen seminarja ni izklju\u010dno podrobno analiziranje kuratorskih praks ali teorije, ki bi se neposredno nana\u0161ala na podro\u010dje kuriranja. Seminar bo usmerjen k analizi umetnosti preko podro\u010dij, ki na prvi pogled nimajo veliko skupnega s tistim, kar razumemo kot avtonomna umetnost. Del predavanj se bo osredoto\u010dal na zgodovinsko analizo razli\u010dnih insititucij v umetnosti. Pri tem bo pojem institucije razumljen v relativno \u0161irokem pomenu besede.<\/p>\n<p>Drug del predavanj bo posku\u0161al opozoriti na biopoliti\u010dni aspekt sodobne umetnosti. Skozi analizo razli\u010dnih medicinsko-psihiatri\u010dnih besedil od 18. do 20. stoletja bomo umetnost analizirali z medicinsko-higienske perspektive. Tak\u0161en pristop bo podal nov pogled na avantgardna gibanja minulega stoletja, a tudi na sodobno aktivisti\u010dno umetnost, ki jo lahko razumemo kot prakso, ki prispeva k uresni\u010denju ve\u010dstoletnih naporov oblasti k bolj zdravi in sre\u010dni dru\u017ebi.<\/p>\n<p><a href=\"https:\/\/www.worldofart.org\/arhiv.worldofart.org\/aktualno\/wp-content\/uploads\/2016\/11\/photo.jpg\" rel=\"lightbox[9640]\"><img loading=\"lazy\" decoding=\"async\" class=\"wp-image-9970\" title=\"Jacob Mohr, Dokazi, okrog 1910, Prinzhorn.\" src=\"https:\/\/www.worldofart.org\/arhiv.worldofart.org\/aktualno\/wp-content\/uploads\/2016\/11\/photo.jpg\" alt=\"Jacob Mohr, Dokazi, okrog 1910, Prinzhorn.\" width=\"853\" height=\"349\" srcset=\"https:\/\/www.worldofart.org\/arhiv.worldofart.org\/aktualno\/wp-content\/uploads\/2016\/11\/photo.jpg 770w, https:\/\/www.worldofart.org\/arhiv.worldofart.org\/aktualno\/wp-content\/uploads\/2016\/11\/photo-300x123.jpg 300w, https:\/\/www.worldofart.org\/arhiv.worldofart.org\/aktualno\/wp-content\/uploads\/2016\/11\/photo-768x314.jpg 768w\" sizes=\"(max-width: 853px) 100vw, 853px\" \/><\/a><\/p>\n<p><img loading=\"lazy\" decoding=\"async\" class=\" wp-image-11307 alignnone\" src=\"https:\/\/www.worldofart.org\/arhiv.worldofart.org\/aktualno\/wp-content\/uploads\/2016\/11\/20170406_184104-400x225.jpg\" alt=\"\" width=\"851\" height=\"479\" srcset=\"https:\/\/www.worldofart.org\/arhiv.worldofart.org\/aktualno\/wp-content\/uploads\/2016\/11\/20170406_184104-400x225.jpg 400w, https:\/\/www.worldofart.org\/arhiv.worldofart.org\/aktualno\/wp-content\/uploads\/2016\/11\/20170406_184104-768x432.jpg 768w, https:\/\/www.worldofart.org\/arhiv.worldofart.org\/aktualno\/wp-content\/uploads\/2016\/11\/20170406_184104-707x398.jpg 707w\" sizes=\"(max-width: 851px) 100vw, 851px\" \/><\/p>\n<hr \/>\n<p><img loading=\"lazy\" decoding=\"async\" class=\"alignleft\" src=\"https:\/\/www.worldofart.org\/arhiv.worldofart.org\/aktualno\/wp-content\/2011-13\/andrej-pezelj.jpg\" alt=\"Andrej Pezelj\" width=\"100\" height=\"100\" align=\"left\" \/><strong>Andrej Pezelj (1978)<\/strong><br \/>\nRojen na Reki na Hrva\u0161kem. Leta 1998 se je vpisal na ljubljansko Akademijo za likovno umetnost, kjer je leta 2003 tudi diplomiral. V \u010dasu \u0161tudija je v sklopu programa Erasmus obiskoval National college of Art and Design v Dublinu. Leta 2004 se je preselil v Pariz, kjer je diplomiral na Fakulteti Paris VIII. Leta 2016 je doktoriral na Filozofski fakulteti, smer sociologija kulture, pri mentorju Rastku Mo\u010dniku. Predava teorijo in kritiko umetnosti na Akademiji umetnosti na Univerzi v Novi Gorici.<\/p>\n","protected":false},"excerpt":{"rendered":"<p>Svet umetnosti | \u0160ola za kuratorske prakse in kriti\u0161ko pisanje | Leto 16 Namen seminarja ni izklju\u010dno podrobno analiziranje kuratorskih praks ali teorije, ki bi se neposredno nana\u0161ala na podro\u010dje kuriranja. Seminar bo usmerjen k analizi umetnosti preko podro\u010dij, ki na prvi pogled nimajo veliko skupnega s tistim, kar razumemo kot avtonomna umetnost. Del predavanj [&hellip;]<\/p>\n","protected":false},"author":1,"featured_media":0,"parent":9160,"menu_order":0,"comment_status":"closed","ping_status":"closed","template":"","meta":{"footnotes":""},"categories":[],"tags":[],"_links":{"self":[{"href":"https:\/\/www.worldofart.org\/arhiv.worldofart.org\/aktualno\/wp-json\/wp\/v2\/pages\/9640"}],"collection":[{"href":"https:\/\/www.worldofart.org\/arhiv.worldofart.org\/aktualno\/wp-json\/wp\/v2\/pages"}],"about":[{"href":"https:\/\/www.worldofart.org\/arhiv.worldofart.org\/aktualno\/wp-json\/wp\/v2\/types\/page"}],"author":[{"embeddable":true,"href":"https:\/\/www.worldofart.org\/arhiv.worldofart.org\/aktualno\/wp-json\/wp\/v2\/users\/1"}],"replies":[{"embeddable":true,"href":"https:\/\/www.worldofart.org\/arhiv.worldofart.org\/aktualno\/wp-json\/wp\/v2\/comments?post=9640"}],"version-history":[{"count":16,"href":"https:\/\/www.worldofart.org\/arhiv.worldofart.org\/aktualno\/wp-json\/wp\/v2\/pages\/9640\/revisions"}],"predecessor-version":[{"id":11308,"href":"https:\/\/www.worldofart.org\/arhiv.worldofart.org\/aktualno\/wp-json\/wp\/v2\/pages\/9640\/revisions\/11308"}],"up":[{"embeddable":true,"href":"https:\/\/www.worldofart.org\/arhiv.worldofart.org\/aktualno\/wp-json\/wp\/v2\/pages\/9160"}],"wp:attachment":[{"href":"https:\/\/www.worldofart.org\/arhiv.worldofart.org\/aktualno\/wp-json\/wp\/v2\/media?parent=9640"}],"wp:term":[{"taxonomy":"category","embeddable":true,"href":"https:\/\/www.worldofart.org\/arhiv.worldofart.org\/aktualno\/wp-json\/wp\/v2\/categories?post=9640"},{"taxonomy":"post_tag","embeddable":true,"href":"https:\/\/www.worldofart.org\/arhiv.worldofart.org\/aktualno\/wp-json\/wp\/v2\/tags?post=9640"}],"curies":[{"name":"wp","href":"https:\/\/api.w.org\/{rel}","templated":true}]}}