{"id":9642,"date":"2016-11-20T14:42:35","date_gmt":"2016-11-20T12:42:35","guid":{"rendered":"http:\/\/www.worldofart.org\/aktualno\/?page_id=9642"},"modified":"2017-10-11T14:21:04","modified_gmt":"2017-10-11T12:21:04","slug":"petja-grafenauer-delavnica-podrobnega-branja","status":"publish","type":"page","link":"https:\/\/www.worldofart.org\/arhiv.worldofart.org\/aktualno\/sestnajsto-leto-2017-2018\/seminarji-in-moduli\/petja-grafenauer-delavnica-podrobnega-branja","title":{"rendered":"Petja Grafenauer: Delavnica podrobnega branja"},"content":{"rendered":"<p>Svet umetnosti | \u0160ola za kuratorske prakse in kriti\u0161ko pisanje | Leto 16<\/p>\n<hr \/>\n<p>Na delavnici se bodo udele\u017eenci in udele\u017eenke z metodo natan\u010dnega branja spopadli z izbranimi besedili vizualne umetnosti.<\/p>\n<p>Cilj delavnice kriti\u010dnega branja umetnostnih besedil je izbolj\u0161ati razumevanje teorije in kritike moderne in sodobne umetnosti, ki jo bodo udele\u017eenci in udele\u017eenke lahko pozneje uporabili v svoji kriti\u0161ki, umetnostni in kuratorski praksi.<\/p>\n<hr \/>\n<p><strong>Fotogalerija<\/strong> (foto: Arhiv SCCA-Ljubljana)<\/p>\n<div id='gallery-1' class='gallery galleryid-9642 gallery-columns-4 gallery-size-thumbnail'><figure class='gallery-item'>\n\t\t\t<div class='gallery-icon landscape'>\n\t\t\t\t<a href='https:\/\/www.worldofart.org\/arhiv.worldofart.org\/aktualno\/sestnajsto-leto-2017-2018\/seminarji-in-moduli\/petja-grafenauer-delavnica-podrobnega-branja\/delavnica_petja-1'><img loading=\"lazy\" decoding=\"async\" width=\"140\" height=\"140\" src=\"https:\/\/www.worldofart.org\/arhiv.worldofart.org\/aktualno\/wp-content\/uploads\/2016\/11\/Delavnica_Petja-1-150x150.jpg\" class=\"attachment-thumbnail size-thumbnail\" alt=\"\" \/><\/a>\n\t\t\t<\/div><\/figure><figure class='gallery-item'>\n\t\t\t<div class='gallery-icon landscape'>\n\t\t\t\t<a href='https:\/\/www.worldofart.org\/arhiv.worldofart.org\/aktualno\/sestnajsto-leto-2017-2018\/seminarji-in-moduli\/petja-grafenauer-delavnica-podrobnega-branja\/delavnica_petja-2'><img loading=\"lazy\" decoding=\"async\" width=\"140\" height=\"140\" src=\"https:\/\/www.worldofart.org\/arhiv.worldofart.org\/aktualno\/wp-content\/uploads\/2016\/11\/Delavnica_Petja-2-150x150.jpg\" class=\"attachment-thumbnail size-thumbnail\" alt=\"\" \/><\/a>\n\t\t\t<\/div><\/figure><figure class='gallery-item'>\n\t\t\t<div class='gallery-icon landscape'>\n\t\t\t\t<a href='https:\/\/www.worldofart.org\/arhiv.worldofart.org\/aktualno\/sestnajsto-leto-2017-2018\/seminarji-in-moduli\/petja-grafenauer-delavnica-podrobnega-branja\/delavnica_petja-5'><img loading=\"lazy\" decoding=\"async\" width=\"140\" height=\"140\" src=\"https:\/\/www.worldofart.org\/arhiv.worldofart.org\/aktualno\/wp-content\/uploads\/2016\/11\/Delavnica_Petja-5-150x150.jpg\" class=\"attachment-thumbnail size-thumbnail\" alt=\"\" \/><\/a>\n\t\t\t<\/div><\/figure><figure class='gallery-item'>\n\t\t\t<div class='gallery-icon landscape'>\n\t\t\t\t<a href='https:\/\/www.worldofart.org\/arhiv.worldofart.org\/aktualno\/sestnajsto-leto-2017-2018\/seminarji-in-moduli\/petja-grafenauer-delavnica-podrobnega-branja\/delavnica_petja-6'><img loading=\"lazy\" decoding=\"async\" width=\"140\" height=\"140\" src=\"https:\/\/www.worldofart.org\/arhiv.worldofart.org\/aktualno\/wp-content\/uploads\/2016\/11\/Delavnica_Petja-6-150x150.jpg\" class=\"attachment-thumbnail size-thumbnail\" alt=\"\" \/><\/a>\n\t\t\t<\/div><\/figure>\n\t\t<\/div>\n\n<hr \/>\n<p><img loading=\"lazy\" decoding=\"async\" class=\"alignleft size-full wp-image-10397\" style=\"margin: 3px 10px 5px 0px;\" src=\"https:\/\/www.worldofart.org\/arhiv.worldofart.org\/aktualno\/wp-content\/uploads\/2007\/01\/petja-grafenauer.jpg\" alt=\"Petja Grafenauer\" width=\"100\" height=\"100\" \/><strong>Petja Grafenauer (1976)<\/strong><br \/>\nUmetnostna zgodovinarka, kuratorka, likovna kriti\u010darka, urednica, publicistka in predavateljica o sodobni umetnosti. Vodja galerije Vodnikove doma\u010dije v \u0160i\u0161ki. Ukvarja se predvsem s sodobnim slikarstvom in povezovanjem tega z drugimi diskurzi ter zgodovino konstrukcije umetnostnega diskurza 20. in 21. stoletja v regiji. Med leti 2005\u22122006 je vodila kulturno redakcijo Radia \u0160tudent, med 2007 in 2009 je bila kustosinja Galerije Ganes Pratt v Ljubljani. Predava na Oddelku za fotografijo na Visoki \u0161oli VIST, predavala je tudi zgodovino sodobne umetnosti na nekdanji Visoki \u0161oli za umetnost Univerze v Novi Gorici. Kurirala je \u0161tevilne skupinske in samostojne razstavne projekte.<\/p>\n","protected":false},"excerpt":{"rendered":"<p>Svet umetnosti | \u0160ola za kuratorske prakse in kriti\u0161ko pisanje | Leto 16 Na delavnici se bodo udele\u017eenci in udele\u017eenke z metodo natan\u010dnega branja spopadli z izbranimi besedili vizualne umetnosti. Cilj delavnice kriti\u010dnega branja umetnostnih besedil je izbolj\u0161ati razumevanje teorije in kritike moderne in sodobne umetnosti, ki jo bodo udele\u017eenci in udele\u017eenke lahko pozneje uporabili [&hellip;]<\/p>\n","protected":false},"author":1,"featured_media":0,"parent":9160,"menu_order":0,"comment_status":"closed","ping_status":"closed","template":"","meta":{"footnotes":""},"categories":[],"tags":[],"_links":{"self":[{"href":"https:\/\/www.worldofart.org\/arhiv.worldofart.org\/aktualno\/wp-json\/wp\/v2\/pages\/9642"}],"collection":[{"href":"https:\/\/www.worldofart.org\/arhiv.worldofart.org\/aktualno\/wp-json\/wp\/v2\/pages"}],"about":[{"href":"https:\/\/www.worldofart.org\/arhiv.worldofart.org\/aktualno\/wp-json\/wp\/v2\/types\/page"}],"author":[{"embeddable":true,"href":"https:\/\/www.worldofart.org\/arhiv.worldofart.org\/aktualno\/wp-json\/wp\/v2\/users\/1"}],"replies":[{"embeddable":true,"href":"https:\/\/www.worldofart.org\/arhiv.worldofart.org\/aktualno\/wp-json\/wp\/v2\/comments?post=9642"}],"version-history":[{"count":11,"href":"https:\/\/www.worldofart.org\/arhiv.worldofart.org\/aktualno\/wp-json\/wp\/v2\/pages\/9642\/revisions"}],"predecessor-version":[{"id":11896,"href":"https:\/\/www.worldofart.org\/arhiv.worldofart.org\/aktualno\/wp-json\/wp\/v2\/pages\/9642\/revisions\/11896"}],"up":[{"embeddable":true,"href":"https:\/\/www.worldofart.org\/arhiv.worldofart.org\/aktualno\/wp-json\/wp\/v2\/pages\/9160"}],"wp:attachment":[{"href":"https:\/\/www.worldofart.org\/arhiv.worldofart.org\/aktualno\/wp-json\/wp\/v2\/media?parent=9642"}],"wp:term":[{"taxonomy":"category","embeddable":true,"href":"https:\/\/www.worldofart.org\/arhiv.worldofart.org\/aktualno\/wp-json\/wp\/v2\/categories?post=9642"},{"taxonomy":"post_tag","embeddable":true,"href":"https:\/\/www.worldofart.org\/arhiv.worldofart.org\/aktualno\/wp-json\/wp\/v2\/tags?post=9642"}],"curies":[{"name":"wp","href":"https:\/\/api.w.org\/{rel}","templated":true}]}}