{"id":9648,"date":"2016-11-20T14:44:23","date_gmt":"2016-11-20T12:44:23","guid":{"rendered":"http:\/\/www.worldofart.org\/aktualno\/?page_id=9648"},"modified":"2018-07-12T14:55:47","modified_gmt":"2018-07-12T12:55:47","slug":"barbara-borcic-seminar-analiza-umetniskega-dela","status":"publish","type":"page","link":"https:\/\/www.worldofart.org\/arhiv.worldofart.org\/aktualno\/sestnajsto-leto-2017-2018\/seminarji-in-moduli\/barbara-borcic-seminar-analiza-umetniskega-dela","title":{"rendered":"Barbara Bor\u010di\u0107: Seminar Analiza umetni\u0161kega dela"},"content":{"rendered":"<p>Svet umetnosti | \u0160ola za kuratorske prakse in kriti\u0161ko pisanje | Leto 16<\/p>\n<hr \/>\n<p>Seminarja Kritika in Analiza umetni\u0161kega dela sta nasledila Seminar iz pisanja, ki smo ga vpeljali v sedmem letu \u0161ole (2003\/2004), da bi zapolnili vrzel v teoretski in kriti\u0161ki refleksiji ter spodbudili pisanje o sodobnih umetni\u0161kih praksah, iniciirali nove diskurze, metode zapisovanja in zgodovinjenja umetni\u0161kih praks.<\/p>\n<hr \/>\n<p><img loading=\"lazy\" decoding=\"async\" class=\"alignleft\" src=\"https:\/\/www.worldofart.org\/arhiv.worldofart.org\/aktualno\/wp-content\/2008-09\/simpozij-kuratorskih-praks\/barbara-borcic.jpg\" alt=\"Barbara Bor\u010di\u0107\" width=\"100\" height=\"100\" align=\"left\" \/><strong>Barbara Bor\u010di\u0107 (1954)<\/strong><br \/>\nUmetnostna zgodovinarka in anglistka; \u0161tudirala medijske \u0161tudije in antropologijo na ISH \u2013 Institutum Studiorum Humanitatis \u2013 Fakulteta za podiplomski humanisti\u010dni \u0161tudij v Ljubljani. Programska svetovalka Zavoda za sodobno umetnost SCCA\u2212Ljubljana. Na podro\u010dju sodobne umetnosti deluje kot kuratorka, publicistka, urednica in avtorica knjig s statusom samostojne ustvarjalke na podro\u010dju kulture. Prejemnica priznanja Izidorja Cankarja (2005). \u010clanica mednarodnega zdru\u017eenja umetnostnih kritikov AICA (International Association of Art Critics, Pariz) in mednarodnega zdru\u017eenja kustosov sodobne umetnosti IKT (International Association of Curators of Contemporary Art, Amsterdam). Vodja projektov v okviru Zavoda SCCA\u2212Ljubljana: <em>Videodokument: Video umetnost v slovenskem prostoru 1969\u20131998<\/em>, <em>Videospotting<\/em>, <em>Internet Portfolio<\/em>, <em>PlatformaSCCA<\/em>, <em>Manifesta na doma\u010dem pragu<\/em>, <em>Kaj storiti z Balkansko umetnostjo<\/em>, <em>Kaj storiti z avdiovizualnimi arhivi<\/em> in sourednica knji\u017ene zbirke \u017depna in publikacij <em>PlatformaSCCA<\/em>. Vodi program <em>Brez \u017eebljev in podstavkov<\/em> in video arhiv <em>Postaja DIVA<\/em>.<\/p>\n<hr \/>\n<p>Seminar podpira<a href=\"http:\/\/kulturanova.hr\/\"> <b>Zaklada Kultura nova<\/b><\/a> v okviru programskega razvoja skupnih platform v JV Evropi.<\/p>\n<p><img loading=\"lazy\" decoding=\"async\" class=\"alignnone wp-image-12059\" src=\"https:\/\/www.worldofart.org\/arhiv.worldofart.org\/aktualno\/wp-content\/uploads\/2017\/09\/logo.png\" alt=\"\" width=\"191\" height=\"65\" \/><\/p>\n","protected":false},"excerpt":{"rendered":"<p>Svet umetnosti | \u0160ola za kuratorske prakse in kriti\u0161ko pisanje | Leto 16 Seminarja Kritika in Analiza umetni\u0161kega dela sta nasledila Seminar iz pisanja, ki smo ga vpeljali v sedmem letu \u0161ole (2003\/2004), da bi zapolnili vrzel v teoretski in kriti\u0161ki refleksiji ter spodbudili pisanje o sodobnih umetni\u0161kih praksah, iniciirali nove diskurze, metode zapisovanja in [&hellip;]<\/p>\n","protected":false},"author":1,"featured_media":0,"parent":9160,"menu_order":0,"comment_status":"closed","ping_status":"closed","template":"","meta":{"footnotes":""},"categories":[],"tags":[],"_links":{"self":[{"href":"https:\/\/www.worldofart.org\/arhiv.worldofart.org\/aktualno\/wp-json\/wp\/v2\/pages\/9648"}],"collection":[{"href":"https:\/\/www.worldofart.org\/arhiv.worldofart.org\/aktualno\/wp-json\/wp\/v2\/pages"}],"about":[{"href":"https:\/\/www.worldofart.org\/arhiv.worldofart.org\/aktualno\/wp-json\/wp\/v2\/types\/page"}],"author":[{"embeddable":true,"href":"https:\/\/www.worldofart.org\/arhiv.worldofart.org\/aktualno\/wp-json\/wp\/v2\/users\/1"}],"replies":[{"embeddable":true,"href":"https:\/\/www.worldofart.org\/arhiv.worldofart.org\/aktualno\/wp-json\/wp\/v2\/comments?post=9648"}],"version-history":[{"count":6,"href":"https:\/\/www.worldofart.org\/arhiv.worldofart.org\/aktualno\/wp-json\/wp\/v2\/pages\/9648\/revisions"}],"predecessor-version":[{"id":13434,"href":"https:\/\/www.worldofart.org\/arhiv.worldofart.org\/aktualno\/wp-json\/wp\/v2\/pages\/9648\/revisions\/13434"}],"up":[{"embeddable":true,"href":"https:\/\/www.worldofart.org\/arhiv.worldofart.org\/aktualno\/wp-json\/wp\/v2\/pages\/9160"}],"wp:attachment":[{"href":"https:\/\/www.worldofart.org\/arhiv.worldofart.org\/aktualno\/wp-json\/wp\/v2\/media?parent=9648"}],"wp:term":[{"taxonomy":"category","embeddable":true,"href":"https:\/\/www.worldofart.org\/arhiv.worldofart.org\/aktualno\/wp-json\/wp\/v2\/categories?post=9648"},{"taxonomy":"post_tag","embeddable":true,"href":"https:\/\/www.worldofart.org\/arhiv.worldofart.org\/aktualno\/wp-json\/wp\/v2\/tags?post=9648"}],"curies":[{"name":"wp","href":"https:\/\/api.w.org\/{rel}","templated":true}]}}