{"id":9655,"date":"2016-11-20T14:47:56","date_gmt":"2016-11-20T12:47:56","guid":{"rendered":"http:\/\/www.worldofart.org\/aktualno\/?page_id=9655"},"modified":"2017-10-11T14:20:23","modified_gmt":"2017-10-11T12:20:23","slug":"jana-ferjan-in-teja-merhar-dokumentacija","status":"publish","type":"page","link":"https:\/\/www.worldofart.org\/arhiv.worldofart.org\/aktualno\/sestnajsto-leto-2017-2018\/seminarji-in-moduli\/jana-ferjan-in-teja-merhar-dokumentacija","title":{"rendered":"Jana Intihar Ferjan in Teja Merhar: Dokumentacija"},"content":{"rendered":"<p>Svet umetnosti | \u0160ola za kuratorske prakse in kriti\u0161ko pisanje | Leto 16<\/p>\n<hr \/>\n<p>Na modulu <strong>Dokumentacija<\/strong> se bomo seznanili z Oddelkom <a href=\"http:\/\/www.mg-lj.si\/si\/knjiznica-in-arhivi\/751\/dokumentacija-arhiv\/\">DOKUMENTACIJA-ARHIV<\/a> MG+MSUM, ki vse od leta 1971 zbira, obdeluje in hrani gradivo o likovni umetnosti 20. in 21. stoletja v Sloveniji.<\/p>\n<p>Jana Intihar Ferjan in Teja Merhar nam bosta predstavili prakti\u010dno delo v dokumentaciji-arhivu. Pojasnili nam bosta, kaj pokriva termin muzejska dokumentacija in kako je videti stanje v praksi. Predstavili nam bosta na\u010dine pridobivanja gradiva, klasifikacijo, vna\u0161anje v bazo podatkov ter iskanje po bazi, ki je pomemben vir podatkov tako ob snovanju razstav kot pri kuratorskih raziskavah.<\/p>\n<hr \/>\n<p><strong>Vodji modula<\/strong><\/p>\n<p><strong>Jana Intihar Ferjan<\/strong> je leta 1981 diplomirala na Filozofski fakulteti v Ljubljani. Prvo zaposlitev v splo\u0161ni knji\u017enici je zaklju\u010dila s strokovnim izpitom iz bibliotekarske stroke. Od 1983 v Moderni galeriji na mestu kustosinje na oddelku Dokumentacija \u2013 arhiv, bibliografija. Delovno mesto je opredeljeno kot zbiranje, obdelovanje, hranjenje in posredovanje podatkov o dogajanju na podro\u010dju moderne in sodobne likovne umetnosti na Slovenskem. Ve\u010dino objav tvorijo izbrane kronologije, bibliografije in seznami razstav v dokumentarnih delih katalogov ve\u010djih razstav in zbirk Moderne galerije in gesla v Allgemeines K\u00fcnstlerlexikon. Die Bildenden K\u00fcnstler aller Zeiten und V\u00f6lker. Od leta 2003 \u010dlanica uredni\u0161kega odbora revije Umetnostna kronika (izdaja Umetnostno zgodovinski in\u0161titut Franceta Steleta pri SAZU), od 2009 \u0161e Umetnostnozgodovinskega biltena (izhaja on-line). Za svoje delo je leta 2007 prejela priznanje Izidorja Cankarja.<\/p>\n<p><strong>Teja Merhar<\/strong> je leta 2009 diplomirala iz umetnostne zgodovine na Univerzi v Ljubljani. Od leta 2010 dela kot kustosinja na oddelku Dokumentacija arhiv Moderne galerije v Ljubljani, ki sistemati\u010dno zbira, obdeluje, hrani ter posreduje podatke in gradivo o likovni umetnosti 20. in 21. stoletja na Slovenskem. Merharjeva polega tega redno sodeluje pri publikacijah in razstavah Moderne galerije; mdr. je pripravila izbrani biobibliografiji ob preglednih razstavah Jo\u017eeta Bar\u0161ija (2013, +MSUM) in Tadeja Poga\u010darja (2014, MG+).<\/p>\n","protected":false},"excerpt":{"rendered":"<p>Svet umetnosti | \u0160ola za kuratorske prakse in kriti\u0161ko pisanje | Leto 16 Na modulu Dokumentacija se bomo seznanili z Oddelkom DOKUMENTACIJA-ARHIV MG+MSUM, ki vse od leta 1971 zbira, obdeluje in hrani gradivo o likovni umetnosti 20. in 21. stoletja v Sloveniji. Jana Intihar Ferjan in Teja Merhar nam bosta predstavili prakti\u010dno delo v dokumentaciji-arhivu. [&hellip;]<\/p>\n","protected":false},"author":1,"featured_media":0,"parent":9160,"menu_order":0,"comment_status":"closed","ping_status":"closed","template":"","meta":{"footnotes":""},"categories":[],"tags":[],"_links":{"self":[{"href":"https:\/\/www.worldofart.org\/arhiv.worldofart.org\/aktualno\/wp-json\/wp\/v2\/pages\/9655"}],"collection":[{"href":"https:\/\/www.worldofart.org\/arhiv.worldofart.org\/aktualno\/wp-json\/wp\/v2\/pages"}],"about":[{"href":"https:\/\/www.worldofart.org\/arhiv.worldofart.org\/aktualno\/wp-json\/wp\/v2\/types\/page"}],"author":[{"embeddable":true,"href":"https:\/\/www.worldofart.org\/arhiv.worldofart.org\/aktualno\/wp-json\/wp\/v2\/users\/1"}],"replies":[{"embeddable":true,"href":"https:\/\/www.worldofart.org\/arhiv.worldofart.org\/aktualno\/wp-json\/wp\/v2\/comments?post=9655"}],"version-history":[{"count":5,"href":"https:\/\/www.worldofart.org\/arhiv.worldofart.org\/aktualno\/wp-json\/wp\/v2\/pages\/9655\/revisions"}],"predecessor-version":[{"id":10375,"href":"https:\/\/www.worldofart.org\/arhiv.worldofart.org\/aktualno\/wp-json\/wp\/v2\/pages\/9655\/revisions\/10375"}],"up":[{"embeddable":true,"href":"https:\/\/www.worldofart.org\/arhiv.worldofart.org\/aktualno\/wp-json\/wp\/v2\/pages\/9160"}],"wp:attachment":[{"href":"https:\/\/www.worldofart.org\/arhiv.worldofart.org\/aktualno\/wp-json\/wp\/v2\/media?parent=9655"}],"wp:term":[{"taxonomy":"category","embeddable":true,"href":"https:\/\/www.worldofart.org\/arhiv.worldofart.org\/aktualno\/wp-json\/wp\/v2\/categories?post=9655"},{"taxonomy":"post_tag","embeddable":true,"href":"https:\/\/www.worldofart.org\/arhiv.worldofart.org\/aktualno\/wp-json\/wp\/v2\/tags?post=9655"}],"curies":[{"name":"wp","href":"https:\/\/api.w.org\/{rel}","templated":true}]}}