{"id":9660,"date":"2016-11-20T14:49:30","date_gmt":"2016-11-20T12:49:30","guid":{"rendered":"http:\/\/www.worldofart.org\/aktualno\/?page_id=9660"},"modified":"2017-10-11T14:20:07","modified_gmt":"2017-10-11T12:20:07","slug":"ines-kezman-svet-umetnosti-v-svetu-programov-eu","status":"publish","type":"page","link":"https:\/\/www.worldofart.org\/arhiv.worldofart.org\/aktualno\/sestnajsto-leto-2017-2018\/seminarji-in-moduli\/ines-kezman-svet-umetnosti-v-svetu-programov-eu","title":{"rendered":"Ines Ke\u017eman, Zavod Motovila: Svet umetnosti v svetu programov EU (od evropske kulturne politike financiranja do razpisnih dokumentacij)"},"content":{"rendered":"<p>Svet umetnosti | \u0160ola za kuratorske prakse in kriti\u0161ko pisanje | Leto 16<\/p>\n<hr \/>\n<p><strong>Svet umetnosti v svetu programov EU<\/strong><br \/>\n<strong>Ines Ke\u017eman, <\/strong><strong>Zavod Motovila<\/strong><strong>: PROGRAMI FINANCIRANJA EU \u2013 USTVARJALNA EVROPA<\/strong><\/p>\n<p>&#8211; predstavitev zavoda Motovila, Centra za spodbujanje sodelovanja v kulturnih in ustvarjalnih sektorjih;<br \/>\n&#8211; kratka predstavitev sheme financiranja programov EU: decentralizirani in centralizirani razpisi, vloga Generalnega direktorata za izobra\u017eevanje, mladino, \u0161port in kulturo pri EU, vloga strokovnih komisij in kdo jih sestavlja (neodvisni strokovnjaki, iz katerih dr\u017eav);<br \/>\n&#8211; predstavitev glavnega EU vira financiranja za kulturo in umetnost: program Ustvarjalna Evropa (2014\u20132020): kako se razpis programira, cilji razpisa, upravi\u010deni prijavitelji, kaj pomeni mednarodno partnerstvo itd.);<br \/>\n&#8211; sodelovanje in uspe\u0161nost slovenskih prijaviteljev v programu Ustvarjalna Evropa: statistika, zastopanost podro\u010dja likovne in intermedijske umetnosti, razmerje med manj\u0161imi in ve\u010djimi projekti, razmerje med prijavitelji NVO in javnimi zavodi, kako se uspe\u0161ne projekte sofinancira s strani nacionalnih virov (razpisi MK).<\/p>\n<hr \/>\n<p><strong>Pogovor s predstavnico Zavoda Motovila: Ines Ke\u017eman<\/strong><br \/>\n<strong>Moderira: Du\u0161an Dov\u010d<\/strong><\/p>\n<p><strong>1) INFORMIRANJE <\/strong><\/p>\n<p>&#8211; kako poiskati pravo informacijo o programih EU (novi\u010dnik Zavoda Motovila, CED); kak\u0161no vlogo imajo javne predstavitve \/ seminarji \/ delavnice (udele\u017eence je potrebno spodbuditi, da se za\u010dnejo udele\u017eevati tega, kar se jim ponuja brezpla\u010dno); spremljanje primerov dobrih praks (uspe\u0161ni prjavitelji).<\/p>\n<p><strong>2) PRIPRAVA PRIJAVE <\/strong><\/p>\n<p>&#8211; kako poiskati partnerja;<br \/>\n&#8211; kak\u0161no vlogo imajo sestanki pred pisanjem prijave;<br \/>\n&#8211; kdo je lahko nosilec projekta in kdo partner\/soorganizator;<br \/>\n&#8211; ali znam pravilno oceniti te\u017eavnost razpisa: pregled razpisnega obrazca, pregled vseh potrebnih prilog, sestava stro\u0161kovnika; kako razdeliti delo pri pripravi prijave; primeri besedila razpisa in obrazca;<br \/>\n&#8211; kaj mi ostane, \u010de sem \u00bbpremajhen\u00ab prijavitelj; kateri EU razpisi so mi na voljo, npr. za mobilnost, kje poiskati informacije o tak\u0161nih razpisih.<\/p>\n<p><strong>3) IZVEDBA ODOBRENEGA PROJEKTA<\/strong><\/p>\n<p>&#8211; kako poteka financiranje odobrenih projektov; kje se najve\u010dkrat zatakne uspe\u0161nim prijaviteljem (npr. avansiranje, jemanje premostitvenih kreditov, odpoved partnerja);<br \/>\n&#8211; monitoring projekta s strani EU;<br \/>\n&#8211; vloga revizorja;<br \/>\n&#8211; nasvet za bodo\u010de kuratorje in kritike.<\/p>\n<hr \/>\n<p><strong>Fotografije s sre\u010danja<\/strong>. (foto: Arhiv SCCA-Ljubljana)<\/p>\n<div id='gallery-1' class='gallery galleryid-9660 gallery-columns-4 gallery-size-thumbnail'><figure class='gallery-item'>\n\t\t\t<div class='gallery-icon landscape'>\n\t\t\t\t<a href='https:\/\/www.worldofart.org\/arhiv.worldofart.org\/aktualno\/wp-content\/uploads\/2016\/11\/20170615_172704.jpg' rel=\"lightbox[9660]\"><img loading=\"lazy\" decoding=\"async\" width=\"140\" height=\"140\" src=\"https:\/\/www.worldofart.org\/arhiv.worldofart.org\/aktualno\/wp-content\/uploads\/2016\/11\/20170615_172704-150x150.jpg\" class=\"attachment-thumbnail size-thumbnail\" alt=\"\" \/><\/a>\n\t\t\t<\/div><\/figure><figure class='gallery-item'>\n\t\t\t<div class='gallery-icon landscape'>\n\t\t\t\t<a href='https:\/\/www.worldofart.org\/arhiv.worldofart.org\/aktualno\/wp-content\/uploads\/2016\/11\/20170615_191721.jpg' rel=\"lightbox[9660]\"><img loading=\"lazy\" decoding=\"async\" width=\"140\" height=\"140\" src=\"https:\/\/www.worldofart.org\/arhiv.worldofart.org\/aktualno\/wp-content\/uploads\/2016\/11\/20170615_191721-150x150.jpg\" class=\"attachment-thumbnail size-thumbnail\" alt=\"\" \/><\/a>\n\t\t\t<\/div><\/figure><figure class='gallery-item'>\n\t\t\t<div class='gallery-icon landscape'>\n\t\t\t\t<a href='https:\/\/www.worldofart.org\/arhiv.worldofart.org\/aktualno\/wp-content\/uploads\/2016\/11\/20170615_191751.jpg' rel=\"lightbox[9660]\"><img loading=\"lazy\" decoding=\"async\" width=\"140\" height=\"140\" src=\"https:\/\/www.worldofart.org\/arhiv.worldofart.org\/aktualno\/wp-content\/uploads\/2016\/11\/20170615_191751-150x150.jpg\" class=\"attachment-thumbnail size-thumbnail\" alt=\"\" \/><\/a>\n\t\t\t<\/div><\/figure><figure class='gallery-item'>\n\t\t\t<div class='gallery-icon landscape'>\n\t\t\t\t<a href='https:\/\/www.worldofart.org\/arhiv.worldofart.org\/aktualno\/wp-content\/uploads\/2016\/11\/20170615_173806-1.jpg' rel=\"lightbox[9660]\"><img loading=\"lazy\" decoding=\"async\" width=\"140\" height=\"140\" src=\"https:\/\/www.worldofart.org\/arhiv.worldofart.org\/aktualno\/wp-content\/uploads\/2016\/11\/20170615_173806-1-150x150.jpg\" class=\"attachment-thumbnail size-thumbnail\" alt=\"\" \/><\/a>\n\t\t\t<\/div><\/figure>\n\t\t<\/div>\n\n","protected":false},"excerpt":{"rendered":"<p>Svet umetnosti | \u0160ola za kuratorske prakse in kriti\u0161ko pisanje | Leto 16 Svet umetnosti v svetu programov EU Ines Ke\u017eman, Zavod Motovila: PROGRAMI FINANCIRANJA EU \u2013 USTVARJALNA EVROPA &#8211; predstavitev zavoda Motovila, Centra za spodbujanje sodelovanja v kulturnih in ustvarjalnih sektorjih; &#8211; kratka predstavitev sheme financiranja programov EU: decentralizirani in centralizirani razpisi, vloga Generalnega [&hellip;]<\/p>\n","protected":false},"author":1,"featured_media":0,"parent":9160,"menu_order":0,"comment_status":"closed","ping_status":"closed","template":"","meta":{"footnotes":""},"categories":[],"tags":[],"_links":{"self":[{"href":"https:\/\/www.worldofart.org\/arhiv.worldofart.org\/aktualno\/wp-json\/wp\/v2\/pages\/9660"}],"collection":[{"href":"https:\/\/www.worldofart.org\/arhiv.worldofart.org\/aktualno\/wp-json\/wp\/v2\/pages"}],"about":[{"href":"https:\/\/www.worldofart.org\/arhiv.worldofart.org\/aktualno\/wp-json\/wp\/v2\/types\/page"}],"author":[{"embeddable":true,"href":"https:\/\/www.worldofart.org\/arhiv.worldofart.org\/aktualno\/wp-json\/wp\/v2\/users\/1"}],"replies":[{"embeddable":true,"href":"https:\/\/www.worldofart.org\/arhiv.worldofart.org\/aktualno\/wp-json\/wp\/v2\/comments?post=9660"}],"version-history":[{"count":15,"href":"https:\/\/www.worldofart.org\/arhiv.worldofart.org\/aktualno\/wp-json\/wp\/v2\/pages\/9660\/revisions"}],"predecessor-version":[{"id":11919,"href":"https:\/\/www.worldofart.org\/arhiv.worldofart.org\/aktualno\/wp-json\/wp\/v2\/pages\/9660\/revisions\/11919"}],"up":[{"embeddable":true,"href":"https:\/\/www.worldofart.org\/arhiv.worldofart.org\/aktualno\/wp-json\/wp\/v2\/pages\/9160"}],"wp:attachment":[{"href":"https:\/\/www.worldofart.org\/arhiv.worldofart.org\/aktualno\/wp-json\/wp\/v2\/media?parent=9660"}],"wp:term":[{"taxonomy":"category","embeddable":true,"href":"https:\/\/www.worldofart.org\/arhiv.worldofart.org\/aktualno\/wp-json\/wp\/v2\/categories?post=9660"},{"taxonomy":"post_tag","embeddable":true,"href":"https:\/\/www.worldofart.org\/arhiv.worldofart.org\/aktualno\/wp-json\/wp\/v2\/tags?post=9660"}],"curies":[{"name":"wp","href":"https:\/\/api.w.org\/{rel}","templated":true}]}}