{"id":9669,"date":"2016-11-20T14:54:09","date_gmt":"2016-11-20T12:54:09","guid":{"rendered":"http:\/\/www.worldofart.org\/aktualno\/?page_id=9669"},"modified":"2018-02-28T12:59:17","modified_gmt":"2018-02-28T10:59:17","slug":"pomoc-pri-pripravi-razstav-sodobne-umetnosti","status":"publish","type":"page","link":"https:\/\/www.worldofart.org\/arhiv.worldofart.org\/aktualno\/sestnajsto-leto-2017-2018\/praksa\/pomoc-pri-pripravi-razstav-sodobne-umetnosti","title":{"rendered":"Pomo\u010d pri pripravi razstav sodobne umetnosti"},"content":{"rendered":"<p>Svet umetnosti | \u0160ola za kuratorske prakse in kriti\u0161ko pisanje | Leto 16<\/p>\n<hr \/>\n<p>Prakti\u010dni del programa je zaobjet v 2. letniku \u0161ole s pripravo in izvedbo kon\u010dne razstave. Udele\u017eenci in udele\u017eenke \u0161ole pa bodo imeli \u017ee tekom 1. letnika prilo\u017enost pridobivati prakti\u010dne izku\u0161nje na podro\u010dju snovanja in postavljanja razstave ter spremljevalnega programa ob dveh razstavah, ki ju na\u010drtujemo.<\/p>\n<p>Marca 2017 smo v Vodnikovi doma\u010diji v okviru <em>Studia 6<\/em> pripravili skupinsko razstavo <a href=\"http:\/\/www.scca-ljubljana.si\/arhiv\/neki-pise.htm\" target=\"_blank\" rel=\"noopener\"><em>Neki pi\u0161e<\/em><\/a>, ki je raziskovala vklju\u010devanje pisanega besedila v umetni\u0161ka dela, v maju pa smo v Galeriji \u0160kuc pripravili <a href=\"https:\/\/www.worldofart.org\/arhiv.worldofart.org\/aktualno\/sestnajsto-leto-2017-2018\/re-razstava\"><em>Razstavo ob dvajseti obletnici \u0161ole Svet umetnosti re-<\/em><\/a>.<\/p>\n<div id='gallery-1' class='gallery galleryid-9669 gallery-columns-5 gallery-size-thumbnail'><figure class='gallery-item'>\n\t\t\t<div class='gallery-icon landscape'>\n\t\t\t\t<a href='https:\/\/www.worldofart.org\/arhiv.worldofart.org\/aktualno\/wp-content\/uploads\/2017\/03\/postavljanje-6.jpg' rel=\"lightbox[9669]\"><img loading=\"lazy\" decoding=\"async\" width=\"140\" height=\"140\" src=\"https:\/\/www.worldofart.org\/arhiv.worldofart.org\/aktualno\/wp-content\/uploads\/2017\/03\/postavljanje-6-150x150.jpg\" class=\"attachment-thumbnail size-thumbnail\" alt=\"\" \/><\/a>\n\t\t\t<\/div><\/figure><figure class='gallery-item'>\n\t\t\t<div class='gallery-icon portrait'>\n\t\t\t\t<a href='https:\/\/www.worldofart.org\/arhiv.worldofart.org\/aktualno\/wp-content\/uploads\/2017\/03\/postavljanje-2.jpg' rel=\"lightbox[9669]\"><img loading=\"lazy\" decoding=\"async\" width=\"140\" height=\"140\" src=\"https:\/\/www.worldofart.org\/arhiv.worldofart.org\/aktualno\/wp-content\/uploads\/2017\/03\/postavljanje-2-150x150.jpg\" class=\"attachment-thumbnail size-thumbnail\" alt=\"\" \/><\/a>\n\t\t\t<\/div><\/figure><figure class='gallery-item'>\n\t\t\t<div class='gallery-icon landscape'>\n\t\t\t\t<a href='https:\/\/www.worldofart.org\/arhiv.worldofart.org\/aktualno\/wp-content\/uploads\/2017\/05\/20170504_135933.jpg' rel=\"lightbox[9669]\"><img loading=\"lazy\" decoding=\"async\" width=\"140\" height=\"140\" src=\"https:\/\/www.worldofart.org\/arhiv.worldofart.org\/aktualno\/wp-content\/uploads\/2017\/05\/20170504_135933-150x150.jpg\" class=\"attachment-thumbnail size-thumbnail\" alt=\"\" \/><\/a>\n\t\t\t<\/div><\/figure><figure class='gallery-item'>\n\t\t\t<div class='gallery-icon landscape'>\n\t\t\t\t<a href='https:\/\/www.worldofart.org\/arhiv.worldofart.org\/aktualno\/wp-content\/uploads\/2017\/05\/20170504_144016.jpg' rel=\"lightbox[9669]\"><img loading=\"lazy\" decoding=\"async\" width=\"140\" height=\"140\" src=\"https:\/\/www.worldofart.org\/arhiv.worldofart.org\/aktualno\/wp-content\/uploads\/2017\/05\/20170504_144016-150x150.jpg\" class=\"attachment-thumbnail size-thumbnail\" alt=\"\" \/><\/a>\n\t\t\t<\/div><\/figure><figure class='gallery-item'>\n\t\t\t<div class='gallery-icon landscape'>\n\t\t\t\t<a href='https:\/\/www.worldofart.org\/arhiv.worldofart.org\/aktualno\/wp-content\/uploads\/2017\/03\/postavljanje-5.jpg' rel=\"lightbox[9669]\"><img loading=\"lazy\" decoding=\"async\" width=\"140\" height=\"140\" src=\"https:\/\/www.worldofart.org\/arhiv.worldofart.org\/aktualno\/wp-content\/uploads\/2017\/03\/postavljanje-5-150x150.jpg\" class=\"attachment-thumbnail size-thumbnail\" alt=\"\" \/><\/a>\n\t\t\t<\/div><\/figure>\n\t\t<\/div>\n\n","protected":false},"excerpt":{"rendered":"<p>Svet umetnosti | \u0160ola za kuratorske prakse in kriti\u0161ko pisanje | Leto 16 Prakti\u010dni del programa je zaobjet v 2. letniku \u0161ole s pripravo in izvedbo kon\u010dne razstave. Udele\u017eenci in udele\u017eenke \u0161ole pa bodo imeli \u017ee tekom 1. letnika prilo\u017enost pridobivati prakti\u010dne izku\u0161nje na podro\u010dju snovanja in postavljanja razstave ter spremljevalnega programa ob dveh razstavah, [&hellip;]<\/p>\n","protected":false},"author":1,"featured_media":0,"parent":9158,"menu_order":0,"comment_status":"closed","ping_status":"closed","template":"","meta":{"footnotes":""},"categories":[],"tags":[],"_links":{"self":[{"href":"https:\/\/www.worldofart.org\/arhiv.worldofart.org\/aktualno\/wp-json\/wp\/v2\/pages\/9669"}],"collection":[{"href":"https:\/\/www.worldofart.org\/arhiv.worldofart.org\/aktualno\/wp-json\/wp\/v2\/pages"}],"about":[{"href":"https:\/\/www.worldofart.org\/arhiv.worldofart.org\/aktualno\/wp-json\/wp\/v2\/types\/page"}],"author":[{"embeddable":true,"href":"https:\/\/www.worldofart.org\/arhiv.worldofart.org\/aktualno\/wp-json\/wp\/v2\/users\/1"}],"replies":[{"embeddable":true,"href":"https:\/\/www.worldofart.org\/arhiv.worldofart.org\/aktualno\/wp-json\/wp\/v2\/comments?post=9669"}],"version-history":[{"count":9,"href":"https:\/\/www.worldofart.org\/arhiv.worldofart.org\/aktualno\/wp-json\/wp\/v2\/pages\/9669\/revisions"}],"predecessor-version":[{"id":12454,"href":"https:\/\/www.worldofart.org\/arhiv.worldofart.org\/aktualno\/wp-json\/wp\/v2\/pages\/9669\/revisions\/12454"}],"up":[{"embeddable":true,"href":"https:\/\/www.worldofart.org\/arhiv.worldofart.org\/aktualno\/wp-json\/wp\/v2\/pages\/9158"}],"wp:attachment":[{"href":"https:\/\/www.worldofart.org\/arhiv.worldofart.org\/aktualno\/wp-json\/wp\/v2\/media?parent=9669"}],"wp:term":[{"taxonomy":"category","embeddable":true,"href":"https:\/\/www.worldofart.org\/arhiv.worldofart.org\/aktualno\/wp-json\/wp\/v2\/categories?post=9669"},{"taxonomy":"post_tag","embeddable":true,"href":"https:\/\/www.worldofart.org\/arhiv.worldofart.org\/aktualno\/wp-json\/wp\/v2\/tags?post=9669"}],"curies":[{"name":"wp","href":"https:\/\/api.w.org\/{rel}","templated":true}]}}