{"id":9675,"date":"2016-11-20T14:56:42","date_gmt":"2016-11-20T12:56:42","guid":{"rendered":"http:\/\/www.worldofart.org\/aktualno\/?page_id=9675"},"modified":"2018-02-28T13:04:25","modified_gmt":"2018-02-28T11:04:25","slug":"virtualne-razstave","status":"publish","type":"page","link":"https:\/\/www.worldofart.org\/arhiv.worldofart.org\/aktualno\/sestnajsto-leto-2017-2018\/praksa\/virtualne-razstave","title":{"rendered":"Virtualne razstave"},"content":{"rendered":"<p>Svet umetnosti | \u0160ola za kuratorske prakse in kriti\u0161ko pisanje | Leto 16<\/p>\n<hr \/>\n<p>Po koncu prvega letnika bodo udele\u017eenci in udele\u017eenke zasnovali lastno virtualno razstavo, ki jo bodo pred za\u010detkom drugega letnika predstavili mentorjema in drugim udele\u017eencem \u0161ole. Pri snovanju razstave bodo upo\u0161tevali specifike izbranega razstavi\u0161\u010da sodobne umetnosti, v pomo\u010d pa jim bo znanje, ki ga bodo pridobili tekom prvega letnika.<\/p>\n<p>Glede na predlo\u017eeno virtualno razstavo in predhodno uspe\u0161no delo v okviru programa bomo manj\u0161o skupino udele\u017eencev in udele\u017eenk povabili k vpisu v drugi letnik \u0161ole.<\/p>\n<p><a href=\"https:\/\/www.worldofart.org\/arhiv.worldofart.org\/aktualno\/sestnajsto-leto-2017-2018\/ffffff\">Virtualne razstave udele\u017eencev in udele\u017eenk \u0161ole<\/a><\/p>\n","protected":false},"excerpt":{"rendered":"<p>Svet umetnosti | \u0160ola za kuratorske prakse in kriti\u0161ko pisanje | Leto 16 Po koncu prvega letnika bodo udele\u017eenci in udele\u017eenke zasnovali lastno virtualno razstavo, ki jo bodo pred za\u010detkom drugega letnika predstavili mentorjema in drugim udele\u017eencem \u0161ole. Pri snovanju razstave bodo upo\u0161tevali specifike izbranega razstavi\u0161\u010da sodobne umetnosti, v pomo\u010d pa jim bo znanje, ki [&hellip;]<\/p>\n","protected":false},"author":1,"featured_media":0,"parent":9158,"menu_order":0,"comment_status":"closed","ping_status":"closed","template":"","meta":{"footnotes":""},"categories":[],"tags":[],"_links":{"self":[{"href":"https:\/\/www.worldofart.org\/arhiv.worldofart.org\/aktualno\/wp-json\/wp\/v2\/pages\/9675"}],"collection":[{"href":"https:\/\/www.worldofart.org\/arhiv.worldofart.org\/aktualno\/wp-json\/wp\/v2\/pages"}],"about":[{"href":"https:\/\/www.worldofart.org\/arhiv.worldofart.org\/aktualno\/wp-json\/wp\/v2\/types\/page"}],"author":[{"embeddable":true,"href":"https:\/\/www.worldofart.org\/arhiv.worldofart.org\/aktualno\/wp-json\/wp\/v2\/users\/1"}],"replies":[{"embeddable":true,"href":"https:\/\/www.worldofart.org\/arhiv.worldofart.org\/aktualno\/wp-json\/wp\/v2\/comments?post=9675"}],"version-history":[{"count":6,"href":"https:\/\/www.worldofart.org\/arhiv.worldofart.org\/aktualno\/wp-json\/wp\/v2\/pages\/9675\/revisions"}],"predecessor-version":[{"id":12457,"href":"https:\/\/www.worldofart.org\/arhiv.worldofart.org\/aktualno\/wp-json\/wp\/v2\/pages\/9675\/revisions\/12457"}],"up":[{"embeddable":true,"href":"https:\/\/www.worldofart.org\/arhiv.worldofart.org\/aktualno\/wp-json\/wp\/v2\/pages\/9158"}],"wp:attachment":[{"href":"https:\/\/www.worldofart.org\/arhiv.worldofart.org\/aktualno\/wp-json\/wp\/v2\/media?parent=9675"}],"wp:term":[{"taxonomy":"category","embeddable":true,"href":"https:\/\/www.worldofart.org\/arhiv.worldofart.org\/aktualno\/wp-json\/wp\/v2\/categories?post=9675"},{"taxonomy":"post_tag","embeddable":true,"href":"https:\/\/www.worldofart.org\/arhiv.worldofart.org\/aktualno\/wp-json\/wp\/v2\/tags?post=9675"}],"curies":[{"name":"wp","href":"https:\/\/api.w.org\/{rel}","templated":true}]}}