{"id":9678,"date":"2016-11-20T14:57:48","date_gmt":"2016-11-20T12:57:48","guid":{"rendered":"http:\/\/www.worldofart.org\/aktualno\/?page_id=9678"},"modified":"2017-11-07T14:57:58","modified_gmt":"2017-11-07T12:57:58","slug":"alenka-gregoric-miran-mohar-kuratorski-kolegij","status":"publish","type":"page","link":"https:\/\/www.worldofart.org\/arhiv.worldofart.org\/aktualno\/sestnajsto-leto-2017-2018\/praksa\/alenka-gregoric-miran-mohar-kuratorski-kolegij","title":{"rendered":"Alenka Gregori\u010d, Miran Mohar: Kuratorski kolegij"},"content":{"rendered":"<p>Svet umetnosti | \u0160ola za kuratorske prakse in kriti\u0161ko pisanje | Leto 16<\/p>\n<hr \/>\n<p>V drugem letniku bodo udele\u017eenci in udele\u017eenke pod mentorskim vodstvom kuratorke <strong>Alenke Gregori\u010d<\/strong> in umetnika<strong> Mirana Moharja<\/strong> pripravili in izvedli svojo kon\u010dno razstavo v Galeriji \u0160kuc. Kuratorska sre\u010danja bodo pospremljena z vrsto modulov o prakti\u010dnem kuratorskem delu.<\/p>\n<p><img loading=\"lazy\" decoding=\"async\" class=\"size-large wp-image-12224 alignnone\" src=\"https:\/\/www.worldofart.org\/arhiv.worldofart.org\/aktualno\/wp-content\/uploads\/2016\/11\/20171019_162953-730x411.jpg\" alt=\"\" width=\"730\" height=\"411\" srcset=\"https:\/\/www.worldofart.org\/arhiv.worldofart.org\/aktualno\/wp-content\/uploads\/2016\/11\/20171019_162953-730x411.jpg 730w, https:\/\/www.worldofart.org\/arhiv.worldofart.org\/aktualno\/wp-content\/uploads\/2016\/11\/20171019_162953-338x190.jpg 338w, https:\/\/www.worldofart.org\/arhiv.worldofart.org\/aktualno\/wp-content\/uploads\/2016\/11\/20171019_162953-768x432.jpg 768w\" sizes=\"(max-width: 730px) 100vw, 730px\" \/><\/p>\n<hr \/>\n<p><img loading=\"lazy\" decoding=\"async\" style=\"margin: 3px 10px 5px 0px;\" src=\"https:\/\/www.worldofart.org\/arhiv.worldofart.org\/aktualno\/wp-content\/2011-13\/miran-mohar.jpg\" alt=\"Miran Mohar\" width=\"100\" height=\"100\" align=\"left\" \/><strong>Miran Mohar (1958)<\/strong><br \/>\nSlikar, oblikovalec in scenograf. \u017divi in dela v Ljubljani. Je \u010dlan skupine Irwin in so-ustanovitelj gibanja Neue Slowenische Kunst, oblikovalskega studia Novi kolektivizem in Gledali\u0161\u010da Sester Scipion Nasice. Je tudi predavatelj na Akademiji za vizualne umetnosti Ljubljana in njen prodekan ter so-ustanovitelj gibanja Maja Farol za odprto arhitekturo.<\/p>\n<p><img loading=\"lazy\" decoding=\"async\" class=\"alignleft size-full wp-image-8081\" style=\"margin: 3px 10px 5px 0px;\" title=\"Alenka Gregori\u010d, foto: Mavric Pivk\/Delo\" src=\"https:\/\/www.worldofart.org\/arhiv.worldofart.org\/aktualno\/wp-content\/uploads\/2015\/10\/alenka-gregoric.jpg\" alt=\"\" width=\"100\" height=\"100\" \/><strong>Alenka Gregori\u010d (1976)<\/strong><br \/>\nUmetnostna zgodovinarka, kuratorka in piska. Med leti 2003 in 2009 je bila umetni\u0161ka vodja Galerije \u0160kuc, od leta 2010 pa je umetni\u0161ka vodja Mestne galerije Ljubljana in Toba\u010dne 001 \u2013 Muzej in galerije mesta Ljubljane. V letu 2009 je kurirala slovenski paviljon na bene\u0161kem bienalu in sokurirala 28. Grafi\u010dni bienale v Ljubljani, leta 2011 je z Galit Eilat sokurirala <em>52. Oktobrski salon<\/em> v Beogradu, v 2014 pa je bila ena od kuratork projekta <em>Curated by_Vienna<\/em>. Kurirala je ve\u010d kot petdeset samostojnih in skupinskih razstav v Sloveniji in v tujini, kjer so med drugimi razstavljali tudi Vuk \u0106osi\u0107, Jan Fabre, Omer Fast, Harun Farocki, Vadim Fi\u0161kin, Irwin, Jannis Kounellis, Rabih Morue, Ivan Moudov, Marjetica Potr\u010d, Mladen Stilinovi\u0107, Ra\u0161a Todosojevi\u0107, Bill Viola, Katarina Zdjelar in \u0161tevilni drugi. Napisala tudi \u0161tevilne eseje, kritike in \u010dlanke za razli\u010dne knjige umetnikov, kataloge in druge publikacije.\u00a0 Osrednja to\u010dka njenega zanimanja je predvsem odgovornost institucij in posameznikov, ki ustvarjajo sodobno umetnost, kakor tudi njihova vloga v sodobni dru\u017ebi.<\/p>\n","protected":false},"excerpt":{"rendered":"<p>Svet umetnosti | \u0160ola za kuratorske prakse in kriti\u0161ko pisanje | Leto 16 V drugem letniku bodo udele\u017eenci in udele\u017eenke pod mentorskim vodstvom kuratorke Alenke Gregori\u010d in umetnika Mirana Moharja pripravili in izvedli svojo kon\u010dno razstavo v Galeriji \u0160kuc. Kuratorska sre\u010danja bodo pospremljena z vrsto modulov o prakti\u010dnem kuratorskem delu. Miran Mohar (1958) Slikar, oblikovalec [&hellip;]<\/p>\n","protected":false},"author":1,"featured_media":0,"parent":9158,"menu_order":0,"comment_status":"closed","ping_status":"closed","template":"","meta":{"footnotes":""},"categories":[],"tags":[],"_links":{"self":[{"href":"https:\/\/www.worldofart.org\/arhiv.worldofart.org\/aktualno\/wp-json\/wp\/v2\/pages\/9678"}],"collection":[{"href":"https:\/\/www.worldofart.org\/arhiv.worldofart.org\/aktualno\/wp-json\/wp\/v2\/pages"}],"about":[{"href":"https:\/\/www.worldofart.org\/arhiv.worldofart.org\/aktualno\/wp-json\/wp\/v2\/types\/page"}],"author":[{"embeddable":true,"href":"https:\/\/www.worldofart.org\/arhiv.worldofart.org\/aktualno\/wp-json\/wp\/v2\/users\/1"}],"replies":[{"embeddable":true,"href":"https:\/\/www.worldofart.org\/arhiv.worldofart.org\/aktualno\/wp-json\/wp\/v2\/comments?post=9678"}],"version-history":[{"count":10,"href":"https:\/\/www.worldofart.org\/arhiv.worldofart.org\/aktualno\/wp-json\/wp\/v2\/pages\/9678\/revisions"}],"predecessor-version":[{"id":12225,"href":"https:\/\/www.worldofart.org\/arhiv.worldofart.org\/aktualno\/wp-json\/wp\/v2\/pages\/9678\/revisions\/12225"}],"up":[{"embeddable":true,"href":"https:\/\/www.worldofart.org\/arhiv.worldofart.org\/aktualno\/wp-json\/wp\/v2\/pages\/9158"}],"wp:attachment":[{"href":"https:\/\/www.worldofart.org\/arhiv.worldofart.org\/aktualno\/wp-json\/wp\/v2\/media?parent=9678"}],"wp:term":[{"taxonomy":"category","embeddable":true,"href":"https:\/\/www.worldofart.org\/arhiv.worldofart.org\/aktualno\/wp-json\/wp\/v2\/categories?post=9678"},{"taxonomy":"post_tag","embeddable":true,"href":"https:\/\/www.worldofart.org\/arhiv.worldofart.org\/aktualno\/wp-json\/wp\/v2\/tags?post=9678"}],"curies":[{"name":"wp","href":"https:\/\/api.w.org\/{rel}","templated":true}]}}