{"id":9681,"date":"2016-11-20T14:58:57","date_gmt":"2016-11-20T12:58:57","guid":{"rendered":"http:\/\/www.worldofart.org\/aktualno\/?page_id=9681"},"modified":"2017-10-11T14:26:13","modified_gmt":"2017-10-11T12:26:13","slug":"moduli-o-prakticnem-delu-kuratorja-in-snovanju-razstave","status":"publish","type":"page","link":"https:\/\/www.worldofart.org\/arhiv.worldofart.org\/aktualno\/sestnajsto-leto-2017-2018\/praksa\/moduli-o-prakticnem-delu-kuratorja-in-snovanju-razstave","title":{"rendered":"Moduli o prakti\u010dnem delu kuratorja in snovanju razstave"},"content":{"rendered":"<p>Svet umetnosti | \u0160ola za kuratorske prakse in kriti\u0161ko pisanje | Leto 16<\/p>\n<hr \/>\n<ul>\n<li><a href=\"https:\/\/www.worldofart.org\/arhiv.worldofart.org\/aktualno\/sestnajsto-leto-2017-2018\/seminarji-in-moduli\/dusan-dovc-producent-v-sodobni-likovni-umetnosti\">Du\u0161an Dov\u010d: Producent v sodobni vizualni umetnosti<\/a><\/li>\n<li><a href=\"https:\/\/www.worldofart.org\/arhiv.worldofart.org\/aktualno\/sestnajsto-leto-2017-2018\/seminarji-in-moduli\/polona-lovsin-upravljanje-sponzorskih-sredstev\">Polona Lov\u0161in: Upravljanje sponzorskih sredstev<\/a><\/li>\n<li><a href=\"https:\/\/www.worldofart.org\/arhiv.worldofart.org\/aktualno\/uros-bonsek\">Uro\u0161 Bon\u0161ek: Odnosi z javnostmi za razstavo sodobne umetnosti<\/a><\/li>\n<li><a href=\"https:\/\/www.worldofart.org\/arhiv.worldofart.org\/aktualno\/sestnajsto-leto-2017-2018\/seminarji-in-moduli\/dusan-dovc-priprava-financnega-nacrta-za-razstavo-sodobne-umetnosti\">Du\u0161an Dov\u010d: Priprava finan\u010dnega na\u010drta za razstavo sodobne umetnosti<\/a><\/li>\n<li><a href=\"https:\/\/www.worldofart.org\/arhiv.worldofart.org\/aktualno\/sestnajsto-leto-2017-2018\/seminarji-in-moduli\/miha-kelemina-priprava-tehnicnega-nacrta-za-razstavo-sodobne-umetnosti\">Miha Kelemina: Priprava tehni\u010dnega na\u010drta za razstavo sodobne umetnosti<\/a><\/li>\n<li><a href=\"https:\/\/www.worldofart.org\/arhiv.worldofart.org\/aktualno\/lara-plavcak-optimizacija-besedila\" rel=\"noopener\">Lara Plav\u010dak: Optimizacija besedila<\/a><\/li>\n<li><a href=\"https:\/\/www.worldofart.org\/arhiv.worldofart.org\/aktualno\/vesna-bukovec-oblikovanje-razstave\">Vesna Bukovec: Oblikovanje razstave<\/a><\/li>\n<li><a href=\"https:\/\/www.worldofart.org\/arhiv.worldofart.org\/aktualno\/sestnajsto-leto-2017-2018\/seminarji-in-moduli\/barbara-borcic-katalog-pogled-urednika\">Barbara Bor\u010di\u0107: Katalog. Pogled urednika<\/a><\/li>\n<li><a href=\"https:\/\/www.worldofart.org\/arhiv.worldofart.org\/aktualno\/sestnajsto-leto-2017-2018\/seminarji-in-moduli\/katja-kranjc-knjiznica\">Katja Kranjc: Knji\u017enica MG+MSUM<\/a><\/li>\n<\/ul>\n","protected":false},"excerpt":{"rendered":"<p>Svet umetnosti | \u0160ola za kuratorske prakse in kriti\u0161ko pisanje | Leto 16 Du\u0161an Dov\u010d: Producent v sodobni vizualni umetnosti Polona Lov\u0161in: Upravljanje sponzorskih sredstev Uro\u0161 Bon\u0161ek: Odnosi z javnostmi za razstavo sodobne umetnosti Du\u0161an Dov\u010d: Priprava finan\u010dnega na\u010drta za razstavo sodobne umetnosti Miha Kelemina: Priprava tehni\u010dnega na\u010drta za razstavo sodobne umetnosti Lara Plav\u010dak: Optimizacija [&hellip;]<\/p>\n","protected":false},"author":1,"featured_media":0,"parent":9158,"menu_order":0,"comment_status":"closed","ping_status":"closed","template":"","meta":{"footnotes":""},"categories":[],"tags":[],"_links":{"self":[{"href":"https:\/\/www.worldofart.org\/arhiv.worldofart.org\/aktualno\/wp-json\/wp\/v2\/pages\/9681"}],"collection":[{"href":"https:\/\/www.worldofart.org\/arhiv.worldofart.org\/aktualno\/wp-json\/wp\/v2\/pages"}],"about":[{"href":"https:\/\/www.worldofart.org\/arhiv.worldofart.org\/aktualno\/wp-json\/wp\/v2\/types\/page"}],"author":[{"embeddable":true,"href":"https:\/\/www.worldofart.org\/arhiv.worldofart.org\/aktualno\/wp-json\/wp\/v2\/users\/1"}],"replies":[{"embeddable":true,"href":"https:\/\/www.worldofart.org\/arhiv.worldofart.org\/aktualno\/wp-json\/wp\/v2\/comments?post=9681"}],"version-history":[{"count":4,"href":"https:\/\/www.worldofart.org\/arhiv.worldofart.org\/aktualno\/wp-json\/wp\/v2\/pages\/9681\/revisions"}],"predecessor-version":[{"id":12043,"href":"https:\/\/www.worldofart.org\/arhiv.worldofart.org\/aktualno\/wp-json\/wp\/v2\/pages\/9681\/revisions\/12043"}],"up":[{"embeddable":true,"href":"https:\/\/www.worldofart.org\/arhiv.worldofart.org\/aktualno\/wp-json\/wp\/v2\/pages\/9158"}],"wp:attachment":[{"href":"https:\/\/www.worldofart.org\/arhiv.worldofart.org\/aktualno\/wp-json\/wp\/v2\/media?parent=9681"}],"wp:term":[{"taxonomy":"category","embeddable":true,"href":"https:\/\/www.worldofart.org\/arhiv.worldofart.org\/aktualno\/wp-json\/wp\/v2\/categories?post=9681"},{"taxonomy":"post_tag","embeddable":true,"href":"https:\/\/www.worldofart.org\/arhiv.worldofart.org\/aktualno\/wp-json\/wp\/v2\/tags?post=9681"}],"curies":[{"name":"wp","href":"https:\/\/api.w.org\/{rel}","templated":true}]}}