{"id":9684,"date":"2016-11-20T15:02:41","date_gmt":"2016-11-20T13:02:41","guid":{"rendered":"http:\/\/www.worldofart.org\/aktualno\/?page_id=9684"},"modified":"2018-04-11T13:12:07","modified_gmt":"2018-04-11T11:12:07","slug":"koncna-razstava","status":"publish","type":"page","link":"https:\/\/www.worldofart.org\/arhiv.worldofart.org\/aktualno\/sestnajsto-leto-2017-2018\/praksa\/koncna-razstava","title":{"rendered":"Kon\u010dna razstava"},"content":{"rendered":"<p>Svet umetnosti | \u0160ola za kuratorske prakse in kriti\u0161ko pisanje | Leto 16<\/p>\n<hr \/>\n<p>Kon\u010dna razstava sodobne umetnosti je kon\u010dni rezultat in obenem sklep dvoletnega izobra\u017eevanja aktualnega letnika.<\/p>\n<p>Udele\u017eenci in udele\u017eenke bodo na tedenskih kuratorskih sre\u010danjih z Alenko Gregori\u010d in Miranom Moharjem zasnovali razstavo in njene spremljevalne dogodke. Izbrali bodo umetnike in umetnice, spisali spremno besedilo in opremo razstave, v skupinah pa bodo pripravili tehni\u010dni na\u010drt, na\u010drt odnosov z javnostmi, posku\u0161ali pridobiti dodatna finan\u010dna sredstva, pripravili publikacijo, idr.<\/p>\n<p><a href=\"https:\/\/www.worldofart.org\/arhiv.worldofart.org\/aktualno\/koncne-razstave\">Ve\u010d o kon\u010dnih razstavah udele\u017eenk in udele\u017eencev \u0161ole <em>Svet umetnosti<\/em>.<\/a><\/p>\n<hr \/>\n<p>Kon\u010dno razstavo 16. leta Sveta umetnosti podpirata <a href=\"https:\/\/www.ljubljana.si\/sl\/mestna-obcina\/mestna-uprava\/oddelki\/oddelek-za-kulturo\/\" target=\"_blank\" rel=\"noopener\">Mestna ob\u010dina Ljubljana, Oddelek za kulturo<\/a>, <a href=\"http:\/\/www.mk.gov.si\/\" target=\"_blank\" rel=\"noopener\">Ministrstvo za kulturo Republike Slovenije<\/a>.<br \/>\n<a href=\"http:\/\/www.mk.gov.si\/\" target=\"_blank\" rel=\"noopener\"><img loading=\"lazy\" decoding=\"async\" class=\"wp-image-8089 alignnone\" title=\"Ministrstvo za kulturo\" src=\"https:\/\/www.worldofart.org\/arhiv.worldofart.org\/aktualno\/wp-content\/uploads\/2010\/02\/Ministrstvo-za-kulturo.jpg\" alt=\"\" width=\"207\" height=\"57\" \/><\/a> <a href=\"https:\/\/www.ljubljana.si\/sl\/mestna-obcina\/mestna-uprava\/oddelki\/oddelek-za-kulturo\/\" target=\"_blank\" rel=\"noopener\"><img loading=\"lazy\" decoding=\"async\" class=\"wp-image-12506 alignnone\" src=\"https:\/\/www.worldofart.org\/arhiv.worldofart.org\/aktualno\/wp-content\/uploads\/2018\/03\/grb-730x377.gif\" alt=\"\" width=\"131\" height=\"68\" srcset=\"https:\/\/www.worldofart.org\/arhiv.worldofart.org\/aktualno\/wp-content\/uploads\/2018\/03\/grb-730x377.gif 730w, https:\/\/www.worldofart.org\/arhiv.worldofart.org\/aktualno\/wp-content\/uploads\/2018\/03\/grb-338x175.gif 338w, https:\/\/www.worldofart.org\/arhiv.worldofart.org\/aktualno\/wp-content\/uploads\/2018\/03\/grb-768x397.gif 768w\" sizes=\"(max-width: 131px) 100vw, 131px\" \/><\/a><br \/>\n<strong>Sponzorji razstave<\/strong>: <a href=\"http:\/\/www.riko.si\/si\/podjetje\" target=\"_blank\" rel=\"noopener\">Riko, d. o. o.<\/a>, <a href=\"https:\/\/www.zav-sava.si\/\" target=\"_blank\" rel=\"noopener\">Zavarovalnica Sava, d. d.<\/a>, <a href=\"http:\/\/www.newmoment.si\/\" target=\"_blank\" rel=\"noopener\">New Moment d. o. o.<\/a> in <a href=\"https:\/\/www.elektro-ljubljana.si\/\" target=\"_blank\" rel=\"noopener\">Elektro Ljubljana d. d.<\/a>.<\/p>\n<p><a href=\"https:\/\/www.elektro-ljubljana.si\/\" target=\"_blank\" rel=\"noopener\"><img loading=\"lazy\" decoding=\"async\" class=\"wp-image-12623 alignleft\" src=\"https:\/\/www.worldofart.org\/arhiv.worldofart.org\/aktualno\/wp-content\/uploads\/2018\/04\/elektro_logo-730x298.jpg\" alt=\"\" width=\"117\" height=\"48\" srcset=\"https:\/\/www.worldofart.org\/arhiv.worldofart.org\/aktualno\/wp-content\/uploads\/2018\/04\/elektro_logo-730x298.jpg 730w, https:\/\/www.worldofart.org\/arhiv.worldofart.org\/aktualno\/wp-content\/uploads\/2018\/04\/elektro_logo-338x138.jpg 338w, https:\/\/www.worldofart.org\/arhiv.worldofart.org\/aktualno\/wp-content\/uploads\/2018\/04\/elektro_logo-768x313.jpg 768w, https:\/\/www.worldofart.org\/arhiv.worldofart.org\/aktualno\/wp-content\/uploads\/2018\/04\/elektro_logo.jpg 1526w\" sizes=\"(max-width: 117px) 100vw, 117px\" \/><\/a><a href=\"http:\/\/www.newmoment.si\" target=\"_blank\" rel=\"noopener\"><img loading=\"lazy\" decoding=\"async\" class=\"wp-image-12503 alignleft\" src=\"https:\/\/www.worldofart.org\/arhiv.worldofart.org\/aktualno\/wp-content\/uploads\/2018\/03\/NMYR_LOGO-BASIC-730x148.jpg\" alt=\"\" width=\"206\" height=\"42\" srcset=\"https:\/\/www.worldofart.org\/arhiv.worldofart.org\/aktualno\/wp-content\/uploads\/2018\/03\/NMYR_LOGO-BASIC-730x148.jpg 730w, https:\/\/www.worldofart.org\/arhiv.worldofart.org\/aktualno\/wp-content\/uploads\/2018\/03\/NMYR_LOGO-BASIC-338x68.jpg 338w, https:\/\/www.worldofart.org\/arhiv.worldofart.org\/aktualno\/wp-content\/uploads\/2018\/03\/NMYR_LOGO-BASIC-768x155.jpg 768w\" sizes=\"(max-width: 206px) 100vw, 206px\" \/><\/a><a href=\"http:\/\/www.riko.si\/si\/podjetje\" target=\"_blank\" rel=\"noopener\"><img loading=\"lazy\" decoding=\"async\" class=\"wp-image-12624 alignleft\" src=\"https:\/\/www.worldofart.org\/arhiv.worldofart.org\/aktualno\/wp-content\/uploads\/2018\/04\/RIKOslogan-730x324.png\" alt=\"\" width=\"140\" height=\"62\" srcset=\"https:\/\/www.worldofart.org\/arhiv.worldofart.org\/aktualno\/wp-content\/uploads\/2018\/04\/RIKOslogan-730x324.png 730w, https:\/\/www.worldofart.org\/arhiv.worldofart.org\/aktualno\/wp-content\/uploads\/2018\/04\/RIKOslogan-338x150.png 338w, https:\/\/www.worldofart.org\/arhiv.worldofart.org\/aktualno\/wp-content\/uploads\/2018\/04\/RIKOslogan-768x341.png 768w, https:\/\/www.worldofart.org\/arhiv.worldofart.org\/aktualno\/wp-content\/uploads\/2018\/04\/RIKOslogan.png 1181w\" sizes=\"(max-width: 140px) 100vw, 140px\" \/><\/a><a href=\"https:\/\/www.zav-sava.si\/\" target=\"_blank\" rel=\"noopener\"><img loading=\"lazy\" decoding=\"async\" class=\"alignleft wp-image-12633\" src=\"https:\/\/www.worldofart.org\/arhiv.worldofart.org\/aktualno\/wp-content\/uploads\/2018\/04\/Logo-color-Sava-730x268.jpg\" alt=\"\" width=\"142\" height=\"52\" srcset=\"https:\/\/www.worldofart.org\/arhiv.worldofart.org\/aktualno\/wp-content\/uploads\/2018\/04\/Logo-color-Sava-730x268.jpg 730w, https:\/\/www.worldofart.org\/arhiv.worldofart.org\/aktualno\/wp-content\/uploads\/2018\/04\/Logo-color-Sava-338x124.jpg 338w, https:\/\/www.worldofart.org\/arhiv.worldofart.org\/aktualno\/wp-content\/uploads\/2018\/04\/Logo-color-Sava-768x282.jpg 768w, https:\/\/www.worldofart.org\/arhiv.worldofart.org\/aktualno\/wp-content\/uploads\/2018\/04\/Logo-color-Sava.jpg 1082w\" sizes=\"(max-width: 142px) 100vw, 142px\" \/><\/a><\/p>\n","protected":false},"excerpt":{"rendered":"<p>Svet umetnosti | \u0160ola za kuratorske prakse in kriti\u0161ko pisanje | Leto 16 Kon\u010dna razstava sodobne umetnosti je kon\u010dni rezultat in obenem sklep dvoletnega izobra\u017eevanja aktualnega letnika. Udele\u017eenci in udele\u017eenke bodo na tedenskih kuratorskih sre\u010danjih z Alenko Gregori\u010d in Miranom Moharjem zasnovali razstavo in njene spremljevalne dogodke. Izbrali bodo umetnike in umetnice, spisali spremno besedilo [&hellip;]<\/p>\n","protected":false},"author":1,"featured_media":0,"parent":9158,"menu_order":0,"comment_status":"closed","ping_status":"closed","template":"","meta":{"footnotes":""},"categories":[],"tags":[],"_links":{"self":[{"href":"https:\/\/www.worldofart.org\/arhiv.worldofart.org\/aktualno\/wp-json\/wp\/v2\/pages\/9684"}],"collection":[{"href":"https:\/\/www.worldofart.org\/arhiv.worldofart.org\/aktualno\/wp-json\/wp\/v2\/pages"}],"about":[{"href":"https:\/\/www.worldofart.org\/arhiv.worldofart.org\/aktualno\/wp-json\/wp\/v2\/types\/page"}],"author":[{"embeddable":true,"href":"https:\/\/www.worldofart.org\/arhiv.worldofart.org\/aktualno\/wp-json\/wp\/v2\/users\/1"}],"replies":[{"embeddable":true,"href":"https:\/\/www.worldofart.org\/arhiv.worldofart.org\/aktualno\/wp-json\/wp\/v2\/comments?post=9684"}],"version-history":[{"count":23,"href":"https:\/\/www.worldofart.org\/arhiv.worldofart.org\/aktualno\/wp-json\/wp\/v2\/pages\/9684\/revisions"}],"predecessor-version":[{"id":12655,"href":"https:\/\/www.worldofart.org\/arhiv.worldofart.org\/aktualno\/wp-json\/wp\/v2\/pages\/9684\/revisions\/12655"}],"up":[{"embeddable":true,"href":"https:\/\/www.worldofart.org\/arhiv.worldofart.org\/aktualno\/wp-json\/wp\/v2\/pages\/9158"}],"wp:attachment":[{"href":"https:\/\/www.worldofart.org\/arhiv.worldofart.org\/aktualno\/wp-json\/wp\/v2\/media?parent=9684"}],"wp:term":[{"taxonomy":"category","embeddable":true,"href":"https:\/\/www.worldofart.org\/arhiv.worldofart.org\/aktualno\/wp-json\/wp\/v2\/categories?post=9684"},{"taxonomy":"post_tag","embeddable":true,"href":"https:\/\/www.worldofart.org\/arhiv.worldofart.org\/aktualno\/wp-json\/wp\/v2\/tags?post=9684"}],"curies":[{"name":"wp","href":"https:\/\/api.w.org\/{rel}","templated":true}]}}