{"id":9802,"date":"2016-11-22T23:31:27","date_gmt":"2016-11-22T21:31:27","guid":{"rendered":"http:\/\/www.worldofart.org\/aktualno\/?page_id=9802"},"modified":"2018-08-16T15:28:53","modified_gmt":"2018-08-16T13:28:53","slug":"prijavnica","status":"publish","type":"page","link":"https:\/\/www.worldofart.org\/arhiv.worldofart.org\/aktualno\/prijavnica","title":{"rendered":"Prijavnica za 17. leto Sveta umetnosti 2018\/2020"},"content":{"rendered":"<p>Preden izpolnite prijavnico, si preberite ve\u010d <a href=\"https:\/\/www.worldofart.org\/arhiv.worldofart.org\/aktualno\/vpis\">o vpisu in \u0161olnini<\/a>.<\/p>\n<p>Pozor, potrebno je izpolniti vsa polja.<\/p>\n\n<div class=\"wpcf7 no-js\" id=\"wpcf7-f13564-o1\" lang=\"sl-SI\" dir=\"ltr\">\n<div class=\"screen-reader-response\"><p role=\"status\" aria-live=\"polite\" aria-atomic=\"true\"><\/p> <ul><\/ul><\/div>\n<form action=\"\/arhiv.worldofart.org\/aktualno\/wp-json\/wp\/v2\/pages\/9802#wpcf7-f13564-o1\" method=\"post\" class=\"wpcf7-form init\" aria-label=\"Contact form\" enctype=\"multipart\/form-data\" novalidate=\"novalidate\" data-status=\"init\">\n<div style=\"display: none;\">\n<input type=\"hidden\" name=\"_wpcf7\" value=\"13564\" \/>\n<input type=\"hidden\" name=\"_wpcf7_version\" value=\"5.8.7\" \/>\n<input type=\"hidden\" name=\"_wpcf7_locale\" value=\"sl_SI\" \/>\n<input type=\"hidden\" name=\"_wpcf7_unit_tag\" value=\"wpcf7-f13564-o1\" \/>\n<input type=\"hidden\" name=\"_wpcf7_container_post\" value=\"0\" \/>\n<input type=\"hidden\" name=\"_wpcf7_posted_data_hash\" value=\"\" \/>\n<\/div>\n<p><label> Ime in priimek:<\/label><br \/>\n<span class=\"wpcf7-form-control-wrap\" data-name=\"ime-in-priimek\"><input size=\"40\" class=\"wpcf7-form-control wpcf7-text wpcf7-validates-as-required\" aria-required=\"true\" aria-invalid=\"false\" value=\"\" type=\"text\" name=\"ime-in-priimek\" \/><\/span>\n<\/p>\n<p><label> Datum in kraj rojstva:<\/label><br \/>\n<span class=\"wpcf7-form-control-wrap\" data-name=\"datum-in-kraj-rojstva\"><input size=\"40\" class=\"wpcf7-form-control wpcf7-text wpcf7-validates-as-required\" aria-required=\"true\" aria-invalid=\"false\" value=\"\" type=\"text\" name=\"datum-in-kraj-rojstva\" \/><\/span>\n<\/p>\n<p><label> Naslov:<\/label><br \/>\n<span class=\"wpcf7-form-control-wrap\" data-name=\"naslov\"><input size=\"40\" class=\"wpcf7-form-control wpcf7-text wpcf7-validates-as-required\" aria-required=\"true\" aria-invalid=\"false\" value=\"\" type=\"text\" name=\"naslov\" \/><\/span>\n<\/p>\n<p><label> Telefon:<\/label><br \/>\n<span class=\"wpcf7-form-control-wrap\" data-name=\"telefon\"><input size=\"40\" class=\"wpcf7-form-control wpcf7-tel wpcf7-validates-as-required wpcf7-text wpcf7-validates-as-tel\" aria-required=\"true\" aria-invalid=\"false\" value=\"\" type=\"tel\" name=\"telefon\" \/><\/span>\n<\/p>\n<p><label> E-po\u0161ta:<\/label><br \/>\n<span class=\"wpcf7-form-control-wrap\" data-name=\"e-posta\"><input size=\"40\" class=\"wpcf7-form-control wpcf7-email wpcf7-validates-as-required wpcf7-text wpcf7-validates-as-email\" aria-required=\"true\" aria-invalid=\"false\" value=\"\" type=\"email\" name=\"e-posta\" \/><\/span>\n<\/p>\n<p><label> Status:<\/label><br \/>\n<span class=\"wpcf7-form-control-wrap\" data-name=\"status2\"><span class=\"wpcf7-form-control wpcf7-radio\"><span class=\"wpcf7-list-item first\"><input type=\"radio\" name=\"status2\" value=\"\u0161tudent\/_ka\" checked=\"checked\" \/><span class=\"wpcf7-list-item-label\">\u0161tudent\/_ka<\/span><\/span><span class=\"wpcf7-list-item\"><input type=\"radio\" name=\"status2\" value=\"brezposeln\/_a\" \/><span class=\"wpcf7-list-item-label\">brezposeln\/_a<\/span><\/span><span class=\"wpcf7-list-item\"><input type=\"radio\" name=\"status2\" value=\"samozaposlen\/_a\" \/><span class=\"wpcf7-list-item-label\">samozaposlen\/_a<\/span><\/span><span class=\"wpcf7-list-item\"><input type=\"radio\" name=\"status2\" value=\"zaposeln\/_a\" \/><span class=\"wpcf7-list-item-label\">zaposeln\/_a<\/span><\/span><span class=\"wpcf7-list-item last\"><input type=\"radio\" name=\"status2\" value=\"drugo\" \/><span class=\"wpcf7-list-item-label\">drugo<\/span><\/span><\/span><\/span>\n<\/p>\n<p><label>Prijavnici prilo\u017eite:<\/label><br \/>\n<label>- \u017eivljenjepis<\/label><br \/>\n<span class=\"wpcf7-form-control-wrap\" data-name=\"zivljenjepis\"><input size=\"40\" class=\"wpcf7-form-control wpcf7-file wpcf7-validates-as-required\" accept=\".doc,.docx,.pdf,.txt\" aria-required=\"true\" aria-invalid=\"false\" type=\"file\" name=\"zivljenjepis\" \/><\/span>\n<\/p>\n<p><label>- motivacijsko pismo<\/label><br \/>\n<span class=\"wpcf7-form-control-wrap\" data-name=\"motivacijsko-pismo\"><input size=\"40\" class=\"wpcf7-form-control wpcf7-file wpcf7-validates-as-required\" accept=\".doc,.docx,.pdf,.txt\" aria-required=\"true\" aria-invalid=\"false\" type=\"file\" name=\"motivacijsko-pismo\" \/><\/span>\n<\/p>\n<p><em>Velikost posemezne datoteke (formati: doc\/docx\/pdf\/txt) mora biti manj\u0161a od 3MB.<\/em>\n<\/p>\n<p><input class=\"wpcf7-form-control wpcf7-submit has-spinner\" type=\"submit\" value=\"Po\u0161lji\" \/>\n<\/p><p style=\"display: none !important;\" class=\"akismet-fields-container\" data-prefix=\"_wpcf7_ak_\"><label>&#916;<textarea name=\"_wpcf7_ak_hp_textarea\" cols=\"45\" rows=\"8\" maxlength=\"100\"><\/textarea><\/label><input type=\"hidden\" id=\"ak_js_1\" name=\"_wpcf7_ak_js\" value=\"244\"\/><script>document.getElementById( \"ak_js_1\" ).setAttribute( \"value\", ( new Date() ).getTime() );<\/script><\/p><div class=\"wpcf7-response-output\" aria-hidden=\"true\"><\/div>\n<\/form>\n<\/div>\n\n<hr \/>\n<p>V primeru te\u017eav z izpolnjevanjem zgornjega obrazca in nalaganjem prilog po\u0161ljite vse informacije iz prijavnice, skupaj s prilogami, na <a href=\"mailto:svetumetnosti@scca-ljubljana.si\" rel=\"noopener\" target=\"_blank\">svetumetnosti@scca-ljubljana.si<\/a><\/p>\n","protected":false},"excerpt":{"rendered":"<p>Preden izpolnite prijavnico, si preberite ve\u010d o vpisu in \u0161olnini. Pozor, potrebno je izpolniti vsa polja. V primeru te\u017eav z izpolnjevanjem zgornjega obrazca in nalaganjem prilog po\u0161ljite vse informacije iz prijavnice, skupaj s prilogami, na svetumetnosti@scca-ljubljana.si<\/p>\n","protected":false},"author":1,"featured_media":0,"parent":0,"menu_order":0,"comment_status":"closed","ping_status":"closed","template":"","meta":{"footnotes":""},"categories":[],"tags":[],"_links":{"self":[{"href":"https:\/\/www.worldofart.org\/arhiv.worldofart.org\/aktualno\/wp-json\/wp\/v2\/pages\/9802"}],"collection":[{"href":"https:\/\/www.worldofart.org\/arhiv.worldofart.org\/aktualno\/wp-json\/wp\/v2\/pages"}],"about":[{"href":"https:\/\/www.worldofart.org\/arhiv.worldofart.org\/aktualno\/wp-json\/wp\/v2\/types\/page"}],"author":[{"embeddable":true,"href":"https:\/\/www.worldofart.org\/arhiv.worldofart.org\/aktualno\/wp-json\/wp\/v2\/users\/1"}],"replies":[{"embeddable":true,"href":"https:\/\/www.worldofart.org\/arhiv.worldofart.org\/aktualno\/wp-json\/wp\/v2\/comments?post=9802"}],"version-history":[{"count":8,"href":"https:\/\/www.worldofart.org\/arhiv.worldofart.org\/aktualno\/wp-json\/wp\/v2\/pages\/9802\/revisions"}],"predecessor-version":[{"id":13569,"href":"https:\/\/www.worldofart.org\/arhiv.worldofart.org\/aktualno\/wp-json\/wp\/v2\/pages\/9802\/revisions\/13569"}],"wp:attachment":[{"href":"https:\/\/www.worldofart.org\/arhiv.worldofart.org\/aktualno\/wp-json\/wp\/v2\/media?parent=9802"}],"wp:term":[{"taxonomy":"category","embeddable":true,"href":"https:\/\/www.worldofart.org\/arhiv.worldofart.org\/aktualno\/wp-json\/wp\/v2\/categories?post=9802"},{"taxonomy":"post_tag","embeddable":true,"href":"https:\/\/www.worldofart.org\/arhiv.worldofart.org\/aktualno\/wp-json\/wp\/v2\/tags?post=9802"}],"curies":[{"name":"wp","href":"https:\/\/api.w.org\/{rel}","templated":true}]}}