{"id":9826,"date":"2016-11-24T11:32:08","date_gmt":"2016-11-24T09:32:08","guid":{"rendered":"http:\/\/www.worldofart.org\/aktualno\/?page_id=9826"},"modified":"2019-12-12T18:46:46","modified_gmt":"2019-12-12T16:46:46","slug":"polona-lovsin-upravljanje-sponzorskih-sredstev","status":"publish","type":"page","link":"https:\/\/www.worldofart.org\/arhiv.worldofart.org\/aktualno\/sestnajsto-leto-2017-2018\/seminarji-in-moduli\/polona-lovsin-upravljanje-sponzorskih-sredstev","title":{"rendered":"Polona Lov\u0161in: Prilo\u017enosti za sodelovanje z gospodarstvom"},"content":{"rendered":"<p>Svet umetnosti | \u0160ola za kuratorske prakse in kriti\u0161ko pisanje | Leto 16<\/p>\n<hr \/>\n<p>Na delavnici <em>Prilo\u017enosti za sodelovanje z gospodarstvom<\/em> se bodo udele\u017eenci seznanili s mo\u017enimi perspektivami sodelovanj z gospodarstvom. Spoznali bodo vzvode in na\u010dine, na podlagi katerih bodo oblikovali donatorske oz. sponzorske nagovore, ter razvili ves potreben aparat za izpostavljanje ter upravljanje pokroviteljskih razmerij.<\/p>\n<p>Prvi del delavnice bo posve\u010den razmisleku, zakaj in kako je lahko sodobna umetnost predmet pokroviteljskih zanimanj, ter vpogledom v mo\u017ena partnerska sodelovanja z gospodarskimi subjekti. Drugi del pa bo namenjen prakti\u010dnemu delu, v katerem se bodo udele\u017eenci seznanili s vsemi postopki in orodji, potrebnimi za pridobivanje sponzorskih oz. donatorskih sredstev, ter izpeljali pokroviteljske kampanje, potrebne za razstavo.<\/p>\n<hr \/>\n<p><strong>Fotogalerija<\/strong> (foto: Arhiv SCCA-Ljubljana)<\/p>\n<div id='gallery-1' class='gallery galleryid-9826 gallery-columns-5 gallery-size-thumbnail'><figure class='gallery-item'>\n\t\t\t<div class='gallery-icon landscape'>\n\t\t\t\t<a href='https:\/\/www.worldofart.org\/arhiv.worldofart.org\/aktualno\/wp-content\/uploads\/2016\/11\/Modul_Polona-Lovsin-1.jpg' rel=\"lightbox[9826]\"><img loading=\"lazy\" decoding=\"async\" width=\"140\" height=\"140\" src=\"https:\/\/www.worldofart.org\/arhiv.worldofart.org\/aktualno\/wp-content\/uploads\/2016\/11\/Modul_Polona-Lovsin-1-140x140.jpg\" class=\"attachment-thumbnail size-thumbnail\" alt=\"\" \/><\/a>\n\t\t\t<\/div><\/figure><figure class='gallery-item'>\n\t\t\t<div class='gallery-icon landscape'>\n\t\t\t\t<a href='https:\/\/www.worldofart.org\/arhiv.worldofart.org\/aktualno\/wp-content\/uploads\/2018\/02\/20171221_184551.jpg' rel=\"lightbox[9826]\"><img loading=\"lazy\" decoding=\"async\" width=\"140\" height=\"140\" src=\"https:\/\/www.worldofart.org\/arhiv.worldofart.org\/aktualno\/wp-content\/uploads\/2018\/02\/20171221_184551-140x140.jpg\" class=\"attachment-thumbnail size-thumbnail\" alt=\"\" \/><\/a>\n\t\t\t<\/div><\/figure><figure class='gallery-item'>\n\t\t\t<div class='gallery-icon landscape'>\n\t\t\t\t<a href='https:\/\/www.worldofart.org\/arhiv.worldofart.org\/aktualno\/wp-content\/uploads\/2016\/11\/Modul_Polona-Lovsin-6.jpg' rel=\"lightbox[9826]\"><img loading=\"lazy\" decoding=\"async\" width=\"140\" height=\"140\" src=\"https:\/\/www.worldofart.org\/arhiv.worldofart.org\/aktualno\/wp-content\/uploads\/2016\/11\/Modul_Polona-Lovsin-6-140x140.jpg\" class=\"attachment-thumbnail size-thumbnail\" alt=\"\" \/><\/a>\n\t\t\t<\/div><\/figure><figure class='gallery-item'>\n\t\t\t<div class='gallery-icon landscape'>\n\t\t\t\t<a href='https:\/\/www.worldofart.org\/arhiv.worldofart.org\/aktualno\/wp-content\/uploads\/2016\/11\/Modul_Polona-Lovsin-3.jpg' rel=\"lightbox[9826]\"><img loading=\"lazy\" decoding=\"async\" width=\"140\" height=\"140\" src=\"https:\/\/www.worldofart.org\/arhiv.worldofart.org\/aktualno\/wp-content\/uploads\/2016\/11\/Modul_Polona-Lovsin-3-140x140.jpg\" class=\"attachment-thumbnail size-thumbnail\" alt=\"\" \/><\/a>\n\t\t\t<\/div><\/figure><figure class='gallery-item'>\n\t\t\t<div class='gallery-icon landscape'>\n\t\t\t\t<a href='https:\/\/www.worldofart.org\/arhiv.worldofart.org\/aktualno\/wp-content\/uploads\/2016\/11\/Modul_Polona-Lovsin-9.jpg' rel=\"lightbox[9826]\"><img loading=\"lazy\" decoding=\"async\" width=\"140\" height=\"140\" src=\"https:\/\/www.worldofart.org\/arhiv.worldofart.org\/aktualno\/wp-content\/uploads\/2016\/11\/Modul_Polona-Lovsin-9-140x140.jpg\" class=\"attachment-thumbnail size-thumbnail\" alt=\"\" \/><\/a>\n\t\t\t<\/div><\/figure>\n\t\t<\/div>\n\n<hr \/>\n<p><img loading=\"lazy\" decoding=\"async\" class=\"alignleft size-full wp-image-12044\" src=\"https:\/\/www.worldofart.org\/arhiv.worldofart.org\/aktualno\/wp-content\/uploads\/2016\/11\/polona_lovsin.jpg\" alt=\"\" width=\"100\" height=\"100\" \/><strong>Polona Lov\u0161in<\/strong> (1977) je leta 2003 diplomirala na Oddelku za umetnostno zgodovino na Filozofski fakulteti Univerze v Ljubljani. Od leta 2003 je zaposlena v podjetju Riko, d. o. o., kot vodja korporativnih komunikacij, kjer svojo pozornost \u0161e posebej posve\u010da integraciji kulture in umetnosti v korporativno poslovno delovanje. O tem tudi predava in objavlja besedila za razli\u010dne publikacije. Oblikovanje in kuriranje Likovne zbirke Riko je ena izmed njenih najljub\u0161ih odgovornosti znotraj podjetja Riko. Med leti 1999 in 2005 je objavljala likovne kritike v <em>Razgledih<\/em> in<em> Financah<\/em>, med leti 2005 in 2010 je bila \u010dlanica strokovne komisije za vizualno umetnost na MOL. Od leta 2001 deluje kot \u010dlanica strokovnega sveta Galerije Miklova hi\u0161a, od leta 2015 pa \u010dlanica sveta MAO.<\/p>\n<hr \/>\n<p>Modul <em>Prilo\u017enosti za sodelovanje z gospodarstvom<\/em> je pripravljen v partnerstvu s podjetjem <a href=\"http:\/\/www.riko.si\/si\/\" target=\"_blank\" rel=\"noopener noreferrer\">Riko, d. o. o.<\/a><\/p>\n<p><img loading=\"lazy\" decoding=\"async\" class=\"alignnone wp-image-12624\" src=\"https:\/\/www.worldofart.org\/arhiv.worldofart.org\/aktualno\/wp-content\/uploads\/2018\/04\/RIKOslogan-338x150.png\" alt=\"\" width=\"135\" height=\"60\" srcset=\"https:\/\/www.worldofart.org\/arhiv.worldofart.org\/aktualno\/wp-content\/uploads\/2018\/04\/RIKOslogan-338x150.png 338w, https:\/\/www.worldofart.org\/arhiv.worldofart.org\/aktualno\/wp-content\/uploads\/2018\/04\/RIKOslogan-768x341.png 768w, https:\/\/www.worldofart.org\/arhiv.worldofart.org\/aktualno\/wp-content\/uploads\/2018\/04\/RIKOslogan-730x324.png 730w, https:\/\/www.worldofart.org\/arhiv.worldofart.org\/aktualno\/wp-content\/uploads\/2018\/04\/RIKOslogan.png 1181w\" sizes=\"(max-width: 135px) 100vw, 135px\" \/><\/p>\n","protected":false},"excerpt":{"rendered":"<p>Svet umetnosti | \u0160ola za kuratorske prakse in kriti\u0161ko pisanje | Leto 16 Na delavnici Prilo\u017enosti za sodelovanje z gospodarstvom se bodo udele\u017eenci seznanili s mo\u017enimi perspektivami sodelovanj z gospodarstvom. Spoznali bodo vzvode in na\u010dine, na podlagi katerih bodo oblikovali donatorske oz. sponzorske nagovore, ter razvili ves potreben aparat za izpostavljanje ter upravljanje pokroviteljskih razmerij. [&hellip;]<\/p>\n","protected":false},"author":1,"featured_media":0,"parent":9160,"menu_order":0,"comment_status":"closed","ping_status":"closed","template":"","meta":{"footnotes":""},"categories":[],"tags":[],"_links":{"self":[{"href":"https:\/\/www.worldofart.org\/arhiv.worldofart.org\/aktualno\/wp-json\/wp\/v2\/pages\/9826"}],"collection":[{"href":"https:\/\/www.worldofart.org\/arhiv.worldofart.org\/aktualno\/wp-json\/wp\/v2\/pages"}],"about":[{"href":"https:\/\/www.worldofart.org\/arhiv.worldofart.org\/aktualno\/wp-json\/wp\/v2\/types\/page"}],"author":[{"embeddable":true,"href":"https:\/\/www.worldofart.org\/arhiv.worldofart.org\/aktualno\/wp-json\/wp\/v2\/users\/1"}],"replies":[{"embeddable":true,"href":"https:\/\/www.worldofart.org\/arhiv.worldofart.org\/aktualno\/wp-json\/wp\/v2\/comments?post=9826"}],"version-history":[{"count":13,"href":"https:\/\/www.worldofart.org\/arhiv.worldofart.org\/aktualno\/wp-json\/wp\/v2\/pages\/9826\/revisions"}],"predecessor-version":[{"id":14982,"href":"https:\/\/www.worldofart.org\/arhiv.worldofart.org\/aktualno\/wp-json\/wp\/v2\/pages\/9826\/revisions\/14982"}],"up":[{"embeddable":true,"href":"https:\/\/www.worldofart.org\/arhiv.worldofart.org\/aktualno\/wp-json\/wp\/v2\/pages\/9160"}],"wp:attachment":[{"href":"https:\/\/www.worldofart.org\/arhiv.worldofart.org\/aktualno\/wp-json\/wp\/v2\/media?parent=9826"}],"wp:term":[{"taxonomy":"category","embeddable":true,"href":"https:\/\/www.worldofart.org\/arhiv.worldofart.org\/aktualno\/wp-json\/wp\/v2\/categories?post=9826"},{"taxonomy":"post_tag","embeddable":true,"href":"https:\/\/www.worldofart.org\/arhiv.worldofart.org\/aktualno\/wp-json\/wp\/v2\/tags?post=9826"}],"curies":[{"name":"wp","href":"https:\/\/api.w.org\/{rel}","templated":true}]}}