{"id":9834,"date":"2016-11-24T11:35:41","date_gmt":"2016-11-24T09:35:41","guid":{"rendered":"http:\/\/www.worldofart.org\/aktualno\/?page_id=9834"},"modified":"2017-10-11T11:05:39","modified_gmt":"2017-10-11T09:05:39","slug":"barbara-borcic-katalog-pogled-urednika","status":"publish","type":"page","link":"https:\/\/www.worldofart.org\/arhiv.worldofart.org\/aktualno\/sestnajsto-leto-2017-2018\/seminarji-in-moduli\/barbara-borcic-katalog-pogled-urednika","title":{"rendered":"Barbara Bor\u010di\u0107: Katalog. Pogled urednika"},"content":{"rendered":"<p>Svet umetnosti | \u0160ola za kuratorske prakse in kriti\u0161ko pisanje | Leto 16<\/p>\n<hr \/>\n<p>Katalog je ena od najpogostej\u0161ih oblik publikacije, ki spremlja razstavo, lahko pa predstavlja tudi raziskavo, arhivsko delo, festival ali kuratorski in umetni\u0161ki projekt. Na za\u010detku se bomo na konkretnih primerih seznanili z razli\u010dnimi tipi katalogov, ki spremljajo skupinsko, tematsko, pregledno in samostojno razstavo ali dokumentarni in raziskovalni projekt. Pogledali bomo, kak\u0161no vlogo in funkcijo ima lahko katalog in kak\u0161no je njegovo razmerje z razstavo in umetni\u0161kimi deli. Potem se bomo posvetili zasnovi razstavnega kataloga: obsegu, strukturi, obliki in vsebini, v nadaljevanju pa tipom teksta za katalog in prakti\u010dnim nasvetom za pisanje. Seznanili se bomo tudi z navodili, kako naj bo urejeno besedilo za objavo, na\u010dini citiranja in pisanja bibliografije.<\/p>\n<hr \/>\n<p><img loading=\"lazy\" decoding=\"async\" class=\"alignleft\" src=\"https:\/\/www.worldofart.org\/arhiv.worldofart.org\/aktualno\/wp-content\/2008-09\/simpozij-kuratorskih-praks\/barbara-borcic.jpg\" alt=\"Barbara Bor\u010di\u0107\" width=\"100\" height=\"100\" align=\"left\" \/><strong>Barbara Bor\u010di\u0107 (1954)<\/strong><br \/>\nUmetnostna zgodovinarka in anglistka; \u0161tudirala medijske \u0161tudije in antropologijo na ISH \u2013 Institutum Studiorum Humanitatis \u2013 Fakulteta za podiplomski humanisti\u010dni \u0161tudij v Ljubljani. Programska svetovalka Zavoda za sodobno umetnost SCCA\u2212Ljubljana. Na podro\u010dju sodobne umetnosti deluje kot kuratorka, publicistka, urednica in avtorica knjig s statusom samostojne ustvarjalke na podro\u010dju kulture. Prejemnica priznanja Izidorja Cankarja (2005). \u010clanica mednarodnega zdru\u017eenja umetnostnih kritikov AICA (International Association of Art Critics, Pariz) in mednarodnega zdru\u017eenja kustosov sodobne umetnosti IKT (International Association of Curators of Contemporary Art, Amsterdam). Vodja projektov v okviru Zavoda SCCA\u2212Ljubljana: <em>Videodokument: Video umetnost v slovenskem prostoru 1969\u20131998<\/em>, <em>Videospotting<\/em>, <em>Internet Portfolio<\/em>, <em>PlatformaSCCA<\/em>, <em>Manifesta na doma\u010dem pragu<\/em>, <em>Kaj storiti z Balkansko umetnostjo<\/em>, <em>Kaj storiti z avdiovizualnimi arhivi<\/em> in sourednica knji\u017ene zbirke \u017depna in publikacij <em>PlatformaSCCA<\/em>. Vodi program <em>Brez \u017eebljev in podstavkov<\/em> in video arhiv <em>Postaja DIVA<\/em>.<\/p>\n","protected":false},"excerpt":{"rendered":"<p>Svet umetnosti | \u0160ola za kuratorske prakse in kriti\u0161ko pisanje | Leto 16 Katalog je ena od najpogostej\u0161ih oblik publikacije, ki spremlja razstavo, lahko pa predstavlja tudi raziskavo, arhivsko delo, festival ali kuratorski in umetni\u0161ki projekt. Na za\u010detku se bomo na konkretnih primerih seznanili z razli\u010dnimi tipi katalogov, ki spremljajo skupinsko, tematsko, pregledno in samostojno [&hellip;]<\/p>\n","protected":false},"author":1,"featured_media":0,"parent":9160,"menu_order":0,"comment_status":"closed","ping_status":"closed","template":"","meta":{"footnotes":""},"categories":[],"tags":[],"_links":{"self":[{"href":"https:\/\/www.worldofart.org\/arhiv.worldofart.org\/aktualno\/wp-json\/wp\/v2\/pages\/9834"}],"collection":[{"href":"https:\/\/www.worldofart.org\/arhiv.worldofart.org\/aktualno\/wp-json\/wp\/v2\/pages"}],"about":[{"href":"https:\/\/www.worldofart.org\/arhiv.worldofart.org\/aktualno\/wp-json\/wp\/v2\/types\/page"}],"author":[{"embeddable":true,"href":"https:\/\/www.worldofart.org\/arhiv.worldofart.org\/aktualno\/wp-json\/wp\/v2\/users\/1"}],"replies":[{"embeddable":true,"href":"https:\/\/www.worldofart.org\/arhiv.worldofart.org\/aktualno\/wp-json\/wp\/v2\/comments?post=9834"}],"version-history":[{"count":6,"href":"https:\/\/www.worldofart.org\/arhiv.worldofart.org\/aktualno\/wp-json\/wp\/v2\/pages\/9834\/revisions"}],"predecessor-version":[{"id":10382,"href":"https:\/\/www.worldofart.org\/arhiv.worldofart.org\/aktualno\/wp-json\/wp\/v2\/pages\/9834\/revisions\/10382"}],"up":[{"embeddable":true,"href":"https:\/\/www.worldofart.org\/arhiv.worldofart.org\/aktualno\/wp-json\/wp\/v2\/pages\/9160"}],"wp:attachment":[{"href":"https:\/\/www.worldofart.org\/arhiv.worldofart.org\/aktualno\/wp-json\/wp\/v2\/media?parent=9834"}],"wp:term":[{"taxonomy":"category","embeddable":true,"href":"https:\/\/www.worldofart.org\/arhiv.worldofart.org\/aktualno\/wp-json\/wp\/v2\/categories?post=9834"},{"taxonomy":"post_tag","embeddable":true,"href":"https:\/\/www.worldofart.org\/arhiv.worldofart.org\/aktualno\/wp-json\/wp\/v2\/tags?post=9834"}],"curies":[{"name":"wp","href":"https:\/\/api.w.org\/{rel}","templated":true}]}}