{"id":9837,"date":"2016-11-24T11:37:05","date_gmt":"2016-11-24T09:37:05","guid":{"rendered":"http:\/\/www.worldofart.org\/aktualno\/?page_id=9837"},"modified":"2017-06-29T13:11:55","modified_gmt":"2017-06-29T11:11:55","slug":"sum","status":"publish","type":"page","link":"https:\/\/www.worldofart.org\/arhiv.worldofart.org\/aktualno\/sestnajsto-leto-2017-2018\/seminarji-in-moduli\/sum","title":{"rendered":"Raziskovalni kolektiv \u0160UM: Kaja Kraner, Izidor Bar\u0161i: Alternativno organiziranje in strategije pre\u017eivetja v sodobni umetnosti"},"content":{"rendered":"<p>Svet umetnosti | \u0160ola za kuratorske prakse in kriti\u0161ko pisanje | Leto 16<\/p>\n<hr \/>\n<p>Sre\u010danji modula bodo namenjeni obravnavi: sistemskih in kulturno-politi\u010dnih specifik, ki od 90-ih dalje bistveno zaznamujejo produkcijo in delovanje v sodobni umetnosti v Sloveniji; predstavitvi nekaterih primerov alternativnega organiziranja, delovanja in produkcije razstav iz lokalnega prostora; premisleku\/soo\u010denju razli\u010dnih pristopov odzivanja na sistemske pogoje, kot jih najdemo v nekaterih nedavnih umetni\u0161kih in kuratorskih praksah v mednarodnem prostoru.<\/p>\n<p>1. del: PRODUKCIJSKI KONTEKST IN KULTURNA POLITIKA (Kaja Kraner)<\/p>\n<p>V prvem delu modula so udele\u017eenci s Kajo Kraner obravnavali poglavja knjige <em>Paradoks nepla\u010danega umetni\u0161kega dela <\/em>(2016, Zalo\u017eba Sophia) Katje Praznik.<\/p>\n<p>2. del: DECENTRALIZACIJA SODOBNIH UMETNOSTI: PRIMER ROG (Izidor Bar\u0161i)<\/p>\n<p>V drugem delu je Izidor Bar\u0161i na primeru razstave <em>Decentralizacija sodobnih umetnosti<\/em>\u00a0 (2016) v Tovarni Rog odprl diskusijo na temo umetnostnega sistema, pogojev delovanja in (samo)organiziranja znotraj njega.<\/p>\n<hr \/>\n<p><strong>Fotogalerija<\/strong> (foto: Arhiv SCCA-Ljubljana)<\/p>\n<div id='gallery-1' class='gallery galleryid-9837 gallery-columns-4 gallery-size-thumbnail'><figure class='gallery-item'>\n\t\t\t<div class='gallery-icon landscape'>\n\t\t\t\t<a href='https:\/\/www.worldofart.org\/arhiv.worldofart.org\/aktualno\/wp-content\/uploads\/2016\/11\/barsi_kraner_su-modul-1.jpg' rel=\"lightbox[9837]\"><img loading=\"lazy\" decoding=\"async\" width=\"140\" height=\"140\" src=\"https:\/\/www.worldofart.org\/arhiv.worldofart.org\/aktualno\/wp-content\/uploads\/2016\/11\/barsi_kraner_su-modul-1-150x150.jpg\" class=\"attachment-thumbnail size-thumbnail\" alt=\"\" \/><\/a>\n\t\t\t<\/div><\/figure><figure class='gallery-item'>\n\t\t\t<div class='gallery-icon landscape'>\n\t\t\t\t<a href='https:\/\/www.worldofart.org\/arhiv.worldofart.org\/aktualno\/wp-content\/uploads\/2016\/11\/barsi_kraner_su-modul-2.jpg' rel=\"lightbox[9837]\"><img loading=\"lazy\" decoding=\"async\" width=\"140\" height=\"140\" src=\"https:\/\/www.worldofart.org\/arhiv.worldofart.org\/aktualno\/wp-content\/uploads\/2016\/11\/barsi_kraner_su-modul-2-150x150.jpg\" class=\"attachment-thumbnail size-thumbnail\" alt=\"\" \/><\/a>\n\t\t\t<\/div><\/figure><figure class='gallery-item'>\n\t\t\t<div class='gallery-icon landscape'>\n\t\t\t\t<a href='https:\/\/www.worldofart.org\/arhiv.worldofart.org\/aktualno\/wp-content\/uploads\/2016\/11\/barsi_kraner_su-modul-3.jpg' rel=\"lightbox[9837]\"><img loading=\"lazy\" decoding=\"async\" width=\"140\" height=\"140\" src=\"https:\/\/www.worldofart.org\/arhiv.worldofart.org\/aktualno\/wp-content\/uploads\/2016\/11\/barsi_kraner_su-modul-3-150x150.jpg\" class=\"attachment-thumbnail size-thumbnail\" alt=\"\" \/><\/a>\n\t\t\t<\/div><\/figure><figure class='gallery-item'>\n\t\t\t<div class='gallery-icon landscape'>\n\t\t\t\t<a href='https:\/\/www.worldofart.org\/arhiv.worldofart.org\/aktualno\/wp-content\/uploads\/2016\/11\/barsi_kraner_su-modul-4.jpg' rel=\"lightbox[9837]\"><img loading=\"lazy\" decoding=\"async\" width=\"140\" height=\"140\" src=\"https:\/\/www.worldofart.org\/arhiv.worldofart.org\/aktualno\/wp-content\/uploads\/2016\/11\/barsi_kraner_su-modul-4-150x150.jpg\" class=\"attachment-thumbnail size-thumbnail\" alt=\"\" \/><\/a>\n\t\t\t<\/div><\/figure>\n\t\t<\/div>\n\n<hr \/>\n<p><img loading=\"lazy\" decoding=\"async\" class=\"alignleft size-full wp-image-3376\" title=\"Izidor Bar\u0161i\" src=\"https:\/\/www.worldofart.org\/arhiv.worldofart.org\/aktualno\/wp-content\/uploads\/2016\/03\/Izidor-Barsi.jpg\" alt=\"\" width=\"100\" height=\"100\" \/><strong>Izidor Bar\u0161i\u00a0<\/strong> je diplomiral iz filozofije in sociologije kulture na Filozofski fakulteti Univerze v Ljubljani.\u00a0Besedila o filozofiji, umetnosti in arhitekturi\u00a0je objavljal v Tribuni, Mladini, Delu, Prazninah in Emzinu. Od leta 2010 dela v Redakciji za kulturo in humanisti\u010dne vede Radia \u0160tudent, od leta 2013 je \u010dlan uredni\u0161tva revije \u0160um, v obdobju 2014\u201315 je bil tudi urednik pri \u010dasopisu Tribuna. V Moderni galeriji, +MSUM in Tovarni Rog je organiziral ve\u010d bralnih seminarjev, osredoto\u010denih na filozofijo in teorijo.<\/p>\n<p><img loading=\"lazy\" decoding=\"async\" class=\"alignleft size-full wp-image-3376\" title=\"Kaja Kraner\" src=\"https:\/\/www.worldofart.org\/arhiv.worldofart.org\/aktualno\/wp-content\/uploads\/2016\/03\/Kaja-Kraner.jpg\" alt=\"\" width=\"100\" height=\"100\" \/><strong>Kaja Kraner<\/strong> primarno deluje kot piska kriti\u0161kih, teoretskih besedil in radijskih oddaj na podro\u010dju sodobnih umetnosti. Je programska sodelavka Pekarne Magdalenske mre\u017ee, \u010dlanica uredni\u0161tva revije <em>\u0160um<\/em>, sourednikuje oddajo Art-Area na Radiu \u0160tudent ter v okviru \u0160uma in kolektiva Neteorit (so)vodi bralne seminarje s podro\u010dja sodobnih umetnosti. Doslej se je osredoto\u010dala predvsem na odnose med umetnostjo, politiko in teorijo ter produkcijskimi okoli\u0161\u010dinami sodobne umetnosti. Trenutno v okviru doktorskega \u0161tudija raziskuje pojem geopolitike umetnosti.<\/p>\n<hr \/>\n<p>&nbsp;<\/p>\n","protected":false},"excerpt":{"rendered":"<p>Svet umetnosti | \u0160ola za kuratorske prakse in kriti\u0161ko pisanje | Leto 16 Sre\u010danji modula bodo namenjeni obravnavi: sistemskih in kulturno-politi\u010dnih specifik, ki od 90-ih dalje bistveno zaznamujejo produkcijo in delovanje v sodobni umetnosti v Sloveniji; predstavitvi nekaterih primerov alternativnega organiziranja, delovanja in produkcije razstav iz lokalnega prostora; premisleku\/soo\u010denju razli\u010dnih pristopov odzivanja na sistemske pogoje, [&hellip;]<\/p>\n","protected":false},"author":1,"featured_media":10914,"parent":9160,"menu_order":0,"comment_status":"closed","ping_status":"closed","template":"","meta":{"footnotes":""},"categories":[35],"tags":[],"_links":{"self":[{"href":"https:\/\/www.worldofart.org\/arhiv.worldofart.org\/aktualno\/wp-json\/wp\/v2\/pages\/9837"}],"collection":[{"href":"https:\/\/www.worldofart.org\/arhiv.worldofart.org\/aktualno\/wp-json\/wp\/v2\/pages"}],"about":[{"href":"https:\/\/www.worldofart.org\/arhiv.worldofart.org\/aktualno\/wp-json\/wp\/v2\/types\/page"}],"author":[{"embeddable":true,"href":"https:\/\/www.worldofart.org\/arhiv.worldofart.org\/aktualno\/wp-json\/wp\/v2\/users\/1"}],"replies":[{"embeddable":true,"href":"https:\/\/www.worldofart.org\/arhiv.worldofart.org\/aktualno\/wp-json\/wp\/v2\/comments?post=9837"}],"version-history":[{"count":14,"href":"https:\/\/www.worldofart.org\/arhiv.worldofart.org\/aktualno\/wp-json\/wp\/v2\/pages\/9837\/revisions"}],"predecessor-version":[{"id":11897,"href":"https:\/\/www.worldofart.org\/arhiv.worldofart.org\/aktualno\/wp-json\/wp\/v2\/pages\/9837\/revisions\/11897"}],"up":[{"embeddable":true,"href":"https:\/\/www.worldofart.org\/arhiv.worldofart.org\/aktualno\/wp-json\/wp\/v2\/pages\/9160"}],"wp:featuredmedia":[{"embeddable":true,"href":"https:\/\/www.worldofart.org\/arhiv.worldofart.org\/aktualno\/wp-json\/wp\/v2\/media\/10914"}],"wp:attachment":[{"href":"https:\/\/www.worldofart.org\/arhiv.worldofart.org\/aktualno\/wp-json\/wp\/v2\/media?parent=9837"}],"wp:term":[{"taxonomy":"category","embeddable":true,"href":"https:\/\/www.worldofart.org\/arhiv.worldofart.org\/aktualno\/wp-json\/wp\/v2\/categories?post=9837"},{"taxonomy":"post_tag","embeddable":true,"href":"https:\/\/www.worldofart.org\/arhiv.worldofart.org\/aktualno\/wp-json\/wp\/v2\/tags?post=9837"}],"curies":[{"name":"wp","href":"https:\/\/api.w.org\/{rel}","templated":true}]}}