{"id":9906,"date":"2016-11-29T22:16:05","date_gmt":"2016-11-29T20:16:05","guid":{"rendered":"http:\/\/www.worldofart.org\/aktualno\/?page_id=9906"},"modified":"2018-07-31T17:30:26","modified_gmt":"2018-07-31T15:30:26","slug":"vesna-copic-kulturna-politika-in-status-umetnika","status":"publish","type":"page","link":"https:\/\/www.worldofart.org\/arhiv.worldofart.org\/aktualno\/sestnajsto-leto-2017-2018\/predavanja\/vesna-copic-kulturna-politika-in-status-umetnika","title":{"rendered":"Vesna \u010copi\u010d: Kulturna politika in status umetnika"},"content":{"rendered":"<p>Svet umetnosti | \u0160ola za kuratorske prakse in kriti\u0161ko pisanje | Leto 16<\/p>\n<hr \/>\n<p>\u010ce je bilo samostojno delovanje umetnikov neko\u010d izjema in posledica narave njihovega dela, torej da ni delovnih mest za ustvarjalce kot so pisatelji, skladatelji in likovniki, smo danes pri\u010da preusmeritvi v programsko anga\u017eiranje umetnikov. Ta preokret ima mnogo zna\u010dilnosti in prina\u0161a mnogo posledic tako za mlaj\u0161e generacije, ki jim zaradi tega ni bilo dano vstopiti v trajna delovna razmerja kot za vse druge, ki so sicer \u0161e javni uslu\u017ebenci, a to ni trajnostna oziroma vzdr\u017ena re\u0161itev. V dveurnem predavanju se bomo najprej osredoto\u010dili na kvalifikacijo statusa umetnika in na njegove zna\u010dilnosti, v nadaljevanju pa na izzive, ki jih prina\u0161a preusmeritev od umetnikov na umetnost.<\/p>\n<hr \/>\n<p><img loading=\"lazy\" decoding=\"async\" style=\"margin: 3px 10px 5px 0px;\" src=\"https:\/\/www.worldofart.org\/arhiv.worldofart.org\/aktualno\/wp-content\/uploads\/2007\/01\/Vesna_Copic.jpg\" alt=\"Vesna \u010copi\u010d\" width=\"100\" height=\"100\" align=\"left\" \/><strong>Vesna \u010copi\u010d<\/strong> predava kulturno politiko in management na Fakulteti za dru\u017ebene vede Univerze v Ljubljani. Je avtorica vrste \u0161tudij, zakonov in ukrepov na podro\u010dju slovenske kulturne politike v zadnjih desetletjih, vabljena predavateljica na \u0161tevilnih mednarodnih konferencah doma in v tujini, v zadnjih letih pa tudi ena kritikov slovenske kulturne politike in njene neprese\u017eene dedi\u0161\u010dine preteklega sistema. Deluje tudi kot mednarodni ekspert, v zadnjih letih za UNESCO.<\/p>\n","protected":false},"excerpt":{"rendered":"<p>Svet umetnosti | \u0160ola za kuratorske prakse in kriti\u0161ko pisanje | Leto 16 \u010ce je bilo samostojno delovanje umetnikov neko\u010d izjema in posledica narave njihovega dela, torej da ni delovnih mest za ustvarjalce kot so pisatelji, skladatelji in likovniki, smo danes pri\u010da preusmeritvi v programsko anga\u017eiranje umetnikov. Ta preokret ima mnogo zna\u010dilnosti in prina\u0161a mnogo [&hellip;]<\/p>\n","protected":false},"author":16,"featured_media":0,"parent":9162,"menu_order":0,"comment_status":"closed","ping_status":"closed","template":"","meta":{"footnotes":""},"categories":[],"tags":[],"_links":{"self":[{"href":"https:\/\/www.worldofart.org\/arhiv.worldofart.org\/aktualno\/wp-json\/wp\/v2\/pages\/9906"}],"collection":[{"href":"https:\/\/www.worldofart.org\/arhiv.worldofart.org\/aktualno\/wp-json\/wp\/v2\/pages"}],"about":[{"href":"https:\/\/www.worldofart.org\/arhiv.worldofart.org\/aktualno\/wp-json\/wp\/v2\/types\/page"}],"author":[{"embeddable":true,"href":"https:\/\/www.worldofart.org\/arhiv.worldofart.org\/aktualno\/wp-json\/wp\/v2\/users\/16"}],"replies":[{"embeddable":true,"href":"https:\/\/www.worldofart.org\/arhiv.worldofart.org\/aktualno\/wp-json\/wp\/v2\/comments?post=9906"}],"version-history":[{"count":10,"href":"https:\/\/www.worldofart.org\/arhiv.worldofart.org\/aktualno\/wp-json\/wp\/v2\/pages\/9906\/revisions"}],"predecessor-version":[{"id":13469,"href":"https:\/\/www.worldofart.org\/arhiv.worldofart.org\/aktualno\/wp-json\/wp\/v2\/pages\/9906\/revisions\/13469"}],"up":[{"embeddable":true,"href":"https:\/\/www.worldofart.org\/arhiv.worldofart.org\/aktualno\/wp-json\/wp\/v2\/pages\/9162"}],"wp:attachment":[{"href":"https:\/\/www.worldofart.org\/arhiv.worldofart.org\/aktualno\/wp-json\/wp\/v2\/media?parent=9906"}],"wp:term":[{"taxonomy":"category","embeddable":true,"href":"https:\/\/www.worldofart.org\/arhiv.worldofart.org\/aktualno\/wp-json\/wp\/v2\/categories?post=9906"},{"taxonomy":"post_tag","embeddable":true,"href":"https:\/\/www.worldofart.org\/arhiv.worldofart.org\/aktualno\/wp-json\/wp\/v2\/tags?post=9906"}],"curies":[{"name":"wp","href":"https:\/\/api.w.org\/{rel}","templated":true}]}}