{"id":993,"date":"2011-09-05T23:06:40","date_gmt":"2011-09-05T21:06:40","guid":{"rendered":"http:\/\/www.worldofart.org\/aktualno\/?page_id=993"},"modified":"2018-06-18T18:34:47","modified_gmt":"2018-06-18T16:34:47","slug":"podpora-20102011","status":"publish","type":"page","link":"https:\/\/www.worldofart.org\/arhiv.worldofart.org\/aktualno\/trinajsti-letnik-20102011\/podpora-20102011","title":{"rendered":"Podpora 2010\/2011"},"content":{"rendered":"<p><strong>Program Svet umetnosti<\/strong><\/p>\n<ul>\n<li><a href=\"http:\/\/www.mk.gov.si\/\" target=\"_blank\">Ministrstvo za kulturo Republike Slovenije<\/a><br \/>\n<a href=\"http:\/\/www.mk.gov.si\/\" target=\"_blank\"><img decoding=\"async\" src=\"http:\/\/www.scca-ljubljana.si\/logo\/MK.gif\" alt=\"\" \/><\/a><\/li>\n<li><a href=\"http:\/\/www.ljubljana.si\/si\/mol\/mestna_uprava\/okrd\/default.html\" target=\"_blank\">Mestna ob\u010dina Ljubljana, Oddelek za kulturo in raziskovalno dejavnost<\/a><br \/>\n<a href=\"http:\/\/www.ljubljana.si\/si\/mol\/mestna_uprava\/okrd\/default.html\" target=\"_blank\"><img decoding=\"async\" src=\"http:\/\/www.scca-ljubljana.si\/logo\/MOL.gif\" alt=\"\" \/><\/a><\/li>\n<li><a href=\"http:\/\/www.cmepius.si\/vzu\/leonardo.aspx\" target=\"_blank\">Program Vse\u017eivljenjsko u\u010denje (partnerstvo Leonardo da Vinci)<\/a><br \/>\n<a href=\"http:\/\/www.cmepius.si\/vzu\/leonardo.aspx\" target=\"_blank\"><img decoding=\"async\" src=\"http:\/\/www.scca-ljubljana.si\/logo\/leonardo-slo.gif\" alt=\"\" \/><\/a><\/li>\n<li>\u0160vicarski prispevek (Projekt ATOM<sup>2<\/sup>)<br \/>\nPodprto z donacijo \u0160vice v okviru \u0160vicarskega prispevka raz\u0161irjeni Evropski uniji.<br \/>\n<a href=\"http:\/\/www.svicarski-prispevek.si\" target=\"_blank\"><img decoding=\"async\" src=\"https:\/\/www.worldofart.org\/arhiv.worldofart.org\/aktualno\/wp-content\/swiss-contribution.gif\" alt=\"Swiss Contribution\" \/><\/a><\/li>\n<\/ul>\n","protected":false},"excerpt":{"rendered":"<p>Program Svet umetnosti Ministrstvo za kulturo Republike Slovenije Mestna ob\u010dina Ljubljana, Oddelek za kulturo in raziskovalno dejavnost Program Vse\u017eivljenjsko u\u010denje (partnerstvo Leonardo da Vinci) \u0160vicarski prispevek (Projekt ATOM2) Podprto z donacijo \u0160vice v okviru \u0160vicarskega prispevka raz\u0161irjeni Evropski uniji.<\/p>\n","protected":false},"author":1,"featured_media":0,"parent":237,"menu_order":0,"comment_status":"closed","ping_status":"closed","template":"","meta":{"footnotes":""},"categories":[],"tags":[],"_links":{"self":[{"href":"https:\/\/www.worldofart.org\/arhiv.worldofart.org\/aktualno\/wp-json\/wp\/v2\/pages\/993"}],"collection":[{"href":"https:\/\/www.worldofart.org\/arhiv.worldofart.org\/aktualno\/wp-json\/wp\/v2\/pages"}],"about":[{"href":"https:\/\/www.worldofart.org\/arhiv.worldofart.org\/aktualno\/wp-json\/wp\/v2\/types\/page"}],"author":[{"embeddable":true,"href":"https:\/\/www.worldofart.org\/arhiv.worldofart.org\/aktualno\/wp-json\/wp\/v2\/users\/1"}],"replies":[{"embeddable":true,"href":"https:\/\/www.worldofart.org\/arhiv.worldofart.org\/aktualno\/wp-json\/wp\/v2\/comments?post=993"}],"version-history":[{"count":1,"href":"https:\/\/www.worldofart.org\/arhiv.worldofart.org\/aktualno\/wp-json\/wp\/v2\/pages\/993\/revisions"}],"predecessor-version":[{"id":9552,"href":"https:\/\/www.worldofart.org\/arhiv.worldofart.org\/aktualno\/wp-json\/wp\/v2\/pages\/993\/revisions\/9552"}],"up":[{"embeddable":true,"href":"https:\/\/www.worldofart.org\/arhiv.worldofart.org\/aktualno\/wp-json\/wp\/v2\/pages\/237"}],"wp:attachment":[{"href":"https:\/\/www.worldofart.org\/arhiv.worldofart.org\/aktualno\/wp-json\/wp\/v2\/media?parent=993"}],"wp:term":[{"taxonomy":"category","embeddable":true,"href":"https:\/\/www.worldofart.org\/arhiv.worldofart.org\/aktualno\/wp-json\/wp\/v2\/categories?post=993"},{"taxonomy":"post_tag","embeddable":true,"href":"https:\/\/www.worldofart.org\/arhiv.worldofart.org\/aktualno\/wp-json\/wp\/v2\/tags?post=993"}],"curies":[{"name":"wp","href":"https:\/\/api.w.org\/{rel}","templated":true}]}}