{"id":1178,"date":"2012-10-26T12:37:00","date_gmt":"2012-10-26T10:37:00","guid":{"rendered":"http:\/\/www.worldofart.org\/current\/?page_id=1178"},"modified":"2021-05-17T14:56:46","modified_gmt":"2021-05-17T12:56:46","slug":"exhibition-and-research-projects","status":"publish","type":"page","link":"https:\/\/www.worldofart.org\/arhiv.worldofart.org\/current\/exhibition-and-research-projects","title":{"rendered":"Exhibition &#038; research projects"},"content":{"rendered":"<div class=\"scca-articles-grid\">\n<div class=\"col-md-12 col-sm-12 grid\">\n<div class=\"featured-thumb col-md-4 col-sm-4\"><a href=\"https:\/\/www.worldofart.org\/arhiv.worldofart.org\/current\/year-18-2021-2022\/the-next-21-days-will-be-crucial\"><img loading=\"lazy\" decoding=\"async\" class=\"alignnone size-medium wp-image-6317\" src=\"https:\/\/www.worldofart.org\/arhiv.worldofart.org\/current\/wp-content\/uploads\/2021\/05\/SCCA-Naslednjih-21-dni-bo-kljuc\u030cnih-13.-5\u20132.-6.-2021_SPLETNA-EXH-338x225.jpg\" alt=\"\" width=\"338\" height=\"225\" srcset=\"https:\/\/www.worldofart.org\/arhiv.worldofart.org\/current\/wp-content\/uploads\/2021\/05\/SCCA-Naslednjih-21-dni-bo-kljuc\u030cnih-13.-5\u20132.-6.-2021_SPLETNA-EXH-338x225.jpg 338w, https:\/\/www.worldofart.org\/arhiv.worldofart.org\/current\/wp-content\/uploads\/2021\/05\/SCCA-Naslednjih-21-dni-bo-kljuc\u030cnih-13.-5\u20132.-6.-2021_SPLETNA-EXH-730x487.jpg 730w, https:\/\/www.worldofart.org\/arhiv.worldofart.org\/current\/wp-content\/uploads\/2021\/05\/SCCA-Naslednjih-21-dni-bo-kljuc\u030cnih-13.-5\u20132.-6.-2021_SPLETNA-EXH-768x512.jpg 768w, https:\/\/www.worldofart.org\/arhiv.worldofart.org\/current\/wp-content\/uploads\/2021\/05\/SCCA-Naslednjih-21-dni-bo-kljuc\u030cnih-13.-5\u20132.-6.-2021_SPLETNA-EXH.jpg 1200w\" sizes=\"auto, (max-width: 338px) 100vw, 338px\" \/><\/a><\/div>\n<div class=\"out-thumb col-md-8 col-sm-8\">\n<h4><strong>The next 21 days will be crucial<\/strong><\/h4>\n<p>The annual exhibition of the School for Curatorial Practices and Critical Writing World of Art<br \/>\n(\u0160kuc Gallery, 13 May \u2013 2 June 2021)<\/p>\n<p><strong>Artists:<\/strong> Beli sladoled, Nata\u0161a Berk, Aldo Giannotti, Adrijan Praznik, Simona Semeni\u010d &amp; Nada \u017dgank, Small but dangers<br \/>\n<strong>Curatorial team:<\/strong> Vesna Bukovec, Miha Kelemina, Lara Plav\u010dak<\/p>\n<p>Participants of the 18th generation of the School for Curatorial Practices and Critical Writing World of Art taking part in the preparation and implementation of the exhibition: Katarina Bogataj, Ajda Bra\u010di\u010d, Bla\u017e Brumen, Janja Buze\u010dan, Hana \u010ceferin, Matev\u017e Jerman, Ma\u0161a Knapi\u010d, Teja Kosi, Katarina Lipovac, Teja Miholi\u010d, Tamara Mlakar, Ana Obid, Sanja Vati\u0107, Eva \u017dibert, Ma\u0161a P. \u017dmitek<\/p>\n<p><a href=\"https:\/\/www.worldofart.org\/arhiv.worldofart.org\/current\/year-18-2021-2022\/the-next-21-days-will-be-crucial\">More info<\/a><\/p>\n<\/div>\n<\/div>\n<hr \/>\n<div class=\"col-md-12 col-sm-12 grid\">\n<div class=\"featured-thumb col-md-4 col-sm-4\"><a href=\"https:\/\/www.worldofart.org\/arhiv.worldofart.org\/current\/year17-2018-2020\/control-cultivate-evolve\"><img loading=\"lazy\" decoding=\"async\" class=\"alignnone size-medium wp-image-5930\" src=\"https:\/\/www.worldofart.org\/arhiv.worldofart.org\/current\/wp-content\/uploads\/2019\/05\/NKR-eng-338x190.png\" alt=\"\" width=\"338\" height=\"190\" srcset=\"https:\/\/www.worldofart.org\/arhiv.worldofart.org\/current\/wp-content\/uploads\/2019\/05\/NKR-eng-338x190.png 338w, https:\/\/www.worldofart.org\/arhiv.worldofart.org\/current\/wp-content\/uploads\/2019\/05\/NKR-eng-768x432.png 768w, https:\/\/www.worldofart.org\/arhiv.worldofart.org\/current\/wp-content\/uploads\/2019\/05\/NKR-eng-730x411.png 730w, https:\/\/www.worldofart.org\/arhiv.worldofart.org\/current\/wp-content\/uploads\/2019\/05\/NKR-eng.png 1920w\" sizes=\"auto, (max-width: 338px) 100vw, 338px\" \/><\/a><\/div>\n<div class=\"out-thumb col-md-8 col-sm-8\">\n<h4><strong>control &lt; cultivate &gt; evolve<\/strong><\/h4>\n<p>Soros Center for Contemporary Arts \u2013 Ljubljana (1993\u20131999). Its Organisation and Impact<br \/>\n(\u0160kuc Gallery, 16 May \u2013 6 June 2019)<\/p>\n<p><strong>Artists:<\/strong> Michael Brodsky, Cirkulacija 2, Vuk \u0106osi\u0107, IRWIN, Marko Peljhan, Nata\u0161a Prosenc Stearns<br \/>\n<strong>Curators:<\/strong> Jasna Jernej\u0161ek, Miha Kelemina<\/p>\n<p>The exhibition was prepared and realized with the help of the participants of the World of Art School, Year 17: Tia \u010ci\u010dek, Kristina Ferk, Katja Filovski, Lara Meja\u010d, Anja Seni\u010dar, Rea Vogrin\u010di\u010d.<\/p>\n<p><a href=\"https:\/\/www.worldofart.org\/arhiv.worldofart.org\/current\/year17-2018-2020\/control-cultivate-evolve\">More info<\/a><\/p>\n<\/div>\n<\/div>\n<hr \/>\n<div class=\"col-md-12 col-sm-12 grid\">\n<div class=\"featured-thumb col-md-4 col-sm-4\"><a href=\"https:\/\/www.worldofart.org\/arhiv.worldofart.org\/current\/year16-2016-2018\/re-exhibition\"><img decoding=\"async\" src=\"https:\/\/www.worldofart.org\/arhiv.worldofart.org\/current\/wp-content\/uploads\/2017\/05\/cover-re_eng.jpg\" alt=\"exhibition re-\" width=\"338\" \/><\/a><\/div>\n<div class=\"out-thumb col-md-8 col-sm-8\">\n<h4><strong>re-, an exhibition on the occasion of the twentieth anniversary of the World of Art, School for Curatorial Practices and Critical Writing<\/strong><\/h4>\n<p>Exhibition and research project<br \/>\n(\u0160kuc Gallery, 9 \u2013 26 May 2017 )<\/p>\n<p><strong>Artists:<\/strong> Rene Rusjan, Bla\u017e Miklav\u010di\u010d<br \/>\n<strong>Curators:<\/strong> Lenka \u0110orojevi\u0107, Miha Kelemina<br \/>\n<strong>Assistant:<\/strong> Lara Plav\u010dak<\/p>\n<p>The exhibition was prepared and realized with the help of the participants of the World of Art School, Year 16: Ur\u0161ka Aplinc, \u017diva Brglez, Maja Burja, Anabel Karolyn \u010cernohorski, Magdalena Germek, Anja Guid, Nika Ham, Ajda Ana Kocutar, Iza Pevec, Adrijan Praznik, Nina Tepe\u0161.<\/p>\n<p><a href=\"https:\/\/www.worldofart.org\/arhiv.worldofart.org\/current\/year16-2016-2018\/re-exhibition\">More info<\/a><\/p>\n<\/div>\n<\/div>\n<hr \/>\n<div class=\"col-md-12 col-sm-12 grid\">\n<div class=\"featured-thumb col-md-4 col-sm-4\"><a href=\"https:\/\/www.worldofart.org\/arhiv.worldofart.org\/current\/archives\/2648\"><img decoding=\"async\" class=\"alignnone size-full wp-image-7305\" src=\"https:\/\/www.worldofart.org\/arhiv.worldofart.org\/aktualno\/wp-content\/uploads\/2015\/04\/Borga-Kanturk-Losers-Club.jpg\" alt=\"Borga Kanturk, Losers Club\" width=\"338\" \/><\/a><\/div>\n<div class=\"out-thumb col-md-8 col-sm-8\">\n<h4><strong>Borga Kant\u00fcrk: Memory Research Office:<br \/>\nCollect.Cut.Create.Re-Create<\/strong><\/h4>\n<p>Exhibition and guided tour<br \/>\n(\u0160kuc Gallery, 8 \u2013 22 May 2015)<\/p>\n<p><strong>Curators:<\/strong> Sa\u0161a Nabergoj, Simona \u017dvanut<br \/>\n<strong>Assistants:<\/strong> the students of the 15th year of the World of Art School: Petra Bole, Jerko Glu\u0161\u010devi\u0107, Nina Jesih, Zala Kurin\u010di\u010d, Maru\u0161a Megli\u010d, Hana Ostan O\u017ebolt, Alja\u017e Plos, Miha Poljak, Mojca Sfiligoj<br \/>\n<strong>Organization:<\/strong> World of Art (SCCA-Ljubljana) and \u0160kuc Gallery<\/p>\n<p><a href=\"https:\/\/www.worldofart.org\/arhiv.worldofart.org\/current\/archives\/2648\">More info<\/a><\/p>\n<\/div>\n<\/div>\n<hr \/>\n<div class=\"col-md-12 col-sm-12 grid\">\n<div class=\"featured-thumb col-md-4 col-sm-4\"><a href=\"https:\/\/www.worldofart.org\/arhiv.worldofart.org\/current\/archives\/2188\"><img decoding=\"async\" src=\"https:\/\/www.worldofart.org\/arhiv.worldofart.org\/aktualno\/wp-content\/uploads\/2014\/12\/avgust-cernigoj.jpg\" alt=\"Avgust \u010cernigoj, drawing\" width=\"338\" \/><\/a><\/div>\n<div class=\"out-thumb col-md-8 col-sm-8\">\n<h4><strong>Day by Day<\/strong><\/h4>\n<p>Exhibition and guided tour<br \/>\n(\u0160kuc Gallery, 12 December 2014 \u2013 9 January 2015)<\/p>\n<p><strong>Artists:<\/strong> Bari\u015f B. Atal (Turkey), Avgust \u010cernigoj, Beli sladoled \/ White ice cream (Miha Perne &amp; Leon Zuodar), Ne\u017ea Jurman, Miha Perne, Leon Zuodar (Slovenia)<\/p>\n<p><strong>Curators:<\/strong> Sa\u0161a Nabergoj, Simona \u017dvanut<br \/>\n<strong>Assistants:<\/strong> Nina Jesih, Zala Kurin\u010di\u010d<br \/>\n<strong>Organization:<\/strong> World of Art (SCCA-Ljubljana) and \u0160kuc Gallery<\/p>\n<p><a href=\"https:\/\/www.worldofart.org\/arhiv.worldofart.org\/current\/archives\/2188\">More info<\/a><\/p>\n<\/div>\n<\/div>\n<hr \/>\n<div class=\"col-md-12 col-sm-12 grid\">\n<div class=\"featured-thumb col-md-4 col-sm-4\"><a href=\"https:\/\/www.worldofart.org\/arhiv.worldofart.org\/current\/archives\/1556\"><img decoding=\"async\" src=\"https:\/\/www.worldofart.org\/arhiv.worldofart.org\/current\/wp-content\/uploads\/2013\/09\/closing-stop.jpg\" alt=\"The Closing Stop\" width=\"338px\" \/><\/a><\/div>\n<div class=\"out-thumb col-md-8 col-sm-8\">\n<h4><strong>The Closing Stop<\/strong><\/h4>\n<p>Overview of visual art scene in ACC Metelkova City<br \/>\n(ACC Metelkova City, various venues, 10 September \u2013 9 October, 2013)<\/p>\n<p><strong>Participants:<\/strong> Rok Barbori\u010d, Mizzart, Belatehnika &amp; Beladona, Iskra Beli\u010danska, Matej Bizovi\u010dar, Edvin Dobrilovi\u010d, Tina Dr\u010dar, Bo\u0161tjan Drinovec, Luka Drinovec, Anna Ehrlemark, Mitja Ficko, Toma\u017e Furlan, Meta Kastelic, Neven Korda, Borut Koro\u0161ec, Marko A. Kova\u010di\u010d, Damijan Kracina, Vladimir Leben, Miroslav Matek, Goran Medjugorac, Silvo Metelko, Jaka Miheli\u010d, Rajko Miladi\u0107, Rok Mohar, Bo\u0161tjan Novak, Miha Perne, Miran Pe\u0161i\u010d Pe\u0161o, Andrej Pezelj, Dejan Pfeifer Stripi, Nata\u0161a Tajnik, Terrah, Ur\u0161a Toman, Uro\u0161 Weinberger<\/p>\n<p><strong>Curatorial team:<\/strong> Ana Grobler, Sebastian Krawczyk, Sa\u0161a Nabergoj, Jadranka Plut, Simona \u017dvanut<br \/>\n<strong>Assistants:<\/strong> Anabel \u010cernohorski, Miha Kelemina<br \/>\n<strong>Organization:<\/strong> World of Art (SCCA-Ljubljana) and Alkatraz Gallery<\/p>\n<p><a href=\"https:\/\/www.worldofart.org\/arhiv.worldofart.org\/current\/archives\/1556\">More info<\/a><\/p>\n<\/div>\n<\/div>\n<hr \/>\n<div class=\"col-md-12 col-sm-12 grid\">\n<div class=\"featured-thumb col-md-4 col-sm-4\"><a href=\"https:\/\/www.worldofart.org\/arhiv.worldofart.org\/current\/archives\/1026\"><img decoding=\"async\" src=\"https:\/\/www.worldofart.org\/arhiv.worldofart.org\/aktualno\/wp-content\/vmesna-postaja2012\/vmesna-postaja-montaza.jpg\" alt=\"A Mid-Stop\" width=\"338px\" \/><\/a><\/div>\n<div class=\"out-thumb col-md-8 col-sm-8\">\n<h4><strong>A Mid-Stop<\/strong><\/h4>\n<p>Overview of visual art scene in ACC Metelkova City<br \/>\n(ACC Metelkova City, various venues, 6 \u2013 25 September 2012)<\/p>\n<p><strong>Participants:<\/strong> Rok Barbori\u010d, Iskra Beli\u010danska, Matej Bizovi\u010dar, Edvin Dobrilovi\u010d, Tina Dr\u010dar, Bo\u0161tjan Drinovec, Mitja Ficko, Toma\u017e Furlan, Jernej Kalu\u017ea, Meta Kastelic, Neven Korda, Marko A. Kova\u010di\u010d, Damijan Kracina &amp; Vladimir Leben, Mir\u010d Matek, Jaka Miheli\u010d, Rajko Miladi\u0107, Rok Mohar, Bo\u0161tjan Novak, Dejan Pfeifer \u2013 Stripi, Miha Perne, Miran Pe\u0161i\u010d, Belatehnika &amp; Beladona, Terrah, Uro\u0161 Weinberger, Mizanthrope Tonfilm, Nata\u0161a Serec<\/p>\n<p><strong>Curators: <\/strong> Sa\u0161a Nabergoj and Jadranka Plut<br \/>\n<strong>Assistants:<\/strong> Ana Grobler, Sebastijan Krawczyk, Simona \u017dvanut<br \/>\n<strong>Organization:<\/strong> World of Art (SCCA-Ljubljana) and Alkatraz Gallery<\/p>\n<p><a href=\"https:\/\/www.worldofart.org\/arhiv.worldofart.org\/current\/archives\/1026\">More info<\/a><\/p>\n<\/div>\n<\/div>\n<hr \/>\n<div class=\"col-md-12 col-sm-12 grid\">\n<div class=\"featured-thumb col-md-4 col-sm-4\"><a href=\"https:\/\/www.worldofart.org\/arhiv.worldofart.org\/current\/archives\/787\"><img decoding=\"async\" src=\"https:\/\/www.worldofart.org\/arhiv.worldofart.org\/aktualno\/wp-content\/2011-13\/printaj\/printaj-kolaz.jpg\" alt=\"Print! collage\" width=\"338\" \/><\/a><\/div>\n<div class=\"out-thumb col-md-8 col-sm-8\">\n<h4><strong>Print!<\/strong><\/h4>\n<p>Exhibition of Editions \u2013 Ready to Print 13 (16 x A4) = A0 x 13<br \/>\n(Mednarodni grafi\u010dni likovni center, 15 \u2013 25 March 2012)<\/p>\n<p><strong>Artists:<\/strong> Brigit Brenner, Dani Gal, Guerilla Girls, Clare Kenny, Lucie Kolb, Monochrom, Ana Rold\u00e1n, Shirana Shahbazi, Riikka Tauriainen<\/p>\n<p><strong>Prepared by:<\/strong> Sa\u0161a Nabergoj<br \/>\n<strong>Assistents:<\/strong> Miha Kelemina, Simona \u017dvanut<\/p>\n<p><a href=\"https:\/\/www.worldofart.org\/arhiv.worldofart.org\/current\/archives\/787\">More info<\/a><\/p>\n<\/div>\n<\/div>\n<hr \/>\n<div class=\"col-md-12 col-sm-12 grid\">\n<div class=\"featured-thumb col-md-4 col-sm-4\"><a href=\"https:\/\/www.worldofart.org\/arhiv.worldofart.org\/current\/13th-year-201011\/tomislav-brajnovic-expedition_ego\"><img decoding=\"async\" src=\"https:\/\/www.worldofart.org\/arhiv.worldofart.org\/aktualno\/wp-content\/brajnovic\/brajnovic-speed.jpg\" alt=\"Tomislav Brajnovi\u0107: Expedition_Ego\" width=\"338\" \/><\/a><\/div>\n<div class=\"out-thumb col-md-8 col-sm-8\">\n<h4><strong>Tomislav Brajnovi\u0107: Expedition_Ego<\/strong><\/h4>\n<p>(Alkatraz Gallery, 27 October \u2013 12 November 2010)<\/p>\n<p><strong>Curated by:<\/strong> Sa\u0161a Nabergoj, Sonja Zavrtanik<\/p>\n<p><a href=\"https:\/\/www.worldofart.org\/arhiv.worldofart.org\/current\/13th-year-201011\/tomislav-brajnovic-expedition_ego\">More info<\/a><\/p>\n<\/div>\n<\/div>\n<hr \/>\n<div class=\"col-md-12 col-sm-12 grid\">\n<div class=\"featured-thumb col-md-4 col-sm-4\"><a href=\"https:\/\/www.worldofart.org\/arhiv.worldofart.org\/current\/archives\/124\"><img decoding=\"async\" src=\"https:\/\/www.worldofart.org\/arhiv.worldofart.org\/aktualno\/wp-content\/2008-09\/razstava4380\/vabilo_SU.gif\" alt=\"Around the world of art in 4.380 days\" width=\"338\" \/><\/a><\/div>\n<div class=\"out-thumb col-md-8 col-sm-8\">\n<h4><strong>Around the world of art in 4.380 days, World of Art 1997-2009<\/strong><\/h4>\n<p>(Alkatraz Gallery, 30 October \u2212 20 November 2009)<\/p>\n<p style=\"text-align: left;\"><strong>Artists:<\/strong> Lada Cerar &amp; Sa\u0161o Sedla\u010dek, Alen Flori\u010di\u0107, Marko A. Kova\u010di\u010d, Tanja La\u017eeti\u0107 &amp; Dejan Habicht, Ivan Maru\u0161i\u0107 Klif<\/p>\n<p><strong>Curator:<\/strong> Sa\u0161a Nabergoj<br \/>\n<strong>Assistant:<\/strong> Sonja Zavrtanik<\/p>\n<p><strong>Accompanying programme:<\/strong> Marko A. Kova\u010di\u010d: <em>Sub-auction<\/em><br \/>\n(<a href=\"https:\/\/www.worldofart.org\/arhiv.worldofart.org\/current\/sub-auction-by-marko-a-kovacic\">photos<\/a>, <a href=\"https:\/\/www.worldofart.org\/arhiv.worldofart.org\/current\/sub-auction-video-essay\">video esssay<\/a>)<\/p>\n<p><a href=\"https:\/\/www.worldofart.org\/arhiv.worldofart.org\/current\/archives\/124\">More info<\/a><\/p>\n<\/div>\n<\/div>\n<hr \/>\n<\/div>\n","protected":false},"excerpt":{"rendered":"<p>The next 21 days will be crucial The annual exhibition of the School for Curatorial Practices and Critical Writing World of Art (\u0160kuc Gallery, 13 May \u2013 2 June 2021) Artists: Beli sladoled, Nata\u0161a Berk, Aldo Giannotti, Adrijan Praznik, Simona Semeni\u010d &amp; Nada \u017dgank, Small but dangers Curatorial team: Vesna Bukovec, Miha Kelemina, Lara Plav\u010dak [&hellip;]<\/p>\n","protected":false},"author":1,"featured_media":0,"parent":0,"menu_order":0,"comment_status":"closed","ping_status":"closed","template":"","meta":{"footnotes":""},"categories":[],"tags":[],"class_list":["post-1178","page","type-page","status-publish","hentry"],"_links":{"self":[{"href":"https:\/\/www.worldofart.org\/arhiv.worldofart.org\/current\/wp-json\/wp\/v2\/pages\/1178","targetHints":{"allow":["GET"]}}],"collection":[{"href":"https:\/\/www.worldofart.org\/arhiv.worldofart.org\/current\/wp-json\/wp\/v2\/pages"}],"about":[{"href":"https:\/\/www.worldofart.org\/arhiv.worldofart.org\/current\/wp-json\/wp\/v2\/types\/page"}],"author":[{"embeddable":true,"href":"https:\/\/www.worldofart.org\/arhiv.worldofart.org\/current\/wp-json\/wp\/v2\/users\/1"}],"replies":[{"embeddable":true,"href":"https:\/\/www.worldofart.org\/arhiv.worldofart.org\/current\/wp-json\/wp\/v2\/comments?post=1178"}],"version-history":[{"count":36,"href":"https:\/\/www.worldofart.org\/arhiv.worldofart.org\/current\/wp-json\/wp\/v2\/pages\/1178\/revisions"}],"predecessor-version":[{"id":6355,"href":"https:\/\/www.worldofart.org\/arhiv.worldofart.org\/current\/wp-json\/wp\/v2\/pages\/1178\/revisions\/6355"}],"wp:attachment":[{"href":"https:\/\/www.worldofart.org\/arhiv.worldofart.org\/current\/wp-json\/wp\/v2\/media?parent=1178"}],"wp:term":[{"taxonomy":"category","embeddable":true,"href":"https:\/\/www.worldofart.org\/arhiv.worldofart.org\/current\/wp-json\/wp\/v2\/categories?post=1178"},{"taxonomy":"post_tag","embeddable":true,"href":"https:\/\/www.worldofart.org\/arhiv.worldofart.org\/current\/wp-json\/wp\/v2\/tags?post=1178"}],"curies":[{"name":"wp","href":"https:\/\/api.w.org\/{rel}","templated":true}]}}