{"id":146,"date":"2010-03-07T00:30:50","date_gmt":"2010-03-06T22:30:50","guid":{"rendered":"http:\/\/www.worldofart.org\/current\/13th-year-201011\/workshops\/misko-suvakovic-theory-and-practice-of-art-criticism\/"},"modified":"2015-05-26T13:33:23","modified_gmt":"2015-05-26T11:33:23","slug":"misko-suvakovic-theory-and-practice-of-art-criticism","status":"publish","type":"page","link":"https:\/\/www.worldofart.org\/arhiv.worldofart.org\/current\/13th-year-201011\/workshops\/misko-suvakovic-theory-and-practice-of-art-criticism","title":{"rendered":"Mi\u0161ko \u0160uvakovi\u0107: Theory and practice of art criticism"},"content":{"rendered":"<p>WORLD OF ART<br \/>\nSchool for Curators and Critics of Contemporary Art<br \/>\nSeason 13<br \/>\n1st Year (April\u2013June 2010)<\/p>\n<p>Workshop on writing about contemporary art<br \/>\n<strong>6. 6. 2010<\/strong><\/p>\n<hr \/>\n<p>The purpose of the workshop is to get acquainted with the history and theory of art critics and the practical tests in analysing the critic\u2019s text. Lectures will be held in Serbian language.  <\/p>\n<p>The first part of the workshop Mi\u0161ko \u0160uvakovi\u0107 will devote to lecturing on the theory of texts in visual arts. There will be talk about manifestos, theories of artists, curatorial discourse, half-slang and media articles about contemporary art.  Special attention will be given to the problem of the genre of \u00bbart\u00ab critics.<\/p>\n<p>The second part of the workshop will be devoted to lectures on the institutional and cultural system of art in the early 21st Century. This part of the workshop will be devoted to discussions about artistic discourse, about artistic institutions, functions of projects, the status of original documents, the nature of networks and the relationship of contemporary art practice, global capitalism and global criticism. <\/p>\n<hr \/>\n<p><strong>Timetable<\/strong><\/p>\n<p><strong>Sunday, June 6, 2010<\/strong><br \/>\n11.00-14.00h: Textual practice and visual arts<br \/>\n14.00-16.00h: Lunch break<br \/>\n16.00-19.00h: Discourse analysis of Art at the beginning of a new century<\/p>\n<p>The workshop will be held  in Serbian language.<\/p>\n","protected":false},"excerpt":{"rendered":"<p>WORLD OF ART School for Curators and Critics of Contemporary Art Season 13 1st Year (April\u2013June 2010) Workshop on writing about contemporary art 6. 6. 2010 The purpose of the workshop is to get acquainted with the history and theory of art critics and the practical tests in analysing the critic\u2019s text. Lectures will be [&hellip;]<\/p>\n","protected":false},"author":1,"featured_media":0,"parent":143,"menu_order":0,"comment_status":"closed","ping_status":"closed","template":"","meta":{"footnotes":""},"categories":[1],"tags":[],"class_list":["post-146","page","type-page","status-publish","hentry","category-woa"],"_links":{"self":[{"href":"https:\/\/www.worldofart.org\/arhiv.worldofart.org\/current\/wp-json\/wp\/v2\/pages\/146","targetHints":{"allow":["GET"]}}],"collection":[{"href":"https:\/\/www.worldofart.org\/arhiv.worldofart.org\/current\/wp-json\/wp\/v2\/pages"}],"about":[{"href":"https:\/\/www.worldofart.org\/arhiv.worldofart.org\/current\/wp-json\/wp\/v2\/types\/page"}],"author":[{"embeddable":true,"href":"https:\/\/www.worldofart.org\/arhiv.worldofart.org\/current\/wp-json\/wp\/v2\/users\/1"}],"replies":[{"embeddable":true,"href":"https:\/\/www.worldofart.org\/arhiv.worldofart.org\/current\/wp-json\/wp\/v2\/comments?post=146"}],"version-history":[{"count":7,"href":"https:\/\/www.worldofart.org\/arhiv.worldofart.org\/current\/wp-json\/wp\/v2\/pages\/146\/revisions"}],"predecessor-version":[{"id":2851,"href":"https:\/\/www.worldofart.org\/arhiv.worldofart.org\/current\/wp-json\/wp\/v2\/pages\/146\/revisions\/2851"}],"up":[{"embeddable":true,"href":"https:\/\/www.worldofart.org\/arhiv.worldofart.org\/current\/wp-json\/wp\/v2\/pages\/143"}],"wp:attachment":[{"href":"https:\/\/www.worldofart.org\/arhiv.worldofart.org\/current\/wp-json\/wp\/v2\/media?parent=146"}],"wp:term":[{"taxonomy":"category","embeddable":true,"href":"https:\/\/www.worldofart.org\/arhiv.worldofart.org\/current\/wp-json\/wp\/v2\/categories?post=146"},{"taxonomy":"post_tag","embeddable":true,"href":"https:\/\/www.worldofart.org\/arhiv.worldofart.org\/current\/wp-json\/wp\/v2\/tags?post=146"}],"curies":[{"name":"wp","href":"https:\/\/api.w.org\/{rel}","templated":true}]}}