{"id":150,"date":"2010-03-07T11:56:53","date_gmt":"2010-03-07T09:56:53","guid":{"rendered":"http:\/\/www.worldofart.org\/current\/13th-year-201011\/course-for-curators\/"},"modified":"2010-03-08T13:06:18","modified_gmt":"2010-03-08T11:06:18","slug":"course-for-curators","status":"publish","type":"page","link":"https:\/\/www.worldofart.org\/arhiv.worldofart.org\/current\/13th-year-201011\/course-for-curators","title":{"rendered":"Course for curators"},"content":{"rendered":"<p>WORLD OF ART<br \/>\nSchool for curators and critics of contemporary art<br \/>\nYear 13<br \/>\n2nd Semester (September 2010 \u2013 May 2011)<\/p>\n<hr \/>\n<p>Regular weekly meetings under the guidance of tutors dedicated to the concept and realisation of an exhibition of contemporary art at the Alkatraz Gallery.<\/p>\n<p>The work will include the conception of the exhibition, working with artists, financial planning, public relations and marketing, and technical realisation.<\/p>\n<p>Tutors: Jo\u017ee Bar\u0161i and Nevenka \u0160ivavec<\/p>\n","protected":false},"excerpt":{"rendered":"<p>WORLD OF ART School for curators and critics of contemporary art Year 13 2nd Semester (September 2010 \u2013 May 2011) Regular weekly meetings under the guidance of tutors dedicated to the concept and realisation of an exhibition of contemporary art at the Alkatraz Gallery. The work will include the conception of the exhibition, working with [&hellip;]<\/p>\n","protected":false},"author":1,"featured_media":0,"parent":135,"menu_order":0,"comment_status":"closed","ping_status":"closed","template":"","meta":{"footnotes":""},"categories":[1],"tags":[],"class_list":["post-150","page","type-page","status-publish","hentry","category-woa"],"_links":{"self":[{"href":"https:\/\/www.worldofart.org\/arhiv.worldofart.org\/current\/wp-json\/wp\/v2\/pages\/150","targetHints":{"allow":["GET"]}}],"collection":[{"href":"https:\/\/www.worldofart.org\/arhiv.worldofart.org\/current\/wp-json\/wp\/v2\/pages"}],"about":[{"href":"https:\/\/www.worldofart.org\/arhiv.worldofart.org\/current\/wp-json\/wp\/v2\/types\/page"}],"author":[{"embeddable":true,"href":"https:\/\/www.worldofart.org\/arhiv.worldofart.org\/current\/wp-json\/wp\/v2\/users\/1"}],"replies":[{"embeddable":true,"href":"https:\/\/www.worldofart.org\/arhiv.worldofart.org\/current\/wp-json\/wp\/v2\/comments?post=150"}],"version-history":[{"count":0,"href":"https:\/\/www.worldofart.org\/arhiv.worldofart.org\/current\/wp-json\/wp\/v2\/pages\/150\/revisions"}],"up":[{"embeddable":true,"href":"https:\/\/www.worldofart.org\/arhiv.worldofart.org\/current\/wp-json\/wp\/v2\/pages\/135"}],"wp:attachment":[{"href":"https:\/\/www.worldofart.org\/arhiv.worldofart.org\/current\/wp-json\/wp\/v2\/media?parent=150"}],"wp:term":[{"taxonomy":"category","embeddable":true,"href":"https:\/\/www.worldofart.org\/arhiv.worldofart.org\/current\/wp-json\/wp\/v2\/categories?post=150"},{"taxonomy":"post_tag","embeddable":true,"href":"https:\/\/www.worldofart.org\/arhiv.worldofart.org\/current\/wp-json\/wp\/v2\/tags?post=150"}],"curies":[{"name":"wp","href":"https:\/\/api.w.org\/{rel}","templated":true}]}}