{"id":152,"date":"2010-03-07T12:05:33","date_gmt":"2010-03-07T10:05:33","guid":{"rendered":"http:\/\/www.worldofart.org\/current\/13th-year-201011\/a-module-on-practical-curatorial-work\/"},"modified":"2015-05-26T13:56:43","modified_gmt":"2015-05-26T11:56:43","slug":"a-module-on-practical-curatorial-work","status":"publish","type":"page","link":"https:\/\/www.worldofart.org\/arhiv.worldofart.org\/current\/13th-year-201011\/a-module-on-practical-curatorial-work","title":{"rendered":"A module on practical curatorial work"},"content":{"rendered":"<p>WORLD OF ART<br \/>\nSchool for Curators and Critics of Contemporary Art<br \/>\nSeason 13<br \/>\n2nd Year (September 2010\u2013May 2011)<\/p>\n<p><strong>October 7\u20138, 2010<\/strong><\/p>\n<hr \/>\n<table width=\"100%\" border=\"0\" cellspacing=\"0\" cellpadding=\"0\">\n<tr>\n<td class=\"mesec\" rowspan=\"4\" width=\"20%\" valign=\"top\">Thursday, October 7, 2010<\/td>\n<td class=\"tdprogramsredina\" width=\"20%\" valign=\"top\">10.00\u201312.000<\/td>\n<td class=\"tdprogram\" width=\"60%\" valign=\"top\">Metka Dari\u0161: <strong>Catalogue: view of the designer<\/strong><\/td>\n<\/tr>\n<tr>\n<td class=\"tdprogramsredina\" width=\"20%\" valign=\"top\">12.30\u201314.00<\/td>\n<td class=\"tdprogram\" width=\"60%\" valign=\"top\">Branka Stipan\u010di\u0107: <strong>Catalogue: view of the editor<\/strong> <\/td>\n<\/tr>\n<tr>\n<td class=\"tdprogramsredina\" width=\"20%\" valign=\"top\">14.00\u201315.30<\/td>\n<td class=\"tdprogram\" width=\"60%\" valign=\"top\">lunch break<\/td>\n<\/tr>\n<tr>\n<td class=\"tdprogramsredina\" width=\"20%\" valign=\"top\">15.30\u201317.00<\/td>\n<td class=\"tdprogram\" width=\"60%\" valign=\"top\">Bojana Leskovar: <strong>Public relations<\/strong><\/td>\n<\/tr>\n<tr>\n<td class=\"mesec\" rowspan=\"2\" width=\"20%\" valign=\"top\">Friday, October 8, 2010<\/td>\n<td class=\"tdprogramsredina\" width=\"20%\" valign=\"top\">10.00\u201312.00<\/td>\n<td class=\"tdprogram\" width=\"60%\" valign=\"top\">Jana Intihar Ferjan: <strong>Documentation<\/strong><\/td>\n<\/tr>\n<tr>\n<td class=\"tdprogramsredina\" width=\"20%\" valign=\"top\">12.30\u201314.30<\/td>\n<td class=\"tdprogram\" width=\"60%\" valign=\"top\">Du\u0161an Dov\u010d in Dea Vidovi\u0107: <strong>Fundraising<\/strong><\/td>\n<\/tr>\n<\/table>\n","protected":false},"excerpt":{"rendered":"<p>WORLD OF ART School for Curators and Critics of Contemporary Art Season 13 2nd Year (September 2010\u2013May 2011) October 7\u20138, 2010 Thursday, October 7, 2010 10.00\u201312.000 Metka Dari\u0161: Catalogue: view of the designer 12.30\u201314.00 Branka Stipan\u010di\u0107: Catalogue: view of the editor 14.00\u201315.30 lunch break 15.30\u201317.00 Bojana Leskovar: Public relations Friday, October 8, 2010 10.00\u201312.00 Jana [&hellip;]<\/p>\n","protected":false},"author":1,"featured_media":0,"parent":135,"menu_order":0,"comment_status":"closed","ping_status":"closed","template":"","meta":{"footnotes":""},"categories":[1],"tags":[],"class_list":["post-152","page","type-page","status-publish","hentry","category-woa"],"_links":{"self":[{"href":"https:\/\/www.worldofart.org\/arhiv.worldofart.org\/current\/wp-json\/wp\/v2\/pages\/152","targetHints":{"allow":["GET"]}}],"collection":[{"href":"https:\/\/www.worldofart.org\/arhiv.worldofart.org\/current\/wp-json\/wp\/v2\/pages"}],"about":[{"href":"https:\/\/www.worldofart.org\/arhiv.worldofart.org\/current\/wp-json\/wp\/v2\/types\/page"}],"author":[{"embeddable":true,"href":"https:\/\/www.worldofart.org\/arhiv.worldofart.org\/current\/wp-json\/wp\/v2\/users\/1"}],"replies":[{"embeddable":true,"href":"https:\/\/www.worldofart.org\/arhiv.worldofart.org\/current\/wp-json\/wp\/v2\/comments?post=152"}],"version-history":[{"count":6,"href":"https:\/\/www.worldofart.org\/arhiv.worldofart.org\/current\/wp-json\/wp\/v2\/pages\/152\/revisions"}],"predecessor-version":[{"id":2867,"href":"https:\/\/www.worldofart.org\/arhiv.worldofart.org\/current\/wp-json\/wp\/v2\/pages\/152\/revisions\/2867"}],"up":[{"embeddable":true,"href":"https:\/\/www.worldofart.org\/arhiv.worldofart.org\/current\/wp-json\/wp\/v2\/pages\/135"}],"wp:attachment":[{"href":"https:\/\/www.worldofart.org\/arhiv.worldofart.org\/current\/wp-json\/wp\/v2\/media?parent=152"}],"wp:term":[{"taxonomy":"category","embeddable":true,"href":"https:\/\/www.worldofart.org\/arhiv.worldofart.org\/current\/wp-json\/wp\/v2\/categories?post=152"},{"taxonomy":"post_tag","embeddable":true,"href":"https:\/\/www.worldofart.org\/arhiv.worldofart.org\/current\/wp-json\/wp\/v2\/tags?post=152"}],"curies":[{"name":"wp","href":"https:\/\/api.w.org\/{rel}","templated":true}]}}