{"id":1704,"date":"2014-03-14T14:26:36","date_gmt":"2014-03-14T12:26:36","guid":{"rendered":"http:\/\/www.worldofart.org\/current\/?page_id=1704"},"modified":"2015-09-11T09:45:49","modified_gmt":"2015-09-11T07:45:49","slug":"series-of-lectures-on-curatorial-and-institutional-practice","status":"publish","type":"page","link":"https:\/\/www.worldofart.org\/arhiv.worldofart.org\/current\/15th-season-2014-2016\/series-of-lectures-on-curatorial-and-institutional-practice","title":{"rendered":"Series of public lectures"},"content":{"rendered":"<p>WORLD OF ART<br \/>\nSchool for Curators and Critics of Contemporary Art<br \/>\nSeason 15<br \/>\n1st Year (October 2014\u2013June 2015)<\/p>\n<hr \/>\n<p><strong>HOW CRITICAL IS THE CONDITION OF CRITICAL WRITING?<\/strong><br \/>\nSeries of public lectures<\/p>\n<p>Critical reflection of curatorial practices and the complex relationship between theory and practice in the field of contemporary art are the constant problem fields of public lectures in the context of the World of Art, School for Curators and Critics of Contemporary Art.<\/p>\n<p>With the 2015 World of Art educational programme, we are addressing changes that have taken place in artistic and, above all, critical writing. We will turn our focus onto the condition and status of contemporary critical writing in the field of art and culture. Our starting point is the notion that while art criticism is a vital part of the artistic ecosystem, without which art cannot fulfil its social or cultural function in the full sense, the crisis in art criticism today is nevertheless undeniable. Art criticism has all but disappeared from newspaper columns and the role of the art critic seems vague, robbed its (historic) relevance and overshadowed by the figure of the curator. At the same time, the Internet has allowed for the democratisation of cultural production \u2013 and so everyone who has access to it can have a voice, everyone can have a blog and everyone can be a critic.<\/p>\n<p>Art criticism\u2019s crisis of identity affects how we have come to think about its role and function. The goal of this series of public lectures and workshops is to examine and evaluate the nature of the crisis in art criticism and to identify what has changed and why, what are the present tasks of art critics and what new approaches could be suggested. To be able to do this, we need to review some of the cultural, economic, social and technological factors that have contributed to the current condition. The possible questions with which we will be dealing are: What are the (historical, etc.) conditions of the crisis in art criticism? What was additionally triggered by the rejection of judgment in art criticism that took place at the turn of 21st century? What is the relation between institutional critique and art criticism? How shall we think art criticism in the digital era and these times of social networking? What are the broader implications of the apparent obsolescence of art criticism in the present? How is this related to the condition and status of critical thought in general? Does the fact that art criticism is decaying mean that our historical moment is \u201cpost-critical\u201d? Or is it that art criticism today has simply extended and shifted into the hands of different players \u2013 curators, art institutions, theoreticians, artists &#8230;?<\/p>\n<p class=\"leto\"><strong>2015<\/strong><\/p>\n<table width=\"100%\" border=\"0\" cellspacing=\"0\" cellpadding=\"0\">\n<tbody>\n<tr>\n<td class=\"mesec\" rowspan=\"2\" valign=\"top\" width=\"20%\">February<\/td>\n<td class=\"tdprogramsredina\" valign=\"top\" width=\"27%\">Thursday,<br \/>\nFebruary 5, 2015, at 6 pm,<br \/>\nTrubarjeva hi\u0161a literature<\/td>\n<td class=\"tdprogram\" valign=\"top\" width=\"58%\"><a href=\"https:\/\/www.worldofart.org\/arhiv.worldofart.org\/current\/archives\/2539\">Boris Buden: Art and Critique in Curating the Past, lecture<\/a><\/td>\n<\/tr>\n<tr>\n<td class=\"tdprogramsredina\" valign=\"top\" width=\"27%\">Friday,<br \/>\nFebruary 6, 2015, at 6 pm,<br \/>\nTrubarjeva hi\u0161a literature<\/td>\n<td class=\"tdprogram\" valign=\"top\" width=\"58%\"><a href=\"https:\/\/www.worldofart.org\/arhiv.worldofart.org\/current\/archives\/2539\">Boris Buden: A conversation with Boris Buden upon the occasion of the Slovene translation of the <em>Zone des \u00dcbergangs: Vom Ende des Postkommunismus.<\/em><\/a><\/td>\n<\/tr>\n<tr>\n<td class=\"mesec\" valign=\"top\" width=\"20%\">March<\/td>\n<td class=\"tdprogramsredina\" valign=\"top\" width=\"22%\">Thursday,<br \/>\nMarch 27, 2015,<br \/>\nat 6 pm, Project Room SCCA-Ljubljana<\/td>\n<td class=\"tdprogram\" valign=\"top\" width=\"58%\"><a href=\"https:\/\/www.worldofart.org\/arhiv.worldofart.org\/current\/archives\/2588\">Lina D\u017euverovi\u0107: Words Are People.* Text As Art And Art As Text<\/a><\/td>\n<\/tr>\n<tr>\n<td class=\"mesec\" valign=\"top\" width=\"20%\">June<\/td>\n<td class=\"tdprogramsredina\" valign=\"top\" width=\"25%\">Tuesday,<br \/>\nJune 16, 2015, at 6 pm, Project Room SCCA-Ljubljana<\/td>\n<td class=\"tdprogram\" valign=\"top\" width=\"58%\"><a href=\"https:\/\/www.worldofart.org\/arhiv.worldofart.org\/current\/archives\/3054\">Jelena Vesi\u0107: Critique in\/or Crisis<\/a><\/td>\n<\/tr>\n<tr>\n<td class=\"mesec\" rowspan=\"2\" valign=\"top\" width=\"20%\">September<\/td>\n<td class=\"tdprogramsredina\" valign=\"top\" width=\"25%\">Friday,<br \/>\nSeptember 4, 2015, at 6 pm, Project Room SCCA-Ljubljana<\/td>\n<td class=\"tdprogram\" valign=\"top\" width=\"58%\"><a href=\"https:\/\/www.worldofart.org\/arhiv.worldofart.org\/current\/archives\/3380\">Jennifer Allen: The Work of Art Criticism in the Digital Era<\/a><\/td>\n<\/tr>\n<tr>\n<td class=\"tdprogramsredina\" valign=\"top\" width=\"25%\">Wednesday,<br \/>\nSeptember 16, 2015, at 4 pm, Project Room SCCA-Ljubljana<\/td>\n<td class=\"tdprogram\" valign=\"top\" width=\"58%\"><a href=\"https:\/\/www.worldofart.org\/arhiv.worldofart.org\/current\/archives\/3399\">Edit Andr\u00e1s: The Trajectory of Criticism in the Time of Post-Socialist Nationalism<\/a><\/td>\n<\/tr>\n<\/tbody>\n<\/table>\n<p>In the series od lectures, which will be held in 2015, we are additionally announcing lecturer <strong>Jennifer Allen<\/strong>.<\/p>\n<p>This programme is being prepared by World of Art \/ SCCA\u2013Ljubljana and the <a href=\"http:\/\/www.igorzabel.org\/en\" target=\"_blank\">Igor Zabel Association for Culture and Theory<\/a>.<\/p>\n<p><img loading=\"lazy\" decoding=\"async\" class=\"alignleft size-full wp-image-3050\" title=\"Svet umetnosti \/ World of Art\" src=\"https:\/\/www.worldofart.org\/arhiv.worldofart.org\/current\/wp-content\/uploads\/2014\/03\/woa120.gif\" alt=\"Svet umetnosti \/ World of Art\" width=\"120\" height=\"87\" \/>\u00a0\u00a0\u00a0\u00a0<img loading=\"lazy\" decoding=\"async\" class=\"alignnone size-full wp-image-3051\" title=\"Igor Zabel Association for Culture and Theory\" src=\"https:\/\/www.worldofart.org\/arhiv.worldofart.org\/current\/wp-content\/uploads\/2014\/03\/igor_zabel_logo-eng.png\" alt=\"Igor Zabel Association for Culture and Theory\" width=\"120\" height=\"68\" \/><\/p>\n<div style=\"clear: both;\"><\/div>\n<p>The programme is supported by the City of Ljubljana \u2013 Department for Culture and ERSTE Foundation.<br \/>\nLecture of Jennifer Allen is supported by <a href=\"http:\/\/www.ifa.de\/\" target=\"_blank\">Institut f\u00fcr Auslandsbeziehungen e. V. Stuttgart<\/a>.<\/p>\n<p><img loading=\"lazy\" decoding=\"async\" class=\"alignnone size-full wp-image-5935\" title=\"City of Ljubljana \u2013 Department for Culture\" src=\"https:\/\/www.worldofart.org\/arhiv.worldofart.org\/aktualno\/wp-content\/uploads\/2014\/01\/mol.jpg\" alt=\"City of Ljubljana \u2013 Department for Culture\" width=\"118\" height=\"84\" \/> <img loading=\"lazy\" decoding=\"async\" class=\"alignnone size-full wp-image-5934\" title=\"ERSTE Foundation\" src=\"https:\/\/www.worldofart.org\/arhiv.worldofart.org\/aktualno\/wp-content\/uploads\/2014\/01\/erste-stiftung.jpg\" alt=\"ERSTE Foundation\" width=\"149\" height=\"84\" \/> <img loading=\"lazy\" decoding=\"async\" class=\"alignnone size-full wp-image-7717\" title=\"Institut f\u00fcr Auslandsbeziehungen e. V. Stuttgart\" src=\"https:\/\/www.worldofart.org\/arhiv.worldofart.org\/aktualno\/wp-content\/uploads\/2014\/02\/ifa_.png\" alt=\"\" width=\"188\" height=\"84\" \/><\/p>\n<hr \/>\n<p><a name=\"2014\"><\/a><\/p>\n<p><strong>REFLECTIONS AND PREMISES IN CONTEMPORARY ART, ART THEORY AND ART HISTORY<\/strong><br \/>\nSeries of public lectures<\/p>\n<p>The 2014 World of Art educational programme consists of a series of public lectures and workshops within which we were addressing the complex relations between theory and practice in the field of contemporary art. Together with invited guests, we have sharpened critical reflection on contemporary curatorial practices, deepened our knowledge about contemporary art theory and history and all that meets again and again with contemporary art practices.<\/p>\n<p class=\"leto\"><strong>2014<\/strong><\/p>\n<table width=\"100%\" border=\"0\" cellspacing=\"0\" cellpadding=\"0\">\n<tbody>\n<tr>\n<td class=\"mesec\" valign=\"top\" width=\"20%\">February<\/td>\n<td class=\"tdprogramsredina\" valign=\"top\" width=\"22%\">Wednesday,<br \/>\nFebruary 5, 2014,<br \/>\nat 6 pm, Project Room SCCA-Ljubljana<\/td>\n<td class=\"tdprogram\" valign=\"top\" width=\"58%\"><a href=\"https:\/\/www.worldofart.org\/arhiv.worldofart.org\/current\/archives\/1641\">Suzana Milevska: The Troubled Relation Between Theory and Curatorial Practice<\/a><\/td>\n<\/tr>\n<tr>\n<td class=\"mesec\" valign=\"top\" width=\"20%\">March<\/td>\n<td class=\"tdprogramsredina\" valign=\"top\" width=\"22%\">Thursday,<br \/>\nMarch 13, 2014,<br \/>\nat 7 pm, Project Room SCCA-Ljubljana<\/td>\n<td class=\"tdprogram\" valign=\"top\" width=\"58%\"><a href=\"https:\/\/www.worldofart.org\/arhiv.worldofart.org\/current\/archives\/1654\">Elke Krasny: Unplanned History \u2013 Writing It Down\/Writing It Up as a Critical Curatorial Practice<\/a><\/td>\n<\/tr>\n<tr>\n<td class=\"mesec\" valign=\"top\" width=\"20%\">April<\/td>\n<td class=\"tdprogramsredina\" valign=\"top\" width=\"22%\">Tuesday,<br \/>\nApril 15, 2014,<br \/>\nat 7 pm, Project Room SCCA-Ljubljana<\/td>\n<td class=\"tdprogram\" valign=\"top\" width=\"58%\"><a href=\"https:\/\/www.worldofart.org\/arhiv.worldofart.org\/current\/archives\/1744\">Jayme McLellan: Different models of support for emerging art and artists in the U.S.\/D.C.<\/a><\/td>\n<\/tr>\n<tr>\n<td class=\"mesec\" valign=\"top\" width=\"20%\">May<\/td>\n<td class=\"tdprogramsredina\" valign=\"top\" width=\"22%\">Monday,<br \/>\nMay 12, 2014,<br \/>\nat 7 pm, Project Room SCCA-Ljubljana<\/td>\n<td class=\"tdprogram\" valign=\"top\" width=\"58%\"><a href=\"https:\/\/www.worldofart.org\/arhiv.worldofart.org\/current\/archives\/1764\">Paul O\u2019Neill: Did Somebody Say Curating, Again? Recent Turns in Curatorial Practice<\/a><\/td>\n<\/tr>\n<tr>\n<td class=\"mesec\" valign=\"top\" width=\"20%\">September<\/td>\n<td class=\"tdprogramsredina\" valign=\"top\" width=\"22%\">Monday,<br \/>\nSeptember 22, 2014,<br \/>\nat 6 pm, MSUM<\/td>\n<td class=\"tdprogram\" valign=\"top\" width=\"58%\"><a href=\"https:\/\/www.worldofart.org\/arhiv.worldofart.org\/current\/archives\/2032\">Piotr Piotrowski: The Global NETwork. Approaching Comparative Art History<br \/>\nKlara Kemp-Welch: Continuity and Rupture \/ Networking and Collaboration from the 70s to the 00s<\/a><\/td>\n<\/tr>\n<\/tbody>\n<\/table>\n<p><strong><\/strong>The programme is being prepared by World of Art \/ SCCA\u2013Ljubljana and the <a href=\"http:\/\/www.igorzabel.org\/en\" target=\"_blank\">Igor Zabel Association for Culture and Theory<\/a>.<\/p>\n<p><img loading=\"lazy\" decoding=\"async\" class=\"alignleft size-full wp-image-3050\" title=\"Svet umetnosti \/ World of Art\" src=\"https:\/\/www.worldofart.org\/arhiv.worldofart.org\/current\/wp-content\/uploads\/2014\/03\/woa120.gif\" alt=\"Svet umetnosti \/ World of Art\" width=\"120\" height=\"87\" \/>\u00a0\u00a0\u00a0\u00a0<img loading=\"lazy\" decoding=\"async\" class=\"alignnone size-full wp-image-3051\" title=\"Igor Zabel Association for Culture and Theory\" src=\"https:\/\/www.worldofart.org\/arhiv.worldofart.org\/current\/wp-content\/uploads\/2014\/03\/igor_zabel_logo-eng.png\" alt=\"Igor Zabel Association for Culture and Theory\" width=\"120\" height=\"68\" \/><\/p>\n<div style=\"clear: both;\"><\/div>\n<p><strong><\/strong>The programme is supported by: the City of Ljubljana \u2013 Department for Culture; ERSTE Foundation; the United States Embassy in Ljubljana.<\/p>\n<p><img loading=\"lazy\" decoding=\"async\" class=\"alignnone size-full wp-image-5935\" title=\"Mestna ob\u010dina Ljubljana \u2013 Oddelek za kulturo\" src=\"https:\/\/www.worldofart.org\/arhiv.worldofart.org\/aktualno\/wp-content\/uploads\/2014\/01\/mol.jpg\" alt=\"Mestna ob\u010dina Ljubljana \u2013 Oddelek za kulturo\" width=\"118\" height=\"84\" \/> <img loading=\"lazy\" decoding=\"async\" class=\"alignnone size-full wp-image-5934\" title=\"Erste sklad\" src=\"https:\/\/www.worldofart.org\/arhiv.worldofart.org\/aktualno\/wp-content\/uploads\/2014\/01\/erste-stiftung.jpg\" alt=\"Erste sklad\" width=\"149\" height=\"84\" \/> <img loading=\"lazy\" decoding=\"async\" class=\"alignnone size-full wp-image-5933\" title=\"Veleposlani\u0161tvo Zdru\u017eenih dr\u017eav Amerike v Ljubljani\" src=\"https:\/\/www.worldofart.org\/arhiv.worldofart.org\/aktualno\/wp-content\/uploads\/2014\/01\/US-embassy.jpg\" alt=\"Veleposlani\u0161tvo Zdru\u017eenih dr\u017eav Amerike v Ljubljani\" width=\"55\" height=\"84\" \/><\/p>\n","protected":false},"excerpt":{"rendered":"<p>WORLD OF ART School for Curators and Critics of Contemporary Art Season 15 1st Year (October 2014\u2013June 2015) HOW CRITICAL IS THE CONDITION OF CRITICAL WRITING? Series of public lectures Critical reflection of curatorial practices and the complex relationship between theory and practice in the field of contemporary art are the constant problem fields of [&hellip;]<\/p>\n","protected":false},"author":1,"featured_media":0,"parent":1669,"menu_order":0,"comment_status":"closed","ping_status":"closed","template":"","meta":{"footnotes":""},"categories":[],"tags":[],"class_list":["post-1704","page","type-page","status-publish","hentry"],"_links":{"self":[{"href":"https:\/\/www.worldofart.org\/arhiv.worldofart.org\/current\/wp-json\/wp\/v2\/pages\/1704","targetHints":{"allow":["GET"]}}],"collection":[{"href":"https:\/\/www.worldofart.org\/arhiv.worldofart.org\/current\/wp-json\/wp\/v2\/pages"}],"about":[{"href":"https:\/\/www.worldofart.org\/arhiv.worldofart.org\/current\/wp-json\/wp\/v2\/types\/page"}],"author":[{"embeddable":true,"href":"https:\/\/www.worldofart.org\/arhiv.worldofart.org\/current\/wp-json\/wp\/v2\/users\/1"}],"replies":[{"embeddable":true,"href":"https:\/\/www.worldofart.org\/arhiv.worldofart.org\/current\/wp-json\/wp\/v2\/comments?post=1704"}],"version-history":[{"count":55,"href":"https:\/\/www.worldofart.org\/arhiv.worldofart.org\/current\/wp-json\/wp\/v2\/pages\/1704\/revisions"}],"predecessor-version":[{"id":3411,"href":"https:\/\/www.worldofart.org\/arhiv.worldofart.org\/current\/wp-json\/wp\/v2\/pages\/1704\/revisions\/3411"}],"up":[{"embeddable":true,"href":"https:\/\/www.worldofart.org\/arhiv.worldofart.org\/current\/wp-json\/wp\/v2\/pages\/1669"}],"wp:attachment":[{"href":"https:\/\/www.worldofart.org\/arhiv.worldofart.org\/current\/wp-json\/wp\/v2\/media?parent=1704"}],"wp:term":[{"taxonomy":"category","embeddable":true,"href":"https:\/\/www.worldofart.org\/arhiv.worldofart.org\/current\/wp-json\/wp\/v2\/categories?post=1704"},{"taxonomy":"post_tag","embeddable":true,"href":"https:\/\/www.worldofart.org\/arhiv.worldofart.org\/current\/wp-json\/wp\/v2\/tags?post=1704"}],"curies":[{"name":"wp","href":"https:\/\/api.w.org\/{rel}","templated":true}]}}