{"id":1713,"date":"2014-03-14T14:45:11","date_gmt":"2014-03-14T12:45:11","guid":{"rendered":"http:\/\/www.worldofart.org\/current\/?page_id=1713"},"modified":"2014-09-07T17:23:11","modified_gmt":"2014-09-07T15:23:11","slug":"workshops-20142016","status":"publish","type":"page","link":"https:\/\/www.worldofart.org\/arhiv.worldofart.org\/current\/15th-season-2014-2016\/workshops-20142016","title":{"rendered":"Workshops 2014\/2016"},"content":{"rendered":"<p>WORLD OF ART<br \/>\nSchool for Curators and Critics of Contemporary Art<br \/>\nSeason 15<\/p>\n<hr \/>\n<p><strong>Reflections and Premises in Contemporary Art, Art Theory and Art History<\/strong><br \/>\nSeries of lectures<\/p>\n<p>The 2014 World of Art educational programme consists of a series of public lectures and workshops within which we are addressing the complex relations between theory and practice in the field of contemporary art. Together with invited guests, we will sharpen critical reflection on contemporary curatorial practices, deepen our knowledge about contemporary art theory and history and all that meets again and again with contemporary art practices. The programme is being prepared by SCCA-Ljubljana and the <a href=\"http:\/\/www.igorzabel.org\/en\" target=\"_blank\">Igor Zabel Association for Culture and Theory<\/a>.<\/p>\n<p class=\"leto\"><strong>2014<\/strong><\/p>\n<table width=\"100%\" border=\"0\" cellspacing=\"0\" cellpadding=\"0\">\n<tbody>\n<tr>\n<td class=\"mesec\" valign=\"top\" width=\"20%\">February<\/td>\n<td class=\"tdprogramsredina\" valign=\"top\" width=\"22%\">Wednesday,<br \/>\nFebruary 5, 2014,<br \/>\nat 6 pm, Project Room SCCA-Ljubljana<\/td>\n<td class=\"tdprogram\" valign=\"top\" width=\"58%\"><a href=\"https:\/\/www.worldofart.org\/arhiv.worldofart.org\/current\/archives\/1641\">Suzana Milevska: The Troubled Relation Between Theory and Curatorial Practice<\/a><\/td>\n<\/tr>\n<tr>\n<td class=\"mesec\" valign=\"top\" width=\"20%\">March<\/td>\n<td class=\"tdprogramsredina\" valign=\"top\" width=\"22%\">Thursday &amp; Friday,<br \/>\nMarch 13 &amp; 14, 2014,<br \/>\nat 7 pm, Project Room SCCA-Ljubljana<\/td>\n<td class=\"tdprogram\" valign=\"top\" width=\"58%\"><a href=\"https:\/\/www.worldofart.org\/arhiv.worldofart.org\/current\/archives\/1654\">Elke Krasny: Unplanned History \u2013 Writing It Down\/Writing It Up as a Critical Curatorial Practice<\/a><\/td>\n<\/tr>\n<tr>\n<td class=\"mesec\" valign=\"top\" width=\"20%\">April<\/td>\n<td class=\"tdprogramsredina\" valign=\"top\" width=\"22%\">Wednesday &amp; Thursday,<br \/>\nApril 16 &amp; 17, 2014<br \/>\nat 7 pm, Project Room SCCA-Ljubljana<\/td>\n<td class=\"tdprogram\" valign=\"top\" width=\"58%\"><a href=\"https:\/\/www.worldofart.org\/arhiv.worldofart.org\/current\/archives\/1744\">Jayme McLellan: Different models of support for emerging art and artists in the U.S.\/D.C.<\/a><\/td>\n<\/tr>\n<tr>\n<td class=\"mesec\" valign=\"top\" width=\"20%\">May<\/td>\n<td class=\"tdprogramsredina\" valign=\"top\" width=\"22%\">Tuesday\u2013Thursday,<br \/>\nMay 13\u201315, 2014<\/td>\n<td class=\"tdprogram\" valign=\"top\" width=\"58%\"><a href=\"https:\/\/www.worldofart.org\/arhiv.worldofart.org\/current\/archives\/1764\">Paul O\u2019Neill: Did Somebody Say Curating, Again? Recent Turns in Curatorial Practice<\/a><\/td>\n<\/tr>\n<\/tbody>\n<\/table>\n<p><strong><\/strong><br \/>\n<strong><\/strong><\/p>\n<p>The programme is supported by: the City of Ljubljana \u2013 Department for Culture; ERSTE Foundation; the United States Embassy in Ljubljana.<\/p>\n<p><img loading=\"lazy\" decoding=\"async\" class=\"alignnone size-full wp-image-5935\" title=\"Mestna ob\u010dina Ljubljana \u2013 Oddelek za kulturo\" src=\"https:\/\/www.worldofart.org\/arhiv.worldofart.org\/aktualno\/wp-content\/uploads\/2014\/01\/mol.jpg\" alt=\"Mestna ob\u010dina Ljubljana \u2013 Oddelek za kulturo\" width=\"118\" height=\"84\" \/> <img loading=\"lazy\" decoding=\"async\" class=\"alignnone size-full wp-image-5934\" title=\"Erste sklad\" src=\"https:\/\/www.worldofart.org\/arhiv.worldofart.org\/aktualno\/wp-content\/uploads\/2014\/01\/erste-stiftung.jpg\" alt=\"Erste sklad\" width=\"149\" height=\"84\" \/> <img loading=\"lazy\" decoding=\"async\" class=\"alignnone size-full wp-image-5933\" title=\"Veleposlani\u0161tvo Zdru\u017eenih dr\u017eav Amerike v Ljubljani\" src=\"https:\/\/www.worldofart.org\/arhiv.worldofart.org\/aktualno\/wp-content\/uploads\/2014\/01\/US-embassy.jpg\" alt=\"Veleposlani\u0161tvo Zdru\u017eenih dr\u017eav Amerike v Ljubljani\" width=\"55\" height=\"84\" \/><\/p>\n","protected":false},"excerpt":{"rendered":"<p>WORLD OF ART School for Curators and Critics of Contemporary Art Season 15 Reflections and Premises in Contemporary Art, Art Theory and Art History Series of lectures The 2014 World of Art educational programme consists of a series of public lectures and workshops within which we are addressing the complex relations between theory and practice [&hellip;]<\/p>\n","protected":false},"author":1,"featured_media":0,"parent":1669,"menu_order":0,"comment_status":"closed","ping_status":"closed","template":"","meta":{"footnotes":""},"categories":[],"tags":[],"class_list":["post-1713","page","type-page","status-publish","hentry"],"_links":{"self":[{"href":"https:\/\/www.worldofart.org\/arhiv.worldofart.org\/current\/wp-json\/wp\/v2\/pages\/1713","targetHints":{"allow":["GET"]}}],"collection":[{"href":"https:\/\/www.worldofart.org\/arhiv.worldofart.org\/current\/wp-json\/wp\/v2\/pages"}],"about":[{"href":"https:\/\/www.worldofart.org\/arhiv.worldofart.org\/current\/wp-json\/wp\/v2\/types\/page"}],"author":[{"embeddable":true,"href":"https:\/\/www.worldofart.org\/arhiv.worldofart.org\/current\/wp-json\/wp\/v2\/users\/1"}],"replies":[{"embeddable":true,"href":"https:\/\/www.worldofart.org\/arhiv.worldofart.org\/current\/wp-json\/wp\/v2\/comments?post=1713"}],"version-history":[{"count":7,"href":"https:\/\/www.worldofart.org\/arhiv.worldofart.org\/current\/wp-json\/wp\/v2\/pages\/1713\/revisions"}],"predecessor-version":[{"id":1778,"href":"https:\/\/www.worldofart.org\/arhiv.worldofart.org\/current\/wp-json\/wp\/v2\/pages\/1713\/revisions\/1778"}],"up":[{"embeddable":true,"href":"https:\/\/www.worldofart.org\/arhiv.worldofart.org\/current\/wp-json\/wp\/v2\/pages\/1669"}],"wp:attachment":[{"href":"https:\/\/www.worldofart.org\/arhiv.worldofart.org\/current\/wp-json\/wp\/v2\/media?parent=1713"}],"wp:term":[{"taxonomy":"category","embeddable":true,"href":"https:\/\/www.worldofart.org\/arhiv.worldofart.org\/current\/wp-json\/wp\/v2\/categories?post=1713"},{"taxonomy":"post_tag","embeddable":true,"href":"https:\/\/www.worldofart.org\/arhiv.worldofart.org\/current\/wp-json\/wp\/v2\/tags?post=1713"}],"curies":[{"name":"wp","href":"https:\/\/api.w.org\/{rel}","templated":true}]}}