{"id":2081,"date":"2014-10-20T09:11:46","date_gmt":"2014-10-20T07:11:46","guid":{"rendered":"http:\/\/www.worldofart.org\/current\/?page_id=2081"},"modified":"2016-05-27T16:53:53","modified_gmt":"2016-05-27T14:53:53","slug":"participants-20142016","status":"publish","type":"page","link":"https:\/\/www.worldofart.org\/arhiv.worldofart.org\/current\/15th-season-2014-2016\/participants-20142016","title":{"rendered":"Participants 2014\/2016"},"content":{"rendered":"<h3 class=\"solazelena\" style=\"font-weight: normal;\">1st in 2nd year<\/h3>\n<p><img loading=\"lazy\" decoding=\"async\" style=\"margin-right: 10px; margin-bottom: 5px; margin-top: 3px; margin-left: 0px;\" src=\"https:\/\/www.worldofart.org\/arhiv.worldofart.org\/aktualno\/wp-content\/2014-2016\/tecajniki\/Petra-Bole.jpg\" alt=\"Petra Bole\" width=\"100\" height=\"100\" align=\"left\" \/><strong>Petra Bole<\/strong> graduated at the Faculty of Architecture in Ljubljana and continued her studies at the London Metropolitan University (MA Jewellery &#038; Silversmithing). As a doctoral candidate she researches the importance and role of contemporary jewellery in the art field. She is the founding member of the Association of Contemporary Jewellery of Slovenia. She participated in 8 solo exhibitions, 29 group exhibitions in Slovenia and in 19 group exhibitions abroad (Austria, Italy, Croatia, Germany, Columbia, Denmark and Great Britain) and helped organize 6 projects (BREAK 21, BIO 19 \u2013 round table on contemporary jewellery, Ministry of Culture, Bilateral focus). Jewellery is her passion and her way of life. She is interested in the space and body, in the conceptual jewellery as a paradigm of contemporary art and architectural jewellery. For her, jewellery is contemporary art. <\/p>\n<hr \/>\n<p><img loading=\"lazy\" decoding=\"async\" style=\"margin-right: 10px; margin-bottom: 5px; margin-top: 3px; margin-left: 0px;\" src=\"https:\/\/www.worldofart.org\/arhiv.worldofart.org\/aktualno\/wp-content\/2014-2016\/tecajniki\/Nina-Jesih.jpg\" alt=\"Nina Jesih\" width=\"100\" height=\"100\" align=\"left\" \/><strong>Nina Jesih<\/strong>, born in Kranj (1988) is a graduate of Art History (Faculty of Arts Ljubljana) and will be continuing her studies on a Masters programme in Curatorial Practice in UK. She is a volunteer at the Museum of Natural History and she was also collaborating with Jakopi\u010d Gallery where she helped setting up a few exhibitions. Her articles are being published in art history magazine Artfiks, on web portal mojpogled.com and international web page honestcooking.com. She is a research assistant of dr. Noah Charney for an upcoming book project about conceptual art, in addition, she is a member of \u0160ugla (School of Street Theatre), which is a part of Ana Monro Theatre.<\/p>\n<hr \/>\n<p><img loading=\"lazy\" decoding=\"async\" style=\"margin-right: 10px; margin-bottom: 5px; margin-top: 3px; margin-left: 0px;\" src=\"https:\/\/www.worldofart.org\/arhiv.worldofart.org\/aktualno\/wp-content\/2014-2016\/tecajniki\/Zala-Kurincic.jpg\" alt=\"Zala Kurin\u010di\u010d\" width=\"100\" height=\"100\" align=\"left\" \/><strong>Zala Kurin\u010di\u010d<\/strong>. Born in Ljubljana, bach. of Social Anthropology and Culture Studies, finishing master program of Cognitive Science. Wide range of interests: from observation of aesthetic experience with eye-tracker, to critical theory, from philosophy of science to improving user experience of exhibition spaces.<\/p>\n<div style=\"margin: 20px; color: #fff;\">.<\/div>\n<hr \/>\n<p><img loading=\"lazy\" decoding=\"async\" style=\"margin-right: 10px; margin-bottom: 5px; margin-top: 3px; margin-left: 0px;\" src=\"https:\/\/www.worldofart.org\/arhiv.worldofart.org\/aktualno\/wp-content\/2014-2016\/tecajniki\/Hana-Ostan-Ozbolt.jpg\" alt=\"Hana Ostan O\u017ebolt\" width=\"100\" height=\"100\" align=\"left\" \/><strong>Hana Ostan O\u017ebolt<\/strong> (1991, Ljubljana) graduated from a double major study of Comparative Literature with Literary Theory and Germanic Studiies at the Ljubljana Faculty of Arts in 2014. She spent the 2012\/13 academic year on a one-year student exchange at Humboldt-Universit\u00e4t zu Berlin, where she also gained six months\u2019 work experience in one of Berlin\u2019s private galleries. She has worked with the City of Women festival and Liffe as a volunteer for the past two years and as a Public Relations representative for  Aksioma \u2013 Institute for Contemporary Arts, Ljubljana (2014\u20132015). She is currently finishing the second year of a Master\u2019s Degree in the History of Art at the Faculty of Arts. Contemporary art delights her and speaks to her on a very deep level.<\/p>\n<hr \/>\n<p><img loading=\"lazy\" decoding=\"async\" style=\"margin-right: 10px; margin-bottom: 5px; margin-top: 3px; margin-left: 0px;\" src=\"https:\/\/www.worldofart.org\/arhiv.worldofart.org\/aktualno\/wp-content\/2014-2016\/tecajniki\/Mojca-Sfiligoj.jpg\" alt=\"Mojca Sfiligoj\" width=\"100\" height=\"100\" align=\"left\" \/><strong>Mojca Sfiligoj<\/strong>, born in Ljubljana, employed at the Ministry of Culture of the Republic of Slovenia, working in the area of protection of cultural heritage. After having completed Secondary School for Design and Photography she graduated at the University of Ljubljana, Faculty of Administration. She is now obtaining her master&#8217;s of arts degree in the area of Intercultural Management at the School of Advanced Social Studies. She actively renovates and revitalises a cultural ethnological monument near Ljubljana.<\/p>\n<hr \/>\n<p><img loading=\"lazy\" decoding=\"async\" style=\"margin-right: 10px; margin-bottom: 5px; margin-top: 3px; margin-left: 0px;\" src=\"https:\/\/www.worldofart.org\/arhiv.worldofart.org\/aktualno\/wp-content\/2014-2016\/tecajniki\/Katarina-Stopar.jpg\" alt=\"Katarina Stopar\" width=\"100\" height=\"100\" align=\"left\" \/><strong>Katarina Stopar<\/strong> (1987), born in Ljubljana. She is currently concluding her degrees in Art History and Comparative Literature at the Faculty of Arts, University of Ljubljana, Slovenia. Already as a student she worked at the National Gallery of Slovenia as a gallery guide for preschool, primary and secondary school pupils. Since 2011 she has been writing articles on culture for one of the most significant radio stations in Slovenia, Radio Student. In her spare time she paints portraits and enjoys reading philosophy. She is also a contributor of literary works for the Literatura Literary Artistic Association. <\/p>\n<div style=\"margin: 30px; color: #fff;\">.<\/div>\n<h3 class=\"solazelena\" style=\"font-weight: normal;\">1st year<\/h3>\n<p><img loading=\"lazy\" decoding=\"async\" style=\"margin-right: 10px; margin-bottom: 5px; margin-top: 3px; margin-left: 0px;\" src=\"https:\/\/www.worldofart.org\/arhiv.worldofart.org\/aktualno\/wp-content\/2014-2016\/tecajniki\/Jerko-Gluscevic.jpg\" alt=\"Jerko Glu\u0161\u010devi\u0107\" width=\"100\" height=\"100\" align=\"left\" \/><strong>Jerko Glu\u0161\u010devi\u0107<\/strong> (1962), born in Dalmatia, lived and studied in Croatia, graduated in 1985 at University of Zagreb Faculty of Architecture. Worked as architect in Croatia, Algeria and finally in Slovenia. All his life passionate and enthusiastic about art: visual, literature, theatre, film, music, contemporary dance, design. <\/p>\n<div style=\"margin: 20px; color: #fff;\">.<\/div>\n<hr \/>\n<p><img loading=\"lazy\" decoding=\"async\" style=\"margin-right: 10px; margin-bottom: 5px; margin-top: 3px; margin-left: 0px;\" src=\"https:\/\/www.worldofart.org\/arhiv.worldofart.org\/aktualno\/wp-content\/2014-2016\/tecajniki\/Marusa-Meglic.jpg\" alt=\"Maru\u0161a Megli\u010d\" width=\"100\" height=\"100\" align=\"left\" \/><strong>Maru\u0161a Megli\u010d<\/strong> (1989), born in Ljubljana. In 2012, she graduated from Academy of Fine Arts and Design in Ljubljana. As a part of a postgraduate student exchange program she studied at the Academy of Arts, Architecture and Design in Prague. She has participated in several group exhibitions both home and abroad. Her first solo exhibition was in Be\u017eigrad Gallery 1. Finishing her masters studies, she lives and works in Ljubljana.<\/p>\n<div style=\"margin: 10px; color: #fff;\">.<\/div>\n<hr \/>\n<p><img loading=\"lazy\" decoding=\"async\" style=\"margin-right: 10px; margin-bottom: 5px; margin-top: 3px; margin-left: 0px;\" src=\"https:\/\/www.worldofart.org\/arhiv.worldofart.org\/aktualno\/wp-content\/2014-2016\/tecajniki\/Lili-Anamarija-No.jpg\" alt=\"Lili Anamarija No\" width=\"100\" height=\"100\" align=\"left\" \/><strong>Lili Anamarija No<\/strong>, currently a student at the Academy of Fine Arts and Design Ljubljana, Department of Painting. I see curatorial knowledge as a complementary and necessary part of the integrity of a contemporary visual artist.<br \/>\nI will always act in favour and the interest of Art and common good.<\/p>\n<div style=\"margin: 20px; color: #fff;\">.<\/div>\n<hr \/>\n<p><img loading=\"lazy\" decoding=\"async\" style=\"margin-right: 10px; margin-bottom: 5px; margin-top: 3px; margin-left: 0px;\" src=\"https:\/\/www.worldofart.org\/arhiv.worldofart.org\/aktualno\/wp-content\/2014-2016\/tecajniki\/Domen-Ograjensek.jpg\" alt=\"Domen Ograjen\u0161ek\" width=\"100\" height=\"100\" align=\"left\" \/><strong>Domen Ograjen\u0161ek<\/strong> is finishing his studies of philosophy at the Faculty of Arts in Ljubljana. He is an art critic at Radio Student and publishes texts in <em>Tribuna<\/em>, <em>\u0160um<\/em>, etc. also. In his research he is focusing on the gap between German idealism and contemporary French philosophy, studying their breaks, continuities and their correlations in contemporary artistic practices.<\/p>\n<div style=\"margin: 20px; color: #fff;\">.<\/div>\n<hr \/>\n<p><img loading=\"lazy\" decoding=\"async\" style=\"margin-right: 10px; margin-bottom: 5px; margin-top: 3px; margin-left: 0px;\" src=\"https:\/\/www.worldofart.org\/arhiv.worldofart.org\/aktualno\/wp-content\/2014-2016\/tecajniki\/Aljaz-Plos.jpg\" alt=\"Alja\u017e Plos\" width=\"100\" height=\"100\" align=\"left\" \/><strong>Alja\u017e Plos<\/strong><\/p>\n<div style=\"margin: 40px; color: #fff;\">.<\/div>\n<hr \/>\n<p><img loading=\"lazy\" decoding=\"async\" style=\"margin-right: 10px; margin-bottom: 5px; margin-top: 3px; margin-left: 0px;\" src=\"https:\/\/www.worldofart.org\/arhiv.worldofart.org\/aktualno\/wp-content\/2014-2016\/tecajniki\/Miha-Poljak.jpg\" alt=\"Miha Poljak\" width=\"100\" height=\"100\" align=\"left\" \/><strong>Miha Poljak<\/strong> (1979), rojen v Ljubljani. Na Filozofski fakulteti v Ljubljani je \u0161tudiral dvopredmetni \u0161tudij sociologije kulture in filozofije. V okviru podjetja Studia \u010cerne je skrbel za organizacijo likovnih razstav tako s tujimi kot slovenskimi avtorji. Trenutno je urednik spletnih strani, ukvarja se z digitalnim tr\u017eenjem, razvojem produktov in iskanjem novih paradigem.<\/p>\n<div style=\"margin: 20px; color: #fff;\">.<\/div>\n","protected":false},"excerpt":{"rendered":"<p>1st in 2nd year Petra Bole graduated at the Faculty of Architecture in Ljubljana and continued her studies at the London Metropolitan University (MA Jewellery &#038; Silversmithing). As a doctoral candidate she researches the importance and role of contemporary jewellery in the art field. She is the founding member of the Association of Contemporary Jewellery [&hellip;]<\/p>\n","protected":false},"author":1,"featured_media":0,"parent":1669,"menu_order":0,"comment_status":"closed","ping_status":"closed","template":"","meta":{"footnotes":""},"categories":[],"tags":[],"class_list":["post-2081","page","type-page","status-publish","hentry"],"_links":{"self":[{"href":"https:\/\/www.worldofart.org\/arhiv.worldofart.org\/current\/wp-json\/wp\/v2\/pages\/2081","targetHints":{"allow":["GET"]}}],"collection":[{"href":"https:\/\/www.worldofart.org\/arhiv.worldofart.org\/current\/wp-json\/wp\/v2\/pages"}],"about":[{"href":"https:\/\/www.worldofart.org\/arhiv.worldofart.org\/current\/wp-json\/wp\/v2\/types\/page"}],"author":[{"embeddable":true,"href":"https:\/\/www.worldofart.org\/arhiv.worldofart.org\/current\/wp-json\/wp\/v2\/users\/1"}],"replies":[{"embeddable":true,"href":"https:\/\/www.worldofart.org\/arhiv.worldofart.org\/current\/wp-json\/wp\/v2\/comments?post=2081"}],"version-history":[{"count":13,"href":"https:\/\/www.worldofart.org\/arhiv.worldofart.org\/current\/wp-json\/wp\/v2\/pages\/2081\/revisions"}],"predecessor-version":[{"id":3885,"href":"https:\/\/www.worldofart.org\/arhiv.worldofart.org\/current\/wp-json\/wp\/v2\/pages\/2081\/revisions\/3885"}],"up":[{"embeddable":true,"href":"https:\/\/www.worldofart.org\/arhiv.worldofart.org\/current\/wp-json\/wp\/v2\/pages\/1669"}],"wp:attachment":[{"href":"https:\/\/www.worldofart.org\/arhiv.worldofart.org\/current\/wp-json\/wp\/v2\/media?parent=2081"}],"wp:term":[{"taxonomy":"category","embeddable":true,"href":"https:\/\/www.worldofart.org\/arhiv.worldofart.org\/current\/wp-json\/wp\/v2\/categories?post=2081"},{"taxonomy":"post_tag","embeddable":true,"href":"https:\/\/www.worldofart.org\/arhiv.worldofart.org\/current\/wp-json\/wp\/v2\/tags?post=2081"}],"curies":[{"name":"wp","href":"https:\/\/api.w.org\/{rel}","templated":true}]}}