{"id":247,"date":"2010-09-03T13:01:25","date_gmt":"2010-09-03T11:01:25","guid":{"rendered":"http:\/\/www.worldofart.org\/current\/?page_id=247"},"modified":"2010-09-03T13:01:25","modified_gmt":"2010-09-03T11:01:25","slug":"timetable-201011-1st-semester","status":"publish","type":"page","link":"https:\/\/www.worldofart.org\/arhiv.worldofart.org\/current\/13th-year-201011\/timetable-201011\/timetable-201011-1st-semester","title":{"rendered":"Timetable 2010\/11, 1st semester"},"content":{"rendered":"<p class=\"leto-ru\"><strong>1st SEMESTER<\/strong><\/p>\n<p>Art historical, theoretical and methodological introduction to the world of art and history (April\u2013June 2010).<\/p>\n<p class=\"mesec13\"><strong>April<\/strong><\/p>\n<table width=\"100%\" border=\"0\" cellspacing=\"0\" cellpadding=\"0\">\n<tr>\n<td class=\"mesec\" rowspan=\"2\" width=\"20%\" valign=\"top\">Thursday,<br \/>\nApril 8, 2010<\/td>\n<td class=\"tdprogramsredina\" width=\"20%\" valign=\"top\">16.00 \u2013 17.30<\/td>\n<td class=\"tdprogram\" width=\"60%\" valign=\"top\">Introductory meeting: presentation of the work process, participants and team<\/td>\n<\/tr>\n<tr>\n<td class=\"tdprogramsredina\" width=\"20%\" valign=\"top\">17.45 \u2013 19.15<\/td>\n<td class=\"tdprogram\" width=\"60%\" valign=\"top\">Sa\u0161a Nabergoj and Rebeka Vidrih: Art XX. Century. Chapters.<\/td>\n<\/tr>\n<tr>\n<td class=\"mesec\" rowspan=\"2\" width=\"20%\" valign=\"top\">Thursday,<br \/>\nApril 15, 2010<\/td>\n<td class=\"tdprogramsredina\" width=\"20%\" valign=\"top\">16.00 \u2013 17.30<\/td>\n<td class=\"tdprogram\" width=\"60%\" valign=\"top\">Sa\u0161a Nabergoj and Rebeka Vidrih: Art XX. Century. Chapters.<\/td>\n<\/tr>\n<tr>\n<td class=\"tdprogramsredina\" width=\"20%\" valign=\"top\">17.45 \u2013 19.15<\/td>\n<td class=\"tdprogram\" width=\"60%\" valign=\"top\"><a href=\"https:\/\/www.worldofart.org\/arhiv.worldofart.org\/current\/13th-year-201011\/workshops\/petja-grafenauer-what-is-hidden-in-a-text\/\">Petja Grafenauer: Close reading workshop<\/a><\/td>\n<\/tr>\n<tr>\n<td class=\"mesec\"  width=\"20%\" valign=\"top\">Wednesday,<br \/>\nApril 21, 2010<\/td>\n<td class=\"tdprogramsredina\" width=\"20%\" valign=\"top\">13.00<\/td>\n<td class=\"tdprogram\" width=\"60%\" valign=\"top\">Studio visit: Academy of Fine Art and Design Ljubljana<\/td>\n<\/tr>\n<tr>\n<td class=\"mesec\" rowspan=\"2\" width=\"20%\" valign=\"top\">Thursday,<br \/>\nApril 22, 2010<\/td>\n<td class=\"tdprogramsredina\" width=\"20%\" valign=\"top\">16.00 \u2013 17.30<\/td>\n<td class=\"tdprogram\" width=\"60%\" valign=\"top\">Studio visit: <a href=\"http:\/\/www.kracina.com\" target=\"_blank\">Damijan Kracina<\/a><\/td>\n<\/tr>\n<tr>\n<td class=\"tdprogramsredina\" width=\"20%\" valign=\"top\">17.45 \u2013 19.15<\/td>\n<td class=\"tdprogram\" width=\"60%\" valign=\"top\">Sa\u0161a Nabergoj and Rebeka Vidrih: Art XX. Century. Chapters.<\/td>\n<\/tr>\n<\/table>\n<p class=\"mesec13\"><strong>May<\/strong><\/p>\n<table width=\"100%\" border=\"0\" cellspacing=\"0\" cellpadding=\"0\">\n<tr>\n<td class=\"mesec\" rowspan=\"2\" width=\"20%\" valign=\"top\">Thursday,<br \/>\nMay 6, 2010<\/td>\n<td class=\"tdprogramsredina\" width=\"20%\" valign=\"top\">16.00 \u2013 17.30<\/td>\n<td class=\"tdprogram\" width=\"60%\" valign=\"top\"><a href=\"http:\/\/www.ddr.si\/nema_predavanja.htm\" target=\"_blank\">Alenka Pirman: Art system. Review.<\/a><\/td>\n<\/tr>\n<tr>\n<td class=\"tdprogramsredina\" width=\"20%\" valign=\"top\">17.45 \u2013 19.15<\/td>\n<td class=\"tdprogram\" width=\"60%\" valign=\"top\">Sa\u0161a Nabergoj and Rebeka Vidrih: Art XX. Century. Chapters.<\/td>\n<\/tr>\n<tr>\n<td class=\"mesec\" rowspan=\"2\" width=\"20%\" valign=\"top\">Thursday,<br \/>\nMay 13, 2010<\/td>\n<td class=\"tdprogramsredina\" width=\"20%\" valign=\"top\">16.00 \u2013 17.30<\/td>\n<td class=\"tdprogram\" width=\"60%\" valign=\"top\">Sa\u0161a Nabergoj and Rebeka Vidrih: Art XX. Century. Chapters<\/td>\n<\/tr>\n<tr>\n<td class=\"tdprogramsredina\" width=\"20%\" valign=\"top\">17.45 \u2013 19.15<\/td>\n<td class=\"tdprogram\" width=\"60%\" valign=\"top\"><a href=\"https:\/\/www.worldofart.org\/arhiv.worldofart.org\/current\/13th-year-201011\/workshops\/petja-grafenauer-what-is-hidden-in-a-text\/\">Petja Grafenauer: Close reading workshop<\/a><\/td>\n<\/tr>\n<tr>\n<td class=\"mesec\" rowspan=\"2\" width=\"20%\" valign=\"top\">Thursday,<br \/>\nMay 20, 2010<\/td>\n<td class=\"tdprogramsredina\" width=\"20%\" valign=\"top\">16.00 \u2013 17.30<\/td>\n<td class=\"tdprogram\" width=\"60%\" valign=\"top\">SCCA-Ljubljana: Presentation<\/td>\n<\/tr>\n<tr>\n<td class=\"tdprogramsredina\" width=\"20%\" valign=\"top\">17.45 \u2013 19.15<\/td>\n<td class=\"tdprogram\" width=\"60%\" valign=\"top\"><a href=\"https:\/\/www.worldofart.org\/arhiv.worldofart.org\/current\/13th-year-201011\/workshops\/zemira-alajbegovic-in-neven-korda-video-essay\/\">Zemira Alajbegovi\u0107 and Neven Korda: Video essay<\/a><\/td>\n<\/tr>\n<tr>\n<td class=\"mesec\" rowspan=\"2\" width=\"20%\" valign=\"top\">Thursday,<br \/>\nMay 27, 2010<\/td>\n<td class=\"tdprogramsredina\" width=\"20%\" valign=\"top\">16.00 \u2013 17.30<\/td>\n<td class=\"tdprogram\" width=\"60%\" valign=\"top\"><a href=\"http:\/\/www.mglc-lj.si\/slo\/index.htm\">Guided visit of the exhibition &#8211; GESAMTKUNST LAIBACH, Fundamentals 1980-1990<\/a><\/td>\n<\/tr>\n<tr>\n<td class=\"tdprogramsredina\" width=\"20%\" valign=\"top\">18.00 \u2013 19.30<\/td>\n<td class=\"tdprogram\" width=\"60%\" valign=\"top\"><a href=\"https:\/\/www.worldofart.org\/arhiv.worldofart.org\/current\/13th-year-201011\/workshops\/petja-grafenauer-what-is-hidden-in-a-text\/\">Petja Grafenauer: Close reading workshop<\/a><\/td>\n<\/tr>\n<\/table>\n<p class=\"mesec13\"><strong>June<\/strong><\/p>\n<table width=\"100%\" border=\"0\" cellspacing=\"0\" cellpadding=\"0\">\n<tr>\n<td class=\"mesec\" rowspan=\"2\" width=\"20%\" valign=\"top\">Thursday,<br \/>\nJune 3, 2010<\/td>\n<td class=\"tdprogramsredina\" width=\"20%\" valign=\"top\">16.00 \u2013 17.30<\/td>\n<td class=\"tdprogram\" width=\"60%\" valign=\"top\">Sa\u0161a Nabergoj and Rebeka Vidrih: Art XX. Century. Chapters.<\/td>\n<\/tr>\n<tr>\n<td class=\"tdprogramsredina\" width=\"20%\" valign=\"top\">17.45 \u2013 19.15<\/td>\n<td class=\"tdprogram\" width=\"60%\" valign=\"top\"><a href=\"https:\/\/www.worldofart.org\/arhiv.worldofart.org\/current\/13th-year-201011\/workshops\/petja-grafenauer-what-is-hidden-in-a-text\/\">Petja Grafenauer: Close reading workshop<\/a><\/td>\n<\/tr>\n<tr>\n<td class=\"mesec\" width=\"20%\" valign=\"top\">Sunday,<br \/>\nJune 6, 2010<\/td>\n<td class=\"tdprogramsredina\" width=\"20%\" valign=\"top\">&nbsp;<\/td>\n<td class=\"tdprogram\" width=\"60%\" valign=\"top\"><a href=\"https:\/\/www.worldofart.org\/arhiv.worldofart.org\/current\/13th-year-201011\/workshops\/misko-suvakovic-theory-and-practice-of-art-criticism\/\">Mi\u0161ko \u0160uvakovi\u0107: Theory and practice of art criticism<\/a> <\/td>\n<\/tr>\n<tr>\n<td class=\"mesec\" rowspan=\"2\" width=\"20%\" valign=\"top\">Thursday,<br \/>\nJune 10, 2010<\/td>\n<td class=\"tdprogramsredina\" width=\"20%\" valign=\"top\">16.00 \u2013 17.30<\/td>\n<td class=\"tdprogram\" width=\"60%\" valign=\"top\">Sa\u0161a Nabergoj and Rebeka Vidrih: Art XX. Century. Chapters.<\/td>\n<\/tr>\n<tr>\n<td class=\"tdprogramsredina\" width=\"20%\" valign=\"top\">17.45 \u2013 19.30<\/td>\n<td class=\"tdprogram\" width=\"60%\" valign=\"top\">Barbara Bor\u010di\u0107: Video as a tool and strategy of artistic expression. Selected examples.<\/td>\n<\/tr>\n<tr>\n<td class=\"mesec\" rowspan=\"2\" width=\"20%\" valign=\"top\">Thursday,<br \/>\nJune 17, 2010<\/td>\n<td class=\"tdprogramsredina\" width=\"20%\" valign=\"top\">16.00 \u2013 17.30<\/td>\n<td class=\"tdprogram\" width=\"60%\" valign=\"top\">Sa\u0161a Nabergoj and Rebeka Vidrih: Art XX. Century. Chapters.<\/td>\n<\/tr>\n<tr>\n<td class=\"tdprogramsredina\" width=\"20%\" valign=\"top\">17.45 \u2013 19.15<\/td>\n<td class=\"tdprogram\" width=\"60%\" valign=\"top\"><a href=\"https:\/\/www.worldofart.org\/arhiv.worldofart.org\/current\/13th-year-201011\/workshops\/petja-grafenauer-what-is-hidden-in-a-text\/\">Petja Grafenauer: Close reading workshop<\/a><\/td>\n<\/tr>\n<tr>\n<td class=\"mesec\" rowspan=\"2\" width=\"20%\" valign=\"top\">Thursday,<br \/>\nJune 24, 2010<\/td>\n<td class=\"tdprogramsredina\" width=\"20%\" valign=\"top\">16.00 \u2013 17.30<\/td>\n<td class=\"tdprogram\" width=\"60%\" valign=\"top\">Visit to an exhibition<\/td>\n<\/tr>\n<tr>\n<td class=\"tdprogramsredina\" width=\"20%\" valign=\"top\">18.00 \u2013 19.30<\/td>\n<td class=\"tdprogram\" width=\"60%\" valign=\"top\">Sa\u0161a Nabergoj and Rebeka Vidrih: Art XX. Century. Chapters.<\/td>\n<\/tr>\n<\/table>\n","protected":false},"excerpt":{"rendered":"<p>1st SEMESTER Art historical, theoretical and methodological introduction to the world of art and history (April\u2013June 2010). April Thursday, April 8, 2010 16.00 \u2013 17.30 Introductory meeting: presentation of the work process, participants and team 17.45 \u2013 19.15 Sa\u0161a Nabergoj and Rebeka Vidrih: Art XX. Century. Chapters. Thursday, April 15, 2010 16.00 \u2013 17.30 Sa\u0161a [&hellip;]<\/p>\n","protected":false},"author":1,"featured_media":0,"parent":155,"menu_order":0,"comment_status":"closed","ping_status":"closed","template":"","meta":{"footnotes":""},"categories":[1],"tags":[],"class_list":["post-247","page","type-page","status-publish","hentry","category-woa"],"_links":{"self":[{"href":"https:\/\/www.worldofart.org\/arhiv.worldofart.org\/current\/wp-json\/wp\/v2\/pages\/247","targetHints":{"allow":["GET"]}}],"collection":[{"href":"https:\/\/www.worldofart.org\/arhiv.worldofart.org\/current\/wp-json\/wp\/v2\/pages"}],"about":[{"href":"https:\/\/www.worldofart.org\/arhiv.worldofart.org\/current\/wp-json\/wp\/v2\/types\/page"}],"author":[{"embeddable":true,"href":"https:\/\/www.worldofart.org\/arhiv.worldofart.org\/current\/wp-json\/wp\/v2\/users\/1"}],"replies":[{"embeddable":true,"href":"https:\/\/www.worldofart.org\/arhiv.worldofart.org\/current\/wp-json\/wp\/v2\/comments?post=247"}],"version-history":[{"count":1,"href":"https:\/\/www.worldofart.org\/arhiv.worldofart.org\/current\/wp-json\/wp\/v2\/pages\/247\/revisions"}],"predecessor-version":[{"id":248,"href":"https:\/\/www.worldofart.org\/arhiv.worldofart.org\/current\/wp-json\/wp\/v2\/pages\/247\/revisions\/248"}],"up":[{"embeddable":true,"href":"https:\/\/www.worldofart.org\/arhiv.worldofart.org\/current\/wp-json\/wp\/v2\/pages\/155"}],"wp:attachment":[{"href":"https:\/\/www.worldofart.org\/arhiv.worldofart.org\/current\/wp-json\/wp\/v2\/media?parent=247"}],"wp:term":[{"taxonomy":"category","embeddable":true,"href":"https:\/\/www.worldofart.org\/arhiv.worldofart.org\/current\/wp-json\/wp\/v2\/categories?post=247"},{"taxonomy":"post_tag","embeddable":true,"href":"https:\/\/www.worldofart.org\/arhiv.worldofart.org\/current\/wp-json\/wp\/v2\/tags?post=247"}],"curies":[{"name":"wp","href":"https:\/\/api.w.org\/{rel}","templated":true}]}}