{"id":2669,"date":"2015-04-23T15:49:17","date_gmt":"2015-04-23T13:49:17","guid":{"rendered":"http:\/\/www.worldofart.org\/current\/?page_id=2669"},"modified":"2015-06-10T17:17:22","modified_gmt":"2015-06-10T15:17:22","slug":"excursion-to-zagreb-croatia","status":"publish","type":"page","link":"https:\/\/www.worldofart.org\/arhiv.worldofart.org\/current\/15th-season-2014-2016\/curating-in-depth\/excursion-to-zagreb-croatia","title":{"rendered":"Excursion to Zagreb, Croatia"},"content":{"rendered":"<p><strong><a href=\"https:\/\/www.worldofart.org\/arhiv.worldofart.org\/current\/15th-season-2014-2016\/curating-in-depth\">\u00ab Curating\u2013In\u2013Depth<\/a><\/strong><\/p>\n<p><strong>13<sup>th<\/sup> May 2015<\/strong><\/p>\n<p>In Zagreb Antonia Letini\u0107, editor-in-chief of the online publication <a href=\"http:\/\/www.kulturpunkt.hr\" target=\"_blank\">Kulturpunkt.hr<\/a>, will prepare a tailored made visiting program of main contemporary art insititutions, museums and galleries. Antonija Letini\u0107 will as well present KURZIV \u2013 <em>Platform for Matters of Culture, Media and Society<\/em>, Kulturpunkt&#8217;s Journalistic School <em>&#8216;World of Art&#8217;<\/em> and programme <em>Criticism \u2013 Past, Present, Future<\/em>. This will allow an insight into the vision and current trends in Croatia and will act as a networking opportunity.<\/p>\n<p><strong>PROGRAMME<\/strong><\/p>\n<p>9 am: Departure from Ljubljana<\/p>\n<p>10 am:<a href=\"http:\/\/www.msu.hr\/#\/en\/permanent_collection\/\"><em> <strong>Bauhaus \u2013 Networking Ideas and Practice (BAUNET)<\/strong><\/em><\/a>,\u00a0Museum of Contemporary Art, Zagreb<\/p>\n<p>The exhibition Bauhaus \u2013 Networking of Ideas and Practice (BAUNET) will present the oeuvres of artists, architects and designers from Croatia and the region who studied at the Bauhaus, the most influential international school: Otti Berger, architect Gustav Bohutinsky and Ivana Tomljenovi\u0107 Meller from Croatia, Avgust \u010cernigoj from Slovenia, and architect Selman Selmanagi\u0107 from Bosnia and Herzegovina. Apart from the students\u2019 works, the works of their professors, renowned artists who lectured and led workshops at the Bauhaus, will also be presented: Marcel Breuer, Wassily Kandinsky, Paul Klee, Hannes Meyer, L\u00e1szlo Moholy-Nagy, and Oskar Schlemmer. The exhibition will also include the concepts and educational methods of the School.<\/p>\n<p><a href=\"http:\/\/www.msu.hr\/#\/en\/permanent_collection\/\"><em><strong>COLLECTION IN MOTION<\/strong><\/em><\/a>,\u00a0<a href=\"http:\/\/www.msu.hr\/#\/en\/\">Museum of Contemporary Art<\/a>, Zagreb<\/p>\n<p>&#8220;Wishing to re-define the semantic potential of the term permanent display and make the collection of the Museum of Contemporary Art accessible at one single display point, in the new museum building by architect Igor Frani\u0107, we have coined a new term: Collection in Motion&#8221;<\/p>\n<p>3 pm: Lunch Break<\/p>\n<p>4.30 pm: <a href=\"http:\/\/whw.hr\/galerija-nova\/izlozba-arte-util.html\"><em><strong>Arte \u00datil<\/strong><\/em><\/a>, Galerija Nova<\/p>\n<p>7 pm:<strong> <a href=\"http:\/\/www.subversivefestival.com\/forum\/7\/528\/richard_seymour_neoliberalna_dr%C5%BEava_socijalisti%C4%8Dki_izazov\">Richard Seymour: <em>Neoliberal State<\/em><\/a><\/strong>, lecture, <a href=\"http:\/\/www.subversivefestival.com\/txtl\/1\/99\/en\/about\">Subversive Film Festival<\/a>, Kino Evropa<\/p>\n<p>9.30 pm: Return to Ljubljana<\/p>\n<hr \/>\n<p><a href=\"https:\/\/www.worldofart.org\/arhiv.worldofart.org\/current\/wp-content\/uploads\/2015\/05\/015.jpg\" rel=\"lightbox[2669]\"><img loading=\"lazy\" decoding=\"async\" src=\"https:\/\/www.worldofart.org\/arhiv.worldofart.org\/current\/wp-content\/uploads\/2015\/05\/015-150x150.jpg\" alt=\"\" title=\"Study excursion to Zagreb, curatorial mapping with Antonija Letini\u0107\" width=\"150\" height=\"150\" class=\"alignnone size-thumbnail wp-image-3151\" \/><\/a> <a href=\"https:\/\/www.worldofart.org\/arhiv.worldofart.org\/current\/wp-content\/uploads\/2015\/05\/025.jpg\" rel=\"lightbox[2669]\"><img loading=\"lazy\" decoding=\"async\" src=\"https:\/\/www.worldofart.org\/arhiv.worldofart.org\/current\/wp-content\/uploads\/2015\/05\/025-150x150.jpg\" alt=\"\" title=\" Curatorial Mapping: Museum of Contemporary Art Zagreb, guided tour by curator Tihomir Milovac\" width=\"150\" height=\"150\" class=\"alignnone size-thumbnail wp-image-3152\" \/><\/a> <a href=\"https:\/\/www.worldofart.org\/arhiv.worldofart.org\/current\/wp-content\/uploads\/2015\/05\/035.jpg\" rel=\"lightbox[2669]\"><img loading=\"lazy\" decoding=\"async\" src=\"https:\/\/www.worldofart.org\/arhiv.worldofart.org\/current\/wp-content\/uploads\/2015\/05\/035-150x150.jpg\" alt=\"\" title=\" Curatorial Mapping: Museum of Contemporary Art Zagreb, guided tour by curator Tihomir Milovac\" width=\"150\" height=\"150\" class=\"alignnone size-thumbnail wp-image-3153\" \/><\/a> <a href=\"https:\/\/www.worldofart.org\/arhiv.worldofart.org\/current\/wp-content\/uploads\/2015\/05\/045.jpg\" rel=\"lightbox[2669]\"><img loading=\"lazy\" decoding=\"async\" src=\"https:\/\/www.worldofart.org\/arhiv.worldofart.org\/current\/wp-content\/uploads\/2015\/05\/045-150x150.jpg\" alt=\"\" title=\" Curatorial Mapping: Museum of Contemporary Art Zagreb, guided tour by curator Tihomir Milovac\" width=\"150\" height=\"150\" class=\"alignnone size-thumbnail wp-image-3154\" \/><\/a> <a href=\"https:\/\/www.worldofart.org\/arhiv.worldofart.org\/current\/wp-content\/uploads\/2015\/05\/055.jpg\" rel=\"lightbox[2669]\"><img loading=\"lazy\" decoding=\"async\" src=\"https:\/\/www.worldofart.org\/arhiv.worldofart.org\/current\/wp-content\/uploads\/2015\/05\/055-150x150.jpg\" alt=\"\" title=\" Curatorial Mapping: Museum of Contemporary Art Zagreb, guided tour by curator Tihomir Milovac\" width=\"150\" height=\"150\" class=\"alignnone size-thumbnail wp-image-3155\" \/><\/a> <a href=\"https:\/\/www.worldofart.org\/arhiv.worldofart.org\/current\/wp-content\/uploads\/2015\/05\/066.jpg\" rel=\"lightbox[2669]\"><img loading=\"lazy\" decoding=\"async\" src=\"https:\/\/www.worldofart.org\/arhiv.worldofart.org\/current\/wp-content\/uploads\/2015\/05\/066-150x150.jpg\" alt=\"\" title=\" Curatorial Mapping: Museum of Contemporary Art Zagreb, guided tour by curator Tihomir Milovac\" width=\"150\" height=\"150\" class=\"alignnone size-thumbnail wp-image-3156\" \/><\/a> <a href=\"https:\/\/www.worldofart.org\/arhiv.worldofart.org\/current\/wp-content\/uploads\/2015\/05\/075.jpg\" rel=\"lightbox[2669]\"><img loading=\"lazy\" decoding=\"async\" src=\"https:\/\/www.worldofart.org\/arhiv.worldofart.org\/current\/wp-content\/uploads\/2015\/05\/075-150x150.jpg\" alt=\"\" title=\" Curatorial Mapping: Museum of Contemporary Art Zagreb, guided tour by curator Tihomir Milovac\" width=\"150\" height=\"150\" class=\"alignnone size-thumbnail wp-image-3157\" \/><\/a> <a href=\"https:\/\/www.worldofart.org\/arhiv.worldofart.org\/current\/wp-content\/uploads\/2015\/05\/085.jpg\" rel=\"lightbox[2669]\"><img loading=\"lazy\" decoding=\"async\" src=\"https:\/\/www.worldofart.org\/arhiv.worldofart.org\/current\/wp-content\/uploads\/2015\/05\/085-150x150.jpg\" alt=\"\" title=\" Curatorial Mapping: Museum of Contemporary Art Zagreb, guided tour by curator Tihomir Milovac\" width=\"150\" height=\"150\" class=\"alignnone size-thumbnail wp-image-3158\" \/><\/a> <a href=\"https:\/\/www.worldofart.org\/arhiv.worldofart.org\/current\/wp-content\/uploads\/2015\/05\/094.jpg\" rel=\"lightbox[2669]\"><img loading=\"lazy\" decoding=\"async\" src=\"https:\/\/www.worldofart.org\/arhiv.worldofart.org\/current\/wp-content\/uploads\/2015\/05\/094-150x150.jpg\" alt=\"\" title=\" Curatorial Mapping: Museum of Contemporary Art Zagreb, guided tour by curator Tihomir Milovac\" width=\"150\" height=\"150\" class=\"alignnone size-thumbnail wp-image-3159\" \/><\/a> <a href=\"https:\/\/www.worldofart.org\/arhiv.worldofart.org\/current\/wp-content\/uploads\/2015\/05\/104.jpg\" rel=\"lightbox[2669]\"><img loading=\"lazy\" decoding=\"async\" src=\"https:\/\/www.worldofart.org\/arhiv.worldofart.org\/current\/wp-content\/uploads\/2015\/05\/104-150x150.jpg\" alt=\"\" title=\" Curatorial Mapping: Museum of Contemporary Art Zagreb, guided tour by curator Tihomir Milovac\" width=\"150\" height=\"150\" class=\"alignnone size-thumbnail wp-image-3160\" \/><\/a> <a href=\"https:\/\/www.worldofart.org\/arhiv.worldofart.org\/current\/wp-content\/uploads\/2015\/05\/114.jpg\" rel=\"lightbox[2669]\"><img loading=\"lazy\" decoding=\"async\" src=\"https:\/\/www.worldofart.org\/arhiv.worldofart.org\/current\/wp-content\/uploads\/2015\/05\/114-150x150.jpg\" alt=\"\" title=\" Curatorial Mapping: Museum of Contemporary Art Zagreb, guided tour by curator Tihomir Milovac\" width=\"150\" height=\"150\" class=\"alignnone size-thumbnail wp-image-3161\" \/><\/a> <a href=\"https:\/\/www.worldofart.org\/arhiv.worldofart.org\/current\/wp-content\/uploads\/2015\/05\/124.jpg\" rel=\"lightbox[2669]\"><img loading=\"lazy\" decoding=\"async\" src=\"https:\/\/www.worldofart.org\/arhiv.worldofart.org\/current\/wp-content\/uploads\/2015\/05\/124-150x150.jpg\" alt=\"\" title=\" Curatorial Mapping: Museum of Contemporary Art Zagreb, guided tour by curator Tihomir Milovac\" width=\"150\" height=\"150\" class=\"alignnone size-thumbnail wp-image-3162\" \/><\/a> <a href=\"https:\/\/www.worldofart.org\/arhiv.worldofart.org\/current\/wp-content\/uploads\/2015\/05\/133.jpg\" rel=\"lightbox[2669]\"><img loading=\"lazy\" decoding=\"async\" src=\"https:\/\/www.worldofart.org\/arhiv.worldofart.org\/current\/wp-content\/uploads\/2015\/05\/133-150x150.jpg\" alt=\"\" title=\"Museum of Contemporary Art Zagreb; visit of the exhibition Bauhaus \u2013 Networking of Ideas and Practice (BAUNET)\" width=\"150\" height=\"150\" class=\"alignnone size-thumbnail wp-image-3163\" \/><\/a> <a href=\"https:\/\/www.worldofart.org\/arhiv.worldofart.org\/current\/wp-content\/uploads\/2015\/05\/143.jpg\" rel=\"lightbox[2669]\"><img loading=\"lazy\" decoding=\"async\" src=\"https:\/\/www.worldofart.org\/arhiv.worldofart.org\/current\/wp-content\/uploads\/2015\/05\/143-150x150.jpg\" alt=\"\" title=\"Museum of Contemporary Art Zagreb; visit of the exhibition Bauhaus \u2013 Networking of Ideas and Practice (BAUNET)\" width=\"150\" height=\"150\" class=\"alignnone size-thumbnail wp-image-3164\" \/><\/a> <a href=\"https:\/\/www.worldofart.org\/arhiv.worldofart.org\/current\/wp-content\/uploads\/2015\/05\/153.jpg\" rel=\"lightbox[2669]\"><img loading=\"lazy\" decoding=\"async\" src=\"https:\/\/www.worldofart.org\/arhiv.worldofart.org\/current\/wp-content\/uploads\/2015\/05\/153-150x150.jpg\" alt=\"\" title=\"Curatorial Mapping: Galerija Nova: discussion and visit of the exhibition Arte Util \" width=\"150\" height=\"150\" class=\"alignnone size-thumbnail wp-image-3165\" \/><\/a> <a href=\"https:\/\/www.worldofart.org\/arhiv.worldofart.org\/current\/wp-content\/uploads\/2015\/05\/163.jpg\" rel=\"lightbox[2669]\"><img loading=\"lazy\" decoding=\"async\" src=\"https:\/\/www.worldofart.org\/arhiv.worldofart.org\/current\/wp-content\/uploads\/2015\/05\/163-150x150.jpg\" alt=\"\" title=\"Richard Seymour: The Neoliberal State and the Socialist Challenge, lecture; Subversive Festival\" width=\"150\" height=\"150\" class=\"alignnone size-thumbnail wp-image-3166\" \/><\/a><\/p>\n","protected":false},"excerpt":{"rendered":"<p>\u00ab Curating\u2013In\u2013Depth 13th May 2015 In Zagreb Antonia Letini\u0107, editor-in-chief of the online publication Kulturpunkt.hr, will prepare a tailored made visiting program of main contemporary art insititutions, museums and galleries. Antonija Letini\u0107 will as well present KURZIV \u2013 Platform for Matters of Culture, Media and Society, Kulturpunkt&#8217;s Journalistic School &#8216;World of Art&#8217; and programme Criticism [&hellip;]<\/p>\n","protected":false},"author":1,"featured_media":0,"parent":2663,"menu_order":0,"comment_status":"closed","ping_status":"closed","template":"","meta":{"footnotes":""},"categories":[],"tags":[],"class_list":["post-2669","page","type-page","status-publish","hentry"],"_links":{"self":[{"href":"https:\/\/www.worldofart.org\/arhiv.worldofart.org\/current\/wp-json\/wp\/v2\/pages\/2669","targetHints":{"allow":["GET"]}}],"collection":[{"href":"https:\/\/www.worldofart.org\/arhiv.worldofart.org\/current\/wp-json\/wp\/v2\/pages"}],"about":[{"href":"https:\/\/www.worldofart.org\/arhiv.worldofart.org\/current\/wp-json\/wp\/v2\/types\/page"}],"author":[{"embeddable":true,"href":"https:\/\/www.worldofart.org\/arhiv.worldofart.org\/current\/wp-json\/wp\/v2\/users\/1"}],"replies":[{"embeddable":true,"href":"https:\/\/www.worldofart.org\/arhiv.worldofart.org\/current\/wp-json\/wp\/v2\/comments?post=2669"}],"version-history":[{"count":7,"href":"https:\/\/www.worldofart.org\/arhiv.worldofart.org\/current\/wp-json\/wp\/v2\/pages\/2669\/revisions"}],"predecessor-version":[{"id":2765,"href":"https:\/\/www.worldofart.org\/arhiv.worldofart.org\/current\/wp-json\/wp\/v2\/pages\/2669\/revisions\/2765"}],"up":[{"embeddable":true,"href":"https:\/\/www.worldofart.org\/arhiv.worldofart.org\/current\/wp-json\/wp\/v2\/pages\/2663"}],"wp:attachment":[{"href":"https:\/\/www.worldofart.org\/arhiv.worldofart.org\/current\/wp-json\/wp\/v2\/media?parent=2669"}],"wp:term":[{"taxonomy":"category","embeddable":true,"href":"https:\/\/www.worldofart.org\/arhiv.worldofart.org\/current\/wp-json\/wp\/v2\/categories?post=2669"},{"taxonomy":"post_tag","embeddable":true,"href":"https:\/\/www.worldofart.org\/arhiv.worldofart.org\/current\/wp-json\/wp\/v2\/tags?post=2669"}],"curies":[{"name":"wp","href":"https:\/\/api.w.org\/{rel}","templated":true}]}}