{"id":311,"date":"2010-11-08T16:15:16","date_gmt":"2010-11-08T14:15:16","guid":{"rendered":"http:\/\/www.worldofart.org\/current\/?page_id=311"},"modified":"2010-11-08T16:15:16","modified_gmt":"2010-11-08T14:15:16","slug":"tomislav-brajnovic-expedition_ego-works","status":"publish","type":"page","link":"https:\/\/www.worldofart.org\/arhiv.worldofart.org\/current\/13th-year-201011\/tomislav-brajnovic-expedition_ego\/tomislav-brajnovic-expedition_ego-works","title":{"rendered":"Tomislav Brajnovi\u0107: Expedition_Ego &#8211; works"},"content":{"rendered":"<div class=\"komentar2\">\n<p class=\"komentarslike\"><img decoding=\"async\" style=\"border: 0; margin: 0; padding: 0 0 7px 0;\" src=\"https:\/\/www.worldofart.org\/arhiv.worldofart.org\/aktualno\/wp-content\/brajnovic\/brajnovic-greed.jpg\" alt=\"Tomislav Brajnovi\u0107, Greed\" \/><br \/>\nGreed, documentation of intervention, 2009<\/p>\n<\/div>\n<div class=\"komentar2\">\n<p class=\"komentarslike\"><img decoding=\"async\" style=\"border: 0; margin: 0; padding: 0 0 7px 0;\" src=\"https:\/\/www.worldofart.org\/arhiv.worldofart.org\/aktualno\/wp-content\/brajnovic\/brajnovic-fire.jpg\" alt=\"Tomislav Brajnovi\u0107, Fire\" \/><br \/>\nFire, documentation of intervention, 2009<\/p>\n<\/div>\n<div class=\"komentar2\">\n<p class=\"komentarslike\"><img decoding=\"async\" style=\"border: 0; margin: 0; padding: 0 0 7px 0;\" src=\"https:\/\/www.worldofart.org\/arhiv.worldofart.org\/aktualno\/wp-content\/brajnovic\/brajnovic-history.jpg\" alt=\"Tomislav Brajnovi\u0107, History\" \/><br \/>\nHistory, documentation of intervention, 2009<\/p>\n<\/div>\n<div class=\"komentar2\">\n<p class=\"komentarslike\"><img decoding=\"async\" style=\"border: 0; margin: 0; padding: 0 0 7px 0;\" src=\"https:\/\/www.worldofart.org\/arhiv.worldofart.org\/aktualno\/wp-content\/brajnovic\/brajnovic-speed.jpg\" alt=\"Tomislav Brajnovi\u0107, Speed\" \/><br \/>\nSpeed, documentation of intervention, 2009<\/p>\n<\/div>\n<div class=\"komentar2\">\n<p class=\"komentarslike\"><img decoding=\"async\" style=\"border: 0; margin: 0; padding: 0 0 7px 0;\" src=\"https:\/\/www.worldofart.org\/arhiv.worldofart.org\/aktualno\/wp-content\/brajnovic\/1brajnovic_ego-venezia.jpg\" alt=\"Tomislav Brajnovi\u0107, Ego Trip (Venice)\" \/><br \/>\nVenice, photo: Xiao Quan (China), 2009<\/p>\n<\/div>\n<div class=\"komentar2\">\n<p class=\"komentarslike\"><img decoding=\"async\" style=\"border: 0; margin: 0; padding: 0 0 7px 0;\" src=\"https:\/\/www.worldofart.org\/arhiv.worldofart.org\/aktualno\/wp-content\/brajnovic\/2brajnovic_ego-satelit.jpg\" alt=\"Tomislav Brajnovi\u0107, Ego Trip (Satelit)\" \/><br \/>\nSatellite, photo: Sarah Anne Johnson (Canada), 2009<\/p>\n<\/div>\n<div class=\"komentar2\">\n<p class=\"komentarslike\"><img decoding=\"async\" style=\"border: 0; margin: 0; padding: 0 0 7px 0;\" src=\"https:\/\/www.worldofart.org\/arhiv.worldofart.org\/aktualno\/wp-content\/brajnovic\/3brajnovic_ego-glacier.jpg\" alt=\"Tomislav Brajnovi\u0107, Ego Trip (Glacier)\" \/><br \/>\nGlacier, photo: Kuang-Yu Tsui (Taiwan), 2009<\/p>\n<\/div>\n<div class=\"komentar2\">\n<p class=\"komentarslike\"><img decoding=\"async\" style=\"border: 0; margin: 0; padding: 0 0 7px 0;\" src=\"https:\/\/www.worldofart.org\/arhiv.worldofart.org\/aktualno\/wp-content\/brajnovic\/4brajnovic_ego-NY-TS.jpg\" alt=\"Tomislav Brajnovi\u0107, Ego Trip (Times Square)\" \/><br \/>\nTimes Square, photo: Neboj\u0161a \u0160eri\u0107 \u2013 Shoba (USA), 2010<\/p>\n<\/div>\n<div class=\"komentar2\">\n<p class=\"komentarslike\"><img decoding=\"async\" style=\"border: 0; margin: 0; padding: 0 0 7px 0;\" src=\"https:\/\/www.worldofart.org\/arhiv.worldofart.org\/aktualno\/wp-content\/brajnovic\/5brajnovic_ego-NY-skyline.jpg\" alt=\"Tomislav Brajnovi\u0107, Ego Trip (Times Square)\" \/><br \/>\nNew York Skyline, photo: Raphaele Shirley (USA), 2010<\/p>\n<\/div>\n<div class=\"komentar2\">\n<p class=\"komentarslike\"><img decoding=\"async\" style=\"border: 0; margin: 0; padding: 0 0 7px 0;\" src=\"https:\/\/www.worldofart.org\/arhiv.worldofart.org\/aktualno\/wp-content\/brajnovic\/mir_peace.jpg\" alt=\"Tomislav Brajnovi\u0107, Mir (Peace)\" \/><br \/>\nPeace, video, 0&#8242; 47&#8221;, 2009<\/p>\n<\/div>\n<div class=\"komentar2\">\n<p class=\"komentarslike\"><img decoding=\"async\" style=\"border: 0; margin: 0; padding: 0 0 7px 0;\" src=\"https:\/\/www.worldofart.org\/arhiv.worldofart.org\/aktualno\/wp-content\/brajnovic\/geneza_genesis.jpg\" alt=\"Tomislav Brajnovi\u0107, Geneza (Genesis)\" \/><br \/>\nGenesis, video, 1&#8242; 53&#8221;, 2009<\/p>\n<\/div>\n<div class=\"komentar2\">\n<p class=\"komentarslike\"><img decoding=\"async\" style=\"border: 0; margin: 0; padding: 0 0 7px 0;\" src=\"https:\/\/www.worldofart.org\/arhiv.worldofart.org\/aktualno\/wp-content\/brajnovic\/zastava_flag.jpg\" alt=\"Tomislav Brajnovi\u0107, Zastava (Flag)\" \/><br \/>\nFlag, video, 3&#8242; 12&#8221;, 2009<\/p>\n<\/div>\n<div class=\"komentar2\">\n<p class=\"komentarslike\"><img decoding=\"async\" style=\"border: 0; margin: 0; padding: 0 0 7px 0;\" src=\"https:\/\/www.worldofart.org\/arhiv.worldofart.org\/aktualno\/wp-content\/brajnovic\/ego-trip.jpg\" alt=\"Tomislav Brajnovi\u0107, Ego Trip\" \/><br \/>\nEgo Trip, 3&#8242; 38&#8221;, video, 2009<\/p>\n<\/div>\n<div style=\"clear:both\"><\/div>\n","protected":false},"excerpt":{"rendered":"<p>Greed, documentation of intervention, 2009 Fire, documentation of intervention, 2009 History, documentation of intervention, 2009 Speed, documentation of intervention, 2009 Venice, photo: Xiao Quan (China), 2009 Satellite, photo: Sarah Anne Johnson (Canada), 2009 Glacier, photo: Kuang-Yu Tsui (Taiwan), 2009 Times Square, photo: Neboj\u0161a \u0160eri\u0107 \u2013 Shoba (USA), 2010 New York Skyline, photo: Raphaele Shirley (USA), [&hellip;]<\/p>\n","protected":false},"author":1,"featured_media":0,"parent":287,"menu_order":0,"comment_status":"closed","ping_status":"closed","template":"","meta":{"footnotes":""},"categories":[1],"tags":[],"class_list":["post-311","page","type-page","status-publish","hentry","category-woa"],"_links":{"self":[{"href":"https:\/\/www.worldofart.org\/arhiv.worldofart.org\/current\/wp-json\/wp\/v2\/pages\/311","targetHints":{"allow":["GET"]}}],"collection":[{"href":"https:\/\/www.worldofart.org\/arhiv.worldofart.org\/current\/wp-json\/wp\/v2\/pages"}],"about":[{"href":"https:\/\/www.worldofart.org\/arhiv.worldofart.org\/current\/wp-json\/wp\/v2\/types\/page"}],"author":[{"embeddable":true,"href":"https:\/\/www.worldofart.org\/arhiv.worldofart.org\/current\/wp-json\/wp\/v2\/users\/1"}],"replies":[{"embeddable":true,"href":"https:\/\/www.worldofart.org\/arhiv.worldofart.org\/current\/wp-json\/wp\/v2\/comments?post=311"}],"version-history":[{"count":1,"href":"https:\/\/www.worldofart.org\/arhiv.worldofart.org\/current\/wp-json\/wp\/v2\/pages\/311\/revisions"}],"predecessor-version":[{"id":312,"href":"https:\/\/www.worldofart.org\/arhiv.worldofart.org\/current\/wp-json\/wp\/v2\/pages\/311\/revisions\/312"}],"up":[{"embeddable":true,"href":"https:\/\/www.worldofart.org\/arhiv.worldofart.org\/current\/wp-json\/wp\/v2\/pages\/287"}],"wp:attachment":[{"href":"https:\/\/www.worldofart.org\/arhiv.worldofart.org\/current\/wp-json\/wp\/v2\/media?parent=311"}],"wp:term":[{"taxonomy":"category","embeddable":true,"href":"https:\/\/www.worldofart.org\/arhiv.worldofart.org\/current\/wp-json\/wp\/v2\/categories?post=311"},{"taxonomy":"post_tag","embeddable":true,"href":"https:\/\/www.worldofart.org\/arhiv.worldofart.org\/current\/wp-json\/wp\/v2\/tags?post=311"}],"curies":[{"name":"wp","href":"https:\/\/api.w.org\/{rel}","templated":true}]}}