{"id":3714,"date":"2015-12-04T13:54:50","date_gmt":"2015-12-04T11:54:50","guid":{"rendered":"http:\/\/www.worldofart.org\/current\/?page_id=3714"},"modified":"2015-12-04T13:55:03","modified_gmt":"2015-12-04T11:55:03","slug":"team-20142015","status":"publish","type":"page","link":"https:\/\/www.worldofart.org\/arhiv.worldofart.org\/current\/15th-season-2014-2016\/team-20142015","title":{"rendered":"Team 2014\/2015"},"content":{"rendered":"<p><strong>Internal Team  (October 2014 till June 2015)<\/strong><br \/>\n<a id=\"sasa\" name=\"sasa\"><\/a><br \/>\nHead of the Program:<\/p>\n<p><img loading=\"lazy\" decoding=\"async\" style=\"margin-right: 10px; margin-bottom: 5px; margin-top: 3px; margin-left: 0px;\" src=\"https:\/\/www.worldofart.org\/arhiv.worldofart.org\/aktualno\/wp-content\/2007-08\/ekipa-board\/sasa_nabergoj.jpg\" alt=\"Sa\u0161a Nabergoj\" width=\"100\" height=\"100\" align=\"left\" \/><strong>Sa\u0161a (Glavan) Nabergoj (1971)<\/strong><br \/>\nArt historian, curator and critic. Assistant director at SCCA\u2212Ljubljana, Center for Contemporary Arts (Slovenia). A member of AICA (International Association of Art Critics) and IKT (International Association of Curators of Contemporary Art, Amsterdam). Writer, editor, curator and lecturer on contemporary art, focusing on curatorial and critical practices.<br \/>\nShe curated many exhibition, among them: <em>Day by Day<\/em> (\u0160kuc Gallery, Ljubljana, Slovenia, December 12, 2014\u2013January 9, 2015); with Simona \u017dvanut,\u00a0<em>Kdor jezika \u0161para, kruha strada<\/em>\u00a0(Kr\u0161ko Gallery, Kr\u0161ko, Slovenia, 21. 10. 2014\u2013?),\u00a0<em>In Our Backyard:<\/em><em> PLEH References in Ljubljana<\/em> (International Centre of Graphic Arts, Ljubljana, Slovenia, 28. 8.\u201326. 6. 2014),\u00a0<em>Uni-form <\/em>(Project Room SCCA, Ljubljana, 29. 5.\u20136. 6. 2014); with Simona \u017dvanut,<em><\/em> <em>Port Izmir3<\/em> (International Triennial of Contemporary Art, Austro-Turk Tobacco Warehouse and various scenes in the city, Izmir, Turkey, produced by K2, Contemporary Art Association, October 2013\u2013June 2014), <em>Line Stroke the Letter<\/em> (Matchpoint Gallery, Ljubljana, 5. 9.\u201313. 10. 2013); with Barbara Bor\u010di\u0107, Du\u0161an Dov\u010d, Ida Hir\u0161enfelder, <em>Studio 6 Presents: Liminale<\/em> (Project Room SCCA, Ljubljana, 20. 6.\u201322. 7. 2013, exhibition was part of 7th Triennial of Contemporary Art in Slovenia); with Simona \u017dvanut, <em>That\u2019s Doodles<\/em> (City Gallery Nova Gorica, Nova Gorica, Slovenia, 15. 3.\u20135. 4. 2013), <em>Doodles<\/em> (Simulaker Gallery, Novo mesto, Slovenia, 26. 10.\u201321. 11. 2012), <em>Studio 6 Presents: CAC Bukovje (SLO) and Studio Golo Brdo (CRO) <\/em>(Matchpoint Gallery, Ljubljana, November 2011), <em>Tomislav Brajnovi\u0107: Ekspedition_ego<\/em> (Alkatraz Gallery, Ljubljana, Slovenia, November 2010); both with Sonja Zavrtanik, <em>Around the world of art in <\/em><em>4.380 days. World of Art 1997\u20132009 (<\/em>Alkatraz Gallery, Ljubljana, November 2009), <em>Ola Pehrson. Retrospective. Ljubljana. Beograd. Stockholm<\/em> (\u0160kuc Gallery, Ljubljana, 19. 12. 2007\u201320. 1. 2008; Salon of Museum of Contemporary Art Beograd, Serbia, February, March 2008 and F\u00e4rgfabriken, Sweden, October 2009); with Joa Ljungberg. She has lectured extensively, recently:\u00a0<em>Eksperimentator versus ekspert<\/em> (Nova Gorica City Gallery, Nova Gorica, 2014), <em>Legends and Stories of the Parallel Reality<\/em> on symposia <em>Archive as a Strategy: Conversations on self-historisation on the Case of East Art Map<\/em> organised by Calvert 22 and University College of London (May 2012), <em>Curatorial Intervention<\/em> on a conference <em>Applied Exhibiting<\/em>, ECM, Postgraduate educating, curating and managing studies at the University of Applied Arts in Vienna<strong> <\/strong>(May 2012) and <em>A Praize of Lazyness<\/em> at <em>TEDx<\/em> in Maribor, Slovenia (January 2011).<br \/>\nShe edited several publications, recently: <em>Open Systems, Quaterly for Contemporary Art and Theory<\/em> (August 2013), Anthology<em> Dilemmas of Curatorial Practices<\/em> (2012); with Barbara Bor\u010di\u0107.<br \/>\nIn collaboration with Alkatraz Gallery and Simona \u017dvanut she has been working on research of visual art scene at Autonomous Cultural Center (ACC) Metelkova City, Ljubljana (2011\u20132013). Within this working process they prepared: <em>The Closing Stop, <\/em>various locations in ACC Metelkova City<em>,<\/em> 10. 9.\u20139. 10. 2013 (co-curated<strong> <\/strong><em>Metelkova Revived!<\/em>, documentary exhibition at the 20th Anniversary of ACC Metelkova City, Alkatraz Gallery, Ljubljana, 10. 9.\u20139. 10. 2013; with Ana Grobler, Sebastian Krawczyk, Jadranka Plut, Simona \u017dvanut) and <em>A Mid-Stop,<\/em> various locations in ACC Metelkova, 6.<strong>\u2013<\/strong>25. 9. 2012 (co-curated <em>M\u2019Art<\/em>, Alkatraz Gallery, Slovenia, 6.\u201324. 9.; with Jadranka Plut).<br \/>\nGuest lecturer at the Department of Art History (Faculty of Arts, University of Ljubljana, Ljubljana) at Seminar for Modern Art I (Assist. Prof. Rebeka Vidrih) in 2012\/2013 and 2013\/2014.<br \/>\nGuest lecturer at the School of Arts (University of Nova Gorica, Gorica) in 2014\/2015 and 2015\/2016: together with dr. Petja Grafenauer lecturing the course entitled <em>DIWO Art Systems: Corrections of the Dominant yet Deficient System and Narrative of Visual Art in Slovenia from 1960 to 2000<\/em>.<br \/>\nAt SCCA\u2212Ljubljana she is a head of <em>World of Art<\/em>, School for Curators and Critics of Contemporary Art (since 1998) and Studio 6 (since 2004).<\/p>\n<p><em>Photo: Voranc Vogel, Delo Archive<\/em><\/p>\n<hr \/>\n<p><a id=\"sasa\" name=\"simona\"><\/a><br \/>\nCoordinator:<\/p>\n<p><img loading=\"lazy\" decoding=\"async\" style=\"margin-right: 10px; margin-bottom: 5px; margin-top: 3px; margin-left: 0px;\" src=\"https:\/\/www.worldofart.org\/arhiv.worldofart.org\/aktualno\/wp-content\/2011-13\/simona-zvanut.jpg\" alt=\"Simona \u017dvanut\" width=\"100\" height=\"100\" align=\"left\" \/><strong>Simona \u017dvanut (1985)<\/strong><br \/>\nIn 2011 she graduated from art history, comparative literature and literature theory at the Faculty of Arts in Ljubljana. At SCCA, Center for Contemporary Arts \u2212 Ljubljana she coordinates School for Curators and Critics of Contemporary Art <em>World of Art<\/em> and the research-exhibition program Studio 6, as well as contributes to their concept and programme and participates at various projects and exhibitions. She is a curator, writer of texts dealing with the field of contemporary art and web-editor for arhiv.worldofart.org.<br \/>\nCurated: <em>Day by Day<\/em>\u00a0(\u0160kuc Gallery, Ljubljana, Slovenia, December 12, 2014\u2013January 9, 2015); with Sa\u0161a Nabergoj,\u00a0<em>Vseeno<\/em> (Sokolski dom, \u0160kofja Loka, Slovenia, 24. 10.\u201312. 11. 2014),\u00a0<em>Stik\/h <\/em>(F\u00fcrst House, Ptuj, Slovenia, 27.\u201330. 8. 2014), <em>Studio 6 Presents: Uni-form<\/em> (Project Room SCCA, Ljubljana, Slovenia, May 29\u2013June 6, 2014, exhibition was part of the International Ceramic Triennial UNICUM 2015); with Sa\u0161a Nabergoj, <em>Liminale<\/em> (Project Room SCCA, Ljubljana, 20. 6.\u201322. 7. 2013, exhibition was part of 7th Triennial of Contemporary Art in Slovenia); with Sa\u0161a Nabergoj. In collaboration with Alkatraz Gallery and Sa\u0161a Nabergoj she has been working on research of visual art scene at Autonomous Cultural Center (ACC) Metelkova City, Ljubljana, Slovenia (2011\u20132013). Within this working process they prepared: <em>The Closing Stop, <\/em>various locations in ACC Metelkova City<em>,<\/em> 10. 9.\u20139. 10. 2013 (co-curated<strong> <\/strong><em>Metelkova Revived!<\/em>, documentary exhibition at the 20th Anniversary of ACC Metelkova City, Alkatraz Gallery, Ljubljana, 10. 9.\u20139. 10. 2013; with Ana Grobler, Sebastian Krawczyk, Jadranka Plut, Sa\u0161a Nabergoj) and <em>A Mid-Stop,<\/em> various locations in ACC Metelkova, 6.<strong>\u2013<\/strong>25. 9. 2012.<\/p>\n<hr \/>\n<p>Advisor:<\/p>\n<p><img loading=\"lazy\" decoding=\"async\" style=\"margin-right: 10px; margin-bottom: 5px; margin-top: 3px; margin-left: 0px;\" src=\"https:\/\/www.worldofart.org\/arhiv.worldofart.org\/aktualno\/wp-content\/2008-09\/simpozij-kuratorskih-praks\/barbara-borcic.jpg\" alt=\"Barbara Bor\u010di\u0107\" width=\"100\" height=\"100\" align=\"left\" \/><strong>Barbara Bor\u010di\u0107 (1954)<\/strong><br \/>\nGraduated with B.A. in art history from the Ljubljana Faculty of Arts, University of Ljubljana and studied PhD media studies and antropology, Institutum Studiorum Humanitatis, Postgraduate Faculty of Humanities, Ljubljana). Since 2000 director of SCCA\u2212Ljubljana, Center for Contemporary Arts. Active in the field of contemporary arts as a free-lance curator, publicist and editor. Member of AICA, International Association of Art Critics and IKT, International Association of Curators of Contemporary Art. In frame of SCCA Bor\u010di\u0107 conceived and edited the documentation, archival and research project on video art in Slovenia under the title <em>Videodokument. Video Art in Slovenia 1969\u20131998<\/em>. She is also curating video programs under the title <em>Videospotting<\/em> and writing about video (in English: &#8216;From Alternative Scene to Art Video&#8217;, in <em>Reader V2_East Meeting<\/em>, No. 1, Rotterdam, 1996; &#8216;Video Art from Conceptualism to Postmodernism&#8217;, in <em>Impossible Histories: Historical Avant-Gardes, Neo-Avant-Gardes, and Post-Avant-Gardes in Yugoslavia, 1918\u20131991<\/em>, MIT Press, Massachussetts, 2003). She was a leader of curated web project <em>Internet Portfolio<\/em>, research projects <em>What Is to Be Done with the Balkan Art<\/em> and <em>What Is to Be Done with the Audiovisual Archives<\/em>, and editor of <em>PlatformaSCCA<\/em> magazine. At the moment she is also a leader of <em>No Nails, No Pedestals <\/em>presentation\/discussion program and of a physical and web archive of video art <em>DIVA Station<\/em>. From 1980 on she worked in \u0160kuc Gallery, Ljubljana and was the artistic director of the gallery 1982\u20131985. Between 1982 and 1992 she was involved in video practice in frame of <em>Ljubljana alternative scene<\/em> and collaborated on several art and documentary video projects. 1991\u20131992 she was editor-in-chief of the fine arts magazine <em>Likovne besede<\/em> <em>(Art Words)<\/em>. From 1993 she was an assistant to the director, from 1997 the director of the Soros Center for Contemporary Arts \u2013 Ljubljana.<\/p>\n<hr \/>\n<p>PR and FR Advisor:<\/p>\n<p><img loading=\"lazy\" decoding=\"async\" style=\"margin-right: 10px; margin-bottom: 5px; margin-top: 3px; margin-left: 0px;\" src=\"https:\/\/www.worldofart.org\/arhiv.worldofart.org\/aktualno\/wp-content\/2007-08\/ekipa-board\/dusan_dovc.jpg\" alt=\"Du\u0161an Dov\u010d\" width=\"100\" height=\"100\" align=\"left\" \/><strong>Du\u0161an Dov\u010d (1973)<\/strong><br \/>\nStudied comparative Literature and Slovene Language at the Faculty of Arts in Ljubljana. His first working experiences in the art sector he gained at Emzin, Institute for Creative Production and Arts Magazine as an editor and head of the projects (1997\u22122002), continued at Pristop, consultancy and communications company as an assistant for public relations (June-December 2003). Since 2004 he is employed at SCCA\u2212Ljubljana as a production manager, responsible for coordination, public relations and fundraising. At SCCA\u2212Ljubljana he is also a member of a physical and web archive of video art <em>DIVA Station<\/em> and coordinates <em>No Nails, No Pedestals<\/em> program. He is active in the filed of cultural policy (a member of an expert group on mobility information standards at the European Commission, May\u2212December 2011, a member of management board at Asociacija, Association of Arts and Culture NGOs and Freelancers, Ljubljana since 2009).<\/p>\n<hr \/>\n<hr \/>\n<p><strong>Team of the 1st Year<\/strong><\/p>\n<p><a id=\"tutors\" name=\"tutors\"><\/a><strong><\/strong><br \/>\n<img loading=\"lazy\" decoding=\"async\" style=\"margin-right: 10px; margin-bottom: 5px; margin-top: 3px; margin-left: 0px;\" src=\"https:\/\/www.worldofart.org\/arhiv.worldofart.org\/aktualno\/wp-content\/2011-13\/miran-mohar.jpg\" alt=\"Miran Mohar\" width=\"100\" height=\"100\" align=\"left\" \/><strong>Miran Mohar<\/strong><br \/>\nPainter, designer an set designer based in Ljubljana. He is a member of the Irwin artists group and a co-founder of the Neue Slowenische Kunst movement, the graphic design studio New Collectivism and the Scipion Nasice Sisters Theatre. He is also a lecturer at the Academy for Visual Arts Ljubljana it\u2019s vice-dean and co-funder of Maja Farol movement for open architecture.<\/p>\n<div style=\"margin: 35px; color: #fff;\"><\/div>\n<p><img loading=\"lazy\" decoding=\"async\" class=\"alignleft size-full wp-image-6461\" title=\"Tev\u017e Logar, Photo by Damjan Kozole\" src=\"https:\/\/www.worldofart.org\/arhiv.worldofart.org\/aktualno\/wp-content\/uploads\/2014\/02\/Tevz-Logar_Photo_by-Damjan-Kozole_.jpg\" alt=\"\" width=\"100\" height=\"100\" \/><strong>Tev\u017e Logar (1979)<\/strong><br \/>\ncurrently works as a freelance curator. Between 2009 and 2014, he was the artistic director of \u0160kuc Gallery in Ljubljana, Slovenia. He has curated various group and solo exhibitions in Slovenia and abroad. Recent projects include the exhibition and publication \u017deljko Jerman (2008), Ulay: Become, (2009), Vadim Fishkin (2013), Alban Muja (2014); solo exhibitions Societe Realiste: One-way World (2010), Tanja Ostoji\u0107: Body, Politics, Agency\u2026 (2012), Bas Jan Ader: The World Was Young When Gravity Fell (2012; international group exhibitions Broken Down Walls of the Crimson Salon (2010), Displaced Divisions (2010), Disobedience, in the eyes of anyone who has read history, is man&#8217;s original virtue (2010), NSK Folk Art (2011), Beyond Occupied Images (2012); Fragments of Unspoken Thoughts (co-curated) (2012); Only to Melt, Trustingly, Without Reproach(co-curated) (2013), Crossings (2014) and co-curated the group exhibition Accretions in the Museum of Contemporary Art in Lodz, Poland (2011). In 2013, Logar curated Jasmina Cibic\u2019s project, For Our Economy and Culture, for the Slovenian Pavilion at the 55th Venice Biennial. In 2009, Logar was already working as assistant commissioner of the Slovenian Pavilion at the 53rd Venice Biennial. Since 2009, he has been lecturing on the history of 20th century art at the Academy of Visual Arts in Ljubljana (AVA). Recently, he also worked as a screenwriter on a full-length feature documentary, Project Cancer, Ulay&#8217;s journal from November to November. In 2014, he co-founded Ulay Foundation and became one of the trustees of the artist\u2019s oeuvre. He occasionally publishes texts and lectures on contemporary visual art and works as an editor. Logar currently lives and works in Ljubljana.<\/p>\n<p><img loading=\"lazy\" decoding=\"async\" style=\"margin-right: 10px; margin-bottom: 5px; margin-top: 3px; margin-left: 0px;\" src=\"https:\/\/www.worldofart.org\/arhiv.worldofart.org\/aktualno\/wp-content\/2011-13\/andrej-pezelj.jpg\" alt=\"Andrej Pezelj\" width=\"100\" height=\"100\" align=\"left\" \/><strong>Andrej Pezelj (1978)<\/strong><br \/>\nBorn in Rijeka in Croatia. After graduating from high school of Eugen Kumi\u010di\u010d in Opatija, he undertook studies at the Natural Sciences and Technical Arts in Ljubljana. After two years, in 1998 he began studying at the Academy of Fine Arts, where he graduated in 2003. During the study under the Erasmus program he attended the National College of Art and Design in Dublin. In 2004 he moved to Paris, where he graduated at the Faculty of Paris VIII. In 2009 he returned to Ljubljana, where he entered doctoral studies at the Faculty of Arts, majoring in sociology of culture, under the mentorship of Rastko Mo\u010dnik. Lectures theory and art critics at the College for art at Nova Gorica University. Writes for the cultural redaction of Radio Student.<\/p>\n<p><img loading=\"lazy\" decoding=\"async\" style=\"margin-right: 10px; margin-bottom: 5px; margin-top: 3px; margin-left: 0px;\" src=\"https:\/\/www.worldofart.org\/arhiv.worldofart.org\/aktualno\/wp-content\/2011-13\/rebeka-vidrih.jpg\" alt=\"Rebeka Vidrih\" width=\"100\" height=\"100\" align=\"left\" \/><strong>Rebeka Vidrih (1976)<\/strong><br \/>\nDr. Rebeka Vidrih is an assistant professor of art history at the Department of Art History at the Faculty of Arts in Ljubljana. She studied Art History at the Faculty of Arts in Ljubljana, graduated in 2004 and presented her PhD thesis (<em>Theory of art and art history in the second half of the 20th century: classical tradition and new art historiography<\/em>) in 2008. She lectures on Modern and Contemporary Art in Western Europe I (16th-18th century) and II (19th-20th century) and on Contemporary Theory and Methods in Art History.<\/p>\n","protected":false},"excerpt":{"rendered":"<p>Internal Team (October 2014 till June 2015) Head of the Program: Sa\u0161a (Glavan) Nabergoj (1971) Art historian, curator and critic. Assistant director at SCCA\u2212Ljubljana, Center for Contemporary Arts (Slovenia). A member of AICA (International Association of Art Critics) and IKT (International Association of Curators of Contemporary Art, Amsterdam). Writer, editor, curator and lecturer on contemporary [&hellip;]<\/p>\n","protected":false},"author":1,"featured_media":0,"parent":1669,"menu_order":0,"comment_status":"closed","ping_status":"closed","template":"","meta":{"footnotes":""},"categories":[],"tags":[],"class_list":["post-3714","page","type-page","status-publish","hentry"],"_links":{"self":[{"href":"https:\/\/www.worldofart.org\/arhiv.worldofart.org\/current\/wp-json\/wp\/v2\/pages\/3714","targetHints":{"allow":["GET"]}}],"collection":[{"href":"https:\/\/www.worldofart.org\/arhiv.worldofart.org\/current\/wp-json\/wp\/v2\/pages"}],"about":[{"href":"https:\/\/www.worldofart.org\/arhiv.worldofart.org\/current\/wp-json\/wp\/v2\/types\/page"}],"author":[{"embeddable":true,"href":"https:\/\/www.worldofart.org\/arhiv.worldofart.org\/current\/wp-json\/wp\/v2\/users\/1"}],"replies":[{"embeddable":true,"href":"https:\/\/www.worldofart.org\/arhiv.worldofart.org\/current\/wp-json\/wp\/v2\/comments?post=3714"}],"version-history":[{"count":3,"href":"https:\/\/www.worldofart.org\/arhiv.worldofart.org\/current\/wp-json\/wp\/v2\/pages\/3714\/revisions"}],"predecessor-version":[{"id":3717,"href":"https:\/\/www.worldofart.org\/arhiv.worldofart.org\/current\/wp-json\/wp\/v2\/pages\/3714\/revisions\/3717"}],"up":[{"embeddable":true,"href":"https:\/\/www.worldofart.org\/arhiv.worldofart.org\/current\/wp-json\/wp\/v2\/pages\/1669"}],"wp:attachment":[{"href":"https:\/\/www.worldofart.org\/arhiv.worldofart.org\/current\/wp-json\/wp\/v2\/media?parent=3714"}],"wp:term":[{"taxonomy":"category","embeddable":true,"href":"https:\/\/www.worldofart.org\/arhiv.worldofart.org\/current\/wp-json\/wp\/v2\/categories?post=3714"},{"taxonomy":"post_tag","embeddable":true,"href":"https:\/\/www.worldofart.org\/arhiv.worldofart.org\/current\/wp-json\/wp\/v2\/tags?post=3714"}],"curies":[{"name":"wp","href":"https:\/\/api.w.org\/{rel}","templated":true}]}}