{"id":3794,"date":"2016-03-24T21:06:42","date_gmt":"2016-03-24T19:06:42","guid":{"rendered":"http:\/\/www.worldofart.org\/current\/?page_id=3794"},"modified":"2016-11-23T16:44:36","modified_gmt":"2016-11-23T14:44:36","slug":"lecturers-20162018","status":"publish","type":"page","link":"https:\/\/www.worldofart.org\/arhiv.worldofart.org\/current\/year16-2016-2018\/lecturers-20162018","title":{"rendered":"Lecturers 2016\/2018"},"content":{"rendered":"<p><img loading=\"lazy\" decoding=\"async\" class=\"alignnone size-full wp-image-4033\" style=\"margin-right: 10px;\" src=\"https:\/\/www.worldofart.org\/arhiv.worldofart.org\/current\/wp-content\/uploads\/2016\/11\/Fouad-Asfour.jpg\" alt=\"Fouad Asfour\" width=\"100\" height=\"100\" align=\"left\" \/><strong>Fouad Asfour<\/strong>,\u00a0art writer, editor, and linguist, works in collaborative frameworks on publications, exhibitions, performances, and art exchange projects. He has worked for various art institutions and research projects, was part of the <em>documenta 12<\/em> magazines project, and is a member of the artist collective the Dead Revolutionaries Club. In 2011 he initiated the independent publishing project Pole Pole Press and is the co-founder of the self-organized student support initiative Thekgo Bursary (now in collaboration with Canon Collins Trust). He holds an MA in linguistics from Vienna University and is currently completing an MA in creative writing at Rhodes University in Grahamstown, South Africa. He lives between Johannesburg and Vienna. In 2008 he was a grant recipient of the Igor Zabel Award for Culture and Theory.<\/p>\n<hr \/>\n<p><img loading=\"lazy\" decoding=\"async\" class=\"alignleft size-full wp-image-3376\" title=\"Izidor Bar\u0161i\" src=\"https:\/\/www.worldofart.org\/arhiv.worldofart.org\/aktualno\/wp-content\/uploads\/2016\/03\/Izidor-Barsi.jpg\" alt=\"\" width=\"100\" height=\"100\" \/><strong>Izidor Bar\u0161i<\/strong> holds a degree in philosophy and sociology of culture at the Faculty of Arts in Ljubljana. He has contributed texts on philosophy, art and architecture to Tribuna, Mladina, Delo, Praznine, and Emzin. Since 2010, he has been a regular contributor at the culture and the humanities desk at Radio \u0160tudent; since 2013 he is a member of the editorial board of \u0160um magazine. Between 2014 and 2015 he was the editor of Tribuna magazine. In addition, he has helped organise and lead a few theoretical reading seminars focused on philosophy and theory at the Museum of Contemporary Art, Moderna galerija, and Rog Factory.<\/p>\n<hr \/>\n<p><img loading=\"lazy\" decoding=\"async\" class=\"alignleft size-full wp-image-3376\" title=\"Maja Breznik\" src=\"https:\/\/www.worldofart.org\/arhiv.worldofart.org\/aktualno\/wp-content\/uploads\/2016\/03\/Maja-Breznik.jpg\" alt=\"\" width=\"100\" height=\"100\" \/><strong>Maja Breznik<\/strong> is sociologist and a researcher at the Peace Institute. She studied at the Ecole des hautes \u00e9tudes en sciences sociales in Paris (1989) and at the University of Ljubljana, where she also finished her PhD (2001). She received a fellowship at The Institute of International Education\/Arts International (New York, 1992), and from 2002 to 2004 she was a researcher at Universit\u00e0 degli studi di Padova, Department of Sociology. So far she has coordinated or participated in 15 research projects, including from the field of cultural policy. She has published several books: Obrt in u\u010denost (Artisanry and Erudition, 2003), Kulturni revizionizem\/Cultural Revisionism (2004), Kultura danajskih darov (The Culture of Danaan Gifts, 2009), Posebni skepticizem v umetnosti (Specific Scepticism in the Arts, 2011), Za napisom Nezaposlenim vstop prepovedan (Behind the Notice \u201cNo Admittance Except on Business\u201d, 2014), and many chapters and articles. Lately she has been focusing on the issues of labor rights and private labor markets.<\/p>\n<hr \/>\n<p><img loading=\"lazy\" decoding=\"async\" class=\"alignleft size-full wp-image-3376\" title=\"Ekaterina Degot\" src=\"https:\/\/www.worldofart.org\/arhiv.worldofart.org\/aktualno\/wp-content\/uploads\/2016\/03\/Ekaterina-Degot.jpg\" alt=\"\" width=\"100\" height=\"100\" \/>Ekaterina Degot is an art writer and curator, Artistic Director at the Academy of Arts of the World, Cologne, and professor at the Rodchenko Moscow School of Photography and Multimedia. In 2014 she won the Igor Zabel Award for Culture and Theory. Her resent curatorial projects include: Report to an Academy, a Non-Academic Symposium, Performative or Otherwise, Pluriversale I, Cologne, 2014 (with David Riff); What Did the Artist Mean by That?, Moscow Museum of Modern Art, 2014 (with Yuri Albert), and Monday Begins on Saturday, First Bergen Assembly, Bergen, Norway, 2013 (with David Riff). She co-edited Post-Post-Soviet?: Art, Politics and Society in Russia at the Turn of the Decade (Chicago University press, 2013).<\/p>\n<hr \/>\n<p><img loading=\"lazy\" decoding=\"async\" class=\"alignleft size-full wp-image-3376\" title=\"Kaja Kraner\" src=\"https:\/\/www.worldofart.org\/arhiv.worldofart.org\/aktualno\/wp-content\/uploads\/2016\/03\/Kaja-Kraner.jpg\" alt=\"\" width=\"100\" height=\"100\" \/><strong>Kaja Kraner<\/strong> primarily works as a writer of critical, theoretical texts and radio shows in the field of contemporary art. She helps create the programme of Pekarna Magdalenske mre\u017ee, is a member of the editorial board of \u0160um and a co-editor of Art-area, an emission on Radio \u0160tudent. In addition, she (co-)leads reading seminars on contemporary art organised by \u0160um and Neteorit collective. She has focused especially on the relations between art, politics, and theory, as well as on the production conditions of contemporary art. She is currently exploring the concept of the geopolitics of art in the framework of her PhD.<\/p>\n<hr \/>\n<p><img loading=\"lazy\" decoding=\"async\" class=\"alignleft size-full wp-image-3376\" title=\"Kaja Kraner\" src=\"https:\/\/www.worldofart.org\/arhiv.worldofart.org\/aktualno\/wp-content\/uploads\/2016\/03\/Antonija-Letinic.jpg\" alt=\"\" width=\"100\" height=\"100\" \/><strong>Antonija Letini\u0107<\/strong> is Editor-in-chief of the Internet publication Kulturpunkt.hr (based in Zagreb) and is in charge of other projects run by the organisation Kurziv \u2013 Platform for Matters of Culture, Media and Society \u2013 such as the educational programme Kulturpunkt\u2019s Journalistic School \u2018World of Art\u2019 and programme Criticism \u2013 Past, Present, Future. She is one of the founders of the organisation Nemeze \u2013 an Association for the Development of Non-Profit Media as well as a member and a president of the organisation Kurziv that runs Kulturpunkt.hr.<\/p>\n<hr \/>\n<p><img loading=\"lazy\" decoding=\"async\" class=\"alignleft size-full wp-image-8463\" title=\"Thijs Lijster\" src=\"https:\/\/www.worldofart.org\/arhiv.worldofart.org\/aktualno\/wp-content\/uploads\/2016\/03\/Thijs-Lijster-1.jpg\" alt=\"\" width=\"100\" height=\"100\" \/><strong>Thijs Lijster<\/strong> is assistant professor of philosophy of art and culture at the University of Groningen. He studied in Groningen and New York, and in 2012 received his PhD for his dissertation on Benjamin\u2019s and Adorno\u2019s concepts of art criticism. In 2010 Lijster won the Dutch\/Flemish Prize for Young Art Criticism, and in 2015 the NWO\/Boekman dissertation award. He has contributed to books such as Conceptions of Critique in Modern and Contemporary Philosophy (2012), Institutional Attitudes (2012), and No Culture, No Europe (2015), and coedited Spaces for Criticism. Shifts in Contemporary Art Discourses (2015).<\/p>\n<hr \/>\n<p><a href=\"https:\/\/www.worldofart.org\/arhiv.worldofart.org\/current\/15th-season-2014-2016\/lecturers-20142016\"><strong>Archive: Lecturers 2014\/2016<\/strong><\/a><\/p>\n","protected":false},"excerpt":{"rendered":"<p>Fouad Asfour,\u00a0art writer, editor, and linguist, works in collaborative frameworks on publications, exhibitions, performances, and art exchange projects. He has worked for various art institutions and research projects, was part of the documenta 12 magazines project, and is a member of the artist collective the Dead Revolutionaries Club. In 2011 he initiated the independent publishing [&hellip;]<\/p>\n","protected":false},"author":1,"featured_media":0,"parent":3775,"menu_order":0,"comment_status":"closed","ping_status":"closed","template":"","meta":{"footnotes":""},"categories":[],"tags":[],"class_list":["post-3794","page","type-page","status-publish","hentry"],"_links":{"self":[{"href":"https:\/\/www.worldofart.org\/arhiv.worldofart.org\/current\/wp-json\/wp\/v2\/pages\/3794","targetHints":{"allow":["GET"]}}],"collection":[{"href":"https:\/\/www.worldofart.org\/arhiv.worldofart.org\/current\/wp-json\/wp\/v2\/pages"}],"about":[{"href":"https:\/\/www.worldofart.org\/arhiv.worldofart.org\/current\/wp-json\/wp\/v2\/types\/page"}],"author":[{"embeddable":true,"href":"https:\/\/www.worldofart.org\/arhiv.worldofart.org\/current\/wp-json\/wp\/v2\/users\/1"}],"replies":[{"embeddable":true,"href":"https:\/\/www.worldofart.org\/arhiv.worldofart.org\/current\/wp-json\/wp\/v2\/comments?post=3794"}],"version-history":[{"count":4,"href":"https:\/\/www.worldofart.org\/arhiv.worldofart.org\/current\/wp-json\/wp\/v2\/pages\/3794\/revisions"}],"predecessor-version":[{"id":4047,"href":"https:\/\/www.worldofart.org\/arhiv.worldofart.org\/current\/wp-json\/wp\/v2\/pages\/3794\/revisions\/4047"}],"up":[{"embeddable":true,"href":"https:\/\/www.worldofart.org\/arhiv.worldofart.org\/current\/wp-json\/wp\/v2\/pages\/3775"}],"wp:attachment":[{"href":"https:\/\/www.worldofart.org\/arhiv.worldofart.org\/current\/wp-json\/wp\/v2\/media?parent=3794"}],"wp:term":[{"taxonomy":"category","embeddable":true,"href":"https:\/\/www.worldofart.org\/arhiv.worldofart.org\/current\/wp-json\/wp\/v2\/categories?post=3794"},{"taxonomy":"post_tag","embeddable":true,"href":"https:\/\/www.worldofart.org\/arhiv.worldofart.org\/current\/wp-json\/wp\/v2\/tags?post=3794"}],"curies":[{"name":"wp","href":"https:\/\/api.w.org\/{rel}","templated":true}]}}