{"id":3849,"date":"2016-05-18T16:16:19","date_gmt":"2016-05-18T14:16:19","guid":{"rendered":"http:\/\/www.worldofart.org\/current\/?page_id=3849"},"modified":"2016-05-19T08:37:10","modified_gmt":"2016-05-19T06:37:10","slug":"artists-cvs","status":"publish","type":"page","link":"https:\/\/www.worldofart.org\/arhiv.worldofart.org\/current\/15th-season-2014-2016\/personal\/artists-cvs","title":{"rendered":"Artists\u2019 CVs"},"content":{"rendered":"<p><img loading=\"lazy\" decoding=\"async\" class=\"alignleft size-full wp-image-8710\" style=\"padding-right: 10px;\" src=\"https:\/\/www.worldofart.org\/arhiv.worldofart.org\/aktualno\/wp-content\/uploads\/2016\/05\/boris-beja.jpg\" alt=\"Boris Beja\" width=\"100\" height=\"100\" \/><strong>BORIS BEJA<\/strong> (1986, Trbovlje) is a graduate of Graphic Technology (Faculty of Natural Sciences) and Sculpture (Academy of Fine Arts and Design). In 2012, he received the <em>student Pre\u0161eren Award<\/em> <em>for Sculpture<\/em>, as well as the <em>Award for the Contribution to the Sustainable Development of Society<\/em> (Public Fund for Cultural Activities Republic of Slovenia). He was nominated for the <em>OHO Group Award <\/em>in 2015 and 2016.<\/p>\n<div style=\"margin: 1px; color: #fff;\">.<\/div>\n<p>Solo exhibitions:<br \/>\n<em>Dormitory,<\/em> Ravne Gallery, Ravne na Koro\u0161kem, 2015<br \/>\n<em>Between the lines<\/em>, Simulaker Gallery, Novo mesto, 2014<br \/>\n<em>ID grad.: BB\/SB 14 &#8211; n. 3\/3<\/em>, Bo\u017eidar Jakac Art Museum, Kostanjevica na Krki, 2014<br \/>\n<em>Minuet for Him<\/em>, Pentagonal tower \u2013 Ljubljana Castle, Ljubljana, 2014<br \/>\n<em>\u010clovek \u010dloveku \u017eival <\/em>(Man is an animal to his fellow man), Kr\u0161ko Gallery, Kr\u0161ko, 2013<br \/>\n<em>Splendour ART P-5124 JUS NI 5.110,<\/em> Alkatraz Gallery, Ljubljana, 2013<br \/>\n<em>Works,<\/em> in collaboration with Suzana Brborovi\u0107, Equrna Gallery, Ljubljana, 2013<br \/>\n<em>Work in Art, <\/em>in collaboration with Suzana Brborovi\u0107, Town Hall Gallery Brno, Czech Republic, 2013<br \/>\n<em>The Silence of the Absent,<\/em> New Gallery DDT, Trbovlje, 2012<br \/>\n<em>Working Title; Untitled,<\/em> New Gallery DDT, Trbovlje, 2011<\/p>\n<p>Group exhibitions:<br \/>\n<em>Us and Them,<\/em> Studio Place Arts, Barre, Vermont, USA, 2016<br \/>\n<em>Pogledi na slovensko kiparstvo 1975 \u2013 2015<\/em> (Views on Slovenian Sculpture 1975-2015), Piran City Gallery, Piran, 2016<br \/>\n<em>Attention, Work!, <\/em>Le Comptoir, Liege, Belgium, 2016<br \/>\n<em>ALUO LXX. Past, Present, Future,<\/em> Jakopi\u010d Gallery, Ljubljana, 2016<br \/>\n<em>MEM Experimental Arts International Festival<\/em>, MEM Exhibition Hall, Bilbao, Spain, 2015<br \/>\n<em>Twilight Zone<\/em>, \u0160kuc Gallery, Ljubljana, 2015<br \/>\n<em>Alptraum \/ Cauchemar \/ Nightmare<\/em>, Galerija Visual Voice Art, Monteral, Canada, 2015<br \/>\n<em>The 10th Annual OHO Group Award<\/em>, P74 Gallery, Ljubljana, 2015<br \/>\n<em>Memory of Violence \u2013 Dreams of the Future<\/em>, Kibla Portal, Maribor, 2015<br \/>\n<em>Slovenska grafika<\/em> (Slovenian graphic), Check Point Paint Art Gallery, Trieste, Italy, 2015<br \/>\n<em>Expanding Sculptural Structures,<\/em> City Art Gallery Ljubljana, Ljubljana, 2014<br \/>\n<em>Alternative Worlds<\/em>, Photon Gallery, Ljubljana, 2013<br \/>\n<em>Attention, Work!<\/em>, The Coal Mining Museum of Slovenia, Velenje, 2013<br \/>\n<em>Preview Berlin<\/em>, Art Fair, Berlin Opera Workshops, Berlin, Germany, 2013<br \/>\n<em>Start Point SLO<\/em>, selection of the best works of the Academy of Arts, Mikl House Gallery, Ribnica, 2013<br \/>\n<em>Production 2010 \u2013 2012<\/em>, MGLC, Ljubljana, 2013<br \/>\n<em>Hotel Obir Reception<\/em>, Vorspann Gallery, Bad Eisenkappel, Austria, 2013<br \/>\n<em>Materiality,<\/em> Kibla Portal, Maribor, 2013<br \/>\n<em>Premiere 2012,<\/em> Gallery of Contemporary Art, Celje, 2012<br \/>\n<em>Le Printemps de Septembre a Toulouse<\/em>, Toulouse, France, 2012<\/p>\n<hr \/>\n<p><img loading=\"lazy\" decoding=\"async\" class=\"alignleft size-full wp-image-8713\" style=\"padding-right: 10px;\" src=\"https:\/\/www.worldofart.org\/arhiv.worldofart.org\/aktualno\/wp-content\/uploads\/2016\/05\/nina-celhar.jpg\" alt=\"Nina \u010celhar\" width=\"100\" height=\"100\" \/><strong>NINA \u010cELHAR<\/strong> (1990, Postojna)\u00a0is a Painting graduate (Academy of Fine Arts and Design) and is currently continuing her studies on a Masters programme in Painting (Academy of Fine Arts and Design). She also spent one year studying at the Academy of Visual Arts \u2013 Hochschule f\u00fcr Grafik und Buchkunst Leipzig, Germany. In 2012, she received the <em>Academy Award for Outstanding Academic Achievements<\/em> (ALUO), and in 2015, the <em>Collector&#8217;s<\/em> <em>Invitation<\/em> award for promising young talent (ESSL Award).<\/p>\n<p>Solo exhibitions:<br \/>\n<em>Dwelling Atmospheres,<\/em> Tir Gallery, Solkan, Nova Gorica, 2016<br \/>\n<em>Fleeting Atmospheres,\u00a0<\/em>UGM Studio, Maribor, 2015<br \/>\n<em>Spaces of Belonging,\u00a0<\/em>\u0160krlovec Tower, Kranj, 2015<br \/>\n<em>Additional Areas,<\/em> ZDSLU Gallery, Ljubljana, 2015<br \/>\n<em>States of Sensitivity<\/em>,\u00a0Be\u017eigrad Gallery 1, Ljubljana, 2014<\/p>\n<p>Group exhibitions:<br \/>\n<span style=\"line-height: 1.5;\"><em>ALUO LXX. Past, Present, Future<\/em>, Jakopi\u010d Gallery, Ljubljana, 2016<br \/>\n<em>Diverstiy of Voices, Essl Art Award\u00a02015,<\/em> Essl Museum, Klosterneuburg bei Wien, Austria, 2015<br \/>\n<em>3rd Triennal od Young Artists \u2013 Premiere 2015. Time, Mood, Identity,<\/em>\u00a0Gallery of Contemporary Art, Celje, 2015<br \/>\n<em>ESSL ART AWARD CEE Nominees&#8217; Exhibition,<\/em> MSUM+, Ljubljana, 2015<br \/>\n<em>Atopic Body, <\/em>Equrna Gallery, Ljubljana, 2014<br \/>\n<em>Preview Berlin Art Fair 2013,<\/em>\u00a0Opernwerkstaetten Berlin, Berlin, Germany, 2013<br \/>\n<em>Surviving with Creative Practices,\u00a0<\/em>Mikl House Gallery, Ribnica, 2013<br \/>\n<em>Transform: Pandora\u2019s Box,<\/em>\u00a0Telogleion Foundation of Arts, Thessaloniki, Greece, 2012<br \/>\n<em>Entrance: Painting Exhibition of Academy of Fine Arts Students,\u00a0<\/em>Alkatraz Gallery, Ljubljana, 2012<\/span><\/p>\n<hr \/>\n<p><img loading=\"lazy\" decoding=\"async\" class=\"alignleft size-full wp-image-8712\" style=\"padding-right: 10px;\" src=\"https:\/\/www.worldofart.org\/arhiv.worldofart.org\/aktualno\/wp-content\/uploads\/2016\/05\/neza-knez.jpg\" alt=\"Ne\u017ea Knez\" width=\"100\" height=\"100\" \/><strong>NE\u017dA KNEZ<\/strong> (1990, Ljubljana)\u00a0is a Sculpture graduate (Academy of Fine Arts and Design) and is currently continuing on a Masters programme in Sculpture (Academy of Fine Arts and Design). She is the recipient of several awards: <em>Academy Award for Outstanding Academic Achievements<\/em> (Academy of Fine Arts and Design, 2012), <em>Academy Award for Outstanding Academic Achievements<\/em> (ALUO, 2014), the <em>Golden Press<\/em> award for innovative approaches in printmaking (2015) and the <em>student Pre\u0161eren Award<\/em> (2015). In 2016, she was nominated for the <em>OHO Group Award<\/em>.<\/p>\n<p>Group exhibitions:<br \/>\n<em>ALUO LXX. Past, Present, Future,<\/em> Jakopi\u010d Gallery, Ljubljana, 2016<br \/>\n<em>International Graphic Spring,<\/em> The Academy of Fine Arts, Sarajevo, Bosnia, 2015<br \/>\n<em>International Graphic Spring,<\/em> Graphic Arts Center, Maribor, 2015<br \/>\n<em>Exhibition of Sculptural department of Academy of Fine Arts,<\/em> UL Gallery, Ljubljana, 2015<br \/>\n<em>PassKey,<\/em> Montepulciano, Italy, 2014<br \/>\n<em>Transform,<\/em> National University of Arts, Bucharest, Romania, 2014<br \/>\n<em>Lighting Guerrilla<\/em>, Ljubljana, 2013<\/p>\n<hr \/>\n<p><img loading=\"lazy\" decoding=\"async\" class=\"alignleft size-full wp-image-8711\" style=\"padding-right: 10px;\" src=\"https:\/\/www.worldofart.org\/arhiv.worldofart.org\/aktualno\/wp-content\/uploads\/2016\/05\/marusa-meglic.jpg\" alt=\"Maru\u0161a Megli\u010d\" width=\"100\" height=\"100\" \/><strong>MARU\u0160A MEGLI\u010c<\/strong> (1989, Ljubljana)\u00a0is a Painting graduate (Academy of Fine Arts and Design) and is currently continuing her studies on a Masters programme in Painting (Academy of Fine Arts and Design). In 2015, she received the <em>ESSL Award<\/em>.<\/p>\n<div style=\"margin: 20px; color: #fff;\">.<\/div>\n<p>Solo exhibitions:<br \/>\n<em>An Artist Needs Very Little<\/em>, KIOSK Kino \u0160i\u0161ka, Ljubljana, 2015<br \/>\n<em>Something Pink<\/em>, MGML, Be\u017eigrad Gallery 1, Ljubljana, 2013<\/p>\n<p><em>Group exhibitions:<\/em><br \/>\n<em>Diversity of Voices,<\/em> ESSL Museum, Klosterneuburg bei Wien, Austria, 2015<br \/>\n<em>Common Space<\/em>, Kortil Gallery, Rijeka, Croatia, 2015<br \/>\n<em>ESSL ART AWARD CEE Nominees&#8217; Exhibition,<\/em> MSUM+, Ljubljana, 2015<br \/>\n<em>Transform,<\/em> Constantin Brancusi Gallery, Bucharest, Romania, 2014<br \/>\n<em>Podporovan\u00fd format, <\/em>Medium Gallery, Bratislava, Slovakia, 2013<br \/>\n<em>What Happened?<\/em>, accompanying exhibition of Biennial of Graphic Arts, MGLC, Ljubljana, 2013<br \/>\n<em>Entrance,<\/em> Alkatraz Gallery, Ljubljana, 2012<\/p>\n<hr \/>\n<p><img loading=\"lazy\" decoding=\"async\" class=\"alignleft size-full wp-image-8715\" style=\"padding-right: 10px;\" src=\"https:\/\/www.worldofart.org\/arhiv.worldofart.org\/aktualno\/wp-content\/uploads\/2016\/05\/tejka-pezdirc.jpg\" alt=\"Tejka Pezdirc\" width=\"100\" height=\"100\" \/><strong>TEJKA PEZDIRC<\/strong> (1985, Novo mesto) is a Sculpture graduate (Academy of Fine Arts and Design). In 2009, she received the <em>Academy Award for Special Achievements<\/em> (ALUO).<\/p>\n<div style=\"margin: 30px; color: #fff;\">.<\/div>\n<p>Solo exhibitions:<em><br \/>\nRemains, Roji\u0161\u010de #32<\/em>, Garderoba Gallery, Bazen, Vrhnika, 2015<br \/>\n<em>Artefatto10<\/em>, Reset, Trieste, Italy, 2015<br \/>\n<em>Ribs,<\/em> No\u010dna izlo\u017eba Pe\u0161ak, Metelkova City, Ljubljana, 2015<br \/>\n<em>Transmitters,<\/em> Gallery Sre\u010di\u0161\u010de, Hostel Celica, Ljubljana, 2014<br \/>\n<em>Pocket Utopia<\/em>, Porto Cesareo, Italy, 2014<br \/>\n<em>Pocket Utopia,<\/em> M\u00fcnchen, Germany, 2014<br \/>\n<em>on-line exhibition, <\/em>Gallery Blank, South Korea, 2014<br \/>\n<em>AbSence,<\/em> Channel Zero Gallery, Ljubljana, 2013<br \/>\n<em>Video Match (ArtNetLab),<\/em> Kiberpipa, Ljubljana, 2008<br \/>\n<em>spatial intervention on streets of Altea, <\/em>Spain, 2007<\/p>\n<p><span style=\"line-height: 1.5;\">Group exhibitions:<br \/>\n3rd Triennal od Young Artists \u2013 Premiere 2015. Time, Mood, Identity,\u00a0Gallery of Contemporary Art,Celje, 2015<br \/>\n<em>4.4.,<\/em> \u0160kuc Gallery, Ljubljana, 2013<br \/>\n<em>Start Point SLO,<\/em> Mikl House Gallery, Ribnica, 2012<br \/>\n<em>Art of Dreaming,<\/em> Mikl House Gallery, Ribnica, 2012<br \/>\nMc Gallery, Bre\u017eice, 2010<br \/>\n<em>Exhibition of Sculptural department of Academy of Fine Arts,<\/em> SOF, Portoro\u017e, 2008<br \/>\nAtrij Gallery, Tr\u017ei\u010d, 2005<\/span><\/p>\n<hr \/>\n<p><img loading=\"lazy\" decoding=\"async\" class=\"alignleft size-full wp-image-8716\" style=\"padding-right: 10px;\" src=\"https:\/\/www.worldofart.org\/arhiv.worldofart.org\/aktualno\/wp-content\/uploads\/2016\/05\/ziva-bozicnik-rebec.jpg\" alt=\"\u017diva Bo\u017ei\u010dnik Rebec\" width=\"100\" height=\"100\" \/><strong>\u017dIVA BO\u017dI\u010cNIK REBEC<\/strong> (1991, Ljubljana) is a Unique Design \u2013 Glass and Ceramics graduate (Academy of Fine Arts and Design) and is currently continuing her studies on a Masters programme in Sculpture (Academy of Fine Arts and Design).<\/p>\n<div style=\"margin: 20px; color: #fff;\">.<\/div>\n<p>Group exhibitions:<br \/>\n<em>Surface\/\/Resistance,<\/em> Castle Cmurek, Trate, 2015<br \/>\n<em>Fashion Art Toronto, T<\/em>oronto, Canada, 2014<br \/>\n<em>Exhibition of Academy of Fine Arts Students, <\/em>Gallery Sre\u010di\u0161\u010de, Hostel Celica, Ljubljana, 2013<br \/>\n<em>Keep Yourself Busy,<\/em> Sti\u010dna Monastery, Sti\u010dna, 2012<br \/>\n<em>European Glass Context 2012<\/em>, Bornholm, Denmark, 2012<br \/>\n<em>Reflections,<\/em> Ljubljana Town Hall, Ljubljana, 2012<\/p>\n<hr \/>\n<p><img loading=\"lazy\" decoding=\"async\" class=\"alignleft size-full wp-image-8714\" style=\"padding-right: 10px;\" src=\"https:\/\/www.worldofart.org\/arhiv.worldofart.org\/aktualno\/wp-content\/uploads\/2016\/05\/pila-in-dejan.jpg\" alt=\"Dejan \u0160tefan\u010di\u010d, Pila Rusjan\" width=\"100\" height=\"100\" \/><strong>PILA RUSJAN<\/strong> (1984, \u0160empeter pri Gorici) is a graduate of Digital Arts and Practices (School of Arts, University of Nova Gorica) and is currently continuing her studies on a Masters programme of Media Arts and Practices (School of Arts, University of Nova Gorica). In 2011, she was nominated for the <em>OHO Group Award<\/em> and the <em>ESSL Award<\/em>. In 2012, she received the <em>Tantadruj<\/em> award of the Theatres of Primorska, and in 2013, the Academy of Theatre, Radio, Film and Television (AGRFT) <em>Goldilocks<\/em> award. In 2015, she was again nominated for the <em>ESSL Award<\/em>.<\/p>\n<p>Solo exhibitions:<br \/>\n<em>Finding Balance,<\/em> in collaboration with Dejan \u0160tefan\u010di\u010d, Central Station: Vitrines, Maribor, 2014<br \/>\n<em>Girl With a Pearl Earring,<\/em> VideoWall \u2013 urban open-air video gallery, Ljubljana, 2013<br \/>\n<em>Bedtime Stories,<\/em> in collaboration with Nung-Hsin Hu, MGLC, Ljubljana, 2012<br \/>\n<em>Mapping the Memory 1999-2011,<\/em> TukadMUNGA Gallery, Ljubljana, 2011<br \/>\n<em>Memories Re-enacted &#8211; #1: S\u00e3o Paulo,<\/em> Castanho Claro Gallery, Maribor, 2011<br \/>\n<em>Re-Turn,<\/em> Gallery of Contemporary Arts Ganes Pratt, Ljubljana, 2010<br \/>\n<em>We are all Big Brother and Big Brother is just one of us,<\/em> Festival of Contemporary Arts AKTO 4, Bitola, Macedonia, 2009<br \/>\n<em>Just Being, <\/em>City of Women Festival, Ljubljana, 2008<br \/>\n<em>Looping Edge,<\/em> Gallery Pop Planet, Ljubljana, 2008<br \/>\n<em>Photo exhibition,<\/em> Poljane Grammar School, Ljubljana, 2000<\/p>\n<p>Group exhibitions:<br \/>\n<em>Flatmates<\/em>, A+A Gallery, Venice, Italy, 2014<\/p>\n<hr \/>\n<p><img loading=\"lazy\" decoding=\"async\" class=\"alignleft size-full wp-image-8714\" style=\"padding-right: 10px;\" src=\"https:\/\/www.worldofart.org\/arhiv.worldofart.org\/aktualno\/wp-content\/uploads\/2016\/05\/pila-in-dejan.jpg\" alt=\"Dejan \u0160tefan\u010di\u010d, Pila Rusjan\" width=\"100\" height=\"100\" \/><strong>DEJAN \u0160TEFAN\u010cI\u010c<\/strong> (1972, Berlin) has been working in film and television as a stage worker, lighting technician and camera assistant for more than ten years. He has been collaborating with Pila Rusjan on visual art projects as a cameraman, lighting master, technical assistant and occasionally also co-author of artworks since 2012.<\/p>\n<div style=\"margin: 10px; color: #fff;\">.<\/div>\n<p>Solo exhibitions:<br \/>\n<em>Ritual<\/em>, VideoWall \u2013 urban open-air video gallery, Ljubljana, 2015<br \/>\n<em>Finding Balance,<\/em> in collaboration with Pila Rusjan, Central Station: Vitrines, Maribor, 2014<\/p>\n","protected":false},"excerpt":{"rendered":"<p>BORIS BEJA (1986, Trbovlje) is a graduate of Graphic Technology (Faculty of Natural Sciences) and Sculpture (Academy of Fine Arts and Design). In 2012, he received the student Pre\u0161eren Award for Sculpture, as well as the Award for the Contribution to the Sustainable Development of Society (Public Fund for Cultural Activities Republic of Slovenia). He [&hellip;]<\/p>\n","protected":false},"author":1,"featured_media":0,"parent":3830,"menu_order":0,"comment_status":"closed","ping_status":"closed","template":"","meta":{"footnotes":""},"categories":[],"tags":[],"class_list":["post-3849","page","type-page","status-publish","hentry"],"_links":{"self":[{"href":"https:\/\/www.worldofart.org\/arhiv.worldofart.org\/current\/wp-json\/wp\/v2\/pages\/3849","targetHints":{"allow":["GET"]}}],"collection":[{"href":"https:\/\/www.worldofart.org\/arhiv.worldofart.org\/current\/wp-json\/wp\/v2\/pages"}],"about":[{"href":"https:\/\/www.worldofart.org\/arhiv.worldofart.org\/current\/wp-json\/wp\/v2\/types\/page"}],"author":[{"embeddable":true,"href":"https:\/\/www.worldofart.org\/arhiv.worldofart.org\/current\/wp-json\/wp\/v2\/users\/1"}],"replies":[{"embeddable":true,"href":"https:\/\/www.worldofart.org\/arhiv.worldofart.org\/current\/wp-json\/wp\/v2\/comments?post=3849"}],"version-history":[{"count":8,"href":"https:\/\/www.worldofart.org\/arhiv.worldofart.org\/current\/wp-json\/wp\/v2\/pages\/3849\/revisions"}],"predecessor-version":[{"id":3860,"href":"https:\/\/www.worldofart.org\/arhiv.worldofart.org\/current\/wp-json\/wp\/v2\/pages\/3849\/revisions\/3860"}],"up":[{"embeddable":true,"href":"https:\/\/www.worldofart.org\/arhiv.worldofart.org\/current\/wp-json\/wp\/v2\/pages\/3830"}],"wp:attachment":[{"href":"https:\/\/www.worldofart.org\/arhiv.worldofart.org\/current\/wp-json\/wp\/v2\/media?parent=3849"}],"wp:term":[{"taxonomy":"category","embeddable":true,"href":"https:\/\/www.worldofart.org\/arhiv.worldofart.org\/current\/wp-json\/wp\/v2\/categories?post=3849"},{"taxonomy":"post_tag","embeddable":true,"href":"https:\/\/www.worldofart.org\/arhiv.worldofart.org\/current\/wp-json\/wp\/v2\/tags?post=3849"}],"curies":[{"name":"wp","href":"https:\/\/api.w.org\/{rel}","templated":true}]}}