{"id":385,"date":"2011-04-11T12:36:34","date_gmt":"2011-04-11T10:36:34","guid":{"rendered":"http:\/\/www.worldofart.org\/current\/?page_id=385"},"modified":"2011-06-16T10:52:26","modified_gmt":"2011-06-16T08:52:26","slug":"tadej-pogacar-quarter-to-two","status":"publish","type":"page","link":"https:\/\/www.worldofart.org\/arhiv.worldofart.org\/current\/13th-year-201011\/tadej-pogacar-quarter-to-two","title":{"rendered":"Tadej Poga\u010dar: Quarter to Two"},"content":{"rendered":"<p>WORLD OF ART<br \/>\nSchool for curators and critics of contemporary art<br \/>\nYear 13<br \/>\nExhibition<\/p>\n<p><strong> April 13 &ndash; May 6, 2011<\/strong><br \/>\nAlkatraz Gallery, Metelkova City, Ljubljana<\/p>\n<hr \/>\n<p>You are cordially invited to the opening of the final  exhibition of the13th year of the <em><a href=\"http:\/\/arhiv.worldofart.org\/current\" target=\"_blank\">World of Art<\/a><\/em> school on <strong>Wednesday, 13th April, at 8pm<\/strong> at the <a href=\"http:\/\/www.galerijalkatraz.org\/\" target=\"_blank\">Alkatraz Gallery<\/a>, Metelkova City.<\/p>\n<p>Artist:<a href=\"http:\/\/www.parasite-pogacar.si\/\" target=\"_blank\"><strong>Tadej  Poga\u010dar<\/strong><\/a><br \/>\nCurators: <a href=\"https:\/\/www.worldofart.org\/arhiv.worldofart.org\/current\/13th-year-201011\/participants\/participants-2nd-semester\"><strong>Ana  Grobler, Iva Kova\u010d, Yasm&iacute;n Mart&iacute;n Vodopivec, &Scaron;pela Pavli, Lara Plav\u010dak, Vladimir  Vidmar, Asta Vre\u010dko, Mojca Zalo\u017enik<\/strong><\/a><br \/>\nTutors: <a href=\"https:\/\/www.worldofart.org\/arhiv.worldofart.org\/current\/13th-year-201011\/team#tutors\"><strong>Jo\u017ee  Bar&scaron;i, Nevenka &Scaron;ivavec<\/strong><\/a><\/p>\n<hr \/>\n<p>It was in April 2010 that we started  with the 13th year of the rearranged school of the <em>World of Art<\/em>, based on the solid  foundation of a several-year long research of various curatorial courses,  analyses of curatorial practices, consultations with competent local and  international experts as well as the evaluation of the past course. The 13th  year has two terms: the 1st term (April&ndash;June 2010) was devoted to  the acquisition of art-historical, theoretical, and methodological knowledge,  the 2nd term (September 2010 &ndash; May 2011), however, to curatorial and  critical studies as well as practical tests. The first term was attended by 11  participants, and there were 8 candidates registered at the second term. They  were dealing with the conception and execution of the final exhibition under  the tutorship of <strong>Nevenka &Scaron;ivavec<\/strong> and <strong>Jo\u017ee Bar&scaron;i<\/strong>.<\/p>\n<p>The attendants of the course, namely <strong>Ana Grobler, Iva Kova\u010d, Yasm<\/strong><strong>&iacute;<\/strong><strong>n Mart<\/strong><strong>&iacute;n Vodopivec,  &Scaron;pela Pavli, Lara Plav\u010dak, Vladimir Vidmar, Asta Vre\u010dko,<\/strong> and <strong>Mojca Zalo\u017enik<\/strong>, have  chosen a monographic exhibition, a rare occasion in the history of the school  (all the exhibitions with the exception of the one in 2008 of a Rumanian artist  Mircea Nicolae, were group ones).<\/p>\n<p>The  final act of the one-year curatorial education is a solo exhibition of <strong>Tadej Poga\u010dar<\/strong>, and the co-operation  will continue next June at the artist&rsquo;s retrospective exhibition at the Museum  of Contemporary Art of Vojvodina in Novi Sad. <\/p>\n<hr \/>\n<div class=\"komentar2\">\n<p class=\"komentarslike\"><img decoding=\"async\" style=\"border:0; margin:0; padding:0 0 7px 0\"  src=\"https:\/\/www.worldofart.org\/arhiv.worldofart.org\/aktualno\/wp-content\/2010-11\/pogacar_petnajst-do-dveh.jpg\" alt=\"Tadej Poga\u010dar: Quarter to Two\" \/><br \/>\n<strong>Tadej Poga\u010dar: <em>Quarter to Two<\/em>, 1994<\/strong><br \/>\nInstallation at the permanent installation of <em>Selected works of Slovenian authors from the collections of the<br \/>Museum of Modern Art<\/em>, Museum of Modern Art, Ljubljana, 1994\u20131995<br \/>\nPhoto: Matija Pavlovec, Courtesy of the author and Museum of Modern Art, Ljubljana<\/p>\n<\/div>\n<div style=\"clear:both\"><\/div>\n<p><strong>Tadej Poga\u010dar: <em>Quarter to Two<\/em><\/strong><\/p>\n<p>In 1994, the Museum of Modern Art invited Tadej Poga\u010dar and his institution P.A.R.A.S.I.T.E. museum to intervene at the exhibition of works that had been recently included into the gallery\u2019s collection. With his work, entitled Fifteen to Two, Poga\u010dar intervened in the exhibition by changing the gallery space into a waiting room. Above the main entrance into the room he hung a non-operating clock, set to fifteen minutes to two &#8211; the time when employees were already getting ready to leave their work posts for home. The exits leading into other exhibition spaces were marked with signs of the four directions, but not in the right order, and there were two rows of chairs in the middle of the space. <\/p>\n<p>With minimal means and the formal gap between this work that has never found its way into the collection of the Museum of Modern Art, and the exhibited ones that had become part of this collection, the artistic intervention appealed to the idea of waiting of the artist and the artworks for the competent institutions who have the authority to recognise, historicize, elevate or dump works of art. <\/p>\n<p>Reformulation of the artwork Fifteen to Two in 2011 does not mean the trendy re-enactment, but stripping, radicalization of the position of production of knowledge. Poga\u010dar enters the institution as a place of exposure, a space where classification and allocation are carried out, where there are mechanisms of institution at work: its order, its filters, codes and collections, enabling the construction of the history. That\u2019s why Poga\u010dar\u2019s intention is not to pull down the institution, but &#8211; by showing the space that determines the methods and logic of selection \u2013 to show his position of entering and displaying at the same time. This is, however, an auto-productive discourse as the institution is not the one that produces the rules, but the rules themselves establish a certain phenomenon as an institution. In other words \u2013 it is the act of placing of some structural point under magnifying glass. If Poga\u010dar has, with his original work within the pseudo-institution of P.A.R.A.S.I.T.E. , entered into a specific, content-filled space, whose purpose was to lure from the invisibility into visibility, from ignorance into the system of knowing (the system of art), then today the intervention itself is all that\u2019s left. There is no positive content needed to be historicised or granted a status through the mechanisms of institution. This does not, however, affect the mechanisms operating at a certain space permeated with institutional codes. The desire of the institutional apparatus after the production of value is resistant to any shortfall, as the mechanism operates universally, regardless of the accompanying changing parameters. The clock says \u201cfifteen to two\u201d, the work time is slowly ticking out, and the employees will soon leave for home, but the wheels of the mechanism still go on unobstructed \u2026 <\/p>\n<p>Poga\u010dar\u2019s language infiltrates itself into the language of the museum. In such a way it compels the museum to reproduce and represent with its already conceived language simultaneously also a part of the speech and visual code of the artist. So, even though this intervention will also pass through the very same mechanisms that it has problematized and will thus enter into Knowledge, it will at the same time &#8211; with each reproduction of itself within this system &#8211; repeat its own basic critical gesture. <\/p>\n<p><em>Ana Grobler, Iva Kova\u010d, Yasm\u00edn Mart\u00edn Vodopivec, \u0160pela Pavli, Lara Plav\u010dak, Vladimir Vidmar, Asta Vre\u010dko, Mojca Zalo\u017enik<\/em><\/p>\n<p>Production: <strong>SCCA, Center for Contemporary Arts &ndash; Ljubljana \/ World of Art <\/strong><br \/>\nCo-production: <strong>KUD Mre\u017ea \/ Alkatraz Gallery <\/strong><br \/>\nSupport: <strong>Municipality of Ljubljana City, Department for Culture, Ministry of  Culture of the RS <\/strong><\/p>\n<p><strong>Alkatraz Gallery<\/strong>, Metelkova City<br \/>\nOpening hours: Monday-Thursday, 11am-3pm and 4pm-8pm, Friday, 3pm-11pm<\/p>\n<hr \/>\n<p><strong><a href=\"http:\/\/www.scca-ljubljana.si\/press\/pogacar\/\" target=\"_blank\">PHOTO FOR PRESS<\/a><\/strong><\/p>\n<p>Please title the photos as follows:<br \/>\n             <strong>Tadej Poga\u010dar, <em>Quarter<\/em><em> to Two<\/em>, 1994<\/strong><br \/>\n             Installation at the permanent installation  of <em>Selected works of Slovenian authors  from the collections of the Museum of Modern Art<\/em>, Museum of Modern Art,  Ljubljana, 1994&ndash;1995<br \/>\n             Photo: Matija Pavlovec<br \/>\n             Courtesy of the author and Museum of  Modern Art, Ljubljana<\/p>\n<hr \/>\n<p><strong><img loading=\"lazy\" decoding=\"async\" src=\"http:\/\/www.scca-ljubljana.si\/img\/portreti100\/tadej_pogacar.jpg\" width=\"100\" height=\"100\" alt=\"Tadej Poga\u010dar\" align=\"left\" style=\"padding-right:10px\">Tadej Poga\u010dar <\/strong>(b.  1960) is an artist and the art director of the Centre and P74 Gallery in  Ljubljana. After studying Ethnology and the History of Art at the Faculty of  Arts in Ljubljana he has graduated from the Department of Painting at the  Academy of Fine Arts and Design where he has also completed his postgraduate  studies. In the period 1994-1999 he was the chief editor of M&#8217;ARS magazine, the main magazine in the field of contemporary art. He is the founder and director  of P.A.R.A.S.I.T.E., a museum of contemporary Art. He has participated at  numerous international exhibitions of contemporary art, e.g. the 10th  Istanbul Biennial, San Francisco Art Institute, 49th Sao Paulo Art  Biennial, 3rd Tirana Biennial, ZKM Karlsruhe, 49th Venice  Biennial, the Stedelijk Museum, the Arte Carillo Gil Museum in Mexico City, the  Museum of Modern Art in Vienna, the Moderna Museet in Stockholm. For his works  Tadej Poga\u010dar has received several awards, including the Franklin Furnace Award  in New York (2001), the &raquo;Trend&laquo; award for exceptional achievements in the field  of visual art (2008) and the leading national &ldquo;Jakopi\u010d Award&rdquo; for fine arts (2009).<\/p>\n<hr \/>\n<p>Since 1997 <strong>World of Art, the School for Curators and Critics of Contemporary Art <\/strong>has  been establishing a wholesome and internationally conceived infrastructural  system of education for young curators, critics, theoreticians and researchers  of contemporary art. The&nbsp; <strong>Curatorial course<\/strong> &ndash; as one of the school segments &ndash;  on a long-term and systematically establishes a platform for the understanding  of contemporary art, teaches young, future curators, organizers, theoreticians,  critics etc. the knowledge and skilfulness for expert functioning in the world  of contemporary art. The programme consists of lectures, seminars, workshops,  research work, and modules about curator&rsquo;s practical work, study excursions and  gallery practice. The process is composed of event organization, studio visits,  meetings with curators, artists, theoreticians and writers as well as group  work at conceptualization and the execution of the exhibition of contemporary  art under tutorship.<\/p>\n<p>School leader: <a href=\"https:\/\/www.worldofart.org\/arhiv.worldofart.org\/current\/13th-year-201011\/team\"><strong>Sa&scaron;a Nabergoj<\/strong><\/a><br \/>\n  School coordinator: <a href=\"https:\/\/www.worldofart.org\/arhiv.worldofart.org\/current\/13th-year-201011\/team#zavrtanik\"><strong>Sonja Zavrtanik<\/strong><\/a><\/p>\n","protected":false},"excerpt":{"rendered":"<p>WORLD OF ART School for curators and critics of contemporary art Year 13 Exhibition April 13 &ndash; May 6, 2011 Alkatraz Gallery, Metelkova City, Ljubljana You are cordially invited to the opening of the final exhibition of the13th year of the World of Art school on Wednesday, 13th April, at 8pm at the Alkatraz Gallery, [&hellip;]<\/p>\n","protected":false},"author":1,"featured_media":0,"parent":135,"menu_order":0,"comment_status":"closed","ping_status":"closed","template":"","meta":{"footnotes":""},"categories":[1],"tags":[],"class_list":["post-385","page","type-page","status-publish","hentry","category-woa"],"_links":{"self":[{"href":"https:\/\/www.worldofart.org\/arhiv.worldofart.org\/current\/wp-json\/wp\/v2\/pages\/385","targetHints":{"allow":["GET"]}}],"collection":[{"href":"https:\/\/www.worldofart.org\/arhiv.worldofart.org\/current\/wp-json\/wp\/v2\/pages"}],"about":[{"href":"https:\/\/www.worldofart.org\/arhiv.worldofart.org\/current\/wp-json\/wp\/v2\/types\/page"}],"author":[{"embeddable":true,"href":"https:\/\/www.worldofart.org\/arhiv.worldofart.org\/current\/wp-json\/wp\/v2\/users\/1"}],"replies":[{"embeddable":true,"href":"https:\/\/www.worldofart.org\/arhiv.worldofart.org\/current\/wp-json\/wp\/v2\/comments?post=385"}],"version-history":[{"count":8,"href":"https:\/\/www.worldofart.org\/arhiv.worldofart.org\/current\/wp-json\/wp\/v2\/pages\/385\/revisions"}],"predecessor-version":[{"id":433,"href":"https:\/\/www.worldofart.org\/arhiv.worldofart.org\/current\/wp-json\/wp\/v2\/pages\/385\/revisions\/433"}],"up":[{"embeddable":true,"href":"https:\/\/www.worldofart.org\/arhiv.worldofart.org\/current\/wp-json\/wp\/v2\/pages\/135"}],"wp:attachment":[{"href":"https:\/\/www.worldofart.org\/arhiv.worldofart.org\/current\/wp-json\/wp\/v2\/media?parent=385"}],"wp:term":[{"taxonomy":"category","embeddable":true,"href":"https:\/\/www.worldofart.org\/arhiv.worldofart.org\/current\/wp-json\/wp\/v2\/categories?post=385"},{"taxonomy":"post_tag","embeddable":true,"href":"https:\/\/www.worldofart.org\/arhiv.worldofart.org\/current\/wp-json\/wp\/v2\/tags?post=385"}],"curies":[{"name":"wp","href":"https:\/\/api.w.org\/{rel}","templated":true}]}}